{"id":78797,"date":"2024-10-21T01:41:06","date_gmt":"2024-10-21T06:41:06","guid":{"rendered":"https:\/\/shoply.com\/?post_type=product&#038;p=78797"},"modified":"2025-01-31T14:10:22","modified_gmt":"2025-01-31T19:10:22","slug":"teal-of-the-century","status":"publish","type":"product","link":"https:\/\/2024.shoply.com\/es\/producto\/teal-of-the-century\/","title":{"rendered":"Teal of the Century"},"content":{"rendered":"<p><strong>Acerca de Just For Toenails<\/strong><\/p>\n<p><strong>Desde 1998, Just For Toenails\u00ae (JFT) es pionera en el sector del cuidado de las u\u00f1as.<\/strong> Desarrollado por el Dr. Robert Spalding y avalado por pod\u00f3logos como el Dr. David Velarde, nuestro avanzado esmalte de u\u00f1as se caracteriza por su permeabilidad al O2, que mejora el aspecto de las u\u00f1as de pies y manos al tiempo que favorece su salud. Al ser el primer esmalte de u\u00f1as mejorado con aceite de \u00e1rbol de t\u00e9, siempre hemos dado prioridad al bienestar de las u\u00f1as. Nuestra f\u00f3rmula \"21-free\", libre de productos qu\u00edmicos nocivos como formaldeh\u00eddo, tolueno y <strong>Dibutil\u00a0<\/strong>ftalato (DBP) , ejemplifica nuestro compromiso con el cuidado seguro y eficaz de las u\u00f1as. Hoy en d\u00eda, JFT sigue siendo el producto podol\u00f3gico con el precio m\u00e1s razonable del mercado, lo que hace que la belleza saludable de las u\u00f1as est\u00e9 al alcance de todos.<\/p>\n<p><strong>Mejorado y permeable<\/strong><\/p>\n<p>En Just For Toenails\u00ae, creemos que conseguir unas u\u00f1as bonitas no debe comprometer su salud. Nuestra filosof\u00eda se centra en crear\u00a0<strong>mejorada y permeable<\/strong> que no s\u00f3lo proporciona un color vibrante y duradero, sino que tambi\u00e9n permite que las u\u00f1as respiren. Estamos orgullosos de tener el mejor historial de satisfacci\u00f3n de los pacientes, testimonio de nuestro compromiso de ofrecer soluciones eficaces y seguras para el cuidado de las u\u00f1as desde 1998. Tambi\u00e9n nos dedicamos a ofrecer el esmalte de u\u00f1as mejorado con la mejor relaci\u00f3n calidad-precio del mercado, garantizando que todo el mundo pueda acceder a un cuidado de u\u00f1as de alta calidad. Nuestros productos est\u00e1n orgullosamente libres de crueldad y 21 de toxinas, lo que refleja nuestra dedicaci\u00f3n a su bienestar y el medio ambiente.<\/p>","protected":false},"excerpt":{"rendered":"<p>A L<strong>uxurious Proprietary nail polish in brilliant colors<\/strong> that is <strong>21 Free of Toxins<\/strong>. <strong>JustforToenails<\/strong><strong>\u00ae<\/strong> is the <em>very first<\/em> <strong>Tea Tree Infused<\/strong> <strong>Enhanced<\/strong> nail polish to improve appearance, luster and protection for normal and problem nails. JFT protects the nail plate with proprietary pigmented color polish that is identical or superior to a professional nail service salon while providing a toxin free protection to natural nails. <em>Recommended to be used with our special Tea Tree infused Base Coat to better protect the natural from direct application nail polish pigments and to improve color reflection.<\/em><\/p>","protected":false},"featured_media":78609,"template":"","meta":{"footnotes":""},"product_brand":[],"product_cat":[384,382,383],"product_tag":[272,109,278,342],"class_list":{"0":"post-78797","1":"product","2":"type-product","3":"status-publish","4":"has-post-thumbnail","6":"product_cat-cosmetics","7":"product_cat-health","8":"product_cat-personal-care","9":"product_tag-awareness","10":"product_tag-body","11":"product_tag-health","12":"product_tag-pretty","13":"product_shipping_class-shipping-class-1","14":"has-subscription-plans","16":"first","17":"instock","18":"taxable","19":"shipping-taxable","20":"purchasable","21":"product-type-simple"},"bundled_by":[],"bundle_stock_status":"instock","bundle_stock_quantity":1,"bundle_virtual":false,"bundle_layout":"","bundle_add_to_cart_form_location":"","bundle_editable_in_cart":false,"bundle_sold_individually_context":"","bundle_item_grouping":"","bundle_min_size":"","bundle_max_size":"","bundle_price":[],"bundled_items":[],"bundle_sell_ids":[],"group_of_quantity":0,"min_quantity":0,"max_quantity":"","exclude_order_quantity_value_rules":"no","exclude_category_quantity_rules":"no","combine_variations":"no","_links":{"self":[{"href":"https:\/\/2024.shoply.com\/es\/wp-json\/wp\/v2\/product\/78797","targetHints":{"allow":["GET"]}}],"collection":[{"href":"https:\/\/2024.shoply.com\/es\/wp-json\/wp\/v2\/product"}],"about":[{"href":"https:\/\/2024.shoply.com\/es\/wp-json\/wp\/v2\/types\/product"}],"version-history":[{"count":1,"href":"https:\/\/2024.shoply.com\/es\/wp-json\/wp\/v2\/product\/78797\/revisions"}],"predecessor-version":[{"id":128873,"href":"https:\/\/2024.shoply.com\/es\/wp-json\/wp\/v2\/product\/78797\/revisions\/128873"}],"wp:featuredmedia":[{"embeddable":true,"href":"https:\/\/2024.shoply.com\/es\/wp-json\/wp\/v2\/media\/78609"}],"wp:attachment":[{"href":"https:\/\/2024.shoply.com\/es\/wp-json\/wp\/v2\/media?parent=78797"}],"wp:term":[{"taxonomy":"product_brand","embeddable":true,"href":"https:\/\/2024.shoply.com\/es\/wp-json\/wp\/v2\/product_brand?post=78797"},{"taxonomy":"product_cat","embeddable":true,"href":"https:\/\/2024.shoply.com\/es\/wp-json\/wp\/v2\/product_cat?post=78797"},{"taxonomy":"product_tag","embeddable":true,"href":"https:\/\/2024.shoply.com\/es\/wp-json\/wp\/v2\/product_tag?post=78797"}],"curies":[{"name":"wp","href":"https:\/\/api.w.org\/{rel}","templated":true}]}}