{"id":79138,"date":"2024-10-22T03:02:30","date_gmt":"2024-10-22T08:02:30","guid":{"rendered":"https:\/\/shoply.com\/?post_type=product&#038;p=79138"},"modified":"2025-02-03T15:12:11","modified_gmt":"2025-02-03T20:12:11","slug":"cool-strawberry-ceylon-tea-caffeine-free-20-bags-by-kingsleaf-1-3-oz-36-g-pack-of-6","status":"publish","type":"product","link":"https:\/\/2024.shoply.com\/es\/producto\/cool-strawberry-ceylon-tea-caffeine-free-20-bags-by-kingsleaf-1-3-oz-36-g-pack-of-6\/","title":{"rendered":"T\u00e9 de fresa de Ceil\u00e1n, sin cafe\u00edna, 20 bolsitas de Kingsleaf, 36 g (1,3 oz) Paquete de 6"},"content":{"rendered":"<p><strong>Kingsleaf T\u00e9 de Ceil\u00e1n Fresa Fresca<\/strong> es un testimonio de la majestuosa indulgencia que personifica el t\u00e9 Kingsleaf. Elaborado con la esencia de exuberantes fresas, hibisco, rosa mosqueta y otras frutas y hierbas meticulosamente seleccionadas, esta mezcla evoca los audaces sabores que saboreaban los reyes de anta\u00f1o. Procedente de jardines de t\u00e9 seleccionados, cada hoja de t\u00e9 de Ceil\u00e1n reci\u00e9n arrancada, certificada con el logotipo del Le\u00f3n, lleva consigo el aroma y la esencia que recuerdan a una plantaci\u00f3n de t\u00e9 de Ceil\u00e1n. Lo que hace verdaderamente especial a este t\u00e9 no es s\u00f3lo su delicioso sabor, sino tambi\u00e9n su compromiso con la sostenibilidad, al formar parte de la transici\u00f3n de Sri Lanka hacia un cultivo de t\u00e9 cien por cien respetuoso con la capa de ozono. Con cada sorbo, uno se transporta a un reino de ocio real y gusto refinado, verdaderamente digno de la realeza.<\/p>\n<ul>\n<li><b>Ingredientes:\u00a0<\/b>Hibisco, menta, rosa mosqueta, hojas de fresa, manzana, stevia y aroma de fresa y aroma natural de fresa.<\/li>\n<li><b>Peso del producto:\u00a0<\/b>6 x 1,3 oz (36 g)<\/li>\n<li>Producto de Sri Lanka<\/li>\n<\/ul>","protected":false},"excerpt":{"rendered":"<p>36 QV \/ 4 DB \/ 28 CV<\/p>\n<p>36 QV \/ 4 DB \/ 28 CV<\/p>","protected":false},"featured_media":88298,"template":"","meta":{"footnotes":""},"product_brand":[],"product_cat":[204],"product_tag":[],"class_list":{"0":"post-79138","1":"product","2":"type-product","3":"status-publish","4":"has-post-thumbnail","6":"product_cat-home-and-kitchen","7":"product_shipping_class-shipping-class-1","8":"has-subscription-plans","10":"first","11":"instock","12":"shipping-taxable","13":"purchasable","14":"product-type-simple"},"bundled_by":[],"bundle_stock_status":"instock","bundle_stock_quantity":300,"bundle_virtual":false,"bundle_layout":"","bundle_add_to_cart_form_location":"","bundle_editable_in_cart":false,"bundle_sold_individually_context":"","bundle_item_grouping":"","bundle_min_size":"","bundle_max_size":"","bundle_price":[],"bundled_items":[],"bundle_sell_ids":[],"group_of_quantity":0,"min_quantity":0,"max_quantity":"","exclude_order_quantity_value_rules":"no","exclude_category_quantity_rules":"no","combine_variations":"no","_links":{"self":[{"href":"https:\/\/2024.shoply.com\/es\/wp-json\/wp\/v2\/product\/79138","targetHints":{"allow":["GET"]}}],"collection":[{"href":"https:\/\/2024.shoply.com\/es\/wp-json\/wp\/v2\/product"}],"about":[{"href":"https:\/\/2024.shoply.com\/es\/wp-json\/wp\/v2\/types\/product"}],"version-history":[{"count":1,"href":"https:\/\/2024.shoply.com\/es\/wp-json\/wp\/v2\/product\/79138\/revisions"}],"predecessor-version":[{"id":130458,"href":"https:\/\/2024.shoply.com\/es\/wp-json\/wp\/v2\/product\/79138\/revisions\/130458"}],"wp:featuredmedia":[{"embeddable":true,"href":"https:\/\/2024.shoply.com\/es\/wp-json\/wp\/v2\/media\/88298"}],"wp:attachment":[{"href":"https:\/\/2024.shoply.com\/es\/wp-json\/wp\/v2\/media?parent=79138"}],"wp:term":[{"taxonomy":"product_brand","embeddable":true,"href":"https:\/\/2024.shoply.com\/es\/wp-json\/wp\/v2\/product_brand?post=79138"},{"taxonomy":"product_cat","embeddable":true,"href":"https:\/\/2024.shoply.com\/es\/wp-json\/wp\/v2\/product_cat?post=79138"},{"taxonomy":"product_tag","embeddable":true,"href":"https:\/\/2024.shoply.com\/es\/wp-json\/wp\/v2\/product_tag?post=79138"}],"curies":[{"name":"wp","href":"https:\/\/api.w.org\/{rel}","templated":true}]}}