{"id":90263,"date":"2024-11-12T00:07:14","date_gmt":"2024-11-12T05:07:14","guid":{"rendered":"https:\/\/shoply.com\/?post_type=product&#038;p=90263"},"modified":"2025-01-31T14:21:38","modified_gmt":"2025-01-31T19:21:38","slug":"the-observer-audiobook","status":"publish","type":"product","link":"https:\/\/2024.shoply.com\/es\/producto\/the-observer-audiobook\/","title":{"rendered":"El Observador Audiolibro"},"content":{"rendered":"<p><span class=\"a-text-bold a-text-italic\">El libro m\u00e1s vendido del Wall Street Journal<\/span><\/p>\n<p class=\"a-text-bold a-text-italic\"><span class=\"a-text-bold a-text-italic\">\"Una obra poderosa con percepciones que, una vez aplicadas, te ayudar\u00e1n a elevar tu vida a un nivel completamente nuevo\".<br \/>\n-Robin Sharma, #1 autora superventas de\u00a0<\/span><span class=\"a-text-bold a-text-italic\">El Club de las 5 de la ma\u00f1ana<\/span><span class=\"a-text-bold a-text-italic\">\u00a0y\u00a0<\/span><span class=\"a-text-bold a-text-italic\">El monje que vendi\u00f3 su Ferrari<\/span><\/p>\n<p class=\"a-text-bold a-text-italic\"><span class=\"a-text-bold a-text-italic\">Kat lo tiene todo -dinero, \u00e9xito, reconocimiento, influencia- excepto lo \u00fanico que desea desesperadamente: una vida plena. Kat, empresaria del sector de la ropa deportiva de alta gama, persigue sin descanso un \u00e9xito cada vez mayor.<\/span><\/p>\n<p><span class=\"a-text-bold a-text-italic\">Las dos anclas de la fren\u00e9tica vida de Kat han sido su padre, un famoso lanzador de b\u00e9isbol convertido en director de equipo, y su hijo, que sigue los pasos de su abuelo. Cuando ambas anclas se vuelven inestables, la vida de Kat se desequilibra peligrosamente. El mercado y sus finanzas se tambalean, y las relaciones empiezan a escap\u00e1rsele de las manos. Ansiosa por encontrar soluciones, recurre a una sabidur\u00eda ins\u00f3lita procedente de lugares que nunca hubiera esperado.<\/span><\/p>\n<p class=\"a-text-bold a-text-italic\"><span class=\"a-text-bold a-text-italic\">El Observador<\/span><span class=\"a-text-bold a-text-italic\">\u00a0aborda la idea del pensamiento de 180 grados, que lo cambia todo para Kat. Ahora, los objetivos aparentemente imposibles aparecen con claridad cristalina. Cuando Kat se centra en lo correcto, lo imposible se convierte en su nueva realidad.<\/span><\/p>\n<p class=\"a-text-bold a-text-italic\"><span class=\"a-text-bold a-text-italic\">Impartido con verdad y sabidur\u00eda,\u00a0<\/span><span class=\"a-text-bold a-text-italic\">El Observador<\/span><span class=\"a-text-bold a-text-italic\">\u00a0es un cl\u00e1sico para descubrir el m\u00e1ximo rendimiento que uno lleva dentro. Esta historia intemporal de principios de \u00e9xito es hoy m\u00e1s importante que nunca, ya que la incertidumbre acecha a la vuelta de la esquina.<\/span><\/p>","protected":false},"excerpt":{"rendered":"<p>Wall Street Journal Best Selling Book \u201cA powerful work with insights that, once applied, will help you lift your life<\/p>","protected":false},"featured_media":90271,"template":"","meta":{"footnotes":""},"product_brand":[],"product_cat":[87],"product_tag":[],"class_list":{"0":"post-90263","1":"product","2":"type-product","3":"status-publish","4":"has-post-thumbnail","6":"product_cat-elearning","8":"first","9":"instock","10":"sale","11":"virtual","12":"sold-individually","13":"taxable","14":"purchasable","15":"product-type-simple"},"bundled_by":[],"bundle_stock_status":"instock","bundle_stock_quantity":null,"bundle_virtual":false,"bundle_layout":"","bundle_add_to_cart_form_location":"","bundle_editable_in_cart":false,"bundle_sold_individually_context":"","bundle_item_grouping":"","bundle_min_size":"","bundle_max_size":"","bundle_price":[],"bundled_items":[],"bundle_sell_ids":[],"group_of_quantity":0,"min_quantity":0,"max_quantity":"","exclude_order_quantity_value_rules":"no","exclude_category_quantity_rules":"no","combine_variations":"no","_links":{"self":[{"href":"https:\/\/2024.shoply.com\/es\/wp-json\/wp\/v2\/product\/90263","targetHints":{"allow":["GET"]}}],"collection":[{"href":"https:\/\/2024.shoply.com\/es\/wp-json\/wp\/v2\/product"}],"about":[{"href":"https:\/\/2024.shoply.com\/es\/wp-json\/wp\/v2\/types\/product"}],"version-history":[{"count":1,"href":"https:\/\/2024.shoply.com\/es\/wp-json\/wp\/v2\/product\/90263\/revisions"}],"predecessor-version":[{"id":128896,"href":"https:\/\/2024.shoply.com\/es\/wp-json\/wp\/v2\/product\/90263\/revisions\/128896"}],"wp:featuredmedia":[{"embeddable":true,"href":"https:\/\/2024.shoply.com\/es\/wp-json\/wp\/v2\/media\/90271"}],"wp:attachment":[{"href":"https:\/\/2024.shoply.com\/es\/wp-json\/wp\/v2\/media?parent=90263"}],"wp:term":[{"taxonomy":"product_brand","embeddable":true,"href":"https:\/\/2024.shoply.com\/es\/wp-json\/wp\/v2\/product_brand?post=90263"},{"taxonomy":"product_cat","embeddable":true,"href":"https:\/\/2024.shoply.com\/es\/wp-json\/wp\/v2\/product_cat?post=90263"},{"taxonomy":"product_tag","embeddable":true,"href":"https:\/\/2024.shoply.com\/es\/wp-json\/wp\/v2\/product_tag?post=90263"}],"curies":[{"name":"wp","href":"https:\/\/api.w.org\/{rel}","templated":true}]}}