{"id":92309,"date":"2025-01-02T16:37:53","date_gmt":"2025-01-02T21:37:53","guid":{"rendered":"https:\/\/shoply.com\/?post_type=product&#038;p=92309"},"modified":"2025-01-31T15:35:20","modified_gmt":"2025-01-31T20:35:20","slug":"bookglee-the-ultimate-marketing-platform-for-entreprenurial-authors-to-showcase-list-sell-their-books-podcasts-courses-events-monthly-membership","status":"publish","type":"product","link":"https:\/\/2024.shoply.com\/es\/producto\/bookglee-the-ultimate-marketing-platform-for-entreprenurial-authors-to-showcase-list-sell-their-books-podcasts-courses-events-monthly-membership\/","title":{"rendered":"Bookglee - La plataforma de marketing definitiva para que los autores emprendedores muestren, publiquen y vendan sus libros, podcasts, cursos y eventos. Membres\u00eda mensual"},"content":{"rendered":"<h2 class=\"content-heading h2\">LA PLATAFORMA DE MARKETING DEFINITIVA PARA AUTORES EMPRENDEDORES.<\/h2>\n<h4 class=\"content-heading h2\">\u00a1M\u00c1S FORMAS DE VENDER SU LIBRO, M\u00c1S FORMAS DE GANAR, M\u00c1S EXPOSICI\u00d3N, M\u00c1S OPORTUNIDADES!<\/h4>\n<div class=\"rich-text-description\">\n<p>Nunca ha sido tan f\u00e1cil y emocionante\u00a0<em>conecte\u00a0<\/em>con su p\u00fablico y muestre todo lo que ofrece.<\/p>\n<p>\u00a1Los autores nunca han tenido una plataforma como esta, ni una oportunidad de aumentar sus regal\u00edas y brillar ante su mercado de lectura directa! ?<\/p>\n<\/div>","protected":false},"excerpt":{"rendered":"<section id=\"shopify-section-template--17687667081374__rich_text_jGcby6\" class=\"shopify-section rich-text-section section-in-view\">\n<div class=\"container sm-container\">\n<div class=\"rich-text-content text-center\">\n<h2 class=\"content-heading h2\">Autores - \u00a1Vende y promociona tu libro en Bookglee!<\/h2>\n<\/div>\n<\/div>\n<\/section>\n<section id=\"shopify-section-template--17687667081374__rich_text_AC9zei\" class=\"shopify-section rich-text-section section-in-view\">\n<div class=\"container sm-container\">\n<div class=\"rich-text-content text-center\">\n<div class=\"rich-text-description\">\n<p>Bookglee es una plataforma fresca y emocionante desarrollada para autores emprendedores que quieren conectar con los lectores y construir su negocio de libros.<\/p>\n<p>Tradicionalmente, los autores han vendido sus libros a trav\u00e9s de librer\u00edas SI tienen un editor o distribuidor, O bien, han vendido sus libros directamente en mercados, desde su propio sitio web o en charlas.<\/p>\n<p>\u00a1HASTA AHORA!<\/p>\n<p>En Bookglee hemos cambiado el juego para siempre para los autores.<\/p>\n<p>No necesitas un editor.<\/p>\n<p>No necesitas un distribuidor.<\/p>\n<p>No tiene que pagar comisiones a los minoristas, ni en l\u00ednea ni fuera de l\u00ednea.<\/p>\n<p>Y AHORRA cientos\/miles de d\u00f3lares en costes de marketing cada mes.<\/p>\n<p>ADEM\u00c1S, cada vez que tu libro se vende a trav\u00e9s de un minorista, no sabes qui\u00e9n ha tra\u00eddo tu libro, no conectas con el lector y pierdes oportunidades futuras.<\/p>\n<p>Con Bookglee, puedes mostrar tus libros, firmas de libros, eventos, podcasts, cursos, entrevistas y mucho m\u00e1s.<\/p>\n<p><strong>Conectar\u00e1s con los lectores y har\u00e1s crecer tu negocio de libros\u00a0<\/strong><em><strong>mientras que<\/strong><\/em><strong> aumentar sus ingresos<\/strong><\/p>\n<p>La suscripci\u00f3n mensual cuesta el precio de un libro.<\/p>\n<p>No necesitas crear tus propios v\u00eddeos promocionales, pagar miles de d\u00f3lares en costes de publicidad ni tener un mont\u00f3n de plataformas de redes sociales. \u00a1Bookglee lo tiene todo para ti en un solo espacio!<\/p>\n<p>\u00a1Empieza hoy mismo y muestra Y ofrece todo lo que haces para construir y hacer crecer tu negocio de libros!<\/p>\n<\/div>\n<\/div>\n<\/div>\n<\/section>","protected":false},"featured_media":121170,"template":"","meta":{"footnotes":""},"product_brand":[],"product_cat":[225,76,552],"product_tag":[],"class_list":{"0":"post-92309","1":"product","2":"type-product","3":"status-publish","4":"has-post-thumbnail","6":"product_cat-books-audio-digital","7":"product_cat-memberships","8":"product_cat-services","9":"has-subscription-plans","11":"first","12":"instock","13":"virtual","14":"taxable","15":"purchasable","16":"product-type-simple"},"bundled_by":[],"bundle_stock_status":"instock","bundle_stock_quantity":null,"bundle_virtual":false,"bundle_layout":"","bundle_add_to_cart_form_location":"","bundle_editable_in_cart":false,"bundle_sold_individually_context":"","bundle_item_grouping":"","bundle_min_size":"","bundle_max_size":"","bundle_price":[],"bundled_items":[],"bundle_sell_ids":[],"group_of_quantity":0,"min_quantity":0,"max_quantity":"","exclude_order_quantity_value_rules":"no","exclude_category_quantity_rules":"no","combine_variations":"no","_links":{"self":[{"href":"https:\/\/2024.shoply.com\/es\/wp-json\/wp\/v2\/product\/92309","targetHints":{"allow":["GET"]}}],"collection":[{"href":"https:\/\/2024.shoply.com\/es\/wp-json\/wp\/v2\/product"}],"about":[{"href":"https:\/\/2024.shoply.com\/es\/wp-json\/wp\/v2\/types\/product"}],"version-history":[{"count":1,"href":"https:\/\/2024.shoply.com\/es\/wp-json\/wp\/v2\/product\/92309\/revisions"}],"predecessor-version":[{"id":128951,"href":"https:\/\/2024.shoply.com\/es\/wp-json\/wp\/v2\/product\/92309\/revisions\/128951"}],"wp:featuredmedia":[{"embeddable":true,"href":"https:\/\/2024.shoply.com\/es\/wp-json\/wp\/v2\/media\/121170"}],"wp:attachment":[{"href":"https:\/\/2024.shoply.com\/es\/wp-json\/wp\/v2\/media?parent=92309"}],"wp:term":[{"taxonomy":"product_brand","embeddable":true,"href":"https:\/\/2024.shoply.com\/es\/wp-json\/wp\/v2\/product_brand?post=92309"},{"taxonomy":"product_cat","embeddable":true,"href":"https:\/\/2024.shoply.com\/es\/wp-json\/wp\/v2\/product_cat?post=92309"},{"taxonomy":"product_tag","embeddable":true,"href":"https:\/\/2024.shoply.com\/es\/wp-json\/wp\/v2\/product_tag?post=92309"}],"curies":[{"name":"wp","href":"https:\/\/api.w.org\/{rel}","templated":true}]}}