{"id":92847,"date":"2024-11-20T01:39:15","date_gmt":"2024-11-20T06:39:15","guid":{"rendered":"https:\/\/shoply.com\/?post_type=product&#038;p=92847"},"modified":"2025-02-21T01:47:54","modified_gmt":"2025-02-21T06:47:54","slug":"mayella-tiger-eye-crystal-therapy-smooth-radiant-skin-and-grounding-energy-with-tiger-eye-gua-sha-daily-facial-massage-tool","status":"publish","type":"product","link":"https:\/\/2024.shoply.com\/es\/producto\/mayella-tiger-eye-crystal-therapy-smooth-radiant-skin-and-grounding-energy-with-tiger-eye-gua-sha-daily-facial-massage-tool\/","title":{"rendered":"Mayella Tiger Eye Crystal therapy &#8211; Smooth radiant skin and grounding energy with Tiger Eye Gua Sha daily facial massage tool"},"content":{"rendered":"<h3><span style=\"font-size: 1.4em\">Ayuda a tonificar el sistema linf\u00e1tico para un cutis sano<\/span><\/h3>\n<p>La pr\u00e1ctica de la t\u00e9cnica Gua Sha sobre la piel ayuda a eliminar las toxinas de los tejidos estimulando el sistema linf\u00e1tico y el drenaje linf\u00e1tico. El aumento del flujo sangu\u00edneo tambi\u00e9n aporta sangre fresca y oxigenada a los tejidos, los m\u00fasculos faciales y los nervios, mejorando la salud, la vitalidad y el tono de los m\u00fasculos faciales. A medida que te acaricias, est\u00e1s alisando las arrugas y ejercitando visiblemente tu rostro, creando m\u00e1s luminosidad, una tez mejorada, claridad y un brillo saludable.<\/p>\n<h3><strong>Beneficios del uso diario<\/strong><\/h3>\n<ol>\n<li><strong>Desintoxica y purifica la piel<\/strong><br \/>\nSe cree que los Gua Sha de Cristal Natural tienen propiedades energ\u00e9ticas y desintoxicantes, y cuando se combinan con las t\u00e9cnicas Gua Sha, se ayuda a estimular el drenaje linf\u00e1tico, eliminando toxinas y promoviendo un cutis m\u00e1s limpio y brillante.<\/li>\n<li><strong>Estimula la circulaci\u00f3n sangu\u00ednea<\/strong><br \/>\nSu uso diario aumenta el flujo sangu\u00edneo, garantizando que el ox\u00edgeno y los nutrientes lleguen a las c\u00e9lulas de la piel, lo que ayuda a rejuvenecerla y a devolverle su brillo natural.<\/li>\n<li><strong>Reduce las bolsas y la hinchaz\u00f3n<\/strong><br \/>\nLa suave textura de la obsidiana reduce eficazmente las bolsas, especialmente alrededor de los ojos, al tiempo que esculpe y contornea los rasgos faciales.<\/li>\n<li><strong>Minimiza las l\u00edneas de expresi\u00f3n y las arrugas<\/strong><br \/>\nEl raspado suave como un movimiento de caricia con la herramienta estimula la producci\u00f3n de col\u00e1geno, lo que ayuda a mejorar la elasticidad de la piel y reduce la aparici\u00f3n de l\u00edneas finas y arrugas con el tiempo.<\/li>\n<li><strong>Alivia la tensi\u00f3n muscular<\/strong><br \/>\nSu uso regular alivia la tirantez de los m\u00fasculos faciales, sobre todo en la mand\u00edbula y la frente, creando un aspecto relajado y fresco a la vez que ayuda a prevenir las arrugas inducidas por la tensi\u00f3n.<\/li>\n<li><strong>Herramientas de cristal como Gua Sha<\/strong> ofrecen un enfoque hol\u00edstico del cuidado de la piel, combinando los beneficios f\u00edsicos con las propiedades energ\u00e9ticas de los cristales. Cada herramienta mejora el aspecto de la piel al tiempo que armoniza la energ\u00eda del cuerpo para conseguir un cutis radiante y sano y un estado de \u00e1nimo elevado. El cristal que elijas tendr\u00e1 las energ\u00edas que desees incorporar a tus rituales diarios de cuidado personal de la piel.<\/li>\n<li><strong>Mejora la absorci\u00f3n del producto<\/strong><br \/>\nCuando se utiliza con sueros o aceites, la herramienta Gua Sha ayuda a que estos productos penetren profundamente en la piel, maximizando su eficacia.<\/li>\n<\/ol>\n<h4><em>Rese\u00f1as:<\/em><\/h4>\n<div class=\"jdgm-rev-widg__reviews\">\n<div class=\"jdgm-rev jdgm-divider-top jdgm--done-setup\">\n<div class=\"jdgm-rev__header\"><span class=\"jdgm-rev__author-wrapper\"><span class=\"jdgm-rev__author\"> <span class=\"jdgm-rev__rating\" role=\"img\" aria-label=\"5 estrellas\">\u00a0<\/span><span class=\"jdgm-rev__timestamp\">06\/30\/2022 <\/span>Em<\/span><\/span><\/div>\n<div class=\"jdgm-rev__content\">\n<p><b class=\"jdgm-rev__title\">Hermosa y relajante herramienta facial<\/b><\/p>\n<div class=\"jdgm-rev__body\">\n<p>Esta fue la primera vez que us\u00e9 un Gua Sha y ahora realmente me encanta usarlo en mi rutina de la piel. Los cristales son tan bonitos que no pude elegir uno, \u00a1as\u00ed que compr\u00e9 dos! Me aplico primero el Rose Repair Serum y despu\u00e9s el Gua Sha y ambos hacen que mi piel se sienta incre\u00edble y que mi rutina de cuidado de la piel sea un poco m\u00e1s especial. Definitivamente lo recomiendo.<\/p>\n<\/div>\n<div class=\"jdgm-rev__pics\"><\/div>\n<h4 class=\"jdgm-rev__vids\">C\u00f3mo utilizar su Gua Sha:<\/h4>\n<\/div>\n<\/div>\n<\/div>\n<p>Los corazones Gua Sha tienen la forma perfecta para contornear y estimular alrededor de la cara. Elija utilizar la curva peque\u00f1a del coraz\u00f3n del Gua Sha, la curva interior m\u00e1s plana o la curva exterior m\u00e1s redondeada del Cristal para adaptarse mejor a la curva y la estructura \u00f3sea de su rostro.<\/p>\n<p>Recorre el hueso de la ceja, los p\u00f3mulos, la l\u00ednea de la mand\u00edbula y dentro y alrededor de las fosas nasales, drenando hacia abajo y alrededor de las comisuras de la boca hasta el centro de la barbilla. A continuaci\u00f3n, drenar desde el centro de la barbilla por encima, a trav\u00e9s y por debajo de la l\u00ednea de la mand\u00edbula con la parte superior del coraz\u00f3n del Gua Sha.<\/p>\n<p>Utilice la punta inferior del coraz\u00f3n Gua Sha para presionar suave y firmemente en un punto de acupresi\u00f3n del centro del labio superior - en el pliegue, se sentir\u00e1 ligeramente sensible cuando est\u00e9 sobre \u00e9l, para estimular el metabolismo. No m\u00e1s de 3 segundos es adecuado.<\/p>\n<p>Vea nuestro v\u00eddeo de arriba para seguir un flujo lento y meditativo de uso de su Gua Sha con su rutina de cuidado de la piel. <em><strong>o como pr\u00e1ctica nocturna para relajarse y desestresarse <\/strong><\/em>cuando te vayas a la cama. Sabemos que tu sue\u00f1o ser\u00e1 reparador.<\/p>\n<p><strong>Consejo:<\/strong> Envuelva su Gua Sha en un <em>Pa\u00f1o Limpiador de Fibra Natural Mayella<\/em> y col\u00f3quelo en el frigor\u00edfico durante 20-30 minutos para que se enfr\u00ede y realice un tratamiento facial \"criog\u00e9nico\" que revitalice y tonifique la piel cansada. Este efecto de enfriamiento tambi\u00e9n puede ayudar a reducir eficazmente las ojeras y los ojos hinchados. Con el tiempo, puede pasar a colocarlo en el congelador a medida que usted y su piel se vayan sintiendo c\u00f3modos con la t\u00e9cnica.<\/p>\n<p>Del mismo modo, si coloca su Gua Sha en agua tibia y luego lo aplica sobre su s\u00e9rum reparador Mayella Olivane favorito, ayudar\u00e1 a que la piel absorba el s\u00e9rum en mayor profundidad.<\/p>\n<h4>Cuidado de su Gua Sha:<\/h4>\n<p>Limpiar aclarando con agua tibia y dejar secar al aire en un lugar seguro sobre una toalla o pa\u00f1o suave.<\/p>\n<p>No es necesario utilizar jabones o detergentes, pero si siente la necesidad de enjuagar cualquier producto de su Gua Sha con algo m\u00e1s fuerte que el agua tibia, por favor utilice un detergente o jab\u00f3n ecol\u00f3gico, no qu\u00edmico y suave.<\/p>\n<p>Al igual que con tus cristales y piedras preciosas, coloca tu Gua Sha bajo la luna llena para limpiar energ\u00e9ticamente tu cristal.<\/p>\n<div style=\"width: 1000px;\" class=\"wp-video\"><video class=\"wp-video-shortcode\" id=\"video-92847-2\" width=\"1000\" height=\"1500\" preload=\"metadata\" controls=\"controls\"><source type=\"video\/mp4\" src=\"https:\/\/shoply.com\/wp-content\/uploads\/2024\/11\/Mayella-Stop-Motion-1-1.mp4?_=2\" \/><a href=\"https:\/\/shoply.com\/wp-content\/uploads\/2024\/11\/Mayella-Stop-Motion-1-1.mp4\">https:\/\/shoply.com\/wp-content\/uploads\/2024\/11\/Mayella-Stop-Motion-1-1.mp4<\/a><\/video><\/div>\n<h3><span style=\"font-size: 1.4em\">C\u00f3mo elegir su Gua Sha<\/span><\/h3>\n<p>Los cristales tienen frecuencias vibratorias que van de lo profundo y terrenal a lo elevado y c\u00f3smico. A menudo nos sentimos atra\u00eddos por una piedra o un cristal sin saber por qu\u00e9, pero sintiendo una resonancia, una conexi\u00f3n. Elegir un Gua Sha en particular puede ser una conexi\u00f3n intuitiva, simplemente sentirse atra\u00eddo por un color, una forma, o tal vez conectar con las propiedades vibratorias del cristal y la energ\u00eda curativa que le gustar\u00eda aportar a su ritual diario de la piel.<\/p>\n<p>Al combinar los efectos terap\u00e9uticos del masaje con las propiedades metaf\u00edsicas de los cristales, Gua Sha convierte su rutina de cuidado de la piel en un ritual hol\u00edstico que beneficia tanto a su piel f\u00edsica como a su bienestar energ\u00e9tico.<\/p>\n<ol>\n<li><strong>Equilibrio de los chakras<\/strong>\n<ul>\n<li>Las herramientas de cristal ayudan a limpiar y equilibrar los bloqueos energ\u00e9ticos, sobre todo en el chakra del coraz\u00f3n (asociado al amor y la autoaceptaci\u00f3n) y el chakra del tercer ojo (intuici\u00f3n y claridad).<\/li>\n<\/ul>\n<\/li>\n<li><strong>Reducci\u00f3n del estr\u00e9s y la ansiedad<\/strong>\n<ul>\n<li>La sensaci\u00f3n refrescante de estas herramientas, combinada con la energ\u00eda relajante de los cristales, puede calmar la mente, reducir el estr\u00e9s y favorecer el equilibrio emocional durante el ritual de cuidado de la piel.<\/li>\n<\/ul>\n<\/li>\n<li><strong>Amplifica el autocuidado consciente<\/strong>\n<ul>\n<li>El uso de herramientas de cristal convierte el cuidado de la piel en una pr\u00e1ctica meditativa, que fomenta la atenci\u00f3n y mejora la conexi\u00f3n entre cuerpo, mente y esp\u00edritu.<\/li>\n<\/ul>\n<\/li>\n<\/ol>\n<h4><strong>Here is your Tiger Eye Gua Sha Affirmation.<\/strong><\/h4>\n<h3><strong>Ojo de tigre<\/strong><\/h3>\n<p>El Ojo de Tigre cura suavemente los problemas de autoestima, autocr\u00edtica y creatividad bloqueada. Ayuda a que brille la propia luz y protege contra la energ\u00eda negativa y el acoso. El Ojo de Tigre crea un estado de ser de alta vibraci\u00f3n, pero con los pies en la tierra. Levanta los estados de \u00e1nimo pesados y ansiosos para fomentar la claridad de intenciones y la confianza para realizar cambios, confiar en el futuro y alcanzar objetivos realistas.<\/p>\n<p>Ayuda a reducir el agobio y activa la capacidad de ir paso a paso por la vida, donde todo puede suceder. Mejora el pensamiento con prop\u00f3sito y abre el intelecto mientras se mantiene en contacto con las emociones y los sentimientos.<\/p>\n<p>Tradicionalmente asociado a los ojos, la digesti\u00f3n, la garganta y los huesos.<\/p>\n<p>Ojo de Tigre - Plexo Solar, Tercer Ojo.<\/p>\n<p><strong>Afirmaci\u00f3n mientras se utiliza un Gua Sha de Ojo de Tigre -<\/strong>\u00a0<em>\"Soy valiente y fuerte en mi verdad, abrazando la luz que hay en m\u00ed. Cuando honro mis sentimientos y pensamientos, mi creatividad fluye y tengo el poder de ser yo misma. Hoy doy un paso adelante en mi vida con prop\u00f3sito y luz\".<\/em><\/p>\n<h3><\/h3>\n<h4><strong>Read through the following energetic properties of each Gua Sha to choose the one that resonates. You may find you choose to have one, two or more of each Crystal to vary according to how you feel on different days&#8230;<\/strong><\/h4>\n<h3><strong>Cuarzo rosa<\/strong><\/h3>\n<p>El Cuarzo Rosa Compasivo aporta una profunda curaci\u00f3n emocional y aceptaci\u00f3n: la Reina del amor incondicional. Abrirse a uno mismo y aceptar el amor propio, promoviendo que estar enamorado de uno mismo es esencial antes de aceptar el amor de los dem\u00e1s. El Cuarzo Rosa ayuda a establecer l\u00edmites adecuados y a ser capaz de decir \"no\" con amor. Se mantiene firme y potencia el respeto por las propias necesidades, ayudando a aprender que el amor incondicional no significa sacrificarse a uno mismo.<\/p>\n<p>Cuando una puerta se cierra otra se abre, el Cuarzo Rosa cura el desamor y la decepci\u00f3n, ya que atrae las relaciones amorosas mutuas y la aceptaci\u00f3n dentro de la capacidad de recibir. Invoca la confianza en uno mismo y la autoestima, fortalece la empat\u00eda, la sensibilidad y las interacciones con los dem\u00e1s, y permite encontrar soluciones amorosas a los conflictos.<\/p>\n<p>Cuarzo rosa - Chakra del coraz\u00f3n, coraz\u00f3n superior.<\/p>\n<p>Tradicionalmente asociado a las gl\u00e1ndulas suprarrenales.<\/p>\n<p><strong>Afirmaci\u00f3n mientras se utiliza un Gua Sha de Cuarzo Rosa -<\/strong>\u00a0<em>\"Soy digno y merecedor de amor y de relaciones amorosas. Me amo incondicionalmente y valoro mi presencia en el mundo. Hoy sano amorosamente cada hermosa c\u00e9lula de mi cuerpo y vibro en la luz del amor.\"<\/em><\/p>\n<h3><strong>Obsidiana negra<\/strong><\/h3>\n<p>Fortalece la conexi\u00f3n con las propias ra\u00edces, el estar presente, el mantenerse en el propio poder. Es un limpiador profundo y una protecci\u00f3n energ\u00e9tica que elimina las influencias negativas. La obsidiana negra nos conecta con la fuente y abraza nuestra verdadera esencia, realzando nuestro esp\u00edritu en un viaje corporal.<\/p>\n<p>La obsidiana negra despeja la confusi\u00f3n y ayuda a crear claridad, a la vez que enra\u00edza. Ayuda a desintoxicar y eliminar bloqueos relacionados con el poder, el abuso de poder y el poder propio.<\/p>\n<p>Tradicionalmente asociado a la digesti\u00f3n, la desintoxicaci\u00f3n, las arterias y las articulaciones.<\/p>\n<p>Obsidiana Negra - Chakra Base, Chakra Sacro.<\/p>\n<p><strong>Afirmaci\u00f3n mientras se utiliza un Gua Sha de Obsidiana Negra -<\/strong>\u00a0<em>\"Me mantengo en mi propio poder. Reconozco mi belleza y fuerza interior y me veo alcanzando mis metas. Hoy libero toda la negatividad y abrazo mi luz\".<\/em><\/p>\n<p>&nbsp;<\/p>\n<h3><strong>Cuarzo transparente<\/strong><\/h3>\n<p>Clarifica, purifica y descongestiona las v\u00edas energ\u00e9ticas, magnificando y purificando el campo energ\u00e9tico. Maestro sanador, el Cuarzo Claro trabaja en armon\u00eda con usted para devolver el campo energ\u00e9tico y la resonancia al estado m\u00e1s perfecto posible. El cuarzo genera, almacena e irradia energ\u00eda vibracional, estimulando el sistema inmunitario y favoreciendo el retorno al equilibrio. El equilibrio deseado en el cuerpo f\u00edsico se denomina homeostasis.<\/p>\n<p>Ayuda a disolver la negatividad y a establecer una conexi\u00f3n con la intuici\u00f3n y la conciencia superior para \"ver\" con mayor claridad.<\/p>\n<p>Tradicionalmente asociado a todos los \u00f3rganos y sistemas del cuerpo.<\/p>\n<p>Cuarzo - Todos los Chakras.<\/p>\n<p><strong>Afirmaciones mientras se utiliza un Gua Sha de Cuarzo Claro -<\/strong>\u00a0<em>\"Veo claramente la hermosa alma que soy y libero todos los pensamientos negativos de mi misma. Mi cuerpo prospera en armon\u00eda y felicidad con el amor y la luz fluyendo desde mi coraz\u00f3n a cada c\u00e9lula de mi hermoso cuerpo. Hoy estoy alineada y energizada, completa y equilibrada en mis cuerpos f\u00edsico, mental, emocional y espiritual.\"<\/em><\/p>\n<p>&nbsp;<\/p>\n<h3><strong>Amatista<\/strong><\/h3>\n<p>La amatista potencia la memoria, mejorando la motivaci\u00f3n y la toma de decisiones. Alineada con la meditaci\u00f3n, aquieta la mente y repele las energ\u00edas negativas. Mejora el tercer ojo y la capacidad de conectar con la conciencia superior. La amatista, piedra favorita de San Francisco de As\u00eds, se asocia con los amantes del amor y la conexi\u00f3n divina.<\/p>\n<p>Tradicionalmente asociada a las c\u00e9lulas, los sistemas hormonal e inmunitario y los intestinos.<\/p>\n<p>Amatista - Tercer Ojo, conciencia superior.<\/p>\n<p><strong>Afirmaci\u00f3n mientras se utiliza un Gua Sha de Amatista -<\/strong>\u00a0<em>\"Calmo el parloteo de mi mente ocupada y permito que entre la quietud. Con un coraz\u00f3n amoroso, escucho mi voz interior, respetando y confiando en la gu\u00eda de mi ser superior para elegir sabiamente y en mi mejor inter\u00e9s. Hoy libero toda cr\u00edtica y negatividad hacia mi Ser y avanzo en amor\".<\/em><\/p>","protected":false},"excerpt":{"rendered":"<div style=\"width: 1920px;\" class=\"wp-video\"><!--[if lt IE 9]><script>document.createElement('video');<\/script><![endif]--><br \/>\n<video class=\"wp-video-shortcode\" id=\"video-92847-1\" width=\"1920\" height=\"1080\" preload=\"metadata\" controls=\"controls\"><source type=\"video\/mp4\" src=\"https:\/\/shoply.com\/wp-content\/uploads\/2024\/11\/Mayella-Gua-Sha-How-to-Use-Daily-Ritual.mp4?_=1\" \/><a href=\"https:\/\/shoply.com\/wp-content\/uploads\/2024\/11\/Mayella-Gua-Sha-How-to-Use-Daily-Ritual.mp4\">https:\/\/shoply.com\/wp-content\/uploads\/2024\/11\/Mayella-Gua-Sha-How-to-Use-Daily-Ritual.mp4<\/a><\/video><\/div>\n<h3><span style=\"font-size: 1.4em\">Una hermosa forma de rejuvenecer y revitalizar su piel - <\/span><strong>Benefits of Crystal Gua Sha for Skin Therapy;<\/strong><\/h3>\n<p>Natural Crystal Gua Sha ofrece un enfoque hol\u00edstico del cuidado de la piel, combinando los beneficios f\u00edsicos con las propiedades energ\u00e9ticas de los cristales. Cada herramienta mejora el aspecto de la piel al tiempo que armoniza la energ\u00eda del cuerpo para conseguir un cutis radiante y saludable y un estado de \u00e1nimo elevado.<\/p>\n<p>Gua Sha es una antigua pr\u00e1ctica curativa en el arte del masaje y los puntos de presi\u00f3n para la salud de la piel, el tono cut\u00e1neo y la vitalidad de los m\u00fasculos faciales, la estructura \u00f3sea y los nervios. Estimular estos tejidos ayuda a reducir la hinchaz\u00f3n, el estancamiento, las ojeras, estimular el flujo sangu\u00edneo, asegurando que el ox\u00edgeno y los nutrientes lleguen a las c\u00e9lulas de la piel. Esto favorece un cutis sano y luminoso y ayuda a la piel a repararse a s\u00ed misma con mayor eficacia, mejorando las arrugas y las l\u00edneas de expresi\u00f3n para mantener un cutis luminoso.<\/p>\n<p>Read below a powerful daily affirmation for when using your handcrafted Tiger Eye Gua sha.<\/p>","protected":false},"featured_media":93028,"template":"","meta":{"footnotes":""},"product_brand":[],"product_cat":[821,80,382,386],"product_tag":[149,174,1111,112,139,138,427,137,267,306,592,430,325,394,140,542],"class_list":{"0":"post-92847","1":"product","2":"type-product","3":"status-publish","4":"has-post-thumbnail","6":"product_cat-beauty","7":"product_cat-beauty-health-supplements","8":"product_cat-health","9":"product_cat-skin-care","10":"product_tag-anti-aging","11":"product_tag-anti-inflammatory","12":"product_tag-beauty-2","13":"product_tag-cell-renewal","14":"product_tag-detox","15":"product_tag-detoxification","16":"product_tag-essential","17":"product_tag-essentials","18":"product_tag-gifts","19":"product_tag-handcrafted","20":"product_tag-high-quality","21":"product_tag-infused","22":"product_tag-self","23":"product_tag-skin","24":"product_tag-skin-care","25":"product_tag-skin-friendly","26":"has-subscription-plans","28":"first","29":"instock","30":"taxable","31":"shipping-taxable","32":"purchasable","33":"product-type-simple"},"bundled_by":[],"bundle_stock_status":"instock","bundle_stock_quantity":null,"bundle_virtual":false,"bundle_layout":"","bundle_add_to_cart_form_location":"","bundle_editable_in_cart":false,"bundle_sold_individually_context":"","bundle_item_grouping":"","bundle_min_size":"","bundle_max_size":"","bundle_price":[],"bundled_items":[],"bundle_sell_ids":[],"group_of_quantity":0,"min_quantity":0,"max_quantity":"","exclude_order_quantity_value_rules":"no","exclude_category_quantity_rules":"no","combine_variations":"no","_links":{"self":[{"href":"https:\/\/2024.shoply.com\/es\/wp-json\/wp\/v2\/product\/92847","targetHints":{"allow":["GET"]}}],"collection":[{"href":"https:\/\/2024.shoply.com\/es\/wp-json\/wp\/v2\/product"}],"about":[{"href":"https:\/\/2024.shoply.com\/es\/wp-json\/wp\/v2\/types\/product"}],"version-history":[{"count":2,"href":"https:\/\/2024.shoply.com\/es\/wp-json\/wp\/v2\/product\/92847\/revisions"}],"predecessor-version":[{"id":144163,"href":"https:\/\/2024.shoply.com\/es\/wp-json\/wp\/v2\/product\/92847\/revisions\/144163"}],"wp:featuredmedia":[{"embeddable":true,"href":"https:\/\/2024.shoply.com\/es\/wp-json\/wp\/v2\/media\/93028"}],"wp:attachment":[{"href":"https:\/\/2024.shoply.com\/es\/wp-json\/wp\/v2\/media?parent=92847"}],"wp:term":[{"taxonomy":"product_brand","embeddable":true,"href":"https:\/\/2024.shoply.com\/es\/wp-json\/wp\/v2\/product_brand?post=92847"},{"taxonomy":"product_cat","embeddable":true,"href":"https:\/\/2024.shoply.com\/es\/wp-json\/wp\/v2\/product_cat?post=92847"},{"taxonomy":"product_tag","embeddable":true,"href":"https:\/\/2024.shoply.com\/es\/wp-json\/wp\/v2\/product_tag?post=92847"}],"curies":[{"name":"wp","href":"https:\/\/api.w.org\/{rel}","templated":true}]}}