{"id":96544,"date":"2024-11-25T09:55:37","date_gmt":"2024-11-25T14:55:37","guid":{"rendered":"https:\/\/shoply.com\/?post_type=product&#038;p=96544"},"modified":"2025-03-01T06:10:15","modified_gmt":"2025-03-01T11:10:15","slug":"24h-lippentinten-fur-nonstop-farbe-auf-ihren-lippen-red-summerwine","status":"publish","type":"product","link":"https:\/\/2024.shoply.com\/es\/producto\/24h-lippentinten-fur-nonstop-farbe-auf-ihren-lippen-red-summerwine\/","title":{"rendered":"24h. \u00a1Lippentinten f\u00fcr nonstop Farbe auf Ihren Lippen! VINO TINTO DE VERANO"},"content":{"rendered":"<div class=\"product-details__product-attributes\">\n<p>&nbsp;<\/p>\n<p>&nbsp;<\/p>\n<div class=\"details-product-attribute\"><span class=\"details-product-attribute__title\"><span style=\"vertical-align: inherit\"><span style=\"vertical-align: inherit\">Marke:\u00a0 <\/span><\/span><\/span><span class=\"details-product-attribute__value\"><span style=\"vertical-align: inherit\"><span style=\"vertical-align: inherit\">Martina Otte Cosmetics<\/span><\/span><\/span><\/div>\n<\/div>\n<div id=\"productDescription\" class=\"product-details__product-description\">\n<div><span style=\"vertical-align: inherit\"><span style=\"vertical-align: inherit\">Erleben Sie reine Farbintensit\u00e4t mit dem MARTINA OTTE COSMETICS\u00ae Lip Tint aus der LA PASSIONE Collection, Modell \u201e01 RED SUMMERWINE\u201c. Dieser Lippenfarbton ist mehr als nur ein Make-up-Produkt; Er ist eine Hommage an Ihre Individualit\u00e4t und Eleganz. Mit seiner langanhaltenden Formel verspricht dieser Lip Tint, Ihre Lippen in einem satten, warmen Rot zu schm\u00fccken, das nicht verschmiert oder die Lippen austrocknet. Ideal f\u00fcr jeden Anlass \u2013 ob f\u00fcr den Alltag oder besondere Events.Ein Beispiel? Stellen Sie sich vor, Sie bereiten sich auf ein Abendessen vor. Mit nur einem Auftrag des Lip Tints verwandeln Sie Ihr L\u00e4cheln, unterstreichen Ihre nat\u00fcrliche Sch\u00f6nheit und f\u00fchlen sich den ganzen Abend \u00fcber selbstbewusst und attraktiv. Entdecken Sie \u201eRED SUMMERWINE\u201c \u2013 Ihre Lippenfarbe, die ebenso einzigartig ist wie Sie selbst. Haltbare Lippentinten mit gl\u00e4nzender Funktion. Haltbarkeit und Pflege in Einem mit den Lippentinten von Martina Otte Cosmetics\u00ae Lift up your Lips! Die Lippentinten von Martina Otte Cosmetics\u00ae in tollen Trendfarben zaubern Ihnen tolle Farbkonstraste auf die Lippen. Haltbare Lippentinten, die Ihre Lippen auch pflegen und optisch vergr\u00f6\u00dfern. Die Lippentinten, die 24h. Halten und pflegen Sie auch Ihre Lippen. Die Lippentinten mit Pflegewirkstoffen verj\u00fcngen Ihre Lippenstruktur und zaubern einen wunderbaren samtigen Glanz auf Ihre Lippen.<\/span><\/span><\/div>\n<div>\n<p><span style=\"font-weight: 400\">Ingredientes:<\/span><\/p>\n<p><span style=\"font-weight: 400\">Aceite Mineral, Poliisobuteno Hidrogenado, Ozoquerita, Cera Micrystle, Cera Euphorbia Cerifera (Candelilla), Puede Contener: Lago Rojo 7, Rojo 6, \u00d3xidos de hierro, Titanio<\/span><\/p>\n<p><span style=\"font-weight: 400\">sin crueldad<\/span><\/p>\n<\/div>\n<\/div>","protected":false},"excerpt":{"rendered":"<h2><b><span style=\"vertical-align: inherit\"><span style=\"vertical-align: inherit\">Descubre la incomparable calidad de los l\u00e1pices de labios Martina Otte Cosmetics<\/span><\/span><\/b><\/h2>\n<p><b><span style=\"vertical-align: inherit\"><span style=\"vertical-align: inherit\">Lippenfarbe, die bleibt.<\/span><\/span><\/b><\/p>\n<p><span style=\"font-weight: 400\"><span style=\"vertical-align: inherit\"><span style=\"vertical-align: inherit\">\u00bfTe apetece una crema de labios que te dure todo el d\u00eda y te deje sin aliento? Con los Lippentinten de Martina Otte Cosmetics\u00ae este sue\u00f1o se convertir\u00e1 en realidad. Nuestras innovadoras f\u00f3rmulas buscan un color intenso que no se altere ni se desdibuje.<\/span><\/span><\/span><\/p>\n<p><b><span style=\"vertical-align: inherit\"><span style=\"vertical-align: inherit\">Warum du unsere Lippentinten lieben wirst:<\/span><\/span><\/b><\/p>\n<ul>\n<li style=\"font-weight: 400\"><b><span style=\"vertical-align: inherit\"><span style=\"vertical-align: inherit\">Pigmente intensivo: <\/span><\/span><\/b><span style=\"font-weight: 400\"><span style=\"vertical-align: inherit\"><span style=\"vertical-align: inherit\">F\u00fcr eine satte Farbe, die sofort auff\u00e4llt.<\/span><\/span><\/span><\/li>\n<li style=\"font-weight: 400\"><b><span style=\"vertical-align: inherit\"><span style=\"vertical-align: inherit\">Langanhaltende Formel: <\/span><\/span><\/b><span style=\"font-weight: 400\"><span style=\"vertical-align: inherit\"><span style=\"vertical-align: inherit\">Genie\u00dfe stundenlangen Tragekomfort ohne Nachschminken.<\/span><\/span><\/span><\/li>\n<li style=\"font-weight: 400\"><b><span style=\"vertical-align: inherit\"><span style=\"vertical-align: inherit\">Vielf\u00e4ltige Farbauswahl: <\/span><\/span><\/b><span style=\"font-weight: 400\"><span style=\"vertical-align: inherit\"><span style=\"vertical-align: inherit\">Encuentre su Nuance perfecto para cada aplicaci\u00f3n.<\/span><\/span><\/span><\/li>\n<li style=\"font-weight: 400\"><b><span style=\"vertical-align: inherit\"><span style=\"vertical-align: inherit\">Angenehmer Tragekomfort: <\/span><\/span><\/b><span style=\"font-weight: 400\"><span style=\"vertical-align: inherit\"><span style=\"vertical-align: inherit\">Die leichte Textur trocknet deine Lippen nicht aus.<\/span><\/span><\/span><\/li>\n<li style=\"font-weight: 400\"><b><span style=\"vertical-align: inherit\"><span style=\"vertical-align: inherit\">Pr\u00e4zise Anwendung: <\/span><\/span><\/b><span style=\"font-weight: 400\"><span style=\"vertical-align: inherit\"><span style=\"vertical-align: inherit\">El aplicador permite una gesti\u00f3n sencilla y r\u00e1pida.<\/span><\/span><\/span><\/li>\n<\/ul>\n<p><b><span style=\"vertical-align: inherit\"><span style=\"vertical-align: inherit\">Deine Lippen, dein Statement.<\/span><\/span><\/b><\/p>\n<p><span style=\"font-weight: 400\"><span style=\"vertical-align: inherit\"><span style=\"vertical-align: inherit\">Con nuestros Lippentinten conseguir\u00e1s una declaraci\u00f3n de intenciones brillante. Ya sea un tono desnudo natural para todos los gustos o un color sofisticado para una ocasi\u00f3n especial, nuestras prendas de ba\u00f1o realzan tu belleza individual.<\/span><\/span><\/span><\/p>\n<h3><b><span style=\"vertical-align: inherit\"><span style=\"vertical-align: inherit\">Unwiderstehlich und langanhaltend<\/span><\/span><\/b><\/h3>\n<p><b><span style=\"vertical-align: inherit\"><span style=\"vertical-align: inherit\">\"Ein Kuss f\u00fcr die Ewigkeit\".<\/span><\/span><\/b><\/p>\n<p><span style=\"font-weight: 400\"><span style=\"vertical-align: inherit\"><span style=\"vertical-align: inherit\"><span style=\"vertical-align: inherit\"><span style=\"vertical-align: inherit\"><span style=\"vertical-align: inherit\"><span style=\"vertical-align: inherit\">Nuestros labios son m\u00e1s que un simple color: son un s\u00edmbolo. Una visi\u00f3n de la belleza duradera, que supera por s\u00ed misma el m\u00e1s leidenschaftlichsten Kuss. Con colores intensos y un efecto uniforme en los labios, su look adquiere una nota inconfundible. Disfruta de un lujo de color que no te dejar\u00e1 indiferente.<\/span><\/span><\/span><\/span><\/span><\/span><\/span><\/p>\n<h3><b><span style=\"vertical-align: inherit\"><span style=\"vertical-align: inherit\"><span style=\"vertical-align: inherit\"><span style=\"vertical-align: inherit\"><span style=\"vertical-align: inherit\"><span style=\"vertical-align: inherit\">Su imagen, su declaraci\u00f3n<\/span><\/span><\/span><\/span><\/span><\/span><\/b><\/h3>\n<p><b><span style=\"vertical-align: inherit\"><span style=\"vertical-align: inherit\"><span style=\"vertical-align: inherit\"><span style=\"vertical-align: inherit\"><span style=\"vertical-align: inherit\"><span style=\"vertical-align: inherit\">\"Setze ein Zeichen mit Farbe, die bleibt.\"<\/span><\/span><\/span><\/span><\/span><\/span><\/b><\/p>\n<p><span style=\"font-weight: 400\"><span style=\"vertical-align: inherit\"><span style=\"vertical-align: inherit\"><span style=\"vertical-align: inherit\"><span style=\"vertical-align: inherit\"><span style=\"vertical-align: inherit\"><span style=\"vertical-align: inherit\">Nuestros pintalabios son tu declaraci\u00f3n personal. Elija entre una gran variedad de tonos y encuentre su color perfecto. Ya sean frescos y naturales o llamativos y llamativos, nuestros tonos de labios se adaptan a todo lo que necesites. Con ellas creas una escena y le das un toque especial.<\/span><\/span><\/span><\/span><\/span><\/span><\/span><\/p>\n<h3><b><span style=\"vertical-align: inherit\"><span style=\"vertical-align: inherit\"><span style=\"vertical-align: inherit\"><span style=\"vertical-align: inherit\"><span style=\"vertical-align: inherit\"><span style=\"vertical-align: inherit\">Freiheit f\u00fcr deine Lippen<\/span><\/span><\/span><\/span><\/span><\/span><\/b><\/h3>\n<p><b><span style=\"vertical-align: inherit\"><span style=\"vertical-align: inherit\"><span style=\"vertical-align: inherit\"><span style=\"vertical-align: inherit\"><span style=\"vertical-align: inherit\"><span style=\"vertical-align: inherit\">\"Sp\u00fcre die Freiheit, du selbst zu sein.\"<\/span><\/span><\/span><\/span><\/span><\/span><\/b><\/p>\n<p><span style=\"font-weight: 400\"><span style=\"vertical-align: inherit\"><span style=\"vertical-align: inherit\"><span style=\"vertical-align: inherit\"><span style=\"vertical-align: inherit\"><span style=\"vertical-align: inherit\"><span style=\"vertical-align: inherit\">Con nuestros Lippentinten puedes pasar todo el d\u00eda sin tener que preocuparte de nada. La forma l\u00e1nguida hace que tu beso sea todo el d\u00eda fr\u00e1gil e intenso. Disfrute de la libertad de disfrutar de s\u00ed mismo y de su momento.<\/span><\/span><\/span><\/span><\/span><\/span><\/span><\/p>\n<p><b><span style=\"vertical-align: inherit\"><span style=\"vertical-align: inherit\"><span style=\"vertical-align: inherit\"><span style=\"vertical-align: inherit\"><span style=\"vertical-align: inherit\"><span style=\"vertical-align: inherit\">\u00bfQu\u00e9 es lo que hace que nuestros lectores sean tan especiales?<\/span><\/span><\/span><\/span><\/span><\/span><\/b><\/p>\n<ul>\n<li style=\"font-weight: 400\"><b><span style=\"vertical-align: inherit\"><span style=\"vertical-align: inherit\"><span style=\"vertical-align: inherit\"><span style=\"vertical-align: inherit\"><span style=\"vertical-align: inherit\"><span style=\"vertical-align: inherit\">Intensivo Farben: <\/span><\/span><\/span><\/span><\/span><\/span><\/b><span style=\"font-weight: 400\"><span style=\"vertical-align: inherit\"><span style=\"vertical-align: inherit\"><span style=\"vertical-align: inherit\"><span style=\"vertical-align: inherit\"><span style=\"vertical-align: inherit\"><span style=\"vertical-align: inherit\">Una breve paleta de tonos para cualquier ocasi\u00f3n.<\/span><\/span><\/span><\/span><\/span><\/span><\/span><\/li>\n<li style=\"font-weight: 400\"><b><span style=\"vertical-align: inherit\"><span style=\"vertical-align: inherit\"><span style=\"vertical-align: inherit\"><span style=\"vertical-align: inherit\"><span style=\"vertical-align: inherit\"><span style=\"vertical-align: inherit\">Langanhaltende Formel: <\/span><\/span><\/span><\/span><\/span><\/span><\/b><span style=\"font-weight: 400\"><span style=\"vertical-align: inherit\"><span style=\"vertical-align: inherit\"><span style=\"vertical-align: inherit\"><span style=\"vertical-align: inherit\"><span style=\"vertical-align: inherit\"><span style=\"vertical-align: inherit\">\u00dcber Stunden hinweg leuchtende Farbe.<\/span><\/span><\/span><\/span><\/span><\/span><\/span><\/li>\n<li style=\"font-weight: 400\"><b><span style=\"vertical-align: inherit\"><span style=\"vertical-align: inherit\"><span style=\"vertical-align: inherit\"><span style=\"vertical-align: inherit\"><span style=\"vertical-align: inherit\"><span style=\"vertical-align: inherit\">Angenehmer Tragekomfort: <\/span><\/span><\/span><\/span><\/span><\/span><\/b><span style=\"font-weight: 400\"><span style=\"vertical-align: inherit\"><span style=\"vertical-align: inherit\"><span style=\"vertical-align: inherit\"><span style=\"vertical-align: inherit\"><span style=\"vertical-align: inherit\"><span style=\"vertical-align: inherit\">Samtig weich und nicht austrocknend.<\/span><\/span><\/span><\/span><\/span><\/span><\/span><\/li>\n<li style=\"font-weight: 400\"><b><span style=\"vertical-align: inherit\"><span style=\"vertical-align: inherit\"><span style=\"vertical-align: inherit\"><span style=\"vertical-align: inherit\"><span style=\"vertical-align: inherit\"><span style=\"vertical-align: inherit\">Pr\u00e4zise Anwendung: <\/span><\/span><\/span><\/span><\/span><\/span><\/b><span style=\"font-weight: 400\"><span style=\"vertical-align: inherit\"><span style=\"vertical-align: inherit\"><span style=\"vertical-align: inherit\"><span style=\"vertical-align: inherit\"><span style=\"vertical-align: inherit\"><span style=\"vertical-align: inherit\">F\u00fcr einen perfekten Auftrag.<\/span><\/span><\/span><\/span><\/span><\/span><\/span><\/li>\n<\/ul>\n<p><b><span style=\"vertical-align: inherit\"><span style=\"vertical-align: inherit\"><span style=\"vertical-align: inherit\"><span style=\"vertical-align: inherit\"><span style=\"vertical-align: inherit\"><span style=\"vertical-align: inherit\">Erlebe den Unterschied und verliebe dich in unseren Lippentinten.<\/span><\/span><\/span><\/span><\/span><\/span><\/b><\/p>\n<h2><b><span style=\"vertical-align: inherit\"><span style=\"vertical-align: inherit\"><span style=\"vertical-align: inherit\"><span style=\"vertical-align: inherit\"><span style=\"vertical-align: inherit\"><span style=\"vertical-align: inherit\">\u201eRoter Sommerwein\u201c: Ein Farbtupfer f\u00fcr leidenschaftliche Lippen<\/span><\/span><\/span><\/span><\/span><\/span><\/b><\/h2>\n<p><b><span style=\"vertical-align: inherit\"><span style=\"vertical-align: inherit\"><span style=\"vertical-align: inherit\"><span style=\"vertical-align: inherit\"><span style=\"vertical-align: inherit\"><span style=\"vertical-align: inherit\">Ein Farbton, der Geschichten erz\u00e4hlt<\/span><\/span><\/span><\/span><\/span><\/span><\/b><\/p>\n<p><span style=\"font-weight: 400\"><span style=\"vertical-align: inherit\"><span style=\"vertical-align: inherit\"><span style=\"vertical-align: inherit\"><span style=\"vertical-align: inherit\"><span style=\"vertical-align: inherit\"><span style=\"vertical-align: inherit\">Stell dir vor, deine Lippen sind ein Glas voll feinstem Rotwein. Tiefrot, vollmundig und mit einem Hauch von S\u00fc\u00dfe. Genau dieses Gef\u00fchl vermittelt unsere Lippentinte <\/span><\/span><\/span><\/span><\/span><\/span><\/span><b><span style=\"vertical-align: inherit\"><span style=\"vertical-align: inherit\"><span style=\"vertical-align: inherit\"><span style=\"vertical-align: inherit\"><span style=\"vertical-align: inherit\"><span style=\"vertical-align: inherit\">\u201eRoter Sommerwein\u201c <\/span><\/span><\/span><\/span><\/span><\/span><\/b><span style=\"font-weight: 400\"><span style=\"vertical-align: inherit\"><span style=\"vertical-align: inherit\"><span style=\"vertical-align: inherit\"><span style=\"vertical-align: inherit\"><span style=\"vertical-align: inherit\"><span style=\"vertical-align: inherit\">. Ein Farbton, der Leidenschaft, Eleganz und ein Hauch von Vintage verk\u00f6rpert.<\/span><\/span><\/span><\/span><\/span><\/span><\/span><\/p>\n<p><b><span style=\"vertical-align: inherit\"><span style=\"vertical-align: inherit\"><span style=\"vertical-align: inherit\"><span style=\"vertical-align: inherit\"><span style=\"vertical-align: inherit\"><span style=\"vertical-align: inherit\">Warum du sie liebst wirst:<\/span><\/span><\/span><\/span><\/span><\/span><\/b><\/p>\n<ul>\n<li style=\"font-weight: 400\"><b><span style=\"vertical-align: inherit\"><span style=\"vertical-align: inherit\"><span style=\"vertical-align: inherit\"><span style=\"vertical-align: inherit\"><span style=\"vertical-align: inherit\"><span style=\"vertical-align: inherit\">Pigmentierung intensivo: <\/span><\/span><\/span><\/span><\/span><\/span><\/b><span style=\"font-weight: 400\"><span style=\"vertical-align: inherit\"><span style=\"vertical-align: inherit\"><span style=\"vertical-align: inherit\"><span style=\"vertical-align: inherit\"><span style=\"vertical-align: inherit\"><span style=\"vertical-align: inherit\">Ein sattes Rot, das sofort auff\u00e4llt und deine Lippen zum Strahlen bringt.<\/span><\/span><\/span><\/span><\/span><\/span><\/span><\/li>\n<li style=\"font-weight: 400\"><b><span style=\"vertical-align: inherit\"><span style=\"vertical-align: inherit\"><span style=\"vertical-align: inherit\"><span style=\"vertical-align: inherit\"><span style=\"vertical-align: inherit\"><span style=\"vertical-align: inherit\">Samtiger Glanz: <\/span><\/span><\/span><\/span><\/span><\/span><\/b><span style=\"font-weight: 400\"><span style=\"vertical-align: inherit\"><span style=\"vertical-align: inherit\"><span style=\"vertical-align: inherit\"><span style=\"vertical-align: inherit\"><span style=\"vertical-align: inherit\"><span style=\"vertical-align: inherit\">Ein leicht gl\u00e4nzendes Finish, das deinen Lippen einen Hauch von Luxus verleiht.<\/span><\/span><\/span><\/span><\/span><\/span><\/span><\/li>\n<li style=\"font-weight: 400\"><b><span style=\"vertical-align: inherit\"><span style=\"vertical-align: inherit\"><span style=\"vertical-align: inherit\"><span style=\"vertical-align: inherit\"><span style=\"vertical-align: inherit\"><span style=\"vertical-align: inherit\">Angenehmer Tragekomfort: <\/span><\/span><\/span><\/span><\/span><\/span><\/b><span style=\"font-weight: 400\"><span style=\"vertical-align: inherit\"><span style=\"vertical-align: inherit\"><span style=\"vertical-align: inherit\"><span style=\"vertical-align: inherit\"><span style=\"vertical-align: inherit\"><span style=\"vertical-align: inherit\">Die leichte Formel trocknet deine Lippen nicht aus und sorgt f\u00fcr ein angenehmes Tragegef\u00fchl.<\/span><\/span><\/span><\/span><\/span><\/span><\/span><\/li>\n<li style=\"font-weight: 400\"><b><span style=\"vertical-align: inherit\"><span style=\"vertical-align: inherit\"><span style=\"vertical-align: inherit\"><span style=\"vertical-align: inherit\"><span style=\"vertical-align: inherit\"><span style=\"vertical-align: inherit\">Pr\u00e4zise Anwendung: <\/span><\/span><\/span><\/span><\/span><\/span><\/b><span style=\"font-weight: 400\"><span style=\"vertical-align: inherit\"><span style=\"vertical-align: inherit\"><span style=\"vertical-align: inherit\"><span style=\"vertical-align: inherit\"><span style=\"vertical-align: inherit\"><span style=\"vertical-align: inherit\">El pr\u00e1ctico aplicador permite un uso sencillo y sencillo.<\/span><\/span><\/span><\/span><\/span><\/span><\/span><\/li>\n<\/ul>\n<p><b><span style=\"vertical-align: inherit\"><span style=\"vertical-align: inherit\"><span style=\"vertical-align: inherit\"><span style=\"vertical-align: inherit\"><span style=\"vertical-align: inherit\"><span style=\"vertical-align: inherit\">Para cada clase<\/span><\/span><\/span><\/span><\/span><\/span><\/b><\/p>\n<p><span style=\"font-weight: 400\"><span style=\"vertical-align: inherit\"><span style=\"vertical-align: inherit\"><span style=\"vertical-align: inherit\"><span style=\"vertical-align: inherit\"><span style=\"vertical-align: inherit\"><span style=\"vertical-align: inherit\">Ob f\u00fcr einen romantischen Abend, eine festliche Veranstaltung oder einfach nur f\u00fcr einen besonderen Tag \u2013 \u201eRoter Sommerwein\u201c ist die perfekte Wahl. Sie passt zu jedem Hautton und verleiht jedem Look eine elegante Note.<\/span><\/span><\/span><\/span><\/span><\/span><\/span><\/p>\n<p><b><span style=\"vertical-align: inherit\"><span style=\"vertical-align: inherit\"><span style=\"vertical-align: inherit\"><span style=\"vertical-align: inherit\"><span style=\"vertical-align: inherit\"><span style=\"vertical-align: inherit\">Entdecke deine innere Diva<\/span><\/span><\/span><\/span><\/span><\/span><\/b><\/p>\n<p><span style=\"font-weight: 400\"><span style=\"vertical-align: inherit\"><span style=\"vertical-align: inherit\"><span style=\"vertical-align: inherit\"><span style=\"vertical-align: inherit\"><span style=\"vertical-align: inherit\"><span style=\"vertical-align: inherit\">Mit \u201eRoter Sommerwein\u201c setzt du ein klares Statement. Ein Farbton, der sowohl verf\u00fchrerisch als auch zeitlos ist.<\/span><\/span><\/span><\/span><\/span><\/span><\/span><\/p>","protected":false},"featured_media":149299,"template":"","meta":{"footnotes":""},"product_brand":[],"product_cat":[821,80,384],"product_tag":[149,743,111,241,592,832,397,480,398,525],"class_list":{"0":"post-96544","1":"product","2":"type-product","3":"status-publish","4":"has-post-thumbnail","6":"product_cat-beauty","7":"product_cat-beauty-health-supplements","8":"product_cat-cosmetics","9":"product_tag-anti-aging","10":"product_tag-beauty","11":"product_tag-care","12":"product_tag-cosmetics","13":"product_tag-high-quality","14":"product_tag-la-passione-collection-2024-01-red-summerwine-lip-tint-created-by-martina-otte-cosmetics","15":"product_tag-luxury","16":"product_tag-new-arrivals","17":"product_tag-unique","18":"product_tag-womens","19":"product_shipping_class-shipping-class-3","20":"has-subscription-plans","22":"first","23":"instock","24":"sale","25":"taxable","26":"shipping-taxable","27":"purchasable","28":"product-type-simple"},"bundled_by":[],"bundle_stock_status":"instock","bundle_stock_quantity":null,"bundle_virtual":false,"bundle_layout":"","bundle_add_to_cart_form_location":"","bundle_editable_in_cart":false,"bundle_sold_individually_context":"","bundle_item_grouping":"","bundle_min_size":"","bundle_max_size":"","bundle_price":[],"bundled_items":[],"bundle_sell_ids":[],"group_of_quantity":0,"min_quantity":0,"max_quantity":"","exclude_order_quantity_value_rules":"no","exclude_category_quantity_rules":"no","combine_variations":"no","_links":{"self":[{"href":"https:\/\/2024.shoply.com\/es\/wp-json\/wp\/v2\/product\/96544","targetHints":{"allow":["GET"]}}],"collection":[{"href":"https:\/\/2024.shoply.com\/es\/wp-json\/wp\/v2\/product"}],"about":[{"href":"https:\/\/2024.shoply.com\/es\/wp-json\/wp\/v2\/types\/product"}],"version-history":[{"count":3,"href":"https:\/\/2024.shoply.com\/es\/wp-json\/wp\/v2\/product\/96544\/revisions"}],"predecessor-version":[{"id":149303,"href":"https:\/\/2024.shoply.com\/es\/wp-json\/wp\/v2\/product\/96544\/revisions\/149303"}],"wp:featuredmedia":[{"embeddable":true,"href":"https:\/\/2024.shoply.com\/es\/wp-json\/wp\/v2\/media\/149299"}],"wp:attachment":[{"href":"https:\/\/2024.shoply.com\/es\/wp-json\/wp\/v2\/media?parent=96544"}],"wp:term":[{"taxonomy":"product_brand","embeddable":true,"href":"https:\/\/2024.shoply.com\/es\/wp-json\/wp\/v2\/product_brand?post=96544"},{"taxonomy":"product_cat","embeddable":true,"href":"https:\/\/2024.shoply.com\/es\/wp-json\/wp\/v2\/product_cat?post=96544"},{"taxonomy":"product_tag","embeddable":true,"href":"https:\/\/2024.shoply.com\/es\/wp-json\/wp\/v2\/product_tag?post=96544"}],"curies":[{"name":"wp","href":"https:\/\/api.w.org\/{rel}","templated":true}]}}