{"id":97169,"date":"2024-11-26T03:59:58","date_gmt":"2024-11-26T08:59:58","guid":{"rendered":"https:\/\/shoply.com\/?post_type=product&#038;p=97169"},"modified":"2025-02-28T10:45:02","modified_gmt":"2025-02-28T15:45:02","slug":"sag-tschuss-zu-hautunreinheiten-hydra-active-gel","status":"publish","type":"product","link":"https:\/\/2024.shoply.com\/es\/producto\/sag-tschuss-zu-hautunreinheiten-hydra-active-gel\/","title":{"rendered":"\u00a1Para el cuidado del cabello! Gel Hidra Activo"},"content":{"rendered":"<div class=\"product-details__product-attributes\">\n<p>&nbsp;<\/p>\n<div class=\"details-product-attribute\"><span class=\"details-product-attribute__title\"><span style=\"vertical-align: inherit\"><span style=\"vertical-align: inherit\">Marke:\u00a0 <\/span><\/span><\/span><span class=\"details-product-attribute__value\"><span style=\"vertical-align: inherit\"><span style=\"vertical-align: inherit\">Martina Otte Cosmetics<\/span><\/span><\/span><\/div>\n<\/div>\n<div id=\"productDescription\" class=\"product-details__product-description\">\n<div><span style=\"vertical-align: inherit\"><span style=\"vertical-align: inherit\">Erleben Sie reine Haut, wie nie zuvor! Unser Hydra Active Gel von Martina Otte Cosmetics\u00ae verwandelt die t\u00e4gliche Gesichtsreinigung in ein n\u00e4hrendes Ritual. Die Kombination aus Aloe Vera, Ringelblume und Kamille versorgt Ihre Haut nicht nur mit intensiver Feuchtigkeit, sondern beruhigt sie auch sanft. Ideal f\u00fcr die Anwendung morgens und abends \u2013 eine kleine Menge reicht aus, um Gesicht, Hals und Dekollet\u00e9 zu reinigen und zu revitalisieren. Ohne Make-up ideal auszusehen, ist jetzt einfacher denn je. Entfernen Sie m\u00fchelos \u00fcbersch\u00fcssiges Fett und bringen Sie Ihre Haut ins Gleichgewicht. Perfekt f\u00fcr jeden, der Wert auf eine effektive und dabei schonende Reinigung legt. Erleben Sie das angenehme Hautgef\u00fchl, das bleibt. Gegen Hautunreinheiten oder auch zur t\u00e4glichen Reinigung und Entfernung von Make-up ist das Hydra Active Gel f\u00fcr Sie bestens geeignet. Bei fettiger Haut eine super tolle Reinigung, die die Haut wieder ins Gleichgewicht bringt. Schnelle, effektive Reinigung leicht gemacht mit dem Hydra Active Gel von Martina Otte Cosmetics\u00ae Perfekte Haut leicht gemacht. Reinigen Sie in wenigen Minuten Ihren Teint mit der richtigen Reinigung und den richtigen Pflegewirkstoffen, die Ihre Haut pflegen und beruhigen. Mit dem Hydra Active Gel von Martina Otte Cosmetics\u00ae<\/span><\/span><\/div>\n<div>\n<p><span style=\"font-weight: 400\">Ingredients: Aqua, Sodium Laureth Sulfate, Cocamidopropyl Betaine, Coco-Glucoside, Sodium Chloride, Glycerin, Phenylpropanol, Glyceryl Oleate, Panthenol, 1,2-Hexanediol, Citric Acid, Sodium Sulfate, Urea, Parfum, Calendula Officinalis Flower Extract, Aloe Barbadensis Leaf Juice Powder, Sodium Benzoate, Chamomilla Recutita Flower Extract, Potassium Sorbate, Tocopherol, Hydrogenated Vegetable Glycerides Citrate, Lecithin, Ascorbyl Palmitate<\/span><\/p>\n<\/div>\n<\/div>","protected":false},"excerpt":{"rendered":"<h2><b><span style=\"vertical-align: inherit\"><span style=\"vertical-align: inherit\">Martina Otte Cosmetics\u00ae Hydra Active Gel \u2013 F\u00fcr ein strahlend reines Hautgef\u00fchl<\/span><\/span><\/b><\/h2>\n<p><span style=\"font-weight: 400\"><span style=\"vertical-align: inherit\"><span style=\"vertical-align: inherit\">Das Hydra Active Gel von Martina Otte Cosmetics\u00ae ist mehr als nur ein Reinigungsprodukt. Es versorgt Ihre Haut bereits w\u00e4hrend der Reinigung mit intensiver Feuchtigkeit und sorgt f\u00fcr ein angenehmes Hautgef\u00fchl.<\/span><\/span><\/span><\/p>\n<h3><b><span style=\"vertical-align: inherit\"><span style=\"vertical-align: inherit\">Was macht das Hydra Active Gel so besonders?<\/span><\/span><\/b><\/h3>\n<ul>\n<li style=\"font-weight: 400\"><b><span style=\"vertical-align: inherit\"><span style=\"vertical-align: inherit\">Intensive Feuchtigkeit: <\/span><\/span><\/b><span style=\"font-weight: 400\"><span style=\"vertical-align: inherit\"><span style=\"vertical-align: inherit\">Die spezielle Formel spendet Ihrer Haut bereits w\u00e4hrend der Reinigung die Feuchtigkeit, die sie ben\u00f6tigt.<\/span><\/span><\/span><\/li>\n<li style=\"font-weight: 400\"><b><span style=\"vertical-align: inherit\"><span style=\"vertical-align: inherit\">Sanfte Reinigung: <\/span><\/span><\/b><span style=\"font-weight: 400\"><span style=\"vertical-align: inherit\"><span style=\"vertical-align: inherit\">Das Gel entfernt sanft Make-up, Schmutz und \u00fcbersch\u00fcssigen Talg, ohne die Haut auszutrocknen.<\/span><\/span><\/span><\/li>\n<li style=\"font-weight: 400\"><b><span style=\"vertical-align: inherit\"><span style=\"vertical-align: inherit\">Angenehmes Hautgef\u00fchl: <\/span><\/span><\/b><span style=\"font-weight: 400\"><span style=\"vertical-align: inherit\"><span style=\"vertical-align: inherit\">Nach der Reinigung f\u00fchlt sich Ihre Haut erfrischt, weich und geschmeidig an.<\/span><\/span><\/span><\/li>\n<li style=\"font-weight: 400\"><b><span style=\"vertical-align: inherit\"><span style=\"vertical-align: inherit\">F\u00fcr alle Hauttypen geeignet: <\/span><\/span><\/b><span style=\"font-weight: 400\"><span style=\"vertical-align: inherit\"><span style=\"vertical-align: inherit\">Das Gel ist besonders mild und daher auch f\u00fcr empfindliche Haut geeignet.<\/span><\/span><\/span><\/li>\n<\/ul>\n<h3><b><span style=\"vertical-align: inherit\"><span style=\"vertical-align: inherit\">Wie wirkt das Hydra Active Gel?<\/span><\/span><\/b><\/h3>\n<p><span style=\"font-weight: 400\"><span style=\"vertical-align: inherit\"><span style=\"vertical-align: inherit\">Die in dem Gel enthaltenen feuchtigkeitsspendenden Inhaltsstoffe dringen tief in die Haut ein und versorgen sie mit der n\u00f6tigen Feuchtigkeit. Gleichzeitig entfernt das Gel sanft alle Unreinheiten und sorgt f\u00fcr einen klaren und gleichm\u00e4\u00dfigen Teint.<\/span><\/span><\/span><\/p>\n<h3><b><span style=\"vertical-align: inherit\"><span style=\"vertical-align: inherit\">Aplicaci\u00f3n<\/span><\/span><\/b><\/h3>\n<ol>\n<li style=\"font-weight: 400\"><b><span style=\"vertical-align: inherit\"><span style=\"vertical-align: inherit\"><span style=\"vertical-align: inherit\"><span style=\"vertical-align: inherit\">Anfeuchten: <\/span><\/span><\/span><\/span><\/b><span style=\"font-weight: 400\"><span style=\"vertical-align: inherit\"><span style=\"vertical-align: inherit\"><span style=\"vertical-align: inherit\"><span style=\"vertical-align: inherit\">Tragen Sie eine kleine Menge des Gels auf Ihr angefeuchtetes Gesicht auf.<\/span><\/span><\/span><\/span><\/span><\/li>\n<li style=\"font-weight: 400\"><b><span style=\"vertical-align: inherit\"><span style=\"vertical-align: inherit\"><span style=\"vertical-align: inherit\"><span style=\"vertical-align: inherit\"><span style=\"vertical-align: inherit\"><span style=\"vertical-align: inherit\">Massieren: <\/span><\/span><\/span><\/span><\/span><\/span><\/b><span style=\"font-weight: 400\"><span style=\"vertical-align: inherit\"><span style=\"vertical-align: inherit\"><span style=\"vertical-align: inherit\"><span style=\"vertical-align: inherit\"><span style=\"vertical-align: inherit\"><span style=\"vertical-align: inherit\">Massieren Sie das Gel sanft in Ihre Haut ein, um alle Unreinheiten zu l\u00f6sen.<\/span><\/span><\/span><\/span><\/span><\/span><\/span><\/li>\n<li style=\"font-weight: 400\"><b><span style=\"vertical-align: inherit\"><span style=\"vertical-align: inherit\"><span style=\"vertical-align: inherit\"><span style=\"vertical-align: inherit\"><span style=\"vertical-align: inherit\"><span style=\"vertical-align: inherit\">Absp\u00fclen: <\/span><\/span><\/span><\/span><\/span><\/span><\/b><span style=\"font-weight: 400\"><span style=\"vertical-align: inherit\"><span style=\"vertical-align: inherit\"><span style=\"vertical-align: inherit\"><span style=\"vertical-align: inherit\"><span style=\"vertical-align: inherit\"><span style=\"vertical-align: inherit\">Sp\u00fclen Sie das Gel gr\u00fcndlich mit lauwarmem Wasser ab.<\/span><\/span><\/span><\/span><\/span><\/span><\/span><\/li>\n<\/ol>\n<h3><b><span style=\"vertical-align: inherit\"><span style=\"vertical-align: inherit\"><span style=\"vertical-align: inherit\"><span style=\"vertical-align: inherit\"><span style=\"vertical-align: inherit\"><span style=\"vertical-align: inherit\">F\u00fcr wen ist das Hydra Active Gel geeignet?<\/span><\/span><\/span><\/span><\/span><\/span><\/b><\/h3>\n<p><span style=\"font-weight: 400\"><span style=\"vertical-align: inherit\"><span style=\"vertical-align: inherit\"><span style=\"vertical-align: inherit\"><span style=\"vertical-align: inherit\"><span style=\"vertical-align: inherit\"><span style=\"vertical-align: inherit\">Das Hydra Active Gel ist f\u00fcr alle Hauttypen geeignet, insbesondere f\u00fcr trockene und empfindliche Haut. Es ist die ideale Grundlage f\u00fcr Ihre t\u00e4gliche Pflegeroutine und bereitet Ihre Haut optimal auf die nachfolgende Pflege vor.<\/span><\/span><\/span><\/span><\/span><\/span><\/span><\/p>\n<h3><b><span style=\"vertical-align: inherit\"><span style=\"vertical-align: inherit\"><span style=\"vertical-align: inherit\"><span style=\"vertical-align: inherit\"><span style=\"vertical-align: inherit\"><span style=\"vertical-align: inherit\">Ventajas en un vistazo<\/span><\/span><\/span><\/span><\/span><\/span><\/b><\/h3>\n<ul>\n<li style=\"font-weight: 400\"><b><span style=\"vertical-align: inherit\"><span style=\"vertical-align: inherit\"><span style=\"vertical-align: inherit\"><span style=\"vertical-align: inherit\"><span style=\"vertical-align: inherit\"><span style=\"vertical-align: inherit\">Feuchtigkeit intensiva<\/span><\/span><\/span><\/span><\/span><\/span><\/b><\/li>\n<li style=\"font-weight: 400\"><b><span style=\"vertical-align: inherit\"><span style=\"vertical-align: inherit\"><span style=\"vertical-align: inherit\"><span style=\"vertical-align: inherit\"><span style=\"vertical-align: inherit\"><span style=\"vertical-align: inherit\">Sanfte Reinigung<\/span><\/span><\/span><\/span><\/span><\/span><\/b><\/li>\n<li style=\"font-weight: 400\"><b><span style=\"vertical-align: inherit\"><span style=\"vertical-align: inherit\"><span style=\"vertical-align: inherit\"><span style=\"vertical-align: inherit\"><span style=\"vertical-align: inherit\"><span style=\"vertical-align: inherit\">Angenehmes Hautgef\u00fchl<\/span><\/span><\/span><\/span><\/span><\/span><\/b><\/li>\n<li style=\"font-weight: 400\"><b><span style=\"vertical-align: inherit\"><span style=\"vertical-align: inherit\"><span style=\"vertical-align: inherit\"><span style=\"vertical-align: inherit\"><span style=\"vertical-align: inherit\"><span style=\"vertical-align: inherit\">Adecuado para todos los tipos de piel<\/span><\/span><\/span><\/span><\/span><\/span><\/b><\/li>\n<li style=\"font-weight: 400\"><b><span style=\"vertical-align: inherit\"><span style=\"vertical-align: inherit\"><span style=\"vertical-align: inherit\"><span style=\"vertical-align: inherit\"><span style=\"vertical-align: inherit\"><span style=\"vertical-align: inherit\">Hochwertige Inhaltsstoffe<\/span><\/span><\/span><\/span><\/span><\/span><\/b><\/li>\n<li style=\"font-weight: 400\"><b><span style=\"vertical-align: inherit\"><span style=\"vertical-align: inherit\"><span style=\"vertical-align: inherit\"><span style=\"vertical-align: inherit\"><span style=\"vertical-align: inherit\"><span style=\"vertical-align: inherit\">Hergestellt in Deutschland<\/span><\/span><\/span><\/span><\/span><\/span><\/b><\/li>\n<\/ul>\n<h3><b><span style=\"vertical-align: inherit\"><span style=\"vertical-align: inherit\"><span style=\"vertical-align: inherit\"><span style=\"vertical-align: inherit\"><span style=\"vertical-align: inherit\"><span style=\"vertical-align: inherit\">Fazit<\/span><\/span><\/span><\/span><\/span><\/span><\/b><\/h3>\n<p><span style=\"font-weight: 400\"><span style=\"vertical-align: inherit\"><span style=\"vertical-align: inherit\"><span style=\"vertical-align: inherit\"><span style=\"vertical-align: inherit\"><span style=\"vertical-align: inherit\"><span style=\"vertical-align: inherit\">Das Hydra Active Gel von Martina Otte Cosmetics\u00ae ist ein wahrer Allrounder f\u00fcr Ihre t\u00e4gliche Gesichtsreinigung. Es reinigt sanft, spendet intensive Feuchtigkeit und hinterl\u00e4sst ein zartes, gleichm\u00e4\u00dfiges Hautgef\u00fchl. \u00dcberzeugen Sie sich selbst von der Wirksamkeit dieses Produkts und g\u00f6nnen Sie Ihrer Haut eine wohltuende Pflege.<\/span><\/span><\/span><\/span><\/span><\/span><\/span><\/p>\n<p>&nbsp;<\/p>","protected":false},"featured_media":97236,"template":"","meta":{"footnotes":""},"product_brand":[],"product_cat":[821,80,384,386,820],"product_tag":[149,174,743,529,111,112,241,905,137,592,480,904,581,926,398,906,525],"class_list":{"0":"post-97169","1":"product","2":"type-product","3":"status-publish","4":"has-post-thumbnail","6":"product_cat-beauty","7":"product_cat-beauty-health-supplements","8":"product_cat-cosmetics","9":"product_cat-skin-care","10":"product_cat-wellness","11":"product_tag-anti-aging","12":"product_tag-anti-inflammatory","13":"product_tag-beauty","14":"product_tag-breathable","15":"product_tag-care","16":"product_tag-cell-renewal","17":"product_tag-cosmetics","18":"product_tag-erleben-sie-reine-haut","19":"product_tag-essentials","20":"product_tag-high-quality","21":"product_tag-new-arrivals","22":"product_tag-sag-tschuss-zu-hautunreinheiten-hydra-active-gel","23":"product_tag-stylish","24":"product_tag-um-alle-hauttypen-zu-pflegen","25":"product_tag-unique","26":"product_tag-wie-nie-zuvor-unser-hydra-active-gel-von-martina-otte-cosmetics-verwandelt-die-tagliche-gesichtsreinigung-in-ein-nahrendes-ritual-die-kombination-aus-aloe-vera","27":"product_tag-womens","28":"product_shipping_class-shipping-class-5","29":"has-subscription-plans","31":"first","32":"instock","33":"sale","34":"taxable","35":"shipping-taxable","36":"purchasable","37":"product-type-simple"},"bundled_by":[],"bundle_stock_status":"instock","bundle_stock_quantity":null,"bundle_virtual":false,"bundle_layout":"","bundle_add_to_cart_form_location":"","bundle_editable_in_cart":false,"bundle_sold_individually_context":"","bundle_item_grouping":"","bundle_min_size":"","bundle_max_size":"","bundle_price":[],"bundled_items":[],"bundle_sell_ids":[],"group_of_quantity":0,"min_quantity":0,"max_quantity":"","exclude_order_quantity_value_rules":"no","exclude_category_quantity_rules":"no","combine_variations":"no","_links":{"self":[{"href":"https:\/\/2024.shoply.com\/es\/wp-json\/wp\/v2\/product\/97169","targetHints":{"allow":["GET"]}}],"collection":[{"href":"https:\/\/2024.shoply.com\/es\/wp-json\/wp\/v2\/product"}],"about":[{"href":"https:\/\/2024.shoply.com\/es\/wp-json\/wp\/v2\/types\/product"}],"version-history":[{"count":2,"href":"https:\/\/2024.shoply.com\/es\/wp-json\/wp\/v2\/product\/97169\/revisions"}],"predecessor-version":[{"id":148159,"href":"https:\/\/2024.shoply.com\/es\/wp-json\/wp\/v2\/product\/97169\/revisions\/148159"}],"wp:featuredmedia":[{"embeddable":true,"href":"https:\/\/2024.shoply.com\/es\/wp-json\/wp\/v2\/media\/97236"}],"wp:attachment":[{"href":"https:\/\/2024.shoply.com\/es\/wp-json\/wp\/v2\/media?parent=97169"}],"wp:term":[{"taxonomy":"product_brand","embeddable":true,"href":"https:\/\/2024.shoply.com\/es\/wp-json\/wp\/v2\/product_brand?post=97169"},{"taxonomy":"product_cat","embeddable":true,"href":"https:\/\/2024.shoply.com\/es\/wp-json\/wp\/v2\/product_cat?post=97169"},{"taxonomy":"product_tag","embeddable":true,"href":"https:\/\/2024.shoply.com\/es\/wp-json\/wp\/v2\/product_tag?post=97169"}],"curies":[{"name":"wp","href":"https:\/\/api.w.org\/{rel}","templated":true}]}}