{"id":106323,"date":"2024-12-12T22:01:05","date_gmt":"2024-12-13T03:01:05","guid":{"rendered":"https:\/\/shoply.com\/?post_type=product&#038;p=106323"},"modified":"2025-02-21T01:16:22","modified_gmt":"2025-02-21T06:16:22","slug":"mayella-rose-quartz-facial-defining-roller-essence-of-rose-hydrating-serum-is-facial-therapy-to-rejuvenate-and-revitalise-your-skin","status":"publish","type":"product","link":"https:\/\/2024.shoply.com\/fr\/produit\/mayella-rose-quartz-facial-defining-roller-essence-of-rose-hydrating-serum-is-facial-therapy-to-rejuvenate-and-revitalise-your-skin\/","title":{"rendered":"Mayella Rose Quartz Facial Defining Roller &#8211; Essence of Rose Hydrating Serum is Facial Therapy to rejuvenate and revitalise your skin."},"content":{"rendered":"<h3>Helps to invigorate the lymphatic system for a healthy complexion<\/h3>\n<p>Rolling on the skin helps to flush toxins from the tissues by stimulating the lymphatic system and lymph drainage. The increased blood flow also brings fresh oxygenated blood to the tissues, facial muscles and nerves, improving the health, vitality and tone of your facial muscles. As you roll you are smoothing wrinkles and visibly exercising your face, creating more brightness, improved complexion, clarity and a healthy glow.<\/p>\n<p>The\u00a0double Rose Quartz faceted\u00a0roller head is beautifully shaped to circulate and stimulate around the forehead, cheeks, neck and d\u00e9colletage and absolutely divine along the jaw line. The facets\u00a0provide an extra level of nerve, lymph and circulation stimulation to beautifully relax mind and emotions as the rolling action tones the dermis.<\/p>\n<h2>Faceted Double Head Crystal Roller for intensified definition.<\/h2>\n<p>The\u00a0double Rose Quartz faceted\u00a0roller head is beautifully shaped to circulate and stimulate around the forehead, cheeks, neck and d\u00e9colletage and absolutely divine along the jaw line. The facets\u00a0provide an extra level of nerve, lymph and circulation stimulation to beautifully relax mind and emotions as the rolling action tones the dermis.<\/p>\n<h3>Materials:<\/h3>\n<p>100% true\u00a0Rose Quartz crystals held together with premium-grade zinc alloy and positioned on a contoured stainless steel handle. Lightweight, strong and resists corrosion.<\/p>\n<p>No dyes or fake stones or glass.<\/p>\n<p>Non-porous and will not harbour bacteria.<\/p>\n<p>Our rollers are of nature &#8211; carved with love and craftsmanship. Attention to detail means the roller will function smoothly and won\u2019t squeak or catch or break (unless dropped or used inappropriately).<\/p>\n<h3>Comment l'utiliser ?<\/h3>\n<p>Apply your favourite Mayella Olivane Repair Serum, Rose, Citrus or Spice &#8211; then begin rolling the forehead area and work your way down the face to the neck and d\u00e9colletage as you are also then further encouraging the drainage of toxins and the lymph fluids to collect at the major collection points of the lymph at the base of the neck.<\/p>\n<p>Try to keep your movements smooth, gently firm and connected to the skin as you flow around with the bone structure.<\/p>\n<p>Rolling across the face or diagonally from up to lower points and in circular or curving across the cheeks and eye \/ brow bone structure.<\/p>\n<p>If you can, always finish a movement at the outside of the face or to a downward stroke to continue supporting the drainage of toxins and the lymph fluids.<br \/>\nThe smaller roller head is ideal for around the eye and brow.<\/p>\n<p>The\u00a0double Rose Quartz faceted\u00a0roller head is beautifully shaped to circulate and stimulate around the forehead, cheeks, neck and d\u00e9colletage and absolutely divine along the jaw line. The facets\u00a0provide an extra level of nerve, lymph and circulation stimulation to beautifully relax mind and emotions as the rolling action tones the dermis.<\/p>\n<p>The base of the stainless steel is crafted to be smooth and defined for pressure point work at the end of your facial rolling experience.<\/p>\n<p><strong>Tip:<\/strong>\u00a0Wrap your roller in a <em><b>Mayella Fibre Cloth <\/b><\/em>and place it in the fridge for 20-30 mins to cool down and then give yourself a \u201ccryro\u201d facial to revitalise and invigorate tired skin. This cooling effect can also help to effectively reduce dark circles and puffy eyes. You may eventually switch to placing it in the freezer as you and your skin get comfortable with the technique.<\/p>\n<h4>This Set: Defining Facial Roller + Olivane Rose 30ml<\/h4>\n<h4 class=\"smart-tabs-navigation-li smart-tabs-navigation-accordion smart-tabs-navigation-li-active\">Skincare Ingredients<span class=\"smart-tabs-accordion-symbol smart-tabs-accordion-minus\">\u2212<\/span><\/h4>\n<div id=\"smart-tabs-content-1\" class=\"smart-tabs-content-block smart-tabs-content-block-clone\">\n<p>Nos soins sont 100% purs, sans gluten, sans cruaut\u00e9 envers les animaux, sans produits laitiers, sans huile de palme et ne contiennent jamais de produits p\u00e9trochimiques, d'alcools, de parab\u00e8nes, de nanoparticules, d'OGM, de substances de remplissage ou d'agents gonflants.<\/p>\n<h4><strong>Natural &amp; Organic Skincare ingredients: <\/strong>Mayella Olivane Repair Serum &#8211; Infusion Rose;<\/h4>\n<h6><span style=\"font-size: 1.4em\">Helps to heal the skin with every drop<\/span><\/h6>\n<p>This skin repair serum is infused with the organic essential oil of Damascus Rose, which is both healing and hydrating. It\u2019s the perfect ingredient to boost everyday skincare, to settle breakout skin conditions, and in preparation for and recovery from clinical procedures.<\/p>\n<p>Combined with indigenous botanical extract Australian Kakadu Plum, the world&#8217;s highest natural source of vitamin C, daily use of Mayella \u00ae Olivane \u2122 Repair Serum can provide a visual improvement of your skin tone and brightness while reducing fine lines.<\/p>\n<p><strong>Olivane \u2122 -<\/strong> Assists in cellular hydration, renewal, and restoration of a healthy acid mantle while delivering super antioxidants to the skin.<\/p>\n<p><strong>Camellia sinensis (Green Tea Extract)*<\/strong>\u00a0\u2013 Antioxidants, anti-inflammatory, antibacterial, stimulates blood flow, clears, decongests, energises and brightens skin appearance, repairs UV damage.<\/p>\n<p><strong>Rose Damascena (Pure Essential Oil of Damascus Rose)*<\/strong> \u2013 Properties of hydration, enhances natural hyaluronic acid levels and naturally decongesting and calming to purify and clear the skin&#8217;s tissues.<\/p>\n<p><strong>Terminalia ferdinandiana (prunier de Kakadu) -<\/strong>\u00a0La plus grande source de vitamine C au monde, nourrit et prot\u00e8ge la peau, favorise la production de collag\u00e8ne, aide \u00e0 pr\u00e9venir l'hyperpigmentation pour une peau claire et lumineuse.<\/p>\n<p>* Organic ingredients. All other ingredients are classified as wild grown and hand harvested or natural plant extracts, naturally organic minerals, vitamins or compounds.<\/p>\n<p>***<\/p>\n<h4><strong>Australian Native Plant Ingredients<\/strong><\/h4>\n<p>Pour survivre dans certains des endroits les plus rudes de la plan\u00e8te, les plantes indig\u00e8nes australiennes ont d\u00e9velopp\u00e9 au fil du temps une intelligence v\u00e9g\u00e9tale inn\u00e9e qui les conduit, en r\u00e9ponse \u00e0 leur environnement, \u00e0 stocker de fortes concentrations d'antioxydants et de vitamines. Les propri\u00e9taires traditionnels de nos terres ont reconnu la capacit\u00e9 unique des plantes \u00e0 prosp\u00e9rer et leur valeur nutritionnelle. Les peuples indig\u00e8nes australiens \u00e9taient nourris et en bonne sant\u00e9, survivant gr\u00e2ce \u00e0 leur r\u00e9gime alimentaire en tant que cueilleurs de ces plantes indig\u00e8nes. Transmises de g\u00e9n\u00e9ration en g\u00e9n\u00e9ration, les connaissances des Aborig\u00e8nes sur ces plantes ont \u00e9t\u00e9 partag\u00e9es et leurs propri\u00e9t\u00e9s sont aujourd'hui un cadeau pour notre sant\u00e9 et notre bien-\u00eatre.<em><br \/>\n<\/em><\/p>\n<p style=\"text-align: center\">***<\/p>\n<p><strong>Source et durabilit\u00e9<\/strong><\/p>\n<p><em>Mayella \u00ae Natural and Botanical Skin foods are 100% pure, clean, vegan skincare made in Australia. We source globally from the optimal geographic destinations, boutique producers and it is our privilege to work with growers of fairtrade and sustainable origins.<\/em><\/p>\n<\/div>","protected":false},"excerpt":{"rendered":"<h4>This Set: Defining Facial Roller + Olivane Rose 30ml to hydrate &amp; renew<\/h4>\n<h2>Facial Therapy with our\u00a0functionally designed Rose Quartz Crystal Roller is a most beautiful way to rejuvenate and revitalise your skin.<\/h2>\n<p>Crystal rolling is an ancient practice in the art of massage and pressure points for skin health, skin tone and vitality of the facial muscles, bone structure and nerves. Mayella Defining Facial Roller gently sculpts and defines the jawline, cheek bones, the brow and neck. Create the ultimate Skin &amp; Facial therapy &#8211; add our <strong><em>Queen of Serums<\/em><\/strong> &#8211; Mayella \u00ae Olivane \u2122 Repair Serum \u2013 Rose Infusion helps to increase hyaluronic acid levels (that we need for plump, moist skin)\u00a0while working to repair and protect healthy cells.<\/p>\n<h4><\/h4>","protected":false},"featured_media":91978,"template":"","meta":{"footnotes":""},"product_brand":[],"product_cat":[821,80,386],"product_tag":[149,174,132,743,111,112,141,139,138,427,137,798,267,187,278,592,155,163,162,430,283,271,397,603,152,293,431,626,511,790,150,394,140,542,113],"class_list":{"0":"post-106323","1":"product","2":"type-product","3":"status-publish","4":"has-post-thumbnail","6":"product_cat-beauty","7":"product_cat-beauty-health-supplements","8":"product_cat-skin-care","9":"product_tag-anti-aging","10":"product_tag-anti-inflammatory","11":"product_tag-antioxidants","12":"product_tag-beauty","13":"product_tag-care","14":"product_tag-cell-renewal","15":"product_tag-collagen","16":"product_tag-detox","17":"product_tag-detoxification","18":"product_tag-essential","19":"product_tag-essentials","20":"product_tag-ethical","21":"product_tag-gifts","22":"product_tag-gluten-free","23":"product_tag-health","24":"product_tag-high-quality","25":"product_tag-hyaluronic","26":"product_tag-immune","27":"product_tag-immunity","28":"product_tag-infused","29":"product_tag-kind","30":"product_tag-kindness","31":"product_tag-luxury","32":"product_tag-me","33":"product_tag-moisturizer","34":"product_tag-moody","35":"product_tag-oil-2","36":"product_tag-pink","37":"product_tag-relaxed","38":"product_tag-relaxing","39":"product_tag-serum","40":"product_tag-skin","41":"product_tag-skin-care","42":"product_tag-skin-friendly","43":"product_tag-vegan","44":"has-subscription-plans","46":"first","47":"instock","48":"taxable","49":"shipping-taxable","50":"purchasable","51":"product-type-simple"},"bundled_by":[],"bundle_stock_status":"instock","bundle_stock_quantity":100,"bundle_virtual":false,"bundle_layout":"","bundle_add_to_cart_form_location":"","bundle_editable_in_cart":false,"bundle_sold_individually_context":"","bundle_item_grouping":"","bundle_min_size":"","bundle_max_size":"","bundle_price":[],"bundled_items":[],"bundle_sell_ids":[],"group_of_quantity":0,"min_quantity":0,"max_quantity":"","exclude_order_quantity_value_rules":"no","exclude_category_quantity_rules":"no","combine_variations":"no","_links":{"self":[{"href":"https:\/\/2024.shoply.com\/fr\/wp-json\/wp\/v2\/product\/106323","targetHints":{"allow":["GET"]}}],"collection":[{"href":"https:\/\/2024.shoply.com\/fr\/wp-json\/wp\/v2\/product"}],"about":[{"href":"https:\/\/2024.shoply.com\/fr\/wp-json\/wp\/v2\/types\/product"}],"version-history":[{"count":2,"href":"https:\/\/2024.shoply.com\/fr\/wp-json\/wp\/v2\/product\/106323\/revisions"}],"predecessor-version":[{"id":144143,"href":"https:\/\/2024.shoply.com\/fr\/wp-json\/wp\/v2\/product\/106323\/revisions\/144143"}],"wp:featuredmedia":[{"embeddable":true,"href":"https:\/\/2024.shoply.com\/fr\/wp-json\/wp\/v2\/media\/91978"}],"wp:attachment":[{"href":"https:\/\/2024.shoply.com\/fr\/wp-json\/wp\/v2\/media?parent=106323"}],"wp:term":[{"taxonomy":"product_brand","embeddable":true,"href":"https:\/\/2024.shoply.com\/fr\/wp-json\/wp\/v2\/product_brand?post=106323"},{"taxonomy":"product_cat","embeddable":true,"href":"https:\/\/2024.shoply.com\/fr\/wp-json\/wp\/v2\/product_cat?post=106323"},{"taxonomy":"product_tag","embeddable":true,"href":"https:\/\/2024.shoply.com\/fr\/wp-json\/wp\/v2\/product_tag?post=106323"}],"curies":[{"name":"wp","href":"https:\/\/api.w.org\/{rel}","templated":true}]}}