{"id":106377,"date":"2024-12-12T23:06:12","date_gmt":"2024-12-13T04:06:12","guid":{"rendered":"https:\/\/shoply.com\/?post_type=product&#038;p=106377"},"modified":"2025-02-21T01:03:22","modified_gmt":"2025-02-21T06:03:22","slug":"mayella-wheatgrass-250-capsules-family-size-enhance-wellbeing-with-plant-based-properties-that-are-antioxidant-anti-inflammatory-support-the-immune-system-to-detoxify-and-cleanse","status":"publish","type":"product","link":"https:\/\/2024.shoply.com\/fr\/produit\/mayella-wheatgrass-250-capsules-family-size-enhance-wellbeing-with-plant-based-properties-that-are-antioxidant-anti-inflammatory-support-the-immune-system-to-detoxify-and-cleanse\/","title":{"rendered":"Mayella Wheatgrass 250 Capsules : Family size &#8211; Enhance wellbeing with plant-based properties that are antioxidant, anti-inflammatory &#038; support the immune system to detoxify and cleanse"},"content":{"rendered":"<h4><strong>Parfait pour les voyages et les d\u00e9placements<\/strong><\/h4>\n<p>Les capsules d'herbe de bl\u00e9 Mayella sont un moyen parfait de soutenir un mode de vie actif. Emportez-les en voyage, gardez-les dans le tiroir de votre bureau au travail, les 2-4 capsules sont faciles \u00e0 prendre sur le pouce pour que vous ne manquiez jamais un jour de la vie pour laquelle vous \u00eates l\u00e0 !<\/p>\n<h4>10 avantages de l'herbe de bl\u00e9 et pourquoi notre corps l'adore :<\/h4>\n<ul>\n<li>Soutien du syst\u00e8me cardiovasculaire et r\u00e9duction du cholest\u00e9rol<\/li>\n<li>Renforcer l'immunit\u00e9 de la peau<\/li>\n<li>Inhibition de la croissance bact\u00e9rienne<\/li>\n<li>Contribuer \u00e0 la sant\u00e9 m\u00e9tabolique<\/li>\n<li>Diminution de la glyc\u00e9mie<\/li>\n<li>Am\u00e9lioration de la fonction immunitaire<\/li>\n<li>Am\u00e9liorer la digestion<\/li>\n<li>Diminution de l'inflammation<\/li>\n<\/ul>\n<h4><span style=\"font-size: 1.4em\">Favoriser la r\u00e9paration et la gu\u00e9rison en cas de fatigue et de maladie<\/span><\/h4>\n<p>L'herbe de bl\u00e9 pure et biologique peut contribuer \u00e0 renforcer le syst\u00e8me immunitaire - le m\u00e9canisme de d\u00e9fense naturel de l'organisme. L'incroyable profil nutritionnel de l'herbe de bl\u00e9 favorise la croissance cellulaire, ce qui peut am\u00e9liorer la capacit\u00e9 de gu\u00e9rison de l'organisme. Il n'y a rien de mieux que des cellules saines, \u00e0 l'int\u00e9rieur comme \u00e0 l'ext\u00e9rieur.<\/p>\n<p>L'herbe de bl\u00e9 contient 17 formes d'acides amin\u00e9s, dont huit des neuf acides amin\u00e9s essentiels, et notamment l'arginine, l'acide glutamique, l'alanine, la s\u00e9rine, l'acide aspartique, le tryptophane, la m\u00e9thionine, la lysine et la cystine. Les acides amin\u00e9s sont les mol\u00e9cules qui se combinent pour former les prot\u00e9ines - les \u00e9l\u00e9ments constitutifs de la vie - et sont pr\u00e9sents dans chaque cellule, tissu et organe du corps, y compris les muscles, la peau, les cheveux, les os et le sang. Les prot\u00e9ines sont essentielles \u00e0 la structure, au fonctionnement et \u00e0 la r\u00e9gulation de l'organisme.<\/p>\n<h4><strong>Soutenir le m\u00e9tabolisme<\/strong><\/h4>\n<p>Lorsque nous manquons d'acides amin\u00e9s, ce qui peut se produire pour une multitude de raisons, g\u00e9n\u00e9ralement li\u00e9es \u00e0 une alimentation d\u00e9s\u00e9quilibr\u00e9e, nous sommes fatigu\u00e9s, nous pouvons souffrir de pertes de m\u00e9moire, nous dormons trop, nous perdons du tonus et de la masse musculaire, nous avons envie d'aliments malsains pour trouver le petit quelque chose qui nous manque et nous nous remettons lentement d'une maladie, ou nous sommes tout simplement fatigu\u00e9s.<\/p>\n<div class=\"vM0jzc\">L'herbe de bl\u00e9, qui contient des prot\u00e9ines biodisponibles, des fibres et des antioxydants, peut contribuer \u00e0 soutenir votre m\u00e9tabolisme et votre sant\u00e9 intestinale.<\/div>\n<div><\/div>\n<div>\n<div id=\"attachment_92855\" style=\"width: 310px\" class=\"wp-caption aligncenter\"><img fetchpriority=\"high\" decoding=\"async\" aria-describedby=\"caption-attachment-92855\" class=\"size-medium wp-image-92855\" src=\"https:\/\/shoply.com\/wp-content\/uploads\/2024\/11\/Mayella-Wheatgrass-Caps-postcard-2-300x300.webp\" alt=\"Mayella wheatgrass capsules container lies on its side with the green capsules spilling out across the table in front of a pink plate with two pieces of toast on it. One piece has avocado and one piece has peanut butter and banana sliced on top.\" width=\"300\" height=\"300\" srcset=\"https:\/\/2024.shoply.com\/wp-content\/uploads\/2024\/11\/Mayella-Wheatgrass-Caps-postcard-2-300x300.webp 300w, https:\/\/2024.shoply.com\/wp-content\/uploads\/2024\/11\/Mayella-Wheatgrass-Caps-postcard-2-800x800.webp 800w, https:\/\/2024.shoply.com\/wp-content\/uploads\/2024\/11\/Mayella-Wheatgrass-Caps-postcard-2-150x150.webp 150w, https:\/\/2024.shoply.com\/wp-content\/uploads\/2024\/11\/Mayella-Wheatgrass-Caps-postcard-2-768x768.webp 768w, https:\/\/2024.shoply.com\/wp-content\/uploads\/2024\/11\/Mayella-Wheatgrass-Caps-postcard-2-1536x1536.webp 1536w, https:\/\/2024.shoply.com\/wp-content\/uploads\/2024\/11\/Mayella-Wheatgrass-Caps-postcard-2-scaled.webp 1920w, https:\/\/2024.shoply.com\/wp-content\/uploads\/2024\/11\/Mayella-Wheatgrass-Caps-postcard-2-12x12.webp 12w, https:\/\/2024.shoply.com\/wp-content\/uploads\/2024\/11\/Mayella-Wheatgrass-Caps-postcard-2-430x430.webp 430w, https:\/\/2024.shoply.com\/wp-content\/uploads\/2024\/11\/Mayella-Wheatgrass-Caps-postcard-2-700x700.webp 700w, https:\/\/2024.shoply.com\/wp-content\/uploads\/2024\/11\/Mayella-Wheatgrass-Caps-postcard-2-50x50.webp 50w\" sizes=\"(max-width: 300px) 100vw, 300px\" \/><p id=\"caption-attachment-92855\" class=\"wp-caption-text\">Des micronutriments quotidiens essentiels pour une vie saine et heureuse !<\/p><\/div>\n<\/div>\n<div><\/div>\n<div>\n<div class=\"WaaZC\">\n<div class=\"RJPOee EIJn2\">\n<div class=\"rPeykc uP58nb MNX06c\"><span role=\"heading\">L'herbe de bl\u00e9 peut contribuer \u00e0 la sant\u00e9 m\u00e9tabolique de plusieurs fa\u00e7ons, notamment r<\/span>eguler le taux de sucre dans le sang. L'herbe de bl\u00e9 contient des compos\u00e9s bioactifs tels que des flavono\u00efdes, des compos\u00e9s ph\u00e9noliques, des alcalo\u00efdes, des tanins et des saponines qui peuvent contribuer \u00e0 r\u00e9duire le taux de sucre dans le sang. Ces compos\u00e9s agissent de la m\u00eame mani\u00e8re que l'insuline pour am\u00e9liorer la sensibilit\u00e9 \u00e0 l'insuline et stimuler la production d'insuline.<\/div>\n<\/div>\n<\/div>\n<\/div>\n<div><\/div>\n<div>\n<h4 class=\"Gur8Ad\"><strong>R\u00e9duction du cholest\u00e9rol<\/strong><\/h4>\n<div class=\"vM0jzc\">L'herbe de bl\u00e9 contient des arabinoxylanes, qui sont un type de polysaccharide et forment une fibre pr\u00e9biotique contribuant \u00e0 r\u00e9duire le taux de cholest\u00e9rol \u00e0 lipoprot\u00e9ines de basse densit\u00e9. Les arabinoxylanes inhibent l'absorption du cholest\u00e9rol dans l'intestin et augmentent l'\u00e9limination des acides biliaires.<\/div>\n<\/div>\n<h4><\/h4>\n<h4><span style=\"font-size: 1.4em\">Soutien digestif et nettoyage naturel de l'organisme<\/span><\/h4>\n<p>En tant qu'anti-inflammatoire naturel puissant, l'agropyre peut aider \u00e0 calmer le tractus gastro-intestinal. Sa teneur \u00e9lev\u00e9e en chlorophylle favorise le nettoyage naturel du syst\u00e8me lymphatique et agit comme un d\u00e9odorant naturel, en aidant \u00e0 \u00e9liminer les odeurs corporelles. L'inflammation est consid\u00e9r\u00e9e comme une cause sous-jacente de nombreux d\u00e9s\u00e9quilibres dans le syst\u00e8me conduisant \u00e0 une mauvaise sant\u00e9.<\/p>\n<p>L'herbe de bl\u00e9 favorise la production d'anticorps, stimule la croissance et la r\u00e9paration des tissus, favorise la production d'\u00e9nergie, aide le corps \u00e0 se d\u00e9sintoxiquer et \u00e0 se nettoyer.<\/p>\n<p>L'herbe de bl\u00e9, entre autres propri\u00e9t\u00e9s, contient \u00e9galement de l'acide mug\u00e9nique, une propri\u00e9t\u00e9 qui aide \u00e0 ch\u00e9later ou \u00e0 d\u00e9composer les m\u00e9taux lourds, les aidant ainsi \u00e0 les \u00e9vacuer de notre syst\u00e8me. Il aide notre corps \u00e0 se d\u00e9sintoxiquer et \u00e0 se nettoyer au niveau cellulaire dans tous nos tissus et organes.<\/p>\n<p>L'herbe de bl\u00e9 biologique contient plus de 90 min\u00e9raux essentiels \u00e0 la vie. Ces oligo-\u00e9l\u00e9ments puissants aident le corps \u00e0 r\u00e9sister aux maladies en augmentant la production d'anticorps et en renfor\u00e7ant la capacit\u00e9 du corps \u00e0 lutter contre la croissance anormale des cellules. Les min\u00e9raux sont des ingr\u00e9dients essentiels des hormones, des enzymes, des vitamines et sont n\u00e9cessaires \u00e0 l'activit\u00e9 musculaire et nerveuse, \u00e0 la formation d'os et de dents sains. Les min\u00e9raux apportent \u00e9galement un soutien structurel et fonctionnel \u00e0 l'organisme, contribuent \u00e0 la contraction des muscles et facilitent le transfert des nutriments entre les cellules.<\/p>\n<p><strong><em>Les min\u00e9raux jouent un r\u00f4le important dans le maintien d'un m\u00e9tabolisme sain, sont des catalyseurs et jouent un r\u00f4le cl\u00e9 dans l'activation des enzymes.<\/em><\/strong><\/p>\n<p>Un catalyseur acc\u00e9l\u00e8re une r\u00e9action chimique en r\u00e9duisant la quantit\u00e9 d'\u00e9nergie n\u00e9cessaire \u00e0 son d\u00e9clenchement. Dans l'organisme, de nombreuses prot\u00e9ines appel\u00e9es enzymes agissent comme des catalyseurs, r\u00e9alisant des r\u00e9actions biochimiques essentielles. Par exemple, les enzymes cr\u00e9ent des signaux qui font bouger les membres et aident \u00e0 dig\u00e9rer les aliments.<\/p>\n<p>Il n'y a rien dans le corps dans lequel les min\u00e9raux ne sont pas impliqu\u00e9s, d'o\u00f9 l'importance de veiller \u00e0 ce que votre r\u00e9gime alimentaire quotidien puisse vous soutenir !<\/p>\n<p>Les sols appauvris en min\u00e9raux et les aliments transform\u00e9s - souvent surcharg\u00e9s de sodium, de conservateurs et de sucres - peuvent nuire \u00e0 la r\u00e9alisation de cet objectif. C'est pourquoi la suppl\u00e9mentation avec une source de qualit\u00e9 de min\u00e9raux biodisponibles est essentielle pour une vie de qualit\u00e9 !<\/p>\n<h3><strong>Avantages :<\/strong><\/h3>\n<ul>\n<li><strong>Soutien \u00e0 la d\u00e9sintoxication et au nettoyage<br \/>\n<\/strong>L'herbe de bl\u00e9 peut aider \u00e0 maintenir le syst\u00e8me immunitaire tout en fournissant des micronutriments essentiels au m\u00e9tabolisme des acides gras, aidant ainsi le corps humain \u00e0 se d\u00e9sintoxiquer et \u00e0 se nettoyer.<\/li>\n<li><strong>Les jeunes pousses (sans gluten) sont cueillies \u00e0 leur apog\u00e9e.<br \/>\n<\/strong>Les jeunes pousses vertes d'agropyre sont r\u00e9colt\u00e9es \u00e0 leur pic nutritionnel, avant qu'elles n'aient eu l'occasion de m\u00fbrir en grains de bl\u00e9 et avant que le gluten ne se soit form\u00e9.<\/li>\n<li><strong>Contribue \u00e0 la formation de cellules sanguines saines<br \/>\n<\/strong>L'herbe de bl\u00e9 contribue \u00e0 la d\u00e9sintoxication et \u00e0 l'oxyg\u00e9nation du sang, en produisant des cellules sanguines saines et vitales et en aidant l'organisme \u00e0 transporter et \u00e0 stocker l'oxyg\u00e8ne dans le sang et les muscles pour produire de l'\u00e9nergie. Souvent appel\u00e9e <em>\"Sang vert<\/em> L'agropyre a une structure similaire \u00e0 celle de l'h\u00e9moglobine, avec du magn\u00e9sium au lieu du fer dans sa structure mol\u00e9culaire. L'h\u00e9moglobine est une prot\u00e9ine qui transporte l'oxyg\u00e8ne dans le corps.<\/li>\n<li><strong>Multivitamine naturelle \u00e0 base de plantes et stimulateur d'immunit\u00e9<br \/>\n<\/strong>L'herbe de bl\u00e9 est fortement recommand\u00e9e comme multivitamine alimentaire et pour la sant\u00e9 g\u00e9n\u00e9rale des femmes, des hommes, des adolescents et des enfants. Convient \u00e0 toute la famille.<\/li>\n<li><strong>Prendre soin de sa peau - <\/strong>L'herbe de bl\u00e9 contient des vitamines A, C et E qui contribuent \u00e0 la sant\u00e9 de la peau. Elle favorise la production de collag\u00e8ne et r\u00e9duit les rides.<\/li>\n<li><strong>Antioxydants et enzymes<\/strong> qui ont des propri\u00e9t\u00e9s antioxydantes qui peuvent aider \u00e0 inhiber et \u00e0 pr\u00e9venir les dommages oxydatifs de l'ADN.<\/li>\n<li><strong>Le bien-\u00eatre au quotidien -<\/strong> Contenant un certain nombre de vitamines, de min\u00e9raux, d'acides amin\u00e9s et d'enzymes vitales, la recherche soutient le r\u00f4le important que l'herbe de bl\u00e9 peut jouer dans le bien-\u00eatre quotidien.\n<div><\/div>\n<\/li>\n<\/ul>\n<h4><strong>Herbe de bl\u00e9 : La multivitamine naturelle pour le bien-\u00eatre<\/strong><\/h4>\n<p>L'agropyre est un puissant super-aliment contenant une vari\u00e9t\u00e9 de nutriments qui favorisent la sant\u00e9 et la vitalit\u00e9 g\u00e9n\u00e9rales. Connue pour ses propri\u00e9t\u00e9s antioxydantes, l'herbe de bl\u00e9 aide \u00e0 combattre le stress oxydatif et favorise la sant\u00e9 cellulaire. Elle est riche en phytonutriments, en acides amin\u00e9s essentiels et en une large gamme de min\u00e9raux, ce qui en fait la multivitamine naturelle quotidienne id\u00e9ale. Les 150 g\u00e9lules offrent un approvisionnement d'un mois, vous aidant ainsi \u00e0 maintenir un bien-\u00eatre constant.<\/p>\n<h4><strong>Les principaux avantages de l'herbe de bl\u00e9<\/strong><\/h4>\n<ol>\n<li><strong>Riche source de min\u00e9raux<\/strong>\n<ul>\n<li>Les min\u00e9raux contenus dans l'agropyre offrent un soutien structurel et fonctionnel \u00e0 l'organisme. Ils contribuent \u00e0 la contraction musculaire, facilitent le transport des nutriments entre les cellules et r\u00e9gulent les processus biochimiques essentiels.<\/li>\n<\/ul>\n<\/li>\n<li><strong>Activation enzymatique et catalyse<\/strong>\n<ul>\n<li>L'herbe de bl\u00e9 contient des composants qui favorisent les enzymes, qui agissent comme des catalyseurs dans l'organisme. Ces enzymes jouent un r\u00f4le essentiel dans l'acc\u00e9l\u00e9ration des r\u00e9actions chimiques qui r\u00e9gissent les processus vitaux tels que la digestion, le mouvement et la production d'\u00e9nergie.<\/li>\n<\/ul>\n<\/li>\n<li><strong>Favorise l'\u00e9quilibre du pH<\/strong>\n<ul>\n<li>Les min\u00e9raux contenus dans l'herbe de bl\u00e9 contribuent \u00e0 maintenir l'\u00e9quilibre acido-basique de l'organisme. Cette r\u00e9gulation garantit des niveaux de pH \u00e9quilibr\u00e9s dans le sang et les autres fluides corporels, ce qui est crucial pour la sant\u00e9 globale.<\/li>\n<\/ul>\n<\/li>\n<li><strong>Cofacteurs pour les processus vitaux<\/strong>\n<ul>\n<li>Les min\u00e9raux et les nutriments contenus dans l'agropyre servent de cofacteurs dans la production d'enzymes, de vitamines, d'hormones et de pigments respiratoires. Ces \u00e9l\u00e9ments sont essentiels \u00e0 la fonction m\u00e9tabolique, \u00e0 la r\u00e9gulation hormonale et au transport de l'oxyg\u00e8ne dans l'organisme.<\/li>\n<\/ul>\n<\/li>\n<li><strong>Propri\u00e9t\u00e9s antioxydantes et d\u00e9toxifiantes<\/strong>\n<ul>\n<li>L'herbe de bl\u00e9 regorge d'antioxydants qui neutralisent les radicaux libres nocifs, prot\u00e9geant ainsi les cellules des dommages. Elle contribue \u00e9galement \u00e0 la d\u00e9sintoxication de l'organisme en favorisant l'\u00e9limination des toxines.<\/li>\n<\/ul>\n<\/li>\n<li><strong>Une solution de bien-\u00eatre pratique<\/strong>\n<ul>\n<li>Sous forme de g\u00e9lules, l'herbe de bl\u00e9 est un moyen simple d'incorporer un super-aliment riche en nutriments dans votre routine quotidienne, en soutenant les niveaux d'\u00e9nergie, l'immunit\u00e9 et le bien-\u00eatre g\u00e9n\u00e9ral.<\/li>\n<\/ul>\n<\/li>\n<\/ol>\n<p>En ajoutant l'herbe de bl\u00e9 \u00e0 votre r\u00e9gime quotidien, vous offrez \u00e0 votre corps un m\u00e9lange complet de nutriments essentiels qui favorisent une sant\u00e9 et un bien-\u00eatre optimaux de l'int\u00e9rieur.<\/p>\n<h4 class=\"smart-tabs-navigation-li smart-tabs-navigation-accordion smart-tabs-navigation-li-active\">Ingr\u00e9dients<\/h4>\n<p>Nos m\u00e9langes nutritionnels biologiques sont propres, v\u00e9g\u00e9taliens, sans gluten, sans produits laitiers, sans caf\u00e9ine, sans huile de palme et ne contiennent jamais d'agents de remplissage, de sucres ou d'agents de charge. Nous n'utilisons aucun ar\u00f4me ni additif pour rehausser le go\u00fbt de nos m\u00e9langes d'aliments complets - ils ont un go\u00fbt rafra\u00eechissant, \u00e9tonnant et d\u00e9licieux, naturellement !<\/p>\n<h4><strong>Les ingr\u00e9dients biologiques des g\u00e9lules Mayella...<\/strong><strong>100% herbe de bl\u00e9 australienne pure et biologique<\/strong><\/h4>\n<p class=\"smart-tabs-navigation-li smart-tabs-navigation-accordion smart-tabs-navigation-li-active\">Comment l'utiliser ? Prendre 2 \u00e0 4 g\u00e9lules pour le bien-\u00eatre g\u00e9n\u00e9ral ou 4 \u00e0 6 g\u00e9lules si l'on souhaite soutenir un parcours de sant\u00e9 ou un r\u00e9tablissement, de Mayella \u00ae Australian Wheatgrass comme source nutritionnelle quotidienne avec un grand verre d'eau filtr\u00e9e, d'eau de coco ou de votre jus de fruit ou de l\u00e9gume favori.<\/p>\n<div id=\"smart-tabs-content-2\" class=\"smart-tabs-content-block smart-tabs-content-block-clone\">\n<p>A prendre le matin ou l'apr\u00e8s-midi, avec ou sans nourriture.<\/p>\n<p>Pour certaines personnes souffrant de troubles tels que l'acidit\u00e9 ou l'inflammation des articulations, l'herbe de bl\u00e9 peut \u00eatre votre nouveau meilleur ami.<\/p>\n<\/div>\n<p style=\"text-align: center\">***<\/p>\n<h4><strong>Source et durabilit\u00e9<\/strong><\/h4>\n<p><em>L'herbe de bl\u00e9 Mayella est un superaliment v\u00e9g\u00e9talien 100% pur et propre, cultiv\u00e9 dans un environnement propre, vert et non pollu\u00e9 et dans des conditions irr\u00e9prochables. Les pratiques agricoles biologiques et \u00e9thiques garantissent une vitalit\u00e9 et une teneur en nutriments maximales au moment de la r\u00e9colte.<\/em><\/p>\n<p><em>Les g\u00e9lules d'herbe de bl\u00e9 Mayella sont \u00e9galement certifi\u00e9es sans huile de palme par Orangutan Alliance.<\/em><\/p>\n<h4 class=\"smart-tabs-content-block smart-tabs-content-block-clone\">Critiques :<\/h4>\n<div class=\"jdgm-rev__header\">\n<p><em><strong><span class=\"jdgm-rev__author-wrapper\"><span class=\"jdgm-rev__author\">Janice Dragani<\/span><\/span><\/strong><\/em><\/p>\n<\/div>\n<div class=\"jdgm-rev__content\">\n<p class=\"jdgm-rev__custom-form\"><em><strong>Tr\u00e8s b\u00e9n\u00e9fique<\/strong><\/em><\/p>\n<div class=\"jdgm-rev__body\">\n<p>Mon cholest\u00e9rol a consid\u00e9rablement diminu\u00e9 depuis que j'ai commenc\u00e9 \u00e0 prendre des capsules d'herbe de bl\u00e9.<br \/>\nJe n'ai rien pris d'autre !<br \/>\nJ'adore cette prestation !<\/p>\n<\/div>\n<\/div>\n<p><b class=\"jdgm-rev__title\">Les capsules d'herbe de bl\u00e9 sont extraordinaires !!!<\/b><\/p>\n<div class=\"jdgm-rev__body\">\n<p>J'en prends 3 le matin et 3 le soir.<br \/>\nDes r\u00e9sultats fantastiques car l'inflammation a disparu de mon corps et de mes articulations.<br \/>\nMes pieds se sont \u00e9galement beaucoup am\u00e9lior\u00e9s depuis que je prends de l'herbe de bl\u00e9 !<br \/>\nPresque tous les sympt\u00f4mes des pieds ont disparu !<br \/>\nOh &amp; l'estomac s'est aussi bien install\u00e9 !<br \/>\nMerveilleux r\u00e9sultats, sensation vraiment excellente.<br \/>\nJ'adore l'herbe de bl\u00e9<br \/>\nIl fonctionne \u00e0 merveille<br \/>\nEn guise de remerciement, Jan<\/p>\n<\/div>\n<p><b class=\"jdgm-rev__title\">Ils fonctionnent \u00e0 merveille !<\/b><\/p>\n<div class=\"jdgm-rev__body\">\n<p>Je me suis bien d\u00e9brouill\u00e9e avec les capsules d'herbe de bl\u00e9 ! Bravo ! Elles fonctionnent \u00e0 merveille et me conviennent parfaitement. Elles ont \u00e9limin\u00e9 l'inflammation de mes articulations.<br \/>\nJ'en prends 3 le matin. Ils m'ont donn\u00e9 des coups les deux premiers jours, mais je me d\u00e9place maintenant mieux et je me sens bien gr\u00e2ce \u00e0 eux. Merci beaucoup, je continuerai \u00e0 les prendre apr\u00e8s cette bouteille. T. Qld.<\/p>\n<\/div>\n<p>&nbsp;<\/p>\n<p>&nbsp;<\/p>\n<p><b>Ces d\u00e9clarations n'ont pas \u00e9t\u00e9 \u00e9valu\u00e9es par la Food and Drug Administration. Ces produits ne sont pas destin\u00e9s \u00e0 diagnostiquer, traiter, gu\u00e9rir ou pr\u00e9venir une quelconque maladie.<\/b><\/p>\n<p>&nbsp;<\/p>","protected":false},"excerpt":{"rendered":"<h4>Mayella Organic Wheatgrass 250 Capsules : Prenez soin de votre famille et emmenez-la avec vous o\u00f9 que vous alliez - <span style=\"font-weight: 400\">vitalit\u00e9 | soutien digestif | d\u00e9tox | multivitamine<\/span><\/h4>\n<p>Convenant \u00e0 toute la famille, le format de 250 g\u00e9lules est la multivitamine parfaite \u00e0 avoir dans sa cuisine, pr\u00eate \u00e0 l'emploi. Multivitamine naturelle \u00e0 base de plantes et stimulateur d'immunit\u00e9, l'incroyable profil nutritionnel de l'herbe de bl\u00e9 favorise la croissance cellulaire, ce qui peut am\u00e9liorer la capacit\u00e9 de gu\u00e9rison de l'organisme. Il n'y a rien de mieux que des cellules saines, tant \u00e0 l'int\u00e9rieur qu'\u00e0 l'ext\u00e9rieur. L'herbe de bl\u00e9 est fortement recommand\u00e9e comme multivitamine alimentaire et pour la sant\u00e9 g\u00e9n\u00e9rale des femmes, des hommes, des adolescents et des enfants.<\/p>","protected":false},"featured_media":92854,"template":"","meta":{"footnotes":""},"product_brand":[],"product_cat":[821,80,382,386],"product_tag":[149,174,132,743,109,112,175,240,176,151,133,427,137,652,497,653,741,187,292,278,592,163,162,146,167,117,185,114,164,184,135,394,542,115,744,343,113,166],"class_list":{"0":"post-106377","1":"product","2":"type-product","3":"status-publish","4":"has-post-thumbnail","6":"product_cat-beauty","7":"product_cat-beauty-health-supplements","8":"product_cat-health","9":"product_cat-skin-care","10":"product_tag-anti-aging","11":"product_tag-anti-inflammatory","12":"product_tag-antioxidants","13":"product_tag-beauty","14":"product_tag-body","15":"product_tag-cell-renewal","16":"product_tag-cognition","17":"product_tag-core-nutrition","18":"product_tag-digestive","19":"product_tag-energy","20":"product_tag-enzymes","21":"product_tag-essential","22":"product_tag-essentials","23":"product_tag-exercise-2","24":"product_tag-fit","25":"product_tag-fitness-2","26":"product_tag-food","27":"product_tag-gluten-free","28":"product_tag-green","29":"product_tag-health","30":"product_tag-high-quality","31":"product_tag-immune","32":"product_tag-immunity","33":"product_tag-keto","34":"product_tag-l-arginine","35":"product_tag-nutrition","36":"product_tag-organic","37":"product_tag-protein","38":"product_tag-quercetin","39":"product_tag-raw-food","40":"product_tag-recovery","41":"product_tag-skin","42":"product_tag-skin-friendly","43":"product_tag-supplement","44":"product_tag-supplements","45":"product_tag-tired","46":"product_tag-vegan","47":"product_tag-zinc","48":"has-subscription-plans","50":"first","51":"instock","52":"taxable","53":"shipping-taxable","54":"purchasable","55":"product-type-simple"},"bundled_by":[],"bundle_stock_status":"instock","bundle_stock_quantity":298,"bundle_virtual":false,"bundle_layout":"","bundle_add_to_cart_form_location":"","bundle_editable_in_cart":false,"bundle_sold_individually_context":"","bundle_item_grouping":"","bundle_min_size":"","bundle_max_size":"","bundle_price":[],"bundled_items":[],"bundle_sell_ids":[],"group_of_quantity":0,"min_quantity":0,"max_quantity":"","exclude_order_quantity_value_rules":"no","exclude_category_quantity_rules":"no","combine_variations":"no","_links":{"self":[{"href":"https:\/\/2024.shoply.com\/fr\/wp-json\/wp\/v2\/product\/106377","targetHints":{"allow":["GET"]}}],"collection":[{"href":"https:\/\/2024.shoply.com\/fr\/wp-json\/wp\/v2\/product"}],"about":[{"href":"https:\/\/2024.shoply.com\/fr\/wp-json\/wp\/v2\/types\/product"}],"version-history":[{"count":3,"href":"https:\/\/2024.shoply.com\/fr\/wp-json\/wp\/v2\/product\/106377\/revisions"}],"predecessor-version":[{"id":144139,"href":"https:\/\/2024.shoply.com\/fr\/wp-json\/wp\/v2\/product\/106377\/revisions\/144139"}],"wp:featuredmedia":[{"embeddable":true,"href":"https:\/\/2024.shoply.com\/fr\/wp-json\/wp\/v2\/media\/92854"}],"wp:attachment":[{"href":"https:\/\/2024.shoply.com\/fr\/wp-json\/wp\/v2\/media?parent=106377"}],"wp:term":[{"taxonomy":"product_brand","embeddable":true,"href":"https:\/\/2024.shoply.com\/fr\/wp-json\/wp\/v2\/product_brand?post=106377"},{"taxonomy":"product_cat","embeddable":true,"href":"https:\/\/2024.shoply.com\/fr\/wp-json\/wp\/v2\/product_cat?post=106377"},{"taxonomy":"product_tag","embeddable":true,"href":"https:\/\/2024.shoply.com\/fr\/wp-json\/wp\/v2\/product_tag?post=106377"}],"curies":[{"name":"wp","href":"https:\/\/api.w.org\/{rel}","templated":true}]}}