{"id":139828,"date":"2025-02-09T18:44:51","date_gmt":"2025-02-09T23:44:51","guid":{"rendered":"https:\/\/shoply.com\/?post_type=product&#038;p=139828"},"modified":"2025-02-13T14:28:03","modified_gmt":"2025-02-13T19:28:03","slug":"st-patricks-day-w-rainbow-pot-of-gold-youth-and-adult-sweatshirt-listing","status":"publish","type":"product","link":"https:\/\/2024.shoply.com\/fr\/produit\/st-patricks-day-w-rainbow-pot-of-gold-youth-and-adult-sweatshirt-listing\/","title":{"rendered":"\"St Patrick's Day w\/Rainbow, Pot of Gold\" Listing Sweatshirt jeune et adulte"},"content":{"rendered":"<p>C\u00e9l\u00e9brez la Saint-Patrick avec style gr\u00e2ce \u00e0 ce sweat-shirt festif ! Dot\u00e9 d'un arc-en-ciel vibrant, de pi\u00e8ces d'or et de tr\u00e8fles, ce sweat-shirt est parfait pour les hommes comme pour les femmes. Les graphismes joyeux \u00e9gaient n'importe quelle tenue de f\u00eate et en font un cadeau id\u00e9al pour la famille et les amis. Affichez votre esprit irlandais avec ce sweat-shirt unisexe \u00e0 motifs de la Saint-Patrick !<\/p>","protected":false},"excerpt":{"rendered":"<div style=\"width: 1080px;\" class=\"wp-video\"><!--[if lt IE 9]><script>document.createElement('video');<\/script><![endif]--><br \/>\n<video class=\"wp-video-shortcode\" id=\"video-139828-1\" width=\"1080\" height=\"1920\" preload=\"metadata\" controls=\"controls\"><source type=\"video\/mp4\" src=\"https:\/\/shoply.com\/wp-content\/uploads\/2025\/02\/Rainbow-Pot-of-Gold-gildan-sweatshirt-video-of-a-happy-girl-with-a-camera-in-a-camping-setting-8318v.mp4?_=1\" \/><a href=\"https:\/\/shoply.com\/wp-content\/uploads\/2025\/02\/Rainbow-Pot-of-Gold-gildan-sweatshirt-video-of-a-happy-girl-with-a-camera-in-a-camping-setting-8318v.mp4\">https:\/\/shoply.com\/wp-content\/uploads\/2025\/02\/Rainbow-Pot-of-Gold-gildan-sweatshirt-video-of-a-happy-girl-with-a-camera-in-a-camping-setting-8318v.mp4<\/a><\/video><\/div>\n<p>Sweatshirt St Patrick's Day Rainbow Gold Coins Shamrock Design Men's Women's Unisex Holiday Graphic Gift<\/p>","protected":false},"featured_media":140633,"template":"","meta":{"footnotes":""},"product_brand":[],"product_cat":[255,250,103],"product_tag":[263,256,120,373,374,305,285,259],"class_list":{"0":"post-139828","1":"product","2":"type-product","3":"status-publish","4":"has-post-thumbnail","6":"product_cat-apparel","7":"product_cat-apparel-accessories","8":"product_cat-clothing-and-accessories","9":"product_tag-apparel","10":"product_tag-casual","11":"product_tag-clothing","12":"product_tag-coffee","13":"product_tag-crewneck-2","14":"product_tag-graphic","15":"product_tag-hoodies","16":"product_tag-shirts","17":"product_shipping_class-shipping-class-1","19":"first","20":"instock","21":"taxable","22":"shipping-taxable","23":"purchasable","24":"product-type-variable"},"bundled_by":[],"bundle_stock_status":"instock","bundle_stock_quantity":null,"bundle_virtual":false,"bundle_layout":"","bundle_add_to_cart_form_location":"","bundle_editable_in_cart":false,"bundle_sold_individually_context":"","bundle_item_grouping":"","bundle_min_size":"","bundle_max_size":"","bundle_price":[],"bundled_items":[],"bundle_sell_ids":[],"group_of_quantity":0,"min_quantity":0,"max_quantity":"","exclude_order_quantity_value_rules":"no","exclude_category_quantity_rules":"no","combine_variations":"no","_links":{"self":[{"href":"https:\/\/2024.shoply.com\/fr\/wp-json\/wp\/v2\/product\/139828","targetHints":{"allow":["GET"]}}],"collection":[{"href":"https:\/\/2024.shoply.com\/fr\/wp-json\/wp\/v2\/product"}],"about":[{"href":"https:\/\/2024.shoply.com\/fr\/wp-json\/wp\/v2\/types\/product"}],"version-history":[{"count":6,"href":"https:\/\/2024.shoply.com\/fr\/wp-json\/wp\/v2\/product\/139828\/revisions"}],"predecessor-version":[{"id":140636,"href":"https:\/\/2024.shoply.com\/fr\/wp-json\/wp\/v2\/product\/139828\/revisions\/140636"}],"wp:featuredmedia":[{"embeddable":true,"href":"https:\/\/2024.shoply.com\/fr\/wp-json\/wp\/v2\/media\/140633"}],"wp:attachment":[{"href":"https:\/\/2024.shoply.com\/fr\/wp-json\/wp\/v2\/media?parent=139828"}],"wp:term":[{"taxonomy":"product_brand","embeddable":true,"href":"https:\/\/2024.shoply.com\/fr\/wp-json\/wp\/v2\/product_brand?post=139828"},{"taxonomy":"product_cat","embeddable":true,"href":"https:\/\/2024.shoply.com\/fr\/wp-json\/wp\/v2\/product_cat?post=139828"},{"taxonomy":"product_tag","embeddable":true,"href":"https:\/\/2024.shoply.com\/fr\/wp-json\/wp\/v2\/product_tag?post=139828"}],"curies":[{"name":"wp","href":"https:\/\/api.w.org\/{rel}","templated":true}]}}