{"id":141165,"date":"2025-02-12T20:09:10","date_gmt":"2025-02-13T01:09:10","guid":{"rendered":"https:\/\/shoply.com\/product\/pineapple-paradiso-glow-mask\/"},"modified":"2025-03-03T13:09:31","modified_gmt":"2025-03-03T18:09:31","slug":"pineapple-paradiso-glow-mask","status":"publish","type":"product","link":"https:\/\/2024.shoply.com\/fr\/produit\/pineapple-paradiso-glow-mask\/","title":{"rendered":"Masque lumineux Pineapple Paradiso"},"content":{"rendered":"<div>Le masque lumineux Pineapple Paradiso est l'un des favoris des clients depuis 2019.<\/div>\n<div>\n<div>Obtenez une peau \u00e9clatante et radieuse. Exfolie en douceur, r\u00e9duit le s\u00e9bum, combat l'acn\u00e9 et hydrate votre peau. Senteur de vacances tropicales dans un pot.<\/div>\n<div><\/div>\n<\/div>\n<div><strong>Ingr\u00e9dients cl\u00e9s :<\/strong><\/div>\n<div><\/div>\n<p><strong style=\"font-size: 0.875rem\">Enzymes d'ananas et de papaye v\u00e9ritables <\/strong><span style=\"font-size: 0.875rem\"><span style=\"font-size: 0.875rem\">pour exfolier la peau en douceur et lui donner de l'\u00e9clat<\/span><\/span><\/p>\n<p><strong style=\"font-size: 0.875rem\">Jus d'aloe vera <\/strong><span style=\"font-size: 0.875rem\">pour hydrater la peau<\/span><\/p>\n<p><strong style=\"font-size: 0.875rem\">\u00c9corce de saule blanc<\/strong><span style=\"font-size: 0.875rem\"> (acide salicylique) pour r\u00e9duire les huiles ind\u00e9sirables, d\u00e9sobstruer les pores et soigner l'acn\u00e9.<\/span><\/p>\n<p><strong>Extrait de th\u00e9 vert<\/strong> pour tonifier et fournir des antioxydants<\/p>\n<p>Aujourd'hui naturellement pr\u00e9serv\u00e9e<\/p>\n<p><span style=\"font-size: 0.875rem\">Vegan et certifi\u00e9 sans cruaut\u00e9 par Leaping Bunny<\/span><br \/>\n<span style=\"font-size: 0.875rem\">Think Dirty Rated Clean depuis 2020<\/span><\/p>\n<p><em style=\"font-size: 0.875rem\">Pr\u00e9sent\u00e9 dans le guide des cadeaux de No\u00ebl Think Dirty, le coffret beaut\u00e9 Think Dirty, Santa Barbara Life &amp; Style Magazine, WTVOX, LA Fashion Magazine, INLOVE Magazine et Your Beauty Magazine.<\/em><em style=\"font-size: 0.875rem\">.<\/em><\/p>\n<p><span style=\"font-size: 0.875rem\">Fabriqu\u00e9 aux \u00c9tats-Unis et emball\u00e9\u00a0<\/span><\/p>\n<p><span style=\"font-size: 0.875rem\">dans nos bureaux au 1543 Covington Avenue, Westlake Village, CA<\/span><\/p>","protected":false},"excerpt":{"rendered":"<p>The Pineapple Paradiso Glow Mask has been a customer favorite since 2019. Get glowing and radiant skin. Gently exfoliates, reduces<\/p>","protected":false},"featured_media":141354,"template":"","meta":{"footnotes":""},"product_brand":[],"product_cat":[1444],"product_tag":[1446,1447,1445,1127,1219,1125,1448,1233,1101,1102,1335,1298,1231,1122,108,1339,1111,743,1117,1116,617,1132,1350,1351,1129,1337,1355,1228,1227,1141,111,499,1244,753,1464,1145,1290,153,1160,1457,1148,1450,1179,1152,1154,1361,1288,1334,1158,1161,1468,1466,1174,1451,1452,1176,1312,1166,1180,1372,644,1153,1162,1271,147,1175,1177,1196,292,1201,319,1463,1374,1203,740,1456,1470,1427,1426,1226,1202,1230,1274,1232,397,584,1403,1368,1405,1313,1379,1150,1329,1126,1015,1250,1460,1381,1270,534,431,1198,1253,1458,602,1459,185,1462,1461,1465,1251,1467,1272,1392,1247,1315,1245,1289,1391,1314,1258,1243,1345,1455,1367,1261,1178,1121,1269,1273,1123,1204,1264,1216,1146,1342,1380,394,1134,1246,1107,1240,1471,774,1286,1454,586,1287,595,1128,1347,1369,1236,619,113,1295,1449,1336,1119,1118,1124,1296,1108,1453,1242,1309,1469,540,1307,1181,1213,1308,1241],"class_list":{"0":"post-141165","1":"product","2":"type-product","3":"status-publish","4":"has-post-thumbnail","6":"product_cat-face-masks","7":"product_tag-__tab1-pineapple-paradiso-mask-directions-for-use","8":"product_tag-__tab2-pineapple-paradiso-mask-ingredients","9":"product_tag-1445","10":"product_tag-acne","11":"product_tag-acne-2","12":"product_tag-all","13":"product_tag-aloe","14":"product_tag-angeles","15":"product_tag-anti-aging-2","16":"product_tag-antiaging","17":"product_tag-app","18":"product_tag-b-2","19":"product_tag-barbara-2","20":"product_tag-barbara","21":"product_tag-bath","22":"product_tag-bath-2","23":"product_tag-beauty-2","24":"product_tag-beauty","25":"product_tag-bella-2","26":"product_tag-bella","27":"product_tag-best","28":"product_tag-biodegradeable","29":"product_tag-blackhead","30":"product_tag-blackheads","31":"product_tag-brand","32":"product_tag-brands","33":"product_tag-breakouts","34":"product_tag-bunny-2","35":"product_tag-bunny","36":"product_tag-california","37":"product_tag-care","38":"product_tag-care-2","39":"product_tag-care-3","40":"product_tag-certified","41":"product_tag-charcoal","42":"product_tag-clean","43":"product_tag-clean-2","44":"product_tag-cleanser","45":"product_tag-cleanser-2","46":"product_tag-cleansing-2","47":"product_tag-clear","48":"product_tag-coconut","49":"product_tag-crows","50":"product_tag-cruelty","51":"product_tag-cruelty-free","52":"product_tag-cystic","53":"product_tag-dirty","54":"product_tag-dirty-2","55":"product_tag-downtown","56":"product_tag-dye","57":"product_tag-earth","58":"product_tag-enzyme","59":"product_tag-enzymes-2","60":"product_tag-exfoliate","61":"product_tag-exfoliation","62":"product_tag-exfoliator","63":"product_tag-face-2","64":"product_tag-facial","65":"product_tag-feet","66":"product_tag-fight","67":"product_tag-for","68":"product_tag-free","69":"product_tag-free-2","70":"product_tag-from","71":"product_tag-fruit","72":"product_tag-gentle","73":"product_tag-get","74":"product_tag-gluten","75":"product_tag-green","76":"product_tag-healthy","77":"product_tag-home","78":"product_tag-honey","79":"product_tag-hormonal","80":"product_tag-how","81":"product_tag-in","82":"product_tag-is","83":"product_tag-items","84":"product_tag-jojoba-2","85":"product_tag-jojoba","86":"product_tag-leaping","87":"product_tag-living","88":"product_tag-local","89":"product_tag-locals","90":"product_tag-los","91":"product_tag-luxury","92":"product_tag-made","93":"product_tag-magazine-2","94":"product_tag-make","95":"product_tag-mask-2","96":"product_tag-masks","97":"product_tag-mini","98":"product_tag-moisturizer-2","99":"product_tag-more","100":"product_tag-natural","101":"product_tag-new","102":"product_tag-no","103":"product_tag-nomoreplastic","104":"product_tag-nourishing","105":"product_tag-oceans","106":"product_tag-of","107":"product_tag-oil-2","108":"product_tag-oil","109":"product_tag-oily-2","110":"product_tag-ok","111":"product_tag-on","112":"product_tag-or","113":"product_tag-organic","114":"product_tag-origins-2","115":"product_tag-origins","116":"product_tag-papaya","117":"product_tag-parabens","118":"product_tag-pineapple","119":"product_tag-plastic","120":"product_tag-plastics","121":"product_tag-product","122":"product_tag-program","123":"product_tag-prone","124":"product_tag-rated","125":"product_tag-reduce","126":"product_tag-refill-2","127":"product_tag-refill","128":"product_tag-refills","129":"product_tag-remedies","130":"product_tag-remove","131":"product_tag-removing","132":"product_tag-retinol","133":"product_tag-rid","134":"product_tag-santa","135":"product_tag-save","136":"product_tag-sb-2","137":"product_tag-sb","138":"product_tag-scars","139":"product_tag-sensitive","140":"product_tag-serums","141":"product_tag-set","142":"product_tag-shop","143":"product_tag-sized","144":"product_tag-skin","145":"product_tag-skin-2","146":"product_tag-skin-3","147":"product_tag-skincare","148":"product_tag-skincare-3","149":"product_tag-store-2","150":"product_tag-sustainable","151":"product_tag-sustainable-2","152":"product_tag-tea","153":"product_tag-the","154":"product_tag-think","155":"product_tag-to","156":"product_tag-treatment","157":"product_tag-treatments","158":"product_tag-up","159":"product_tag-us","160":"product_tag-usa-2","161":"product_tag-vegan","162":"product_tag-vegan-2","163":"product_tag-vera","164":"product_tag-verified","165":"product_tag-vida-2","166":"product_tag-vida","167":"product_tag-vita","168":"product_tag-vitamin","169":"product_tag-vitamins","170":"product_tag-wash","171":"product_tag-waste","172":"product_tag-waste-2","173":"product_tag-wellness","174":"product_tag-white-2","175":"product_tag-wrinkle-2","176":"product_tag-wrinkles","177":"product_tag-your","178":"product_tag-youth-2","179":"product_tag-zero","180":"has-subscription-plans","182":"first","183":"instock","184":"sale","185":"taxable","186":"shipping-taxable","187":"purchasable","188":"product-type-simple"},"bundled_by":[],"bundle_stock_status":"instock","bundle_stock_quantity":48,"bundle_virtual":false,"bundle_layout":"","bundle_add_to_cart_form_location":"","bundle_editable_in_cart":false,"bundle_sold_individually_context":"","bundle_item_grouping":"","bundle_min_size":"","bundle_max_size":"","bundle_price":[],"bundled_items":[],"bundle_sell_ids":[],"group_of_quantity":0,"min_quantity":0,"max_quantity":"","exclude_order_quantity_value_rules":"no","exclude_category_quantity_rules":"no","combine_variations":"no","_links":{"self":[{"href":"https:\/\/2024.shoply.com\/fr\/wp-json\/wp\/v2\/product\/141165","targetHints":{"allow":["GET"]}}],"collection":[{"href":"https:\/\/2024.shoply.com\/fr\/wp-json\/wp\/v2\/product"}],"about":[{"href":"https:\/\/2024.shoply.com\/fr\/wp-json\/wp\/v2\/types\/product"}],"version-history":[{"count":1,"href":"https:\/\/2024.shoply.com\/fr\/wp-json\/wp\/v2\/product\/141165\/revisions"}],"predecessor-version":[{"id":141355,"href":"https:\/\/2024.shoply.com\/fr\/wp-json\/wp\/v2\/product\/141165\/revisions\/141355"}],"wp:featuredmedia":[{"embeddable":true,"href":"https:\/\/2024.shoply.com\/fr\/wp-json\/wp\/v2\/media\/141354"}],"wp:attachment":[{"href":"https:\/\/2024.shoply.com\/fr\/wp-json\/wp\/v2\/media?parent=141165"}],"wp:term":[{"taxonomy":"product_brand","embeddable":true,"href":"https:\/\/2024.shoply.com\/fr\/wp-json\/wp\/v2\/product_brand?post=141165"},{"taxonomy":"product_cat","embeddable":true,"href":"https:\/\/2024.shoply.com\/fr\/wp-json\/wp\/v2\/product_cat?post=141165"},{"taxonomy":"product_tag","embeddable":true,"href":"https:\/\/2024.shoply.com\/fr\/wp-json\/wp\/v2\/product_tag?post=141165"}],"curies":[{"name":"wp","href":"https:\/\/api.w.org\/{rel}","templated":true}]}}