{"id":155572,"date":"2025-03-16T14:59:43","date_gmt":"2025-03-16T19:59:43","guid":{"rendered":"https:\/\/shoply.com\/?post_type=product&#038;p=155572"},"modified":"2025-03-16T16:45:17","modified_gmt":"2025-03-16T21:45:17","slug":"affiliate-bundle-influencer-pro-2","status":"publish","type":"product","link":"https:\/\/2024.shoply.com\/fr\/produit\/affiliate-bundle-influencer-pro-2\/","title":{"rendered":"Affiliate Bundle &#8211; Influencer Pro"},"content":{"rendered":"<p><img fetchpriority=\"high\" decoding=\"async\" class=\"alignnone size-full wp-image-73813\" src=\"https:\/\/shoply.com\/wp-content\/uploads\/2024\/10\/All_LavenderIcons-Edited.webp\" alt=\"\" width=\"1600\" height=\"201\" srcset=\"https:\/\/2024.shoply.com\/wp-content\/uploads\/2024\/10\/All_LavenderIcons-Edited.webp 1600w, https:\/\/2024.shoply.com\/wp-content\/uploads\/2024\/10\/All_LavenderIcons-Edited-400x50.webp 400w, https:\/\/2024.shoply.com\/wp-content\/uploads\/2024\/10\/All_LavenderIcons-Edited-1300x163.webp 1300w, https:\/\/2024.shoply.com\/wp-content\/uploads\/2024\/10\/All_LavenderIcons-Edited-768x96.webp 768w, https:\/\/2024.shoply.com\/wp-content\/uploads\/2024\/10\/All_LavenderIcons-Edited-1536x193.webp 1536w, https:\/\/2024.shoply.com\/wp-content\/uploads\/2024\/10\/All_LavenderIcons-Edited-18x2.webp 18w, https:\/\/2024.shoply.com\/wp-content\/uploads\/2024\/10\/All_LavenderIcons-Edited-700x88.webp 700w, https:\/\/2024.shoply.com\/wp-content\/uploads\/2024\/10\/All_LavenderIcons-Edited-150x19.webp 150w, https:\/\/2024.shoply.com\/wp-content\/uploads\/2024\/10\/All_LavenderIcons-Edited-220x28.webp 220w\" sizes=\"(max-width: 1600px) 100vw, 1600px\" \/><\/p>","protected":false},"excerpt":{"rendered":"<h3>Save 20% when you bundle<\/h3>\n<h5>Your skin, only better. The Affiliate Bundle features the full luxurious line of Belle &amp; Capri products to transform the look and feel of your skin and make you feel pampered with skin care that\u2019s self-care. Share some love with your friends and family by making it the ultimate gift or keep it all to yourself. Your best skin is waiting for you inside The Affiliate Bundle.<\/h5>\n<h5>Ces produits peuvent \u00eatre \u00e0 vous :<br \/>\n- S\u00e9rum r\u00e9parateur \u00e0 l'acide hyaluronique<br \/>\n- S\u00e9rum \u00e9claircissant \u00e0 la vitamine C<br \/>\n- S\u00e9rum de r\u00e9g\u00e9n\u00e9ration des rides<br \/>\n- Hydratant quotidien<br \/>\n- Cr\u00e8me de r\u00e9cup\u00e9ration avanc\u00e9e pour la nuit<br \/>\n- Brume hydratante v\u00e9g\u00e9tale pour le visage<br \/>\n- Gel nettoyant au concombre<br \/>\n- Masque d\u00e9tox au charbon de bois et \u00e0 la rose<br \/>\n- Masque de sommeil \u00e0 la lavande<br \/>\n- Eau nettoyante micellaire<br \/>\n- Cr\u00e8me pour les yeux sans \u00e2ge<br \/>\n- Cr\u00e8me hydratante parfaite pour les mains et le corps<br \/>\n- S\u00e9rum pour cils et sourcils Boost<br \/>\n- Plumper soyeux pour les l\u00e8vres<br \/>\n- Gant exfoliant pour le visage et le corps<\/h5>","protected":false},"featured_media":109023,"template":"","meta":{"footnotes":""},"product_brand":[],"product_cat":[1053,821,80,835,382,383,386],"product_tag":[149,132,108,109,111,153,137,156,154,187,155,158,152,150,140,113,157],"class_list":{"0":"post-155572","1":"product","2":"type-product","3":"status-publish","4":"has-post-thumbnail","6":"product_cat-affiliate-bundle","7":"product_cat-beauty","8":"product_cat-beauty-health-supplements","9":"product_cat-bundles","10":"product_cat-health","11":"product_cat-personal-care","12":"product_cat-skin-care","13":"product_tag-anti-aging","14":"product_tag-antioxidants","15":"product_tag-bath","16":"product_tag-body","17":"product_tag-care","18":"product_tag-cleanser","19":"product_tag-essentials","20":"product_tag-exfoliating","21":"product_tag-gel","22":"product_tag-gluten-free","23":"product_tag-hyaluronic","24":"product_tag-mask","25":"product_tag-moisturizer","26":"product_tag-serum","27":"product_tag-skin-care","28":"product_tag-vegan","29":"product_tag-wrinkle","30":"product_shipping_class-shipping-class-3","31":"has-subscription-plans","33":"first","34":"instock","35":"sale","36":"taxable","37":"shipping-taxable","38":"purchasable","39":"product-type-simple"},"bundled_by":[],"bundle_stock_status":"instock","bundle_stock_quantity":null,"bundle_virtual":false,"bundle_layout":"","bundle_add_to_cart_form_location":"","bundle_editable_in_cart":false,"bundle_sold_individually_context":"","bundle_item_grouping":"","bundle_min_size":"","bundle_max_size":"","bundle_price":[],"bundled_items":[],"bundle_sell_ids":[],"group_of_quantity":0,"min_quantity":0,"max_quantity":"","exclude_order_quantity_value_rules":"no","exclude_category_quantity_rules":"no","combine_variations":"no","_links":{"self":[{"href":"https:\/\/2024.shoply.com\/fr\/wp-json\/wp\/v2\/product\/155572","targetHints":{"allow":["GET"]}}],"collection":[{"href":"https:\/\/2024.shoply.com\/fr\/wp-json\/wp\/v2\/product"}],"about":[{"href":"https:\/\/2024.shoply.com\/fr\/wp-json\/wp\/v2\/types\/product"}],"version-history":[{"count":2,"href":"https:\/\/2024.shoply.com\/fr\/wp-json\/wp\/v2\/product\/155572\/revisions"}],"predecessor-version":[{"id":155579,"href":"https:\/\/2024.shoply.com\/fr\/wp-json\/wp\/v2\/product\/155572\/revisions\/155579"}],"wp:featuredmedia":[{"embeddable":true,"href":"https:\/\/2024.shoply.com\/fr\/wp-json\/wp\/v2\/media\/109023"}],"wp:attachment":[{"href":"https:\/\/2024.shoply.com\/fr\/wp-json\/wp\/v2\/media?parent=155572"}],"wp:term":[{"taxonomy":"product_brand","embeddable":true,"href":"https:\/\/2024.shoply.com\/fr\/wp-json\/wp\/v2\/product_brand?post=155572"},{"taxonomy":"product_cat","embeddable":true,"href":"https:\/\/2024.shoply.com\/fr\/wp-json\/wp\/v2\/product_cat?post=155572"},{"taxonomy":"product_tag","embeddable":true,"href":"https:\/\/2024.shoply.com\/fr\/wp-json\/wp\/v2\/product_tag?post=155572"}],"curies":[{"name":"wp","href":"https:\/\/api.w.org\/{rel}","templated":true}]}}