{"id":29597,"date":"2024-08-19T21:04:44","date_gmt":"2024-08-19T21:04:44","guid":{"rendered":"https:\/\/shoply.com\/?post_type=product&#038;p=29597"},"modified":"2025-02-19T19:43:03","modified_gmt":"2025-02-20T00:43:03","slug":"vi-shape-sweet-cream-original","status":"publish","type":"product","link":"https:\/\/2024.shoply.com\/fr\/produit\/vi-shape-sweet-cream-original\/","title":{"rendered":"Vi-Shape Sweet Cream Original"},"content":{"rendered":"<p style=\"text-align: center;\"><img fetchpriority=\"high\" decoding=\"async\" class=\"aligncenter size-medium\" src=\"https:\/\/cdn.shopify.com\/s\/files\/1\/0653\/6793\/3174\/files\/shoply-vi-1.png?v=1730910734\" width=\"1200\" height=\"95\" \/><\/p>\n<p style=\"text-align: center;\"><img decoding=\"async\" class=\"aligncenter size-medium\" src=\"https:\/\/cdn.shopify.com\/s\/files\/1\/0653\/6793\/3174\/files\/shoply-vi-2.png?v=1730910734\" width=\"1200\" height=\"1083\" \/><\/p>\n<p><img decoding=\"async\" class=\"aligncenter size-medium\" src=\"https:\/\/cdn.shopify.com\/s\/files\/1\/0653\/6793\/3174\/files\/shoply-vi-3.png?v=1730910734\" width=\"1200\" height=\"507\" \/><\/p>\n<p><img loading=\"lazy\" decoding=\"async\" class=\"aligncenter size-medium\" src=\"https:\/\/cdn.shopify.com\/s\/files\/1\/0653\/6793\/3174\/files\/shoply-vi-4.png?v=1730910734\" width=\"1200\" height=\"755\" \/><\/p>\n<p><img loading=\"lazy\" decoding=\"async\" class=\"aligncenter size-medium\" src=\"https:\/\/cdn.shopify.com\/s\/files\/1\/0653\/6793\/3174\/files\/shoply-vi-5.png?v=1730910734\" width=\"1528\" height=\"296\" \/><\/p>\n<p><img loading=\"lazy\" decoding=\"async\" class=\"aligncenter size-medium\" src=\"https:\/\/cdn.shopify.com\/s\/files\/1\/0653\/6793\/3174\/files\/shoply-vi-6.png?v=1730910734\" width=\"1200\" height=\"390\" \/><\/p>\n<p><img loading=\"lazy\" decoding=\"async\" class=\"aligncenter size-medium\" src=\"https:\/\/cdn.shopify.com\/s\/files\/1\/0653\/6793\/3174\/files\/shoply-vi-7.png?v=1730910734\" width=\"1200\" height=\"686\" \/><\/p>\n<p>Savourez le go\u00fbt du g\u00e2teau avec notre m\u00e9lange original pour shake Vi-Shape 100%. Facile \u00e0 m\u00e9langer, ce d\u00e9lice pauvre en graisses et sans gluten, bourr\u00e9 de prot\u00e9ines Tri-Sorb\u2122 et de Fibersol\u00ae, soutient votre d\u00e9marche de perte de poids et votre sant\u00e9 globale. Cach\u00e8re, v\u00e9g\u00e9tarien et appr\u00e9ci\u00e9 en Am\u00e9rique du Nord, c'est votre chemin simple et d\u00e9licieux vers le bien-\u00eatre.<\/p>\n<p><em><strong>Ces d\u00e9clarations n'ont pas \u00e9t\u00e9 \u00e9valu\u00e9es par la Food and Drug Administration. <\/strong><\/em><em><strong>Ce produit n'est pas destin\u00e9 \u00e0 diagnostiquer, traiter, gu\u00e9rir ou pr\u00e9venir une quelconque maladie.<\/strong><\/em><\/p>","protected":false},"excerpt":{"rendered":"<p>https:\/\/www.youtube.com\/watch?v=keQept63Cqc<\/p>\n<p><strong>Sachet unique contenant 24 portions de notre Vi-Shape original en cr\u00e8me sucr\u00e9e<\/strong><\/p>\n<p><strong>Savourez le go\u00fbt du g\u00e2teau avec notre m\u00e9lange original Vi-Shape Shake Mix 100%.<\/strong>\u00a0Facile \u00e0 m\u00e9langer, ce d\u00e9lice \u00e0 faible teneur en mati\u00e8res grasses et sans gluten, bourr\u00e9 de prot\u00e9ines Tri-Sorb\u2122 et de Fibersol\u00ae, soutient votre d\u00e9marche de perte de poids et votre sant\u00e9 globale. Cach\u00e8re, v\u00e9g\u00e9tarien et appr\u00e9ci\u00e9 en Am\u00e9rique du Nord, c'est votre chemin simple et d\u00e9licieux vers le bien-\u00eatre.<\/p>\n<p>37 QV \/ 15 DB \/ 7 CV<br \/>\n37 QV \/ 3,50 DB \/ 30 CV<\/p>","protected":false},"featured_media":29598,"template":"","meta":{"footnotes":""},"product_brand":[],"product_cat":[80],"product_tag":[],"class_list":{"0":"post-29597","1":"product","2":"type-product","3":"status-publish","4":"has-post-thumbnail","6":"product_cat-beauty-health-supplements","7":"product_shipping_class-shipping-class-1","8":"has-subscription-plans","10":"first","11":"instock","12":"taxable","13":"shipping-taxable","14":"purchasable","15":"product-type-simple"},"bundled_by":["29633","29627","29630","29624","29621"],"bundle_stock_status":"instock","bundle_stock_quantity":null,"bundle_virtual":false,"bundle_layout":"","bundle_add_to_cart_form_location":"","bundle_editable_in_cart":false,"bundle_sold_individually_context":"","bundle_item_grouping":"","bundle_min_size":"","bundle_max_size":"","bundle_price":[],"bundled_items":[],"bundle_sell_ids":[],"group_of_quantity":0,"min_quantity":0,"max_quantity":"","exclude_order_quantity_value_rules":"no","exclude_category_quantity_rules":"no","combine_variations":"no","_links":{"self":[{"href":"https:\/\/2024.shoply.com\/fr\/wp-json\/wp\/v2\/product\/29597","targetHints":{"allow":["GET"]}}],"collection":[{"href":"https:\/\/2024.shoply.com\/fr\/wp-json\/wp\/v2\/product"}],"about":[{"href":"https:\/\/2024.shoply.com\/fr\/wp-json\/wp\/v2\/types\/product"}],"version-history":[{"count":2,"href":"https:\/\/2024.shoply.com\/fr\/wp-json\/wp\/v2\/product\/29597\/revisions"}],"predecessor-version":[{"id":139425,"href":"https:\/\/2024.shoply.com\/fr\/wp-json\/wp\/v2\/product\/29597\/revisions\/139425"}],"wp:featuredmedia":[{"embeddable":true,"href":"https:\/\/2024.shoply.com\/fr\/wp-json\/wp\/v2\/media\/29598"}],"wp:attachment":[{"href":"https:\/\/2024.shoply.com\/fr\/wp-json\/wp\/v2\/media?parent=29597"}],"wp:term":[{"taxonomy":"product_brand","embeddable":true,"href":"https:\/\/2024.shoply.com\/fr\/wp-json\/wp\/v2\/product_brand?post=29597"},{"taxonomy":"product_cat","embeddable":true,"href":"https:\/\/2024.shoply.com\/fr\/wp-json\/wp\/v2\/product_cat?post=29597"},{"taxonomy":"product_tag","embeddable":true,"href":"https:\/\/2024.shoply.com\/fr\/wp-json\/wp\/v2\/product_tag?post=29597"}],"curies":[{"name":"wp","href":"https:\/\/api.w.org\/{rel}","templated":true}]}}