{"id":29624,"date":"2024-08-19T22:31:09","date_gmt":"2024-08-19T22:31:09","guid":{"rendered":"https:\/\/shoply.com\/?post_type=product&#038;p=29624"},"modified":"2025-02-19T19:09:38","modified_gmt":"2025-02-20T00:09:38","slug":"raspberry-super-biotin-vi-shape","status":"publish","type":"product","link":"https:\/\/2024.shoply.com\/fr\/produit\/raspberry-super-biotin-vi-shape\/","title":{"rendered":"Framboise Super Biotine + Vi-Shape"},"content":{"rendered":"<p style=\"text-align: center;\"><img fetchpriority=\"high\" decoding=\"async\" class=\"aligncenter size-medium\" src=\"https:\/\/cdn.shopify.com\/s\/files\/1\/0653\/6793\/3174\/files\/shoply-vi-1.png?v=1730910734\" width=\"1200\" height=\"95\" \/><\/p>\n<p style=\"text-align: center;\"><img decoding=\"async\" class=\"aligncenter size-medium\" src=\"https:\/\/cdn.shopify.com\/s\/files\/1\/0653\/6793\/3174\/files\/shoply-vi-2.png?v=1730910734\" width=\"1200\" height=\"1083\" \/><\/p>\n<p><img decoding=\"async\" class=\"aligncenter size-medium\" src=\"https:\/\/cdn.shopify.com\/s\/files\/1\/0653\/6793\/3174\/files\/shoply-vi-3.png?v=1730910734\" width=\"1200\" height=\"507\" \/><\/p>\n<p><img loading=\"lazy\" decoding=\"async\" class=\"aligncenter size-medium\" src=\"https:\/\/cdn.shopify.com\/s\/files\/1\/0653\/6793\/3174\/files\/shoply-vi-4.png?v=1730910734\" width=\"1200\" height=\"755\" \/><\/p>\n<p><img loading=\"lazy\" decoding=\"async\" class=\"aligncenter size-medium\" src=\"https:\/\/cdn.shopify.com\/s\/files\/1\/0653\/6793\/3174\/files\/shoply-vi-5.png?v=1730910734\" width=\"1528\" height=\"296\" \/><\/p>\n<p><img loading=\"lazy\" decoding=\"async\" class=\"aligncenter size-medium\" src=\"https:\/\/cdn.shopify.com\/s\/files\/1\/0653\/6793\/3174\/files\/shoply-vi-6.png?v=1730910734\" width=\"1200\" height=\"390\" \/><\/p>\n<p><img loading=\"lazy\" decoding=\"async\" class=\"aligncenter size-medium\" src=\"https:\/\/cdn.shopify.com\/s\/files\/1\/0653\/6793\/3174\/files\/shoply-vi-7.png?v=1730910734\" width=\"1200\" height=\"686\" \/><\/p>\n<p>Am\u00e9liorez votre sant\u00e9 avec l'ensemble Framboise Super Biotine + Vi-Shape ! D\u00e9couvrez 24 portions de notre d\u00e9licieux Vi-Shape Shake Mix, associ\u00e9 au Raspberry Super Biotin Mix-In pour une explosion fruit\u00e9e de bienfaits sans sucre ni calories suppl\u00e9mentaires.<\/p>\n<p><em><strong>Ces d\u00e9clarations n'ont pas \u00e9t\u00e9 \u00e9valu\u00e9es par la Food and Drug Administration.\u00a0<\/strong><\/em><em><strong>Ce produit n'est pas destin\u00e9 \u00e0 diagnostiquer, traiter, gu\u00e9rir ou pr\u00e9venir une quelconque maladie.<\/strong><\/em><\/p>\n<p>&nbsp;<\/p>","protected":false},"excerpt":{"rendered":"<p>https:\/\/www.youtube.com\/watch?v=keQept63Cqc<\/p>\n<p>1 sachet de shake (24 portions) + 1 bo\u00eete de m\u00e9lange \u00e0 la framboise (15 portions)<\/p>\n<p>46 QV \/ 18 DB \/ 10 CV<\/p>\n<p>46 QV \/ 5 DB \/ 36 CV<\/p>","protected":false},"featured_media":29625,"template":"","meta":{"footnotes":""},"product_brand":[],"product_cat":[80],"product_tag":[],"class_list":{"0":"post-29624","1":"product","2":"type-product","3":"status-publish","4":"has-post-thumbnail","6":"product_cat-beauty-health-supplements","7":"product_shipping_class-shipping-class-1","8":"has-subscription-plans","10":"first","11":"instock","12":"taxable","13":"shipping-taxable","14":"purchasable","15":"product-type-simple"},"bundled_by":[],"bundle_stock_status":"instock","bundle_stock_quantity":null,"bundle_virtual":false,"bundle_layout":"","bundle_add_to_cart_form_location":"","bundle_editable_in_cart":false,"bundle_sold_individually_context":"","bundle_item_grouping":"","bundle_min_size":"","bundle_max_size":"","bundle_price":[],"bundled_items":[],"bundle_sell_ids":[],"group_of_quantity":0,"min_quantity":0,"max_quantity":"","exclude_order_quantity_value_rules":"no","exclude_category_quantity_rules":"no","combine_variations":"no","_links":{"self":[{"href":"https:\/\/2024.shoply.com\/fr\/wp-json\/wp\/v2\/product\/29624","targetHints":{"allow":["GET"]}}],"collection":[{"href":"https:\/\/2024.shoply.com\/fr\/wp-json\/wp\/v2\/product"}],"about":[{"href":"https:\/\/2024.shoply.com\/fr\/wp-json\/wp\/v2\/types\/product"}],"version-history":[{"count":2,"href":"https:\/\/2024.shoply.com\/fr\/wp-json\/wp\/v2\/product\/29624\/revisions"}],"predecessor-version":[{"id":139424,"href":"https:\/\/2024.shoply.com\/fr\/wp-json\/wp\/v2\/product\/29624\/revisions\/139424"}],"wp:featuredmedia":[{"embeddable":true,"href":"https:\/\/2024.shoply.com\/fr\/wp-json\/wp\/v2\/media\/29625"}],"wp:attachment":[{"href":"https:\/\/2024.shoply.com\/fr\/wp-json\/wp\/v2\/media?parent=29624"}],"wp:term":[{"taxonomy":"product_brand","embeddable":true,"href":"https:\/\/2024.shoply.com\/fr\/wp-json\/wp\/v2\/product_brand?post=29624"},{"taxonomy":"product_cat","embeddable":true,"href":"https:\/\/2024.shoply.com\/fr\/wp-json\/wp\/v2\/product_cat?post=29624"},{"taxonomy":"product_tag","embeddable":true,"href":"https:\/\/2024.shoply.com\/fr\/wp-json\/wp\/v2\/product_tag?post=29624"}],"curies":[{"name":"wp","href":"https:\/\/api.w.org\/{rel}","templated":true}]}}