{"id":45956,"date":"2025-01-28T14:08:45","date_gmt":"2025-01-28T19:08:45","guid":{"rendered":"https:\/\/shoply.com\/?post_type=product&#038;p=45956"},"modified":"2025-01-28T14:09:01","modified_gmt":"2025-01-28T19:09:01","slug":"lip-flirt-with-me-lipstick","status":"publish","type":"product","link":"https:\/\/2024.shoply.com\/fr\/produit\/lip-flirt-with-me-lipstick\/","title":{"rendered":"Lip- Flirt With Me - Rouge \u00e0 l\u00e8vres"},"content":{"rendered":"<p>Laissez-vous s\u00e9duire par le pouvoir r\u00e9volutionnaire de \"Infinite Kisses\", un rouge \u00e0 l\u00e8vres qui d\u00e9fie toutes les attentes. Cette formule extraordinaire va au-del\u00e0 de l'ordinaire, offrant une couleur mate vibrante qui dure des heures tout en gardant vos l\u00e8vres confortablement hydrat\u00e9es gr\u00e2ce aux bienfaits naturels du beurre de karit\u00e9. Dites adieu \u00e0 la s\u00e9cheresse gr\u00e2ce au fini mat non dess\u00e9chant qu'offre Infinite Kisses. Sa formule longue dur\u00e9e \u00e0 haute teneur en pigments vous permet de rester belle pendant des heures. Avec six couleurs captivantes m\u00e9ticuleusement con\u00e7ues pour chaque teint de peau, vous trouverez la nuance parfaite pour mettre en valeur votre beaut\u00e9 naturelle. D\u00e9couvrez la sensation ultime de la couleur des l\u00e8vres avec \"Infinite Kisses\".<\/p>","protected":false},"excerpt":{"rendered":"<p>7 QV \/ 2.50 DB \/ 2 CV<\/p>\n<p>6qV \/ 1 DB \/ 4 CV<\/p>","protected":false},"featured_media":46134,"template":"","meta":{"footnotes":""},"product_brand":[],"product_cat":[80],"product_tag":[],"class_list":{"0":"post-45956","1":"product","2":"type-product","3":"status-publish","4":"has-post-thumbnail","6":"product_cat-beauty-health-supplements","7":"product_shipping_class-shipping-class-1","8":"has-subscription-plans","10":"first","11":"instock","12":"taxable","13":"shipping-taxable","14":"purchasable","15":"product-type-simple"},"bundled_by":[],"bundle_stock_status":"instock","bundle_stock_quantity":null,"bundle_virtual":false,"bundle_layout":"","bundle_add_to_cart_form_location":"","bundle_editable_in_cart":false,"bundle_sold_individually_context":"","bundle_item_grouping":"","bundle_min_size":"","bundle_max_size":"","bundle_price":[],"bundled_items":[],"bundle_sell_ids":[],"group_of_quantity":0,"min_quantity":0,"max_quantity":"","exclude_order_quantity_value_rules":"no","exclude_category_quantity_rules":"no","combine_variations":"no","_links":{"self":[{"href":"https:\/\/2024.shoply.com\/fr\/wp-json\/wp\/v2\/product\/45956","targetHints":{"allow":["GET"]}}],"collection":[{"href":"https:\/\/2024.shoply.com\/fr\/wp-json\/wp\/v2\/product"}],"about":[{"href":"https:\/\/2024.shoply.com\/fr\/wp-json\/wp\/v2\/types\/product"}],"version-history":[{"count":1,"href":"https:\/\/2024.shoply.com\/fr\/wp-json\/wp\/v2\/product\/45956\/revisions"}],"predecessor-version":[{"id":126120,"href":"https:\/\/2024.shoply.com\/fr\/wp-json\/wp\/v2\/product\/45956\/revisions\/126120"}],"wp:featuredmedia":[{"embeddable":true,"href":"https:\/\/2024.shoply.com\/fr\/wp-json\/wp\/v2\/media\/46134"}],"wp:attachment":[{"href":"https:\/\/2024.shoply.com\/fr\/wp-json\/wp\/v2\/media?parent=45956"}],"wp:term":[{"taxonomy":"product_brand","embeddable":true,"href":"https:\/\/2024.shoply.com\/fr\/wp-json\/wp\/v2\/product_brand?post=45956"},{"taxonomy":"product_cat","embeddable":true,"href":"https:\/\/2024.shoply.com\/fr\/wp-json\/wp\/v2\/product_cat?post=45956"},{"taxonomy":"product_tag","embeddable":true,"href":"https:\/\/2024.shoply.com\/fr\/wp-json\/wp\/v2\/product_tag?post=45956"}],"curies":[{"name":"wp","href":"https:\/\/api.w.org\/{rel}","templated":true}]}}