{"id":49803,"date":"2024-09-13T01:44:46","date_gmt":"2024-09-13T01:44:46","guid":{"rendered":"https:\/\/shoply.com\/?post_type=product&#038;p=49803"},"modified":"2025-02-03T14:49:18","modified_gmt":"2025-02-03T19:49:18","slug":"stelomare-stem-cells-telomeres-are-nrf2-5-bottle-pack-1-free-bottle","status":"publish","type":"product","link":"https:\/\/2024.shoply.com\/fr\/produit\/stelomare-stem-cells-telomeres-are-nrf2-5-bottle-pack-1-free-bottle\/","title":{"rendered":"StelomARE - Cellules souches, t\u00e9lom\u00e8res, ARE\/Nrf2 (Pack de 5 bouteilles + 1 bouteille GRATUITE)"},"content":{"rendered":"<h3>Qu'est-ce que StelomARE\u2122 ?<\/h3>\n<p>StelomARE\u2122 a \u00e9t\u00e9 d\u00e9velopp\u00e9 par l'inventeur du produit ARE le plus connu au monde, dont le chiffre d'affaires a d\u00e9pass\u00e9 $2 BILLION et qui est \u00e9tay\u00e9 par plus de 25 \u00e9tudes \u00e9valu\u00e9es par des pairs.<\/p>\n<p>StelomARE\u2122 est une formulation compl\u00e8te qui utilise des compos\u00e9s \u00e9prouv\u00e9s en clinique qui, lorsqu'ils sont combin\u00e9s dans un rapport sp\u00e9cifique, agissent en synergie pour cibler efficacement non seulement ARE, mais aussi les cellules souches et les t\u00e9lom\u00e8res.<\/p>\n<p>StelomARE\u2122 active les cellules pour qu'elles \"parlent\" entre elles, provoquant une puissante r\u00e9ponse en cascade o\u00f9 des trillions de cellules sont r\u00e9gul\u00e9es \u00e0 la hausse pour surmonter les d\u00e9clins li\u00e9s \u00e0 l'\u00e2ge. De cette fa\u00e7on, StelomARE\u2122 est moins une question de suppl\u00e9mentation directe de certains compos\u00e9s, et plus une question d'utilisation de combinaisons et de ratios sp\u00e9cifiques de compos\u00e9s pour d\u00e9clencher de multiples r\u00e9ponses g\u00e9n\u00e9tiques dans le corps qui sont beaucoup plus importantes en valeur. Recherches approfondies depuis 2012, mais aussi bas\u00e9es sur 20 ans d'expertise r\u00e9volutionnaire dans ce domaine,<\/p>\n<p>StelomARE\u2122 est le choix de compl\u00e9ment alimentaire autonome pour un vieillissement sain et une long\u00e9vit\u00e9 globale.<\/p>","protected":false},"excerpt":{"rendered":"<p>StelomARE\u2122 a \u00e9t\u00e9 m\u00e9ticuleusement con\u00e7u pour d\u00e9fendre et r\u00e9parer les cellules souches, les cellules normales diff\u00e9renci\u00e9es et les t\u00e9lom\u00e8res, tout en augmentant la production\/prolif\u00e9ration des puissants antioxydants internes de l'organisme, des enzymes protectrices des t\u00e9lom\u00e8res et des cellules souches auto-renouvelables.<\/p>\n<p><i><strong>Ces d\u00e9clarations n'ont pas \u00e9t\u00e9 \u00e9valu\u00e9es par la Food and Drug Administration. Ce produit n'est pas destin\u00e9 \u00e0 diagnostiquer, traiter, gu\u00e9rir ou pr\u00e9venir une quelconque maladie.<\/strong><\/i><\/p>\n<p>400 QV \/ 75 DB \/ 250 CV<\/p>","protected":false},"featured_media":75692,"template":"","meta":{"footnotes":""},"product_brand":[],"product_cat":[80],"product_tag":[149,174,132,112,131],"class_list":{"0":"post-49803","1":"product","2":"type-product","3":"status-publish","4":"has-post-thumbnail","6":"product_cat-beauty-health-supplements","7":"product_tag-anti-aging","8":"product_tag-anti-inflammatory","9":"product_tag-antioxidants","10":"product_tag-cell-renewal","11":"product_tag-stem-cells","12":"product_shipping_class-shipping-class-2","13":"has-subscription-plans","15":"first","16":"instock","17":"taxable","18":"shipping-taxable","19":"purchasable","20":"product-type-simple"},"bundled_by":[],"bundle_stock_status":"instock","bundle_stock_quantity":null,"bundle_virtual":false,"bundle_layout":"","bundle_add_to_cart_form_location":"","bundle_editable_in_cart":false,"bundle_sold_individually_context":"","bundle_item_grouping":"","bundle_min_size":"","bundle_max_size":"","bundle_price":[],"bundled_items":[],"bundle_sell_ids":[],"group_of_quantity":0,"min_quantity":0,"max_quantity":"","exclude_order_quantity_value_rules":"no","exclude_category_quantity_rules":"no","combine_variations":"no","_links":{"self":[{"href":"https:\/\/2024.shoply.com\/fr\/wp-json\/wp\/v2\/product\/49803","targetHints":{"allow":["GET"]}}],"collection":[{"href":"https:\/\/2024.shoply.com\/fr\/wp-json\/wp\/v2\/product"}],"about":[{"href":"https:\/\/2024.shoply.com\/fr\/wp-json\/wp\/v2\/types\/product"}],"version-history":[{"count":1,"href":"https:\/\/2024.shoply.com\/fr\/wp-json\/wp\/v2\/product\/49803\/revisions"}],"predecessor-version":[{"id":130436,"href":"https:\/\/2024.shoply.com\/fr\/wp-json\/wp\/v2\/product\/49803\/revisions\/130436"}],"wp:featuredmedia":[{"embeddable":true,"href":"https:\/\/2024.shoply.com\/fr\/wp-json\/wp\/v2\/media\/75692"}],"wp:attachment":[{"href":"https:\/\/2024.shoply.com\/fr\/wp-json\/wp\/v2\/media?parent=49803"}],"wp:term":[{"taxonomy":"product_brand","embeddable":true,"href":"https:\/\/2024.shoply.com\/fr\/wp-json\/wp\/v2\/product_brand?post=49803"},{"taxonomy":"product_cat","embeddable":true,"href":"https:\/\/2024.shoply.com\/fr\/wp-json\/wp\/v2\/product_cat?post=49803"},{"taxonomy":"product_tag","embeddable":true,"href":"https:\/\/2024.shoply.com\/fr\/wp-json\/wp\/v2\/product_tag?post=49803"}],"curies":[{"name":"wp","href":"https:\/\/api.w.org\/{rel}","templated":true}]}}