{"id":61905,"date":"2024-09-19T14:41:31","date_gmt":"2024-09-19T19:41:31","guid":{"rendered":"https:\/\/shoply.com\/?post_type=product&#038;p=61905"},"modified":"2025-02-20T17:49:05","modified_gmt":"2025-02-20T22:49:05","slug":"step-8-finale-finishing-spray","status":"publish","type":"product","link":"https:\/\/2024.shoply.com\/fr\/produit\/step-8-finale-finishing-spray\/","title":{"rendered":"\u00c9TAPE 8 | Spray de finition Finale"},"content":{"rendered":"<p class=\"\">Le spray de finition Finale est la huiti\u00e8me \u00e9tape de notre technologie de renouvellement cellulaire Bo Stegall | The Collection\u2122, dont la marque est d\u00e9pos\u00e9e.<\/p>\n<p class=\"\"><strong>AVANT<\/strong> en utilisant le spray de finition Finale, assurez-vous d'avoir appliqu\u00e9 la boue curative de l'\u00e9tape 7.<\/p>\n<p class=\"\"><span class=\"s1\"><strong>DIRECTIVES :<\/strong> Vaporiser \u00e0 une distance de 6 \u00e0 8 pouces des cheveux, une fois la coiffure termin\u00e9e. Le premier spray STRONG HOLD de sa cat\u00e9gorie qui vous permet d'obtenir une tenue forte tout en passant vos mains dans vos cheveux. Notre technologie 3D vous permet de cr\u00e9er le niveau de tenue que vous souhaitez. Plus vous vaporisez de couches (en peignant les cheveux entre les vaporisations), plus vous obtiendrez une tenue forte. <\/span><\/p>\n<p>&nbsp;<\/p>\n<p><strong>MES CHEVEUX S'\u00c9CLAIRCISSENT OU TOMBENT !<\/strong><\/p>\n<p><iframe title=\"2) Mes cheveux s&#039;\u00e9claircissent ! Que dois-je faire ?\" width=\"500\" height=\"281\" src=\"https:\/\/www.youtube.com\/embed\/z3gqRLaXzhs?feature=oembed\" frameborder=\"0\" allow=\"accelerometer; autoplay; clipboard-write; encrypted-media; gyroscope; picture-in-picture; web-share\" referrerpolicy=\"strict-origin-when-cross-origin\" allowfullscreen><\/iframe><\/p>\n<p>&nbsp;<\/p>\n<p><strong>MES CHEVEUX SONT SECS ET AB\u00ceM\u00c9S !<\/strong><\/p>\n<p><iframe title=\"3) Mes cheveux sont secs et ab\u00eem\u00e9s ! Que dois-je faire ?\" width=\"500\" height=\"281\" src=\"https:\/\/www.youtube.com\/embed\/-7EXsI1sX7Q?feature=oembed\" frameborder=\"0\" allow=\"accelerometer; autoplay; clipboard-write; encrypted-media; gyroscope; picture-in-picture; web-share\" referrerpolicy=\"strict-origin-when-cross-origin\" allowfullscreen><\/iframe><\/p>\n<p>&nbsp;<\/p>\n<p><strong>MES CHEVEUX N'ONT PAS DE VOLUME !<\/strong><\/p>\n<p><iframe title=\"5) Mes cheveux n&#039;ont pas de volume ! Que dois-je faire ?\" width=\"500\" height=\"281\" src=\"https:\/\/www.youtube.com\/embed\/Iax6R0fgGIA?feature=oembed\" frameborder=\"0\" allow=\"accelerometer; autoplay; clipboard-write; encrypted-media; gyroscope; picture-in-picture; web-share\" referrerpolicy=\"strict-origin-when-cross-origin\" allowfullscreen><\/iframe><\/p>\n<p>&nbsp;<\/p>\n<p><strong>J'AI DES POINTES FOURCHUES !<\/strong><\/p>\n<p><iframe title=\"8) J&#039;ai des pointes fourchues Que dois-je faire ?\" width=\"500\" height=\"281\" src=\"https:\/\/www.youtube.com\/embed\/ZJk95Thr6p8?feature=oembed\" frameborder=\"0\" allow=\"accelerometer; autoplay; clipboard-write; encrypted-media; gyroscope; picture-in-picture; web-share\" referrerpolicy=\"strict-origin-when-cross-origin\" allowfullscreen><\/iframe><\/p>\n<p>&nbsp;<\/p>\n<p><strong>MES CHEVEUX ET MON CUIR CHEVELU SONT GRAS !<\/strong><\/p>\n<p><iframe title=\"6) J&#039;ai un cuir chevelu gras, que dois-je faire ?\" width=\"500\" height=\"281\" src=\"https:\/\/www.youtube.com\/embed\/_z6gpZyDNRc?feature=oembed\" frameborder=\"0\" allow=\"accelerometer; autoplay; clipboard-write; encrypted-media; gyroscope; picture-in-picture; web-share\" referrerpolicy=\"strict-origin-when-cross-origin\" allowfullscreen><\/iframe><\/p>\n<p>&nbsp;<\/p>\n<p><strong>MES CHEVEUX SONT BOUCL\u00c9S OU ONDUL\u00c9S !<\/strong><\/p>\n<p><iframe title=\"4) Mes cheveux sont boucl\u00e9s Que dois-je faire ?\" width=\"500\" height=\"281\" src=\"https:\/\/www.youtube.com\/embed\/_2RLR4ekVVE?feature=oembed\" frameborder=\"0\" allow=\"accelerometer; autoplay; clipboard-write; encrypted-media; gyroscope; picture-in-picture; web-share\" referrerpolicy=\"strict-origin-when-cross-origin\" allowfullscreen><\/iframe><\/p>","protected":false},"excerpt":{"rendered":"<p>Le spray de finition Finale est la huiti\u00e8me \u00e9tape de notre technologie de renouvellement cellulaire Bo Stegall | The Collection\u2122, dont la marque est d\u00e9pos\u00e9e.<\/p>\n<p><strong>PAR O\u00d9 COMMENCER AVEC BO STEGALL ?<\/strong><\/p>\n<p>https:\/\/youtu.be\/P4oB0ALtszw?si=uIDmd4gWvDVM7cm<\/p>","protected":false},"featured_media":67142,"template":"","meta":{"footnotes":""},"product_brand":[],"product_cat":[80],"product_tag":[149,174,112,141,110,185],"class_list":{"0":"post-61905","1":"product","2":"type-product","3":"status-publish","4":"has-post-thumbnail","6":"product_cat-beauty-health-supplements","7":"product_tag-anti-aging","8":"product_tag-anti-inflammatory","9":"product_tag-cell-renewal","10":"product_tag-collagen","11":"product_tag-hair","12":"product_tag-organic","13":"product_shipping_class-shipping-class-1","14":"has-subscription-plans","16":"first","17":"instock","18":"taxable","19":"shipping-taxable","20":"purchasable","21":"product-type-simple"},"bundled_by":[],"bundle_stock_status":"instock","bundle_stock_quantity":null,"bundle_virtual":false,"bundle_layout":"","bundle_add_to_cart_form_location":"","bundle_editable_in_cart":false,"bundle_sold_individually_context":"","bundle_item_grouping":"","bundle_min_size":"","bundle_max_size":"","bundle_price":[],"bundled_items":[],"bundle_sell_ids":[],"group_of_quantity":0,"min_quantity":0,"max_quantity":"","exclude_order_quantity_value_rules":"no","exclude_category_quantity_rules":"no","combine_variations":"no","_links":{"self":[{"href":"https:\/\/2024.shoply.com\/fr\/wp-json\/wp\/v2\/product\/61905","targetHints":{"allow":["GET"]}}],"collection":[{"href":"https:\/\/2024.shoply.com\/fr\/wp-json\/wp\/v2\/product"}],"about":[{"href":"https:\/\/2024.shoply.com\/fr\/wp-json\/wp\/v2\/types\/product"}],"version-history":[{"count":2,"href":"https:\/\/2024.shoply.com\/fr\/wp-json\/wp\/v2\/product\/61905\/revisions"}],"predecessor-version":[{"id":139473,"href":"https:\/\/2024.shoply.com\/fr\/wp-json\/wp\/v2\/product\/61905\/revisions\/139473"}],"wp:featuredmedia":[{"embeddable":true,"href":"https:\/\/2024.shoply.com\/fr\/wp-json\/wp\/v2\/media\/67142"}],"wp:attachment":[{"href":"https:\/\/2024.shoply.com\/fr\/wp-json\/wp\/v2\/media?parent=61905"}],"wp:term":[{"taxonomy":"product_brand","embeddable":true,"href":"https:\/\/2024.shoply.com\/fr\/wp-json\/wp\/v2\/product_brand?post=61905"},{"taxonomy":"product_cat","embeddable":true,"href":"https:\/\/2024.shoply.com\/fr\/wp-json\/wp\/v2\/product_cat?post=61905"},{"taxonomy":"product_tag","embeddable":true,"href":"https:\/\/2024.shoply.com\/fr\/wp-json\/wp\/v2\/product_tag?post=61905"}],"curies":[{"name":"wp","href":"https:\/\/api.w.org\/{rel}","templated":true}]}}