{"id":61950,"date":"2024-09-19T17:11:57","date_gmt":"2024-09-19T22:11:57","guid":{"rendered":"https:\/\/shoply.com\/?post_type=product&#038;p=61950"},"modified":"2025-02-20T18:24:38","modified_gmt":"2025-02-20T23:24:38","slug":"hair-masque-cell-renewal-technology","status":"publish","type":"product","link":"https:\/\/2024.shoply.com\/fr\/produit\/hair-masque-cell-renewal-technology\/","title":{"rendered":"MASQUE POUR CHEVEUX - Technologie de renouvellement cellulaire"},"content":{"rendered":"<p class=\"\"><strong>Masque capillaire Cell Renewal<\/strong> est l'\u00e9tape sup\u00e9rieure \u00e0 tous les traitements en profondeur de notre marque d\u00e9pos\u00e9e Bo Stegall | The Collection\u2122 Cell Renewal Technology.<\/p>\n<p class=\"\"><strong>POSTULER <\/strong>en commen\u00e7ant par les pointes, puis en remontant vers le milieu de la chevelure et le cuir chevelu. Laisser agir pendant 5 \u00e0 10 minutes ou plus avant de rincer abondamment \u00e0 l'eau ti\u00e8de ou froide. Peut \u00eatre utilis\u00e9 comme deuxi\u00e8me conditionneur sous la douche.<\/p>\n<p class=\"\"><strong>CONTINUER<\/strong> avec STEP 4 Hydrovital Mist.<\/p>\n<p>&nbsp;<\/p>\n<p><strong>MES CHEVEUX S'\u00c9CLAIRCISSENT OU TOMBENT !<\/strong><\/p>\n<p><iframe title=\"2) Mes cheveux s&#039;\u00e9claircissent ! Que dois-je faire ?\" width=\"500\" height=\"281\" src=\"https:\/\/www.youtube.com\/embed\/z3gqRLaXzhs?feature=oembed\" frameborder=\"0\" allow=\"accelerometer; autoplay; clipboard-write; encrypted-media; gyroscope; picture-in-picture; web-share\" referrerpolicy=\"strict-origin-when-cross-origin\" allowfullscreen><\/iframe><\/p>\n<p>&nbsp;<\/p>\n<p><strong>MES CHEVEUX N'ONT PAS DE VOLUME !<\/strong><\/p>\n<p><iframe title=\"5) Mes cheveux n&#039;ont pas de volume ! Que dois-je faire ?\" width=\"500\" height=\"281\" src=\"https:\/\/www.youtube.com\/embed\/Iax6R0fgGIA?feature=oembed\" frameborder=\"0\" allow=\"accelerometer; autoplay; clipboard-write; encrypted-media; gyroscope; picture-in-picture; web-share\" referrerpolicy=\"strict-origin-when-cross-origin\" allowfullscreen><\/iframe><\/p>\n<p>&nbsp;<\/p>\n<p><strong>J'AI DES POINTES FOURCHUES !<\/strong><\/p>\n<p><iframe title=\"8) J&#039;ai des pointes fourchues Que dois-je faire ?\" width=\"500\" height=\"281\" src=\"https:\/\/www.youtube.com\/embed\/ZJk95Thr6p8?feature=oembed\" frameborder=\"0\" allow=\"accelerometer; autoplay; clipboard-write; encrypted-media; gyroscope; picture-in-picture; web-share\" referrerpolicy=\"strict-origin-when-cross-origin\" allowfullscreen><\/iframe><\/p>\n<p>&nbsp;<\/p>\n<p><strong>MES CHEVEUX ET MON CUIR CHEVELU SONT GRAS !<\/strong><\/p>\n<p><iframe title=\"6) J&#039;ai un cuir chevelu gras, que dois-je faire ?\" width=\"500\" height=\"281\" src=\"https:\/\/www.youtube.com\/embed\/_z6gpZyDNRc?feature=oembed\" frameborder=\"0\" allow=\"accelerometer; autoplay; clipboard-write; encrypted-media; gyroscope; picture-in-picture; web-share\" referrerpolicy=\"strict-origin-when-cross-origin\" allowfullscreen><\/iframe><\/p>\n<p>&nbsp;<\/p>\n<p><strong>MES CHEVEUX SONT BOUCL\u00c9S OU ONDUL\u00c9S !<\/strong><\/p>\n<p><iframe title=\"4) Mes cheveux sont boucl\u00e9s Que dois-je faire ?\" width=\"500\" height=\"281\" src=\"https:\/\/www.youtube.com\/embed\/_2RLR4ekVVE?feature=oembed\" frameborder=\"0\" allow=\"accelerometer; autoplay; clipboard-write; encrypted-media; gyroscope; picture-in-picture; web-share\" referrerpolicy=\"strict-origin-when-cross-origin\" allowfullscreen><\/iframe><\/p>","protected":false},"excerpt":{"rendered":"<p><strong>Masque capillaire Cell Renewal<\/strong> est l'\u00e9tape sup\u00e9rieure \u00e0 tous les traitements en profondeur de notre marque d\u00e9pos\u00e9e Bo Stegall | The Collection\u2122 Cell Renewal Technology.<\/p>\n<p><strong>PAR O\u00d9 COMMENCER AVEC BO STEGALL ?<\/strong><\/p>\n<p>https:\/\/youtu.be\/P4oB0ALtszw?si=uIDmd4gWvDVM7cmJ<\/p>\n<p><strong>MES CHEVEUX SONT SECS ET AB\u00ceM\u00c9S !<\/strong><\/p>\n<p>https:\/\/youtu.be\/-7EXsI1sX7Q?si=JKh_KOY3J02RXaPg<\/p>","protected":false},"featured_media":66993,"template":"","meta":{"footnotes":""},"product_brand":[],"product_cat":[80],"product_tag":[149,112,141,110,185,131],"class_list":{"0":"post-61950","1":"product","2":"type-product","3":"status-publish","4":"has-post-thumbnail","6":"product_cat-beauty-health-supplements","7":"product_tag-anti-aging","8":"product_tag-cell-renewal","9":"product_tag-collagen","10":"product_tag-hair","11":"product_tag-organic","12":"product_tag-stem-cells","13":"product_shipping_class-shipping-class-1","14":"has-subscription-plans","16":"first","17":"instock","18":"taxable","19":"shipping-taxable","20":"purchasable","21":"product-type-simple"},"bundled_by":[],"bundle_stock_status":"instock","bundle_stock_quantity":null,"bundle_virtual":false,"bundle_layout":"","bundle_add_to_cart_form_location":"","bundle_editable_in_cart":false,"bundle_sold_individually_context":"","bundle_item_grouping":"","bundle_min_size":"","bundle_max_size":"","bundle_price":[],"bundled_items":[],"bundle_sell_ids":[],"group_of_quantity":0,"min_quantity":0,"max_quantity":"","exclude_order_quantity_value_rules":"no","exclude_category_quantity_rules":"no","combine_variations":"no","_links":{"self":[{"href":"https:\/\/2024.shoply.com\/fr\/wp-json\/wp\/v2\/product\/61950","targetHints":{"allow":["GET"]}}],"collection":[{"href":"https:\/\/2024.shoply.com\/fr\/wp-json\/wp\/v2\/product"}],"about":[{"href":"https:\/\/2024.shoply.com\/fr\/wp-json\/wp\/v2\/types\/product"}],"version-history":[{"count":2,"href":"https:\/\/2024.shoply.com\/fr\/wp-json\/wp\/v2\/product\/61950\/revisions"}],"predecessor-version":[{"id":139464,"href":"https:\/\/2024.shoply.com\/fr\/wp-json\/wp\/v2\/product\/61950\/revisions\/139464"}],"wp:featuredmedia":[{"embeddable":true,"href":"https:\/\/2024.shoply.com\/fr\/wp-json\/wp\/v2\/media\/66993"}],"wp:attachment":[{"href":"https:\/\/2024.shoply.com\/fr\/wp-json\/wp\/v2\/media?parent=61950"}],"wp:term":[{"taxonomy":"product_brand","embeddable":true,"href":"https:\/\/2024.shoply.com\/fr\/wp-json\/wp\/v2\/product_brand?post=61950"},{"taxonomy":"product_cat","embeddable":true,"href":"https:\/\/2024.shoply.com\/fr\/wp-json\/wp\/v2\/product_cat?post=61950"},{"taxonomy":"product_tag","embeddable":true,"href":"https:\/\/2024.shoply.com\/fr\/wp-json\/wp\/v2\/product_tag?post=61950"}],"curies":[{"name":"wp","href":"https:\/\/api.w.org\/{rel}","templated":true}]}}