{"id":63304,"date":"2024-09-22T13:50:55","date_gmt":"2024-09-22T18:50:55","guid":{"rendered":"https:\/\/shoply.com\/?post_type=product&#038;p=63304"},"modified":"2025-03-05T13:21:52","modified_gmt":"2025-03-05T18:21:52","slug":"dry-frizzy-healing-bundle","status":"publish","type":"product","link":"https:\/\/2024.shoply.com\/fr\/produit\/dry-frizzy-healing-bundle\/","title":{"rendered":"ENSEMBLE DE SOINS POUR LES CHEVEUX SECS\/FRIZZY"},"content":{"rendered":"<div id=\"yui_3_17_2_1_1727030532838_123\" class=\"product-excerpt\">\n<p>&nbsp;<\/p>\n<p>&nbsp;<\/p>\n<h1><strong><em>LA SOLUTION COMPREND :<\/em><\/strong><\/h1>\n<h1>BROUILLARD HYDROVITAL<\/h1>\n<p class=\"\">-(Fournit des nutriments et des vitamines)<\/p>\n<h1>TH\u00c9RAPIE \u00c0 BASE DE PEPTIDES AMIN\u00c9S DE SOIE<\/h1>\n<p class=\"sqsrte-small\">-(Reconstitue les liens bris\u00e9s par les dommages caus\u00e9s par la chaleur ou la couleur)<\/p>\n<h1>ARGILE CURATIVE<\/h1>\n<p class=\"\">-(\u00e9limine les accumulations qui causent les frisottis et dompte les frisottis)<\/p>\n<h1>MASQUE CAPILLAIRE DE RENOUVELLEMENT CELLULAIRE<\/h1>\n<p class=\"\">-(Scelle instantan\u00e9ment l'humidit\u00e9 et les prot\u00e9ines pour hydrater et renforcer les cheveux secs\/endommag\u00e9s)<\/p>\n<p>&nbsp;<\/p>\n<\/div>\n<p>&nbsp;<\/p>\n<p><strong>PAR O\u00d9 COMMENCER AVEC BO STEGALL ?<\/strong><\/p>\n<p><iframe title=\"1) Avec quels produits dois-je commencer ? Je suis nouveau !\" width=\"500\" height=\"375\" src=\"https:\/\/www.youtube.com\/embed\/P4oB0ALtszw?feature=oembed\" frameborder=\"0\" allow=\"accelerometer; autoplay; clipboard-write; encrypted-media; gyroscope; picture-in-picture; web-share\" referrerpolicy=\"strict-origin-when-cross-origin\" allowfullscreen><\/iframe><\/p>\n<p>&nbsp;<\/p>\n<p><strong>MES CHEVEUX S'\u00c9CLAIRCISSENT OU TOMBENT !<\/strong><\/p>\n<p><iframe title=\"2) Mes cheveux s&#039;\u00e9claircissent ! Que dois-je faire ?\" width=\"500\" height=\"281\" src=\"https:\/\/www.youtube.com\/embed\/z3gqRLaXzhs?feature=oembed\" frameborder=\"0\" allow=\"accelerometer; autoplay; clipboard-write; encrypted-media; gyroscope; picture-in-picture; web-share\" referrerpolicy=\"strict-origin-when-cross-origin\" allowfullscreen><\/iframe><\/p>\n<p>&nbsp;<\/p>\n<p><strong>MES CHEVEUX N'ONT PAS DE VOLUME !<\/strong><\/p>\n<p><iframe title=\"5) Mes cheveux n&#039;ont pas de volume ! Que dois-je faire ?\" width=\"500\" height=\"281\" src=\"https:\/\/www.youtube.com\/embed\/Iax6R0fgGIA?feature=oembed\" frameborder=\"0\" allow=\"accelerometer; autoplay; clipboard-write; encrypted-media; gyroscope; picture-in-picture; web-share\" referrerpolicy=\"strict-origin-when-cross-origin\" allowfullscreen><\/iframe><\/p>\n<p>&nbsp;<\/p>\n<p><strong>J'AI DES POINTES FOURCHUES !<\/strong><\/p>\n<p><iframe title=\"8) J&#039;ai des pointes fourchues Que dois-je faire ?\" width=\"500\" height=\"281\" src=\"https:\/\/www.youtube.com\/embed\/ZJk95Thr6p8?feature=oembed\" frameborder=\"0\" allow=\"accelerometer; autoplay; clipboard-write; encrypted-media; gyroscope; picture-in-picture; web-share\" referrerpolicy=\"strict-origin-when-cross-origin\" allowfullscreen><\/iframe><\/p>\n<p>&nbsp;<\/p>\n<p><strong>MES CHEVEUX ET MON CUIR CHEVELU SONT GRAS !<\/strong><\/p>\n<p><iframe title=\"6) J&#039;ai un cuir chevelu gras, que dois-je faire ?\" width=\"500\" height=\"281\" src=\"https:\/\/www.youtube.com\/embed\/_z6gpZyDNRc?feature=oembed\" frameborder=\"0\" allow=\"accelerometer; autoplay; clipboard-write; encrypted-media; gyroscope; picture-in-picture; web-share\" referrerpolicy=\"strict-origin-when-cross-origin\" allowfullscreen><\/iframe><\/p>\n<p>&nbsp;<\/p>\n<p><strong>MES CHEVEUX SONT BOUCL\u00c9S OU ONDUL\u00c9S !<\/strong><\/p>\n<p><iframe title=\"4) Mes cheveux sont boucl\u00e9s Que dois-je faire ?\" width=\"500\" height=\"281\" src=\"https:\/\/www.youtube.com\/embed\/_2RLR4ekVVE?feature=oembed\" frameborder=\"0\" allow=\"accelerometer; autoplay; clipboard-write; encrypted-media; gyroscope; picture-in-picture; web-share\" referrerpolicy=\"strict-origin-when-cross-origin\" allowfullscreen><\/iframe><\/p>","protected":false},"excerpt":{"rendered":"<p>Cet ensemble de soins curatifs permet de r\u00e9parer les cheveux cr\u00e9pus, de soigner les cheveux ab\u00eem\u00e9s et de nourrir les cheveux secs.<\/p>\n<p>https:\/\/youtu.be\/-7EXsI1sX7Q?si=MSXIJEYqbSQS1x4y<\/p>","protected":false},"featured_media":67128,"template":"","meta":{"footnotes":""},"product_brand":[],"product_cat":[1053,80],"product_tag":[149,112,153,110,185,131],"class_list":{"0":"post-63304","1":"product","2":"type-product","3":"status-publish","4":"has-post-thumbnail","6":"product_cat-affiliate-bundle","7":"product_cat-beauty-health-supplements","8":"product_tag-anti-aging","9":"product_tag-cell-renewal","10":"product_tag-cleanser","11":"product_tag-hair","12":"product_tag-organic","13":"product_tag-stem-cells","14":"product_shipping_class-shipping-class-1","15":"has-subscription-plans","17":"first","18":"instock","19":"taxable","20":"shipping-taxable","21":"purchasable","22":"product-type-simple"},"bundled_by":[],"bundle_stock_status":"instock","bundle_stock_quantity":null,"bundle_virtual":false,"bundle_layout":"","bundle_add_to_cart_form_location":"","bundle_editable_in_cart":false,"bundle_sold_individually_context":"","bundle_item_grouping":"","bundle_min_size":"","bundle_max_size":"","bundle_price":[],"bundled_items":[],"bundle_sell_ids":[],"group_of_quantity":0,"min_quantity":0,"max_quantity":"","exclude_order_quantity_value_rules":"no","exclude_category_quantity_rules":"no","combine_variations":"no","_links":{"self":[{"href":"https:\/\/2024.shoply.com\/fr\/wp-json\/wp\/v2\/product\/63304","targetHints":{"allow":["GET"]}}],"collection":[{"href":"https:\/\/2024.shoply.com\/fr\/wp-json\/wp\/v2\/product"}],"about":[{"href":"https:\/\/2024.shoply.com\/fr\/wp-json\/wp\/v2\/types\/product"}],"version-history":[{"count":4,"href":"https:\/\/2024.shoply.com\/fr\/wp-json\/wp\/v2\/product\/63304\/revisions"}],"predecessor-version":[{"id":147280,"href":"https:\/\/2024.shoply.com\/fr\/wp-json\/wp\/v2\/product\/63304\/revisions\/147280"}],"wp:featuredmedia":[{"embeddable":true,"href":"https:\/\/2024.shoply.com\/fr\/wp-json\/wp\/v2\/media\/67128"}],"wp:attachment":[{"href":"https:\/\/2024.shoply.com\/fr\/wp-json\/wp\/v2\/media?parent=63304"}],"wp:term":[{"taxonomy":"product_brand","embeddable":true,"href":"https:\/\/2024.shoply.com\/fr\/wp-json\/wp\/v2\/product_brand?post=63304"},{"taxonomy":"product_cat","embeddable":true,"href":"https:\/\/2024.shoply.com\/fr\/wp-json\/wp\/v2\/product_cat?post=63304"},{"taxonomy":"product_tag","embeddable":true,"href":"https:\/\/2024.shoply.com\/fr\/wp-json\/wp\/v2\/product_tag?post=63304"}],"curies":[{"name":"wp","href":"https:\/\/api.w.org\/{rel}","templated":true}]}}