{"id":63317,"date":"2024-09-22T14:17:53","date_gmt":"2024-09-22T19:17:53","guid":{"rendered":"https:\/\/shoply.com\/?post_type=product&#038;p=63317"},"modified":"2025-03-07T12:23:22","modified_gmt":"2025-03-07T17:23:22","slug":"curly-hair-bundle","status":"publish","type":"product","link":"https:\/\/2024.shoply.com\/fr\/produit\/curly-hair-bundle\/","title":{"rendered":"FAGOT DE CHEVEUX BOUCL\u00c9S"},"content":{"rendered":"<h1><strong><em>LA SOLUTION COMPREND :<\/em><\/strong><\/h1>\n<h1>\u00c9LEVER L'AMPLIFICATEUR DE RACINE<\/h1>\n<p class=\"\">-(Cr\u00e9e des boucles d\u00e9finies gr\u00e2ce \u00e0 la m\u00e9moire des boucles et soul\u00e8ve les cheveux \u00e0 la racine)<\/p>\n<h1>TH\u00c9RAPIE \u00c0 BASE DE PEPTIDES AMIN\u00c9S DE SOIE<\/h1>\n<p class=\"\">-(R\u00e9pare les liaisons bris\u00e9es tout en ajoutant de la brillance et de la tenue \u00e0 vos boucles ou ondulations naturelles)<\/p>\n<h1>ARGILE CURATIVE<\/h1>\n<p class=\"\">-(\u00c9limine les frisottis et dompte les m\u00e8ches rebelles tout en prot\u00e9geant les cheveux de l'humidit\u00e9)<\/p>\n<p>&nbsp;<\/p>\n<p><strong>PAR O\u00d9 COMMENCER AVEC BO STEGALL ?<\/strong><\/p>\n<p><iframe title=\"1) Avec quels produits dois-je commencer ? Je suis nouveau !\" width=\"500\" height=\"375\" src=\"https:\/\/www.youtube.com\/embed\/P4oB0ALtszw?feature=oembed\" frameborder=\"0\" allow=\"accelerometer; autoplay; clipboard-write; encrypted-media; gyroscope; picture-in-picture; web-share\" referrerpolicy=\"strict-origin-when-cross-origin\" allowfullscreen><\/iframe><\/p>\n<p>&nbsp;<\/p>\n<p><strong>MES CHEVEUX S'\u00c9CLAIRCISSENT OU TOMBENT !<\/strong><\/p>\n<p><iframe title=\"2) Mes cheveux s&#039;\u00e9claircissent ! Que dois-je faire ?\" width=\"500\" height=\"281\" src=\"https:\/\/www.youtube.com\/embed\/z3gqRLaXzhs?feature=oembed\" frameborder=\"0\" allow=\"accelerometer; autoplay; clipboard-write; encrypted-media; gyroscope; picture-in-picture; web-share\" referrerpolicy=\"strict-origin-when-cross-origin\" allowfullscreen><\/iframe><\/p>\n<p>&nbsp;<\/p>\n<p><strong>MES CHEVEUX SONT SECS ET AB\u00ceM\u00c9S !<\/strong><\/p>\n<p><iframe title=\"3) Mes cheveux sont secs et ab\u00eem\u00e9s ! Que dois-je faire ?\" width=\"500\" height=\"281\" src=\"https:\/\/www.youtube.com\/embed\/-7EXsI1sX7Q?feature=oembed\" frameborder=\"0\" allow=\"accelerometer; autoplay; clipboard-write; encrypted-media; gyroscope; picture-in-picture; web-share\" referrerpolicy=\"strict-origin-when-cross-origin\" allowfullscreen><\/iframe><\/p>\n<p>&nbsp;<\/p>\n<p><strong>MES CHEVEUX N'ONT PAS DE VOLUME !<\/strong><\/p>\n<p><iframe title=\"5) Mes cheveux n&#039;ont pas de volume ! Que dois-je faire ?\" width=\"500\" height=\"281\" src=\"https:\/\/www.youtube.com\/embed\/Iax6R0fgGIA?feature=oembed\" frameborder=\"0\" allow=\"accelerometer; autoplay; clipboard-write; encrypted-media; gyroscope; picture-in-picture; web-share\" referrerpolicy=\"strict-origin-when-cross-origin\" allowfullscreen><\/iframe><\/p>\n<p>&nbsp;<\/p>\n<p><strong>J'AI DES POINTES FOURCHUES !<\/strong><\/p>\n<p><iframe title=\"8) J&#039;ai des pointes fourchues Que dois-je faire ?\" width=\"500\" height=\"281\" src=\"https:\/\/www.youtube.com\/embed\/ZJk95Thr6p8?feature=oembed\" frameborder=\"0\" allow=\"accelerometer; autoplay; clipboard-write; encrypted-media; gyroscope; picture-in-picture; web-share\" referrerpolicy=\"strict-origin-when-cross-origin\" allowfullscreen><\/iframe><\/p>\n<p>&nbsp;<\/p>\n<p><strong>MES CHEVEUX ET MON CUIR CHEVELU SONT GRAS !<\/strong><\/p>\n<p><iframe title=\"6) J&#039;ai un cuir chevelu gras, que dois-je faire ?\" width=\"500\" height=\"281\" src=\"https:\/\/www.youtube.com\/embed\/_z6gpZyDNRc?feature=oembed\" frameborder=\"0\" allow=\"accelerometer; autoplay; clipboard-write; encrypted-media; gyroscope; picture-in-picture; web-share\" referrerpolicy=\"strict-origin-when-cross-origin\" allowfullscreen><\/iframe><\/p>","protected":false},"excerpt":{"rendered":"<p>Ce CURL TRIO a \u00e9t\u00e9 formul\u00e9 pour s'adapter \u00e0 tous les types de cheveux \"boucl\u00e9s\" ou \"ondul\u00e9s\" ! Le CURLY HAIR BUNDLE \u00e9limine les frisottis et les m\u00e8ches rebelles de vos boucles et les d\u00e9finit. Ces produits cr\u00e9ent une coiffure durable sans accumulation de produit.<\/p>\n<p>https:\/\/youtu.be\/_2RLR4ekVVE?si=G1dpX72MgKTACzfZ<\/p>","protected":false},"featured_media":67126,"template":"","meta":{"footnotes":""},"product_brand":[],"product_cat":[1053,80],"product_tag":[149,112,110,185,131],"class_list":{"0":"post-63317","1":"product","2":"type-product","3":"status-publish","4":"has-post-thumbnail","6":"product_cat-affiliate-bundle","7":"product_cat-beauty-health-supplements","8":"product_tag-anti-aging","9":"product_tag-cell-renewal","10":"product_tag-hair","11":"product_tag-organic","12":"product_tag-stem-cells","13":"product_shipping_class-shipping-class-1","14":"has-subscription-plans","16":"first","17":"instock","18":"taxable","19":"shipping-taxable","20":"purchasable","21":"product-type-simple"},"bundled_by":[],"bundle_stock_status":"instock","bundle_stock_quantity":null,"bundle_virtual":false,"bundle_layout":"","bundle_add_to_cart_form_location":"","bundle_editable_in_cart":false,"bundle_sold_individually_context":"","bundle_item_grouping":"","bundle_min_size":"","bundle_max_size":"","bundle_price":[],"bundled_items":[],"bundle_sell_ids":[],"group_of_quantity":0,"min_quantity":0,"max_quantity":"","exclude_order_quantity_value_rules":"no","exclude_category_quantity_rules":"no","combine_variations":"no","_links":{"self":[{"href":"https:\/\/2024.shoply.com\/fr\/wp-json\/wp\/v2\/product\/63317","targetHints":{"allow":["GET"]}}],"collection":[{"href":"https:\/\/2024.shoply.com\/fr\/wp-json\/wp\/v2\/product"}],"about":[{"href":"https:\/\/2024.shoply.com\/fr\/wp-json\/wp\/v2\/types\/product"}],"version-history":[{"count":2,"href":"https:\/\/2024.shoply.com\/fr\/wp-json\/wp\/v2\/product\/63317\/revisions"}],"predecessor-version":[{"id":143882,"href":"https:\/\/2024.shoply.com\/fr\/wp-json\/wp\/v2\/product\/63317\/revisions\/143882"}],"wp:featuredmedia":[{"embeddable":true,"href":"https:\/\/2024.shoply.com\/fr\/wp-json\/wp\/v2\/media\/67126"}],"wp:attachment":[{"href":"https:\/\/2024.shoply.com\/fr\/wp-json\/wp\/v2\/media?parent=63317"}],"wp:term":[{"taxonomy":"product_brand","embeddable":true,"href":"https:\/\/2024.shoply.com\/fr\/wp-json\/wp\/v2\/product_brand?post=63317"},{"taxonomy":"product_cat","embeddable":true,"href":"https:\/\/2024.shoply.com\/fr\/wp-json\/wp\/v2\/product_cat?post=63317"},{"taxonomy":"product_tag","embeddable":true,"href":"https:\/\/2024.shoply.com\/fr\/wp-json\/wp\/v2\/product_tag?post=63317"}],"curies":[{"name":"wp","href":"https:\/\/api.w.org\/{rel}","templated":true}]}}