{"id":69369,"date":"2024-09-28T20:00:12","date_gmt":"2024-09-29T01:00:12","guid":{"rendered":"https:\/\/shoply.com\/?post_type=product&#038;p=69369"},"modified":"2025-03-16T16:22:20","modified_gmt":"2025-03-16T21:22:20","slug":"charcoal-rose-detox-mask","status":"publish","type":"product","link":"https:\/\/2024.shoply.com\/fr\/produit\/charcoal-rose-detox-mask\/","title":{"rendered":"Masque d\u00e9tox au charbon de bois et \u00e0 la rose"},"content":{"rendered":"<p><img fetchpriority=\"high\" decoding=\"async\" class=\"alignnone size-full wp-image-2113\" src=\"https:\/\/belleandcapri.com\/wp-content\/uploads\/2022\/11\/All_LavenderIcons.png\" alt=\"\" width=\"7584\" height=\"954\" \/><\/p>\n<h5>Ingr\u00e9dients :<br \/>\nWater, Kaolin, Montmorillonite, Organic Lecithin, Polysorbate 20, Butylene Glycol, 1,2-Hexanediol, Caprylyl Glycol, Phenoxyethanol, Xanthan Gum, Iron Oxides, Fragrance, Sodium Acrylate\/Sodium AcryloylDimethyl Taurate Copolymer, Cetyl Alcohol, Glycol Stearate, Charcoal Powder, Glyceryl Stearate, Caprylic\/Capric Triglycerides, Ethylhexylglycerin, Illite, Polyglyceryl-10 Myristate, Polyglycerin-10, Polyglyceryl-10 Stearate, Citric Acid, Sodium Dehydroacetate, Polyquaternium-7<\/h5>","protected":false},"excerpt":{"rendered":"<h3><i><strong>MASQUE D\u00c9TOXIFIANT ET CLARIFIANT<\/strong>K<\/i><\/h3>\n<h5>Vous serez attir\u00e9e comme un aimant par ce masque clarifiant parfum\u00e9 \u00e0 la rose, qui utilise du charbon de bois et trois argiles terrestres pures pour \u00e9liminer les impuret\u00e9s profond\u00e9ment ancr\u00e9es dans vos pores (telles que la salet\u00e9, le s\u00e9bum et la pollution). Les bienfaits d\u00e9toxifiants de ces ingr\u00e9dients naturels donnent \u00e0 votre teint une apparence nette et claire, tandis que la l\u00e9cithine biologique du masque attire l'humidit\u00e9 vers votre peau, r\u00e9v\u00e9lant un \u00e9clat sain en seulement 10 minutes.<\/h5>\n<h5><img decoding=\"async\" class=\"alignnone size-full wp-image-1790\" src=\"https:\/\/belleandcapri.com\/wp-content\/uploads\/2022\/10\/Features-pink-line.jpg\" alt=\"\" width=\"1600\" height=\"134\" \/><br \/>\n- \u00c9limine les huiles et les salet\u00e9s, tout en r\u00e9duisant visiblement les pores.<br \/>\n- Purifie et exfolie en douceur tous les types de peau<br \/>\n- Laisse une sensation de fra\u00eecheur et d'\u00e9clat sur le visage.<\/h5>\n<p><img decoding=\"async\" class=\"alignnone size-full wp-image-1792\" src=\"https:\/\/belleandcapri.com\/wp-content\/uploads\/2022\/10\/Key-Acitves-pink-line.jpg\" alt=\"\" width=\"1600\" height=\"120\" \/><\/p>\n<p><img loading=\"lazy\" decoding=\"async\" class=\"alignnone wp-image-3577 size-large\" src=\"https:\/\/belleandcapri.com\/wp-content\/uploads\/2023\/09\/CharcoalRoseDetoxMask_Icons-1024x163.jpg\" alt=\"\" width=\"1024\" height=\"163\" \/><\/p>\n<p><img loading=\"lazy\" decoding=\"async\" class=\"alignnone size-full wp-image-1791\" src=\"https:\/\/belleandcapri.com\/wp-content\/uploads\/2022\/10\/How-to-benefit-pink-line.jpg\" alt=\"\" width=\"1600\" height=\"105\" \/><\/p>\n<h5>Appliquer uniform\u00e9ment sur une peau propre - comme un masque complet ou sur la zone T, en \u00e9vitant le contour des yeux et des l\u00e8vres. Laissez agir jusqu'\u00e0 20 minutes, puis rincez \u00e0 l'eau ti\u00e8de en massant l\u00e9g\u00e8rement pour retirer le produit. Apr\u00e8s utilisation, appliquez votre cr\u00e8me hydratante Belle &amp; Capri pr\u00e9f\u00e9r\u00e9e. Pour des r\u00e9sultats optimaux, utiliser une \u00e0 deux fois par semaine.<\/h5>","protected":false},"featured_media":109021,"template":"","meta":{"footnotes":""},"product_brand":[],"product_cat":[821,80,382,383,386],"product_tag":[149,111,139,138,137,187,158,140,113],"class_list":{"0":"post-69369","1":"product","2":"type-product","3":"status-publish","4":"has-post-thumbnail","6":"product_cat-beauty","7":"product_cat-beauty-health-supplements","8":"product_cat-health","9":"product_cat-personal-care","10":"product_cat-skin-care","11":"product_tag-anti-aging","12":"product_tag-care","13":"product_tag-detox","14":"product_tag-detoxification","15":"product_tag-essentials","16":"product_tag-gluten-free","17":"product_tag-mask","18":"product_tag-skin-care","19":"product_tag-vegan","20":"product_shipping_class-shipping-class-2","21":"has-subscription-plans","23":"first","24":"instock","25":"sale","26":"taxable","27":"shipping-taxable","28":"purchasable","29":"product-type-simple"},"bundled_by":[],"bundle_stock_status":"instock","bundle_stock_quantity":null,"bundle_virtual":false,"bundle_layout":"","bundle_add_to_cart_form_location":"","bundle_editable_in_cart":false,"bundle_sold_individually_context":"","bundle_item_grouping":"","bundle_min_size":"","bundle_max_size":"","bundle_price":[],"bundled_items":[],"bundle_sell_ids":[],"group_of_quantity":0,"min_quantity":0,"max_quantity":"","exclude_order_quantity_value_rules":"no","exclude_category_quantity_rules":"no","combine_variations":"no","_links":{"self":[{"href":"https:\/\/2024.shoply.com\/fr\/wp-json\/wp\/v2\/product\/69369","targetHints":{"allow":["GET"]}}],"collection":[{"href":"https:\/\/2024.shoply.com\/fr\/wp-json\/wp\/v2\/product"}],"about":[{"href":"https:\/\/2024.shoply.com\/fr\/wp-json\/wp\/v2\/types\/product"}],"version-history":[{"count":1,"href":"https:\/\/2024.shoply.com\/fr\/wp-json\/wp\/v2\/product\/69369\/revisions"}],"predecessor-version":[{"id":126166,"href":"https:\/\/2024.shoply.com\/fr\/wp-json\/wp\/v2\/product\/69369\/revisions\/126166"}],"wp:featuredmedia":[{"embeddable":true,"href":"https:\/\/2024.shoply.com\/fr\/wp-json\/wp\/v2\/media\/109021"}],"wp:attachment":[{"href":"https:\/\/2024.shoply.com\/fr\/wp-json\/wp\/v2\/media?parent=69369"}],"wp:term":[{"taxonomy":"product_brand","embeddable":true,"href":"https:\/\/2024.shoply.com\/fr\/wp-json\/wp\/v2\/product_brand?post=69369"},{"taxonomy":"product_cat","embeddable":true,"href":"https:\/\/2024.shoply.com\/fr\/wp-json\/wp\/v2\/product_cat?post=69369"},{"taxonomy":"product_tag","embeddable":true,"href":"https:\/\/2024.shoply.com\/fr\/wp-json\/wp\/v2\/product_tag?post=69369"}],"curies":[{"name":"wp","href":"https:\/\/api.w.org\/{rel}","templated":true}]}}