{"id":69435,"date":"2024-09-28T20:56:21","date_gmt":"2024-09-29T01:56:21","guid":{"rendered":"https:\/\/shoply.com\/?post_type=product&#038;p=69435"},"modified":"2025-02-08T01:43:20","modified_gmt":"2025-02-08T06:43:20","slug":"acne-bundle","status":"publish","type":"product","link":"https:\/\/2024.shoply.com\/fr\/produit\/acne-bundle\/","title":{"rendered":"Offre group\u00e9e sur l'acn\u00e9"},"content":{"rendered":"<p><img fetchpriority=\"high\" decoding=\"async\" class=\"alignnone wp-image-73813 size-full\" src=\"https:\/\/shoply.com\/wp-content\/uploads\/2024\/10\/All_LavenderIcons-Edited.webp\" alt=\"\" width=\"1600\" height=\"201\" srcset=\"https:\/\/2024.shoply.com\/wp-content\/uploads\/2024\/10\/All_LavenderIcons-Edited.webp 1600w, https:\/\/2024.shoply.com\/wp-content\/uploads\/2024\/10\/All_LavenderIcons-Edited-400x50.webp 400w, https:\/\/2024.shoply.com\/wp-content\/uploads\/2024\/10\/All_LavenderIcons-Edited-1300x163.webp 1300w, https:\/\/2024.shoply.com\/wp-content\/uploads\/2024\/10\/All_LavenderIcons-Edited-768x96.webp 768w, https:\/\/2024.shoply.com\/wp-content\/uploads\/2024\/10\/All_LavenderIcons-Edited-1536x193.webp 1536w, https:\/\/2024.shoply.com\/wp-content\/uploads\/2024\/10\/All_LavenderIcons-Edited-18x2.webp 18w, https:\/\/2024.shoply.com\/wp-content\/uploads\/2024\/10\/All_LavenderIcons-Edited-700x88.webp 700w, https:\/\/2024.shoply.com\/wp-content\/uploads\/2024\/10\/All_LavenderIcons-Edited-150x19.webp 150w, https:\/\/2024.shoply.com\/wp-content\/uploads\/2024\/10\/All_LavenderIcons-Edited-220x28.webp 220w\" sizes=\"(max-width: 1600px) 100vw, 1600px\" \/><\/p>","protected":false},"excerpt":{"rendered":"<h3><strong>Economisez 10% avec cette offre group\u00e9e !<\/strong><\/h3>\n<h5>Bye, bye, les \u00e9ruptions cutan\u00e9es. Ces soins essentiels de Belle &amp; Capri vous aident \u00e0 dire bonjour \u00e0 une peau impeccable !<\/h5>\n<h5>Se prot\u00e9ger contre les \u00e9ruptions cutan\u00e9es :<br \/>\n- Gel nettoyant au concombre<br \/>\n- S\u00e9rum de r\u00e9g\u00e9n\u00e9ration des rides<br \/>\n- Hydratant quotidien<br \/>\n- Solution pour les taches d'acn\u00e9<\/h5>\n<p>&nbsp;<\/p>","protected":false},"featured_media":69436,"template":"","meta":{"footnotes":""},"product_brand":[],"product_cat":[821,80,835,382,383,386],"product_tag":[149,108,111,153,137,154,187,152,150,140,113,157],"class_list":{"0":"post-69435","1":"product","2":"type-product","3":"status-publish","4":"has-post-thumbnail","6":"product_cat-beauty","7":"product_cat-beauty-health-supplements","8":"product_cat-bundles","9":"product_cat-health","10":"product_cat-personal-care","11":"product_cat-skin-care","12":"product_tag-anti-aging","13":"product_tag-bath","14":"product_tag-care","15":"product_tag-cleanser","16":"product_tag-essentials","17":"product_tag-gel","18":"product_tag-gluten-free","19":"product_tag-moisturizer","20":"product_tag-serum","21":"product_tag-skin-care","22":"product_tag-vegan","23":"product_tag-wrinkle","24":"product_shipping_class-shipping-class-2","25":"has-subscription-plans","27":"first","28":"instock","29":"sale","30":"taxable","31":"shipping-taxable","32":"purchasable","33":"product-type-simple"},"bundled_by":[],"bundle_stock_status":"instock","bundle_stock_quantity":null,"bundle_virtual":false,"bundle_layout":"","bundle_add_to_cart_form_location":"","bundle_editable_in_cart":false,"bundle_sold_individually_context":"","bundle_item_grouping":"","bundle_min_size":"","bundle_max_size":"","bundle_price":[],"bundled_items":[],"bundle_sell_ids":[],"group_of_quantity":0,"min_quantity":0,"max_quantity":"","exclude_order_quantity_value_rules":"no","exclude_category_quantity_rules":"no","combine_variations":"no","_links":{"self":[{"href":"https:\/\/2024.shoply.com\/fr\/wp-json\/wp\/v2\/product\/69435","targetHints":{"allow":["GET"]}}],"collection":[{"href":"https:\/\/2024.shoply.com\/fr\/wp-json\/wp\/v2\/product"}],"about":[{"href":"https:\/\/2024.shoply.com\/fr\/wp-json\/wp\/v2\/types\/product"}],"version-history":[{"count":2,"href":"https:\/\/2024.shoply.com\/fr\/wp-json\/wp\/v2\/product\/69435\/revisions"}],"predecessor-version":[{"id":139535,"href":"https:\/\/2024.shoply.com\/fr\/wp-json\/wp\/v2\/product\/69435\/revisions\/139535"}],"wp:featuredmedia":[{"embeddable":true,"href":"https:\/\/2024.shoply.com\/fr\/wp-json\/wp\/v2\/media\/69436"}],"wp:attachment":[{"href":"https:\/\/2024.shoply.com\/fr\/wp-json\/wp\/v2\/media?parent=69435"}],"wp:term":[{"taxonomy":"product_brand","embeddable":true,"href":"https:\/\/2024.shoply.com\/fr\/wp-json\/wp\/v2\/product_brand?post=69435"},{"taxonomy":"product_cat","embeddable":true,"href":"https:\/\/2024.shoply.com\/fr\/wp-json\/wp\/v2\/product_cat?post=69435"},{"taxonomy":"product_tag","embeddable":true,"href":"https:\/\/2024.shoply.com\/fr\/wp-json\/wp\/v2\/product_tag?post=69435"}],"curies":[{"name":"wp","href":"https:\/\/api.w.org\/{rel}","templated":true}]}}