{"id":74337,"date":"2025-01-28T11:34:31","date_gmt":"2025-01-28T16:34:31","guid":{"rendered":"https:\/\/shoply.com\/?post_type=product&#038;p=74337"},"modified":"2025-02-19T20:25:46","modified_gmt":"2025-02-20T01:25:46","slug":"blue-energy-blend","status":"publish","type":"product","link":"https:\/\/2024.shoply.com\/fr\/produit\/blue-energy-blend\/","title":{"rendered":"M\u00e9lange \u00e9nerg\u00e9tique bleu"},"content":{"rendered":"<p>Blue Energy Blend may support hours of natural energy. These convenient, single-serve packs easily move with you to power your active lifestyle, which may help in leaving you calm and alert throughout the day.<\/p>","protected":false},"excerpt":{"rendered":"<p>Blue Energy Blend augments strength and endurance at the cellular level and may increase both stamina and performance. Potent antioxidants may protect the body from damaging free radicals, while natural plant extracts might increase metabolism, may reduce muscle recovery time, and inhibit inflammation, making Blue Energy Blend the perfect addition to your fitness routine.<\/p>\n<p class=\"p1\"><span class=\"s1\"><i>-\u00a0<\/i><\/span><span class=\"s2\"><i>Ces d\u00e9clarations n'ont pas \u00e9t\u00e9 \u00e9valu\u00e9es par la Food and Drug Administration. Ce produit n'est pas destin\u00e9 \u00e0 diagnostiquer, traiter, gu\u00e9rir ou pr\u00e9venir une quelconque maladie.<\/i><\/span><\/p>\n<p>&nbsp;<\/p>\n<p>&nbsp;<\/p>","protected":false},"featured_media":74339,"template":"","meta":{"footnotes":""},"product_brand":[],"product_cat":[80],"product_tag":[],"class_list":{"0":"post-74337","1":"product","2":"type-product","3":"status-publish","4":"has-post-thumbnail","6":"product_cat-beauty-health-supplements","7":"product_shipping_class-shipping-class-1","9":"first","10":"instock","11":"taxable","12":"shipping-taxable","13":"purchasable","14":"product-type-simple"},"bundled_by":[],"bundle_stock_status":"instock","bundle_stock_quantity":null,"bundle_virtual":false,"bundle_layout":"","bundle_add_to_cart_form_location":"","bundle_editable_in_cart":false,"bundle_sold_individually_context":"","bundle_item_grouping":"","bundle_min_size":"","bundle_max_size":"","bundle_price":[],"bundled_items":[],"bundle_sell_ids":[],"group_of_quantity":0,"min_quantity":0,"max_quantity":"","exclude_order_quantity_value_rules":"no","exclude_category_quantity_rules":"no","combine_variations":"no","_links":{"self":[{"href":"https:\/\/2024.shoply.com\/fr\/wp-json\/wp\/v2\/product\/74337","targetHints":{"allow":["GET"]}}],"collection":[{"href":"https:\/\/2024.shoply.com\/fr\/wp-json\/wp\/v2\/product"}],"about":[{"href":"https:\/\/2024.shoply.com\/fr\/wp-json\/wp\/v2\/types\/product"}],"version-history":[{"count":2,"href":"https:\/\/2024.shoply.com\/fr\/wp-json\/wp\/v2\/product\/74337\/revisions"}],"predecessor-version":[{"id":139439,"href":"https:\/\/2024.shoply.com\/fr\/wp-json\/wp\/v2\/product\/74337\/revisions\/139439"}],"wp:featuredmedia":[{"embeddable":true,"href":"https:\/\/2024.shoply.com\/fr\/wp-json\/wp\/v2\/media\/74339"}],"wp:attachment":[{"href":"https:\/\/2024.shoply.com\/fr\/wp-json\/wp\/v2\/media?parent=74337"}],"wp:term":[{"taxonomy":"product_brand","embeddable":true,"href":"https:\/\/2024.shoply.com\/fr\/wp-json\/wp\/v2\/product_brand?post=74337"},{"taxonomy":"product_cat","embeddable":true,"href":"https:\/\/2024.shoply.com\/fr\/wp-json\/wp\/v2\/product_cat?post=74337"},{"taxonomy":"product_tag","embeddable":true,"href":"https:\/\/2024.shoply.com\/fr\/wp-json\/wp\/v2\/product_tag?post=74337"}],"curies":[{"name":"wp","href":"https:\/\/api.w.org\/{rel}","templated":true}]}}