{"id":74382,"date":"2025-01-28T11:42:01","date_gmt":"2025-01-28T16:42:01","guid":{"rendered":"https:\/\/shoply.com\/?post_type=product&#038;p=74382"},"modified":"2025-02-07T15:17:52","modified_gmt":"2025-02-07T20:17:52","slug":"red-for-men","status":"publish","type":"product","link":"https:\/\/2024.shoply.com\/fr\/produit\/red-for-men\/","title":{"rendered":"Rouge pour hommes"},"content":{"rendered":"<p>RED for Men est sp\u00e9cialement adapt\u00e9 aux besoins m\u00e9taboliques et hormonaux de l'homme. Ce suppl\u00e9ment en poudre est con\u00e7u pour aider \u00e0 purifier et \u00e0 \u00e9nergiser le corps, \u00e0 soulager le stress et \u00e0 clarifier l'esprit.<\/p>","protected":false},"excerpt":{"rendered":"<p>Cet anti-inflammatoire pratique peut augmenter les performances physiques et r\u00e9duire le risque d'hypertension art\u00e9rielle et de maladies cardiovasculaires. RED for Men peut \u00e9galement favoriser la sant\u00e9 des voies urinaires et avoir un effet positif sur les niveaux d'hormones afin de promouvoir la virilit\u00e9 et la fonction sexuelle et d'am\u00e9liorer la forme physique et le bien-\u00eatre de l'homme d'aujourd'hui.<\/p>\n<p class=\"p1\"><span class=\"s1\"><i>-\u00a0<\/i><\/span><span class=\"s2\"><i>Ces d\u00e9clarations n'ont pas \u00e9t\u00e9 \u00e9valu\u00e9es par la Food and Drug Administration. Ce produit n'est pas destin\u00e9 \u00e0 diagnostiquer, traiter, gu\u00e9rir ou pr\u00e9venir une quelconque maladie.<\/i><\/span><\/p>\n<p>&nbsp;<\/p>\n<p>&nbsp;<\/p>\n<p>&nbsp;<\/p>","protected":false},"featured_media":74383,"template":"","meta":{"footnotes":""},"product_brand":[],"product_cat":[80],"product_tag":[],"class_list":{"0":"post-74382","1":"product","2":"type-product","3":"status-publish","4":"has-post-thumbnail","6":"product_cat-beauty-health-supplements","7":"product_shipping_class-shipping-class-1","9":"first","10":"instock","11":"taxable","12":"shipping-taxable","13":"purchasable","14":"product-type-simple"},"bundled_by":[],"bundle_stock_status":"instock","bundle_stock_quantity":null,"bundle_virtual":false,"bundle_layout":"","bundle_add_to_cart_form_location":"","bundle_editable_in_cart":false,"bundle_sold_individually_context":"","bundle_item_grouping":"","bundle_min_size":"","bundle_max_size":"","bundle_price":[],"bundled_items":[],"bundle_sell_ids":[],"group_of_quantity":0,"min_quantity":0,"max_quantity":"","exclude_order_quantity_value_rules":"no","exclude_category_quantity_rules":"no","combine_variations":"no","_links":{"self":[{"href":"https:\/\/2024.shoply.com\/fr\/wp-json\/wp\/v2\/product\/74382","targetHints":{"allow":["GET"]}}],"collection":[{"href":"https:\/\/2024.shoply.com\/fr\/wp-json\/wp\/v2\/product"}],"about":[{"href":"https:\/\/2024.shoply.com\/fr\/wp-json\/wp\/v2\/types\/product"}],"version-history":[{"count":2,"href":"https:\/\/2024.shoply.com\/fr\/wp-json\/wp\/v2\/product\/74382\/revisions"}],"predecessor-version":[{"id":139435,"href":"https:\/\/2024.shoply.com\/fr\/wp-json\/wp\/v2\/product\/74382\/revisions\/139435"}],"wp:featuredmedia":[{"embeddable":true,"href":"https:\/\/2024.shoply.com\/fr\/wp-json\/wp\/v2\/media\/74383"}],"wp:attachment":[{"href":"https:\/\/2024.shoply.com\/fr\/wp-json\/wp\/v2\/media?parent=74382"}],"wp:term":[{"taxonomy":"product_brand","embeddable":true,"href":"https:\/\/2024.shoply.com\/fr\/wp-json\/wp\/v2\/product_brand?post=74382"},{"taxonomy":"product_cat","embeddable":true,"href":"https:\/\/2024.shoply.com\/fr\/wp-json\/wp\/v2\/product_cat?post=74382"},{"taxonomy":"product_tag","embeddable":true,"href":"https:\/\/2024.shoply.com\/fr\/wp-json\/wp\/v2\/product_tag?post=74382"}],"curies":[{"name":"wp","href":"https:\/\/api.w.org\/{rel}","templated":true}]}}