{"id":74858,"date":"2024-10-09T09:28:44","date_gmt":"2024-10-09T14:28:44","guid":{"rendered":"https:\/\/shoply.com\/?post_type=product&#038;p=74858"},"modified":"2025-02-10T22:11:27","modified_gmt":"2025-02-11T03:11:27","slug":"brain-reward","status":"publish","type":"product","link":"https:\/\/2024.shoply.com\/fr\/produit\/brain-reward\/","title":{"rendered":"R\u00e9compense c\u00e9r\u00e9brale"},"content":{"rendered":"<p><b>Aper\u00e7u du produit<\/b><\/p>\n<p><b>Brain Reward\u2122<\/b> est un compl\u00e9ment nutrig\u00e9nomique scientifiquement formul\u00e9, con\u00e7u pour soutenir une fonction c\u00e9r\u00e9brale optimale, am\u00e9liorer la clart\u00e9 mentale et favoriser une humeur \u00e9quilibr\u00e9e. En fournissant des nutriments et des compos\u00e9s essentiels qui soutiennent la fonction des neurotransmetteurs, Brain Reward\u2122 contribue \u00e0 am\u00e9liorer la concentration, \u00e0 r\u00e9duire le stress et \u00e0 favoriser un sentiment de bien-\u00eatre. Utilisant la technologie avanc\u00e9e Prodosome\u00ae de VNI, Brain Reward\u2122 assure une absorption rapide et efficace, offrant des avantages cognitifs et \u00e9motionnels imm\u00e9diats.<\/p>\n<p><b>Avantages pour la sant\u00e9<\/b><\/p>\n<ul>\n<li><b>Am\u00e9lioration de la clart\u00e9 mentale et de la concentration<\/b>: Brain Reward\u2122 soutient la production de neurotransmetteurs et les fonctions c\u00e9r\u00e9brales, vous aidant \u00e0 rester vif et concentr\u00e9 tout au long de la journ\u00e9e. Le bonheur et la volont\u00e9 dans une bouteille.<\/li>\n<\/ul>\n<ul>\n<li><b>Am\u00e9lioration de l'humeur<\/b>: Avec des ingr\u00e9dients tels que le 5-HTP et la L-Th\u00e9anine, Brain Reward\u2122 favorise une humeur \u00e9quilibr\u00e9e, et aide \u00e0 g\u00e9rer efficacement le stress.<\/li>\n<\/ul>\n<ul>\n<li><b>Favorise la fonction cognitive et la neuroprotection<\/b>: Les antioxydants comme la NAC et l'extrait de p\u00e9pins de raisin prot\u00e8gent les neurones des dommages oxydatifs, tandis que les adaptog\u00e8nes comme la rhodiole am\u00e9liorent la r\u00e9sistance au stress.<\/li>\n<\/ul>\n<ul>\n<li><b>Favorise la relaxation sans somnolence<\/b>: La L-Th\u00e9anine favorise un \u00e9tat de calme tout en maintenant la clart\u00e9 mentale, ce qui rend Brain Reward\u2122 id\u00e9al \u00e0 la fois pour le travail concentr\u00e9 et la relaxation.<\/li>\n<\/ul>\n<p><b>Qui peut en b\u00e9n\u00e9ficier ?<\/b><\/p>\n<p>Brain Reward\u2122 est id\u00e9al pour :<\/p>\n<ul>\n<li>Les personnes qui cherchent \u00e0 am\u00e9liorer leur clart\u00e9 mentale, leur concentration et leurs fonctions cognitives.<\/li>\n<\/ul>\n<ul>\n<li>Les personnes qui recherchent un soutien naturel pour l'\u00e9quilibre de l'humeur et la gestion du stress.<\/li>\n<\/ul>\n<ul>\n<li>Professionnels, \u00e9tudiants, athl\u00e8tes, ou toute personne souhaitant maintenir une performance mentale optimale tout au long de la journ\u00e9e.<\/li>\n<\/ul>\n<ul>\n<li>Les personnes souffrant de fatigue cognitive, de brouillard c\u00e9r\u00e9bral ou de stress \u00e9motionnel.<\/li>\n<\/ul>\n<p><b>Utilisation recommand\u00e9e<\/b><\/p>\n<p>Prendre six g\u00e9lules de Brain Reward\u2122 par jour avec de l'eau \u00e0 jeun, ou selon les recommandations d'un professionnel de la sant\u00e9. Pour un soutien cognitif optimal, il peut \u00eatre utilis\u00e9 de fa\u00e7on constante ou selon les besoins pendant les p\u00e9riodes de stress accru ou de demande mentale.<\/p>\n<p><img fetchpriority=\"high\" decoding=\"async\" class=\"alignnone size-full wp-image-83691\" src=\"https:\/\/shoply.com\/wp-content\/uploads\/2024\/10\/Brain-Reward-Supplement-Facts-1.webp\" alt=\"\" width=\"612\" height=\"792\" srcset=\"https:\/\/2024.shoply.com\/wp-content\/uploads\/2024\/10\/Brain-Reward-Supplement-Facts-1.webp 612w, https:\/\/2024.shoply.com\/wp-content\/uploads\/2024\/10\/Brain-Reward-Supplement-Facts-1-232x300.webp 232w, https:\/\/2024.shoply.com\/wp-content\/uploads\/2024\/10\/Brain-Reward-Supplement-Facts-1-9x12.webp 9w, https:\/\/2024.shoply.com\/wp-content\/uploads\/2024\/10\/Brain-Reward-Supplement-Facts-1-150x194.webp 150w, https:\/\/2024.shoply.com\/wp-content\/uploads\/2024\/10\/Brain-Reward-Supplement-Facts-1-39x50.webp 39w\" sizes=\"(max-width: 612px) 100vw, 612px\" \/><\/p>\n<p><em>Ces d\u00e9clarations n'ont pas \u00e9t\u00e9 \u00e9valu\u00e9es par la Food and Drug Administration. Ce produit n'est pas destin\u00e9 \u00e0 diagnostiquer, traiter, gu\u00e9rir ou pr\u00e9venir une quelconque maladie.<\/em><\/p>","protected":false},"excerpt":{"rendered":"<h2>COGNITION<\/h2>\n<p><strong>Complexe alimentaire pour le cerveau Nutrigenomic<\/strong><br \/>\n<strong>ALIMENT\u00c9 PAR LA TECHNOLOGIE PRODOSOME<\/strong><br \/>\n(bouteille de 30 portions)*<\/p>\n<p><strong>R\u00e9tablissez votre sentiment de bien-\u00eatre. Am\u00e9liorez votre concentration. Vitalisez le centre de commandement de votre corps. Appr\u00e9ciez \u00e0 nouveau votre vie.<\/strong><\/p>\n<p>Sant\u00e9 c\u00e9r\u00e9brale optimale, acuit\u00e9 mentale et concentration, d'o\u00f9 un sentiment de bien-\u00eatre.<\/p>\n<p style=\"font-weight: 400\">60 QV \/ 24 DB \/ 12 CV<\/p>\n<p style=\"font-weight: 400\">60 QV \/ 15 DB \/ 30 CV<\/p>","protected":false},"featured_media":76190,"template":"","meta":{"footnotes":""},"product_brand":[],"product_cat":[80],"product_tag":[175,240,151,106,115],"class_list":{"0":"post-74858","1":"product","2":"type-product","3":"status-publish","4":"has-post-thumbnail","6":"product_cat-beauty-health-supplements","7":"product_tag-cognition","8":"product_tag-core-nutrition","9":"product_tag-energy","10":"product_tag-peformance","11":"product_tag-supplement","12":"product_shipping_class-shipping-class-1","13":"has-subscription-plans","15":"first","16":"instock","17":"sale","18":"taxable","19":"shipping-taxable","20":"purchasable","21":"product-type-simple"},"bundled_by":["120242"],"bundle_stock_status":"instock","bundle_stock_quantity":948,"bundle_virtual":false,"bundle_layout":"","bundle_add_to_cart_form_location":"","bundle_editable_in_cart":false,"bundle_sold_individually_context":"","bundle_item_grouping":"","bundle_min_size":"","bundle_max_size":"","bundle_price":[],"bundled_items":[],"bundle_sell_ids":[],"group_of_quantity":0,"min_quantity":0,"max_quantity":"","exclude_order_quantity_value_rules":"no","exclude_category_quantity_rules":"no","combine_variations":"no","_links":{"self":[{"href":"https:\/\/2024.shoply.com\/fr\/wp-json\/wp\/v2\/product\/74858","targetHints":{"allow":["GET"]}}],"collection":[{"href":"https:\/\/2024.shoply.com\/fr\/wp-json\/wp\/v2\/product"}],"about":[{"href":"https:\/\/2024.shoply.com\/fr\/wp-json\/wp\/v2\/types\/product"}],"version-history":[{"count":2,"href":"https:\/\/2024.shoply.com\/fr\/wp-json\/wp\/v2\/product\/74858\/revisions"}],"predecessor-version":[{"id":129963,"href":"https:\/\/2024.shoply.com\/fr\/wp-json\/wp\/v2\/product\/74858\/revisions\/129963"}],"wp:featuredmedia":[{"embeddable":true,"href":"https:\/\/2024.shoply.com\/fr\/wp-json\/wp\/v2\/media\/76190"}],"wp:attachment":[{"href":"https:\/\/2024.shoply.com\/fr\/wp-json\/wp\/v2\/media?parent=74858"}],"wp:term":[{"taxonomy":"product_brand","embeddable":true,"href":"https:\/\/2024.shoply.com\/fr\/wp-json\/wp\/v2\/product_brand?post=74858"},{"taxonomy":"product_cat","embeddable":true,"href":"https:\/\/2024.shoply.com\/fr\/wp-json\/wp\/v2\/product_cat?post=74858"},{"taxonomy":"product_tag","embeddable":true,"href":"https:\/\/2024.shoply.com\/fr\/wp-json\/wp\/v2\/product_tag?post=74858"}],"curies":[{"name":"wp","href":"https:\/\/api.w.org\/{rel}","templated":true}]}}