{"id":75451,"date":"2024-10-11T10:19:02","date_gmt":"2024-10-11T15:19:02","guid":{"rendered":"https:\/\/shoply.com\/?post_type=product&#038;p=75451"},"modified":"2025-02-03T15:56:45","modified_gmt":"2025-02-03T20:56:45","slug":"jesus-loves-you-puff-print-crewneck-sweatshirt","status":"publish","type":"product","link":"https:\/\/2024.shoply.com\/fr\/produit\/jesus-loves-you-puff-print-crewneck-sweatshirt\/","title":{"rendered":"Jesus Loves You - Sweat \u00e0 col roul\u00e9 imprim\u00e9 bouffant"},"content":{"rendered":"<p>Jesus Loves You - Sweat \u00e0 col roul\u00e9 imprim\u00e9 bouffant<\/p>\n<ul id=\"product-features\" class=\"product-details-features__list\">\n<li class=\"product-details-features__feature\"><span class=\"product-details-features__text\">8 oz, 50% coton, 50% polyester<\/span><\/li>\n<li class=\"product-details-features__feature\"><span class=\"product-details-features__text\">Couleurs Heather Sport : polyester 60%, coton 40%<\/span><\/li>\n<li class=\"product-details-features__feature\"><span class=\"product-details-features__text\">Safety Orange est conforme aux normes de haute visibilit\u00e9 ANSI - ISEA 107.<\/span><\/li>\n<li class=\"product-details-features__feature\"><span class=\"product-details-features__text\">Col, poignets et ceinture en c\u00f4tes 1\u00d71 avec \u00e9lasthanne<\/span><\/li>\n<li class=\"product-details-features__feature\"><span class=\"product-details-features__text\">Couture double aiguille sur l'ensemble du corps<\/span><\/li>\n<li class=\"product-details-features__feature\"><span class=\"product-details-features__text\">Fil \u00e0 jet d'air r\u00e9sistant aux pilules<\/span><\/li>\n<\/ul>\n<p>Instructions d'entretien : Retourner le v\u00eatement, le laver en machine \u00e0 l'eau froide avec des couleurs similaires. Ne pas blanchir et s\u00e9cher \u00e0 basse temp\u00e9rature. Ne pas repasser sur le transfert.<\/p>\n<p>&nbsp;<\/p>\n<p>&nbsp;<\/p>","protected":false},"excerpt":{"rendered":"<p>Jesus Loves You - Sweat \u00e0 col roul\u00e9 imprim\u00e9 bouffant<\/p>\n<p>28 QV \/ 7 DB \/ 12CV<\/p>\n<p>28 QV \/ 7 DB \/ 12CV<\/p>","protected":false},"featured_media":77417,"template":"","meta":{"footnotes":""},"product_brand":[],"product_cat":[255,103],"product_tag":[263,264,120,374,258,305,307,259],"class_list":{"0":"post-75451","1":"product","2":"type-product","3":"status-publish","4":"has-post-thumbnail","6":"product_cat-apparel","7":"product_cat-clothing-and-accessories","8":"product_tag-apparel","9":"product_tag-christian","10":"product_tag-clothing","11":"product_tag-crewneck-2","12":"product_tag-fall","13":"product_tag-graphic","14":"product_tag-puff","15":"product_tag-shirts","16":"product_shipping_class-shipping-class-1","18":"first","19":"instock","20":"taxable","21":"shipping-taxable","22":"purchasable","23":"product-type-variable"},"bundled_by":[],"bundle_stock_status":"instock","bundle_stock_quantity":297,"bundle_virtual":false,"bundle_layout":"","bundle_add_to_cart_form_location":"","bundle_editable_in_cart":false,"bundle_sold_individually_context":"","bundle_item_grouping":"","bundle_min_size":"","bundle_max_size":"","bundle_price":[],"bundled_items":[],"bundle_sell_ids":[],"group_of_quantity":0,"min_quantity":0,"max_quantity":"","exclude_order_quantity_value_rules":"no","exclude_category_quantity_rules":"no","combine_variations":"no","_links":{"self":[{"href":"https:\/\/2024.shoply.com\/fr\/wp-json\/wp\/v2\/product\/75451","targetHints":{"allow":["GET"]}}],"collection":[{"href":"https:\/\/2024.shoply.com\/fr\/wp-json\/wp\/v2\/product"}],"about":[{"href":"https:\/\/2024.shoply.com\/fr\/wp-json\/wp\/v2\/types\/product"}],"version-history":[{"count":1,"href":"https:\/\/2024.shoply.com\/fr\/wp-json\/wp\/v2\/product\/75451\/revisions"}],"predecessor-version":[{"id":132721,"href":"https:\/\/2024.shoply.com\/fr\/wp-json\/wp\/v2\/product\/75451\/revisions\/132721"}],"wp:featuredmedia":[{"embeddable":true,"href":"https:\/\/2024.shoply.com\/fr\/wp-json\/wp\/v2\/media\/77417"}],"wp:attachment":[{"href":"https:\/\/2024.shoply.com\/fr\/wp-json\/wp\/v2\/media?parent=75451"}],"wp:term":[{"taxonomy":"product_brand","embeddable":true,"href":"https:\/\/2024.shoply.com\/fr\/wp-json\/wp\/v2\/product_brand?post=75451"},{"taxonomy":"product_cat","embeddable":true,"href":"https:\/\/2024.shoply.com\/fr\/wp-json\/wp\/v2\/product_cat?post=75451"},{"taxonomy":"product_tag","embeddable":true,"href":"https:\/\/2024.shoply.com\/fr\/wp-json\/wp\/v2\/product_tag?post=75451"}],"curies":[{"name":"wp","href":"https:\/\/api.w.org\/{rel}","templated":true}]}}