{"id":75494,"date":"2024-10-10T13:34:51","date_gmt":"2024-10-10T18:34:51","guid":{"rendered":"https:\/\/shoply.com\/?post_type=product&#038;p=75494"},"modified":"2025-01-28T14:16:17","modified_gmt":"2025-01-28T19:16:17","slug":"wine-stain-remover-ready-to-use-with-7oz-concentrate-in-32oz-946ml-spray-bottle-just-add-water","status":"publish","type":"product","link":"https:\/\/2024.shoply.com\/fr\/produit\/wine-stain-remover-ready-to-use-with-7oz-concentrate-in-32oz-946ml-spray-bottle-just-add-water\/","title":{"rendered":"D\u00e9tachant pour le vin et les taches - Pr\u00eat \u00e0 l'emploi avec 7 oz de concentr\u00e9 dans un flacon pulv\u00e9risateur de 32 oz\/946 ml - il suffit d'ajouter de l'eau."},"content":{"rendered":"<h3 class=\"product_title entry-title\"><span style=\"color: #ff0000\">WINE &amp; STAIN REMOVER<\/span><br \/>\nREADY TO USE with 7 oz concentrate in 32oz\/946ml spray bottle \u2013 Just add water<\/h3>\n<p class=\"price\"><del aria-hidden=\"true\"><span class=\"woocommerce-Price-amount amount\"><span class=\"woocommerce-Price-currencySymbol\">$<\/span>59.99<\/span><\/del>\u00a0$39.99<\/p>\n<div class=\"woocommerce-product-details__short-description\">\n<p><strong>Wine &amp; Stain Remover \u2013 Ready to use with 7oz Concentrate in 32oz\/946ml spray bottle. Just top up with water.<\/strong><\/p>\n<p><span style=\"color: #ff0000\"><strong>Wholesale &#8211; Bulk Size &#8211; Easy to Use Spray Bottle<\/strong><\/span><\/p>\n<p><strong><span style=\"color: #ff0000\">Professional Grade Formula Used By Cleaning Companies!<\/span><\/strong><\/p>\n<p>Has 7oz \/ 207 ml of concentrate, just top up with water and use.<\/p>\n<p>Makes 32oz \/ 946ml once diluted 4:1 with water.<\/p>\n<p>Note: Ounces are in US measurement<\/p>\n<p><strong><span style=\"color: #ff0000\">Up to 10 times larger than the Competitor&#8217;s tiny spray bottles &#8211; less expensive per oz\/ml<\/span><\/strong><\/p>\n<p><span style=\"color: #ff0000\"><strong>Have it when you need it, keep it in your laundry room for all hard to remove stain including work clothes!<\/strong><\/span><\/p>\n<\/div>","protected":false},"excerpt":{"rendered":"<h3 class=\"product_title entry-title\"><span style=\"color: #ff0000\">WINE &amp; STAIN REMOVER<\/span><br \/>\nREADY TO USE with 7 oz concentrate in 32oz\/946ml spray bottle \u2013 Just add water<\/h3>\n<p class=\"price\"><del aria-hidden=\"true\"><span class=\"woocommerce-Price-amount amount\"><span class=\"woocommerce-Price-currencySymbol\">$<\/span>59.99<\/span><\/del>\u00a0$39.99<\/p>\n<div class=\"woocommerce-product-details__short-description\">\n<p><strong>Wine &amp; Stain Remover \u2013 Ready to use with 7oz Concentrate in 32oz\/946ml spray bottle. Just top up with water.<\/strong><\/p>\n<p><span style=\"color: #ff0000\"><strong>Wholesale &#8211; Bulk Size &#8211; Easy to Use Spray Bottle<\/strong><\/span><\/p>\n<p><strong><span style=\"color: #ff0000\">Professional Grade Formula Used By Cleaning Companies!<\/span><\/strong><\/p>\n<p>Has 7oz \/ 207 ml of concentrate, just top up with water and use.<\/p>\n<p>Makes 32oz \/ 946ml once diluted 4:1 with water.<\/p>\n<p>Note: Ounces are in US measurement<\/p>\n<\/div>\n<p><strong><span style=\"color: #ff0000\">Up to 10 times larger than the Competitor&#8217;s tiny spray bottles &#8211; less expensive per oz\/ml<\/span><\/strong><\/p>\n<p><span style=\"color: #ff0000\"><strong>Have it when you need it, keep it in your laundry room for all hard to remove stain including work clothes!<\/strong><\/span><\/p>","protected":false},"featured_media":75495,"template":"","meta":{"footnotes":""},"product_brand":[],"product_cat":[204],"product_tag":[153],"class_list":{"0":"post-75494","1":"product","2":"type-product","3":"status-publish","4":"has-post-thumbnail","6":"product_cat-home-and-kitchen","7":"product_tag-cleanser","8":"product_shipping_class-shipping-class-1","10":"first","11":"instock","12":"sale","13":"taxable","14":"shipping-taxable","15":"purchasable","16":"product-type-simple"},"bundled_by":[],"bundle_stock_status":"instock","bundle_stock_quantity":null,"bundle_virtual":false,"bundle_layout":"","bundle_add_to_cart_form_location":"","bundle_editable_in_cart":false,"bundle_sold_individually_context":"","bundle_item_grouping":"","bundle_min_size":"","bundle_max_size":"","bundle_price":[],"bundled_items":[],"bundle_sell_ids":[],"group_of_quantity":0,"min_quantity":0,"max_quantity":"","exclude_order_quantity_value_rules":"no","exclude_category_quantity_rules":"no","combine_variations":"no","_links":{"self":[{"href":"https:\/\/2024.shoply.com\/fr\/wp-json\/wp\/v2\/product\/75494","targetHints":{"allow":["GET"]}}],"collection":[{"href":"https:\/\/2024.shoply.com\/fr\/wp-json\/wp\/v2\/product"}],"about":[{"href":"https:\/\/2024.shoply.com\/fr\/wp-json\/wp\/v2\/types\/product"}],"version-history":[{"count":1,"href":"https:\/\/2024.shoply.com\/fr\/wp-json\/wp\/v2\/product\/75494\/revisions"}],"predecessor-version":[{"id":126139,"href":"https:\/\/2024.shoply.com\/fr\/wp-json\/wp\/v2\/product\/75494\/revisions\/126139"}],"wp:featuredmedia":[{"embeddable":true,"href":"https:\/\/2024.shoply.com\/fr\/wp-json\/wp\/v2\/media\/75495"}],"wp:attachment":[{"href":"https:\/\/2024.shoply.com\/fr\/wp-json\/wp\/v2\/media?parent=75494"}],"wp:term":[{"taxonomy":"product_brand","embeddable":true,"href":"https:\/\/2024.shoply.com\/fr\/wp-json\/wp\/v2\/product_brand?post=75494"},{"taxonomy":"product_cat","embeddable":true,"href":"https:\/\/2024.shoply.com\/fr\/wp-json\/wp\/v2\/product_cat?post=75494"},{"taxonomy":"product_tag","embeddable":true,"href":"https:\/\/2024.shoply.com\/fr\/wp-json\/wp\/v2\/product_tag?post=75494"}],"curies":[{"name":"wp","href":"https:\/\/api.w.org\/{rel}","templated":true}]}}