{"id":77134,"date":"2024-10-24T03:41:15","date_gmt":"2024-10-24T08:41:15","guid":{"rendered":"https:\/\/shoply.com\/?post_type=product&#038;p=77134"},"modified":"2025-03-09T13:29:05","modified_gmt":"2025-03-09T18:29:05","slug":"the-one-wipe","status":"publish","type":"product","link":"https:\/\/2024.shoply.com\/fr\/produit\/the-one-wipe\/","title":{"rendered":"L'essuyage unique"},"content":{"rendered":"<p>Le moyen le plus rapide de nettoyer votre v\u00e9hicule.<br \/>\nNettoie et prot\u00e8ge tous les types de car\u00e9nages (mats ou brillants)<br \/>\nen d\u00e9posant une couche imperm\u00e9able et antistatique invisible.<\/p>\n<p>(Excellent \u00e9galement pour l'int\u00e9rieur et l'ext\u00e9rieur de votre MAISON, les appareils de cuisine, les fen\u00eatres, les portes de douche en verre, et la liste est sans fin).<\/p>\n<p>\u00c9limine les insectes, les d\u00e9f\u00e9cations, les r\u00e9sines et la s\u00e8ve d'arbre sur le car\u00e9nage, les optiques, les phares, le plastique et les r\u00e9troviseurs.<\/p>\n<p>Nettoie, prot\u00e8ge et fait briller les chromes.<\/p>\n<p>Nettoie et goudronne les jantes sans les alt\u00e9rer, quel que soit leur mat\u00e9riau : aluminium, alliage, vernis, plastique ou peinture.<\/p>\n<p>Agit et prot\u00e8ge \u00e9galement le cuir, le ska\u00ef, l'Alcantara, le plastique, les tissus d'ameublement, etc.<\/p>","protected":false},"excerpt":{"rendered":"<p>Vous \u00eates \u00e0 la recherche d'un produit de nettoyage polyvalent, efficace et abordable, \u00c9COLOGIQUE, sans huile de silicone, INFLAMMABLE, sans danger pour toutes les surfaces et tous les utilisateurs, sans pictogrammes.<\/p>\n<p>Les lingettes ONE valent vraiment la peine d'\u00eatre essay\u00e9es. L'un des principaux avantages de TheOneWipe est qu'il absorbe l'eau, ce qui peut am\u00e9liorer consid\u00e9rablement la visibilit\u00e9 lors de la conduite sous la pluie.<\/p>\n<p>Dites adieu aux heures interminables pass\u00e9es \u00e0 frotter et \u00e0 nettoyer votre v\u00e9hicule.<\/p>\n<p>Il nettoie efficacement toutes les parties de votre v\u00e9hicule, y compris les vitres, les roues, le car\u00e9nage, le panneau, le cuir et le pot d'\u00e9chappement, et laisse une couche hydrofuge, ce qui facilite le maintien de la brillance et de la propret\u00e9 de votre v\u00e9hicule.<\/p>\n<p>Gagnez du temps et de l'\u00e9nergie avec TheOneWipe - votre solution pour un nettoyage de voiture sans souci !<\/p>\n<p>En outre, le produit est facile \u00e0 utiliser, ce qui signifie qu'il permet aux utilisateurs d'\u00e9conomiser du temps et des efforts lors du nettoyage de leurs v\u00e9hicules.<br \/>\nGr\u00e2ce \u00e0 sa capacit\u00e9 \u00e0 faire briller les v\u00e9hicules comme dans une salle d'exposition.<\/p>","protected":false},"featured_media":80424,"template":"","meta":{"footnotes":""},"product_brand":[],"product_cat":[191,204],"product_tag":[],"class_list":{"0":"post-77134","1":"product","2":"type-product","3":"status-publish","4":"has-post-thumbnail","6":"product_cat-automotive","7":"product_cat-home-and-kitchen","8":"product_shipping_class-shipping-class-1","10":"first","11":"instock","12":"sale","13":"taxable","14":"shipping-taxable","15":"purchasable","16":"product-type-simple"},"bundled_by":[],"bundle_stock_status":"instock","bundle_stock_quantity":2182,"bundle_virtual":false,"bundle_layout":"","bundle_add_to_cart_form_location":"","bundle_editable_in_cart":false,"bundle_sold_individually_context":"","bundle_item_grouping":"","bundle_min_size":"","bundle_max_size":"","bundle_price":[],"bundled_items":[],"bundle_sell_ids":[],"group_of_quantity":0,"min_quantity":0,"max_quantity":"","exclude_order_quantity_value_rules":"no","exclude_category_quantity_rules":"no","combine_variations":"no","_links":{"self":[{"href":"https:\/\/2024.shoply.com\/fr\/wp-json\/wp\/v2\/product\/77134","targetHints":{"allow":["GET"]}}],"collection":[{"href":"https:\/\/2024.shoply.com\/fr\/wp-json\/wp\/v2\/product"}],"about":[{"href":"https:\/\/2024.shoply.com\/fr\/wp-json\/wp\/v2\/types\/product"}],"version-history":[{"count":1,"href":"https:\/\/2024.shoply.com\/fr\/wp-json\/wp\/v2\/product\/77134\/revisions"}],"predecessor-version":[{"id":138168,"href":"https:\/\/2024.shoply.com\/fr\/wp-json\/wp\/v2\/product\/77134\/revisions\/138168"}],"wp:featuredmedia":[{"embeddable":true,"href":"https:\/\/2024.shoply.com\/fr\/wp-json\/wp\/v2\/media\/80424"}],"wp:attachment":[{"href":"https:\/\/2024.shoply.com\/fr\/wp-json\/wp\/v2\/media?parent=77134"}],"wp:term":[{"taxonomy":"product_brand","embeddable":true,"href":"https:\/\/2024.shoply.com\/fr\/wp-json\/wp\/v2\/product_brand?post=77134"},{"taxonomy":"product_cat","embeddable":true,"href":"https:\/\/2024.shoply.com\/fr\/wp-json\/wp\/v2\/product_cat?post=77134"},{"taxonomy":"product_tag","embeddable":true,"href":"https:\/\/2024.shoply.com\/fr\/wp-json\/wp\/v2\/product_tag?post=77134"}],"curies":[{"name":"wp","href":"https:\/\/api.w.org\/{rel}","templated":true}]}}