{"id":78815,"date":"2024-10-21T07:25:36","date_gmt":"2024-10-21T12:25:36","guid":{"rendered":"https:\/\/shoply.com\/?post_type=product&#038;p=78815"},"modified":"2025-01-31T14:08:01","modified_gmt":"2025-01-31T19:08:01","slug":"white","status":"publish","type":"product","link":"https:\/\/2024.shoply.com\/fr\/produit\/white\/","title":{"rendered":"Blanc"},"content":{"rendered":"<p><strong>\u00c0 propos de Just For Toenails\u00ae<\/strong><\/p>\n<p><strong>Depuis 1998, Just For Toenails\u00ae (JFT) est un pionnier dans l'industrie du soin des ongles.<\/strong> D\u00e9velopp\u00e9e par le Dr Robert Spalding et approuv\u00e9e par des podologues comme le Dr David Velarde, notre formule de vernis \u00e0 ongles avanc\u00e9e pr\u00e9sente une perm\u00e9abilit\u00e9 \u00e0 l'O2, am\u00e9liorant l'apparence des ongles des pieds et des mains tout en favorisant leur sant\u00e9. En tant que premier vernis \u00e0 ongles am\u00e9lior\u00e9 avec de l'huile d'arbre \u00e0 th\u00e9, nous avons toujours donn\u00e9 la priorit\u00e9 au bien-\u00eatre de vos ongles. Notre formule \"21-free\", exempte de produits chimiques nocifs tels que le formald\u00e9hyde, le tolu\u00e8ne et l'huile d'arbre \u00e0 th\u00e9, a toujours \u00e9t\u00e9 une priorit\u00e9 pour le bien-\u00eatre de vos ongles. <strong>Dibutyl\u00a0<\/strong>phtalate (DBP), illustre notre engagement en faveur d'un soin des ongles s\u00fbr et efficace. Aujourd'hui, JFT reste le produit podologique le plus abordable du march\u00e9, rendant la beaut\u00e9 des ongles accessible \u00e0 tous.<\/p>\n<p><strong>Am\u00e9lior\u00e9 et perm\u00e9able<\/strong><\/p>\n<p>Chez Just For Toenails\u00ae, nous pensons que la beaut\u00e9 des ongles ne doit pas compromettre leur sant\u00e9. Notre philosophie consiste \u00e0 cr\u00e9er\u00a0<strong>am\u00e9lior\u00e9e et perm\u00e9able<\/strong> qui non seulement offre une couleur vibrante et durable, mais permet \u00e9galement \u00e0 vos ongles de respirer. Nous sommes fiers d'avoir le meilleur taux de satisfaction des patients, ce qui t\u00e9moigne de notre engagement \u00e0 fournir des solutions de soins des ongles efficaces et s\u00fbres depuis 1998. Nous nous engageons \u00e9galement \u00e0 proposer le vernis \u00e0 ongles am\u00e9lior\u00e9 au meilleur rapport qualit\u00e9-prix du march\u00e9, afin que tout le monde puisse avoir acc\u00e8s \u00e0 des soins des ongles de haute qualit\u00e9. Nos produits sont fi\u00e8rement exempts de cruaut\u00e9 et de toxines, ce qui t\u00e9moigne de notre attachement \u00e0 votre bien-\u00eatre et \u00e0 l'environnement.<\/p>\n<p>A clear top coat that is 21 Free of Toxins, JustforToenails is a Tea Tree Infused nail polish to improve appearance, luster and protection for normal and problem nails. JFT Clear Top Coat protects the pigmented color polish identical to a professional nail service salon and provides a clear toxin free protection to natural nails. The Clear Top Coat makes any color Pop!<\/p>","protected":false},"excerpt":{"rendered":"<p>A L<strong>Vernis \u00e0 ongles uxurious Proprietary dans des couleurs brillantes<\/strong> c'est-\u00e0-dire <strong>21 Exempt de toxines<\/strong>. <strong>Juste pour les ongles<\/strong><strong>\u00ae<\/strong> est le <em>tout premier<\/em> <strong>Infusion d'arbre \u00e0 th\u00e9<\/strong> <strong>Am\u00e9lior\u00e9e<\/strong> JFT est un vernis \u00e0 ongles qui am\u00e9liore l'apparence, le lustre et la protection des ongles normaux et \u00e0 probl\u00e8mes. JFT prot\u00e8ge la plaque de l'ongle avec un vernis de couleur pigment\u00e9 exclusif qui est identique ou sup\u00e9rieur \u00e0 celui d'un salon de manucure professionnel tout en offrant une protection sans toxines aux ongles naturels. <em>Il est recommand\u00e9 de l'utiliser avec notre couche de base sp\u00e9ciale infus\u00e9e au Tea Tree pour mieux prot\u00e9ger la nature des pigments du vernis \u00e0 ongles et am\u00e9liorer le reflet de la couleur.<\/em><\/p>","protected":false},"featured_media":78613,"template":"","meta":{"footnotes":""},"product_brand":[],"product_cat":[384,382,383],"product_tag":[272,109,278,342],"class_list":{"0":"post-78815","1":"product","2":"type-product","3":"status-publish","4":"has-post-thumbnail","6":"product_cat-cosmetics","7":"product_cat-health","8":"product_cat-personal-care","9":"product_tag-awareness","10":"product_tag-body","11":"product_tag-health","12":"product_tag-pretty","13":"product_shipping_class-shipping-class-1","14":"has-subscription-plans","16":"first","17":"instock","18":"taxable","19":"shipping-taxable","20":"purchasable","21":"product-type-simple"},"bundled_by":[],"bundle_stock_status":"instock","bundle_stock_quantity":100,"bundle_virtual":false,"bundle_layout":"","bundle_add_to_cart_form_location":"","bundle_editable_in_cart":false,"bundle_sold_individually_context":"","bundle_item_grouping":"","bundle_min_size":"","bundle_max_size":"","bundle_price":[],"bundled_items":[],"bundle_sell_ids":[],"group_of_quantity":0,"min_quantity":0,"max_quantity":"","exclude_order_quantity_value_rules":"no","exclude_category_quantity_rules":"no","combine_variations":"no","_links":{"self":[{"href":"https:\/\/2024.shoply.com\/fr\/wp-json\/wp\/v2\/product\/78815","targetHints":{"allow":["GET"]}}],"collection":[{"href":"https:\/\/2024.shoply.com\/fr\/wp-json\/wp\/v2\/product"}],"about":[{"href":"https:\/\/2024.shoply.com\/fr\/wp-json\/wp\/v2\/types\/product"}],"version-history":[{"count":1,"href":"https:\/\/2024.shoply.com\/fr\/wp-json\/wp\/v2\/product\/78815\/revisions"}],"predecessor-version":[{"id":128866,"href":"https:\/\/2024.shoply.com\/fr\/wp-json\/wp\/v2\/product\/78815\/revisions\/128866"}],"wp:featuredmedia":[{"embeddable":true,"href":"https:\/\/2024.shoply.com\/fr\/wp-json\/wp\/v2\/media\/78613"}],"wp:attachment":[{"href":"https:\/\/2024.shoply.com\/fr\/wp-json\/wp\/v2\/media?parent=78815"}],"wp:term":[{"taxonomy":"product_brand","embeddable":true,"href":"https:\/\/2024.shoply.com\/fr\/wp-json\/wp\/v2\/product_brand?post=78815"},{"taxonomy":"product_cat","embeddable":true,"href":"https:\/\/2024.shoply.com\/fr\/wp-json\/wp\/v2\/product_cat?post=78815"},{"taxonomy":"product_tag","embeddable":true,"href":"https:\/\/2024.shoply.com\/fr\/wp-json\/wp\/v2\/product_tag?post=78815"}],"curies":[{"name":"wp","href":"https:\/\/api.w.org\/{rel}","templated":true}]}}