{"id":87103,"date":"2024-11-05T19:25:42","date_gmt":"2024-11-06T00:25:42","guid":{"rendered":"https:\/\/shoply.com\/?post_type=product&#038;p=87103"},"modified":"2025-02-27T06:02:14","modified_gmt":"2025-02-27T11:02:14","slug":"beauty-brains-herbal-tea-sip-to-rejuvenate-refocus-and-revitalise-as-you-hydrate","status":"publish","type":"product","link":"https:\/\/2024.shoply.com\/fr\/produit\/beauty-brains-herbal-tea-sip-to-rejuvenate-refocus-and-revitalise-as-you-hydrate\/","title":{"rendered":"Beauty &#038; Brains Herbal Tea &#8211; Sip to rejuvenate, refocus and revitalise as you hydrate"},"content":{"rendered":"<div class=\"page\" title=\"Page 4\">\n<p>&nbsp;<\/p>\n<div class=\"section\">\n<div class=\"layoutArea\">\n<div class=\"column\">\n<h4><span style=\"font-size: 1.4em\">Stimule la vitalit\u00e9 physique et am\u00e9liore la clart\u00e9 mentale, la concentration et la m\u00e9moire<\/span><\/h4>\n<p>Mayella Beauty &amp; Brains est une tisane biologique qui aide \u00e0 aligner le syst\u00e8me nerveux, \u00e0 d\u00e9velopper un sens de la raison et \u00e0 favoriser un processus de pens\u00e9e clair. Les antioxydants pr\u00e9sents dans les plantes biologiques qui composent ce th\u00e9 divin rajeunissent, nourrissent et revitalisent la peau. Une d\u00e9licieuse fa\u00e7on de s'hydrater, vous pouvez d\u00e9guster Beauty &amp; Brains chaud ou froid comme un th\u00e9 glac\u00e9 \u00e0 tout moment de la journ\u00e9e ou de la soir\u00e9e.<\/p>\n<h4><span style=\"font-size: 1.4em\">De puissants antioxydants pour nourrir l'esprit et le corps<\/span><\/h4>\n<p>Chaque tasse est riche en vitamine C naturelle, qui neutralise les radicaux libres et les dommages oxydatifs caus\u00e9s par la pollution, le stress et les toxines pr\u00e9sentes dans notre environnement. La vitamine C peut \u00e9galement contribuer \u00e0 l'absorption du fer, \u00e0 la cicatrisation des plaies, \u00e0 la sant\u00e9 des articulations et des ligaments, ainsi qu'\u00e0 la production de collag\u00e8ne. Le collag\u00e8ne est important pour l'\u00e9lasticit\u00e9 et la tonicit\u00e9 de la peau, pour une peau souple et sans rides.<\/p>\n<p>Toutes nos tisanes - ou Tisanes comme nous aimons les partager - sont en vrac. Les tisanes sont faites pour leurs bienfaits th\u00e9rapeutiques autant que pour le plaisir de les siroter ! L'utilisation de nos tisanes en vrac vous permet d'obtenir une extraction maximale des ar\u00f4mes \u00e0 chaque infusion. Cela \u00e9limine \u00e9galement le risque que des micro-plastiques ou des agents de blanchiment soient lessiv\u00e9s d'un sachet de th\u00e9 dans votre boisson. De plus, vous pouvez voir la beaut\u00e9 des ingr\u00e9dients dans chaque m\u00e9lange fait \u00e0 la main.<\/p>\n<p>&nbsp;<\/p>\n<ul>\n<li>Renforcer la vitalit\u00e9 physique<\/li>\n<li>Am\u00e9liorer la clart\u00e9 mentale<\/li>\n<li>Concentration et m\u00e9moire<\/li>\n<li>Aligner le syst\u00e8me nerveux, d\u00e9velopper un sentiment d'objectif fond\u00e9 et favoriser un processus de pens\u00e9e clair.<\/li>\n<li>Induit la relaxation dans le corps,<\/li>\n<li>Les antioxydants rajeunissent, nourrissent et revitalisent la peau.<\/li>\n<li>Riche en antioxydants et en vitamines A, C et E pour prolonger et soutenir le vieillissement en bonne sant\u00e9 et renforcer le syst\u00e8me immunitaire.<\/li>\n<li>Diur\u00e9tique naturel pour \u00e9vacuer les exc\u00e8s de r\u00e9tention d'eau.<\/li>\n<li>Aide \u00e0 surmonter et \u00e0 soulager les maux de t\u00eate, les spasmes musculaires et les crampes tout en r\u00e9duisant le stress, la fatigue et les dommages caus\u00e9s par les radicaux libres.<\/li>\n<\/ul>\n<p>&nbsp;<\/p>\n<\/div>\n<\/div>\n<div class=\"layoutArea\">\n<div class=\"column\">\n<h4><strong>R\u00e9vision :<\/strong><\/h4>\n<h4 class=\"jdgm-rev__header\"><span class=\"jdgm-rev__title\">2019 Laur\u00e9at Cat\u00e9gorie Bien-\u00eatre - Th\u00e9s<\/span><\/h4>\n<div class=\"jdgm-rev__header\"><b class=\"jdgm-rev__title\">Incroyable<\/b><\/div>\n<div class=\"jdgm-rev__content\">\n<div class=\"jdgm-rev__body\">\n<p>\"L'un des tout premiers produits \u00e0 remporter nos tout nouveaux Prix du bien-\u00eatre 2019, bravo \u00e0 Mayella pour avoir cr\u00e9\u00e9 ce th\u00e9 de beaut\u00e9 moderne et d\u00e9licieusement aromatique de type apothicaire - les p\u00e9tales de rose bio, l'hibiscus et le myrte citronn\u00e9 sont les vedettes ici - pour renforcer la m\u00e9moire, am\u00e9liorer la concentration et am\u00e9liorer notre sentiment g\u00e9n\u00e9ral de bien-\u00eatre. Jury\"<\/p>\n<div class=\"jdgm-rev__header\">\n<div class=\"jdgm-rev__content\">\n<h4><b class=\"jdgm-rev__title\">Un m\u00e9lange d\u00e9licieux et d\u00e9licieux<\/b><\/h4>\n<div class=\"jdgm-rev__body\">\n<p>\"J'adore la tisane beauty &amp; brains, j'adore le m\u00e9lange floral, j'y ajoute aussi du citron bio fra\u00eechement press\u00e9 pour renforcer le syst\u00e8me immunitaire, c'est tellement d\u00e9licieux et beau, la couleur est m\u00eame divine. - <span class=\"jdgm-rev__author-wrapper\"><span class=\"jdgm-rev__author\">Laura\"<\/span><\/span><\/p>\n<\/div>\n<\/div>\n<\/div>\n<\/div>\n<h4><strong>Ingr\u00e9dients biologiques : 40g \/ petit format<\/strong><\/h4>\n<p>Nos infusions biologiques sont propres, v\u00e9g\u00e9taliennes, sans gluten, sans produits laitiers, sans caf\u00e9ine, sans huile de palme certifi\u00e9e et ne contiennent jamais d'agents de remplissage, de sucres ou d'agents de charge.<\/p>\n<p><strong>P\u00e9tales de roses rouges et roses -<\/strong>\u00a0Riche en vitamine C, aide en cas de syndrome pr\u00e9menstruel et d'irritabilit\u00e9. Relaxante, r\u00e9paratrice et d\u00e9toxifiante.<\/p>\n<p><strong>M\u00e9lisse -<\/strong>\u00a0Relaxant, tonique pour les nerfs et stimulant.<\/p>\n<p><strong>Myrte citronn\u00e9 -<\/strong>\u00a0Nettoyer, d\u00e9gager et d\u00e9congestionner.<\/p>\n<p><strong>Hibiscus -<\/strong> Riche en anthocyanes (antioxydants), il contribue \u00e0 inverser les effets du vieillissement.<\/p>\n<p><strong>Rosella -<\/strong> Diur\u00e9tique, relaxant, riche en antioxydants.<\/p>\n<\/div>\n<h4><strong>How to make\u00a0a perfect brew:<\/strong><\/h4>\n<p>Boil water and let it sit for 2-3 minutes before pouring. This allows the water to cool just off the boil so it doesn\u2019t scald the tea.<\/p>\n<p>Add 1 heaped teaspoon per person of Mayella Beauty &amp; Brains loose leaf tisane into a teapot or coffee press. Pour water into the pot and let the herbs infuse for 5 minutes before serving.<\/p>\n<p>To get more out of each brew, after you\u2019ve poured yourself a cup, top up your teapot with extra hot water so your tisane can infuse perfectly in time for a second round.<\/p>\n<div style=\"width: 720px;\" class=\"wp-video\"><video class=\"wp-video-shortcode\" id=\"video-87103-2\" width=\"720\" height=\"1280\" preload=\"metadata\" controls=\"controls\"><source type=\"video\/mp4\" src=\"https:\/\/shoply.com\/wp-content\/uploads\/2024\/11\/Mayella-Beauty-Brains-Tisane-calm-in-the-chaos-MP4.mp4?_=2\" \/><a href=\"https:\/\/shoply.com\/wp-content\/uploads\/2024\/11\/Mayella-Beauty-Brains-Tisane-calm-in-the-chaos-MP4.mp4\">https:\/\/shoply.com\/wp-content\/uploads\/2024\/11\/Mayella-Beauty-Brains-Tisane-calm-in-the-chaos-MP4.mp4<\/a><\/video><\/div>\n<\/div>\n<p>&nbsp;<\/p>\n<\/div>\n<\/div>\n<\/div>\n<div class=\"page\" title=\"Page 4\">\n<div class=\"section\">\n<div class=\"layoutArea\">\n<h4><strong>Ces d\u00e9clarations n'ont pas \u00e9t\u00e9 \u00e9valu\u00e9es par la Food and Drug Administration. Ces produits ne sont pas destin\u00e9s \u00e0 diagnostiquer, traiter, gu\u00e9rir ou pr\u00e9venir une quelconque maladie.<\/strong><\/h4>\n<p>&nbsp;<\/p>\n<\/div>\n<\/div>\n<\/div>","protected":false},"excerpt":{"rendered":"<p><strong>Mayella Beauty &amp; Brains Tisane biologique<\/strong> <strong>40g<\/strong> &#8211; A beautiful gift size for your tea loving friends. Rose Petals Lemon Myrtle &amp; more for a divinely aromatic antioxidant Tisane: an organic herbal tea that helps to spark a calm focus and induces relaxation within the body, while the antioxidants rejuvenate, nourish and revitalise the skin.<\/p>\n<div style=\"width: 1920px;\" class=\"wp-video\"><!--[if lt IE 9]><script>document.createElement('video');<\/script><![endif]--><br \/>\n<video class=\"wp-video-shortcode\" id=\"video-87103-1\" width=\"1920\" height=\"1080\" preload=\"metadata\" controls=\"controls\"><source type=\"video\/mp4\" src=\"https:\/\/shoply.com\/wp-content\/uploads\/2024\/11\/Mayella-Beauty-Brains-Herbal-Tea-1.mp4?_=1\" \/><a href=\"https:\/\/shoply.com\/wp-content\/uploads\/2024\/11\/Mayella-Beauty-Brains-Herbal-Tea-1.mp4\">https:\/\/shoply.com\/wp-content\/uploads\/2024\/11\/Mayella-Beauty-Brains-Herbal-Tea-1.mp4<\/a><\/video><\/div>\n<p>&nbsp;<\/p>\n<p>&nbsp;<\/p>","protected":false},"featured_media":87099,"template":"","meta":{"footnotes":""},"product_brand":[],"product_cat":[80,382,386],"product_tag":[149,174,132,109,112,175,141,104,139,138,176,151,427,137,267,187,306,278,163,162,430,277,185,394,113],"class_list":{"0":"post-87103","1":"product","2":"type-product","3":"status-publish","4":"has-post-thumbnail","6":"product_cat-beauty-health-supplements","7":"product_cat-health","8":"product_cat-skin-care","9":"product_tag-anti-aging","10":"product_tag-anti-inflammatory","11":"product_tag-antioxidants","12":"product_tag-body","13":"product_tag-cell-renewal","14":"product_tag-cognition","15":"product_tag-collagen","16":"product_tag-consumable","17":"product_tag-detox","18":"product_tag-detoxification","19":"product_tag-digestive","20":"product_tag-energy","21":"product_tag-essential","22":"product_tag-essentials","23":"product_tag-gifts","24":"product_tag-gluten-free","25":"product_tag-handcrafted","26":"product_tag-health","27":"product_tag-immune","28":"product_tag-immunity","29":"product_tag-infused","30":"product_tag-mental","31":"product_tag-organic","32":"product_tag-skin","33":"product_tag-vegan","34":"has-subscription-plans","36":"first","37":"instock","38":"taxable","39":"shipping-taxable","40":"purchasable","41":"product-type-simple"},"bundled_by":[],"bundle_stock_status":"instock","bundle_stock_quantity":94,"bundle_virtual":false,"bundle_layout":"","bundle_add_to_cart_form_location":"","bundle_editable_in_cart":false,"bundle_sold_individually_context":"","bundle_item_grouping":"","bundle_min_size":"","bundle_max_size":"","bundle_price":[],"bundled_items":[],"bundle_sell_ids":[],"group_of_quantity":0,"min_quantity":0,"max_quantity":"","exclude_order_quantity_value_rules":"no","exclude_category_quantity_rules":"no","combine_variations":"no","_links":{"self":[{"href":"https:\/\/2024.shoply.com\/fr\/wp-json\/wp\/v2\/product\/87103","targetHints":{"allow":["GET"]}}],"collection":[{"href":"https:\/\/2024.shoply.com\/fr\/wp-json\/wp\/v2\/product"}],"about":[{"href":"https:\/\/2024.shoply.com\/fr\/wp-json\/wp\/v2\/types\/product"}],"version-history":[{"count":2,"href":"https:\/\/2024.shoply.com\/fr\/wp-json\/wp\/v2\/product\/87103\/revisions"}],"predecessor-version":[{"id":144164,"href":"https:\/\/2024.shoply.com\/fr\/wp-json\/wp\/v2\/product\/87103\/revisions\/144164"}],"wp:featuredmedia":[{"embeddable":true,"href":"https:\/\/2024.shoply.com\/fr\/wp-json\/wp\/v2\/media\/87099"}],"wp:attachment":[{"href":"https:\/\/2024.shoply.com\/fr\/wp-json\/wp\/v2\/media?parent=87103"}],"wp:term":[{"taxonomy":"product_brand","embeddable":true,"href":"https:\/\/2024.shoply.com\/fr\/wp-json\/wp\/v2\/product_brand?post=87103"},{"taxonomy":"product_cat","embeddable":true,"href":"https:\/\/2024.shoply.com\/fr\/wp-json\/wp\/v2\/product_cat?post=87103"},{"taxonomy":"product_tag","embeddable":true,"href":"https:\/\/2024.shoply.com\/fr\/wp-json\/wp\/v2\/product_tag?post=87103"}],"curies":[{"name":"wp","href":"https:\/\/api.w.org\/{rel}","templated":true}]}}