{"id":88102,"date":"2024-11-07T20:42:42","date_gmt":"2024-11-08T01:42:42","guid":{"rendered":"https:\/\/shoply.com\/?post_type=product&#038;p=88102"},"modified":"2025-02-06T14:54:25","modified_gmt":"2025-02-06T19:54:25","slug":"all-natural-home-personal-care-cleansers-wow-sampler-bag","status":"publish","type":"product","link":"https:\/\/2024.shoply.com\/fr\/produit\/all-natural-home-personal-care-cleansers-wow-sampler-bag\/","title":{"rendered":"Nettoyants naturels pour la maison et les soins personnels - WOW Sampler Bag"},"content":{"rendered":"<h2>DE PETITS FLACONS POUR DE GRANDS R\u00c9SULTATS<\/h2>\n<p>Si vous pr\u00e9f\u00e9rez les essayer d'abord, le sac d'\u00e9chantillonnage des produits WOW Cleansing est parfait.<\/p>\n<p>Obtenez nos 6 meilleurs produits de nettoyage de la peau et des surfaces dans un flacon plus petit, accompagn\u00e9 d'une pochette en toile de jute r\u00e9utilisable et respectueuse de l'environnement.<\/p>\n<p>Vous obtiendrez toujours les m\u00eames r\u00e9sultats, mais avec une quantit\u00e9 plus petite, mais utile, parfaite pour l'\u00e9chantillonnage.  Conservez les bouteilles et rechargez-les au fur et \u00e0 mesure que vous passez aux formats sup\u00e9rieurs.<\/p>\n<p>Les produits Wild Organic Ways sont des produits de nettoyage naturels uniques fabriqu\u00e9s \u00e0 partir d'hydrolat de camphre, ce qui signifie que le pouvoir antibact\u00e9rien, antifongique et nettoyant intense du camphre est exploit\u00e9 d'une mani\u00e8re s\u00fbre pour toute la famille.<\/p>\n<p>Laissez-vous surprendre par l'efficacit\u00e9 et la polyvalence de ces produits de nettoyage naturels fabriqu\u00e9s en Australie.<\/p>\n<p>N'oubliez pas que tous les produits Wild Organic Ways sont enti\u00e8rement naturels et biologiques et qu'ils ne contiennent pas plus de 4 ingr\u00e9dients dans l'ensemble de la gamme de produits de nettoyage de la peau et de la surface de la maison.<\/p>\n<p><strong>Inclus dans le Sampler Pack :<\/strong><\/p>\n<p>Vous trouverez 6 flacons pratiques de 100 ml contenant 3 produits de soins personnels et 3 produits de nettoyage de surface pour la maison \u00e0 essayer.<\/p>\n<p><strong>Nettoyants pour les mains et le corps<\/strong><\/p>\n<ul>\n<li><strong><em>NOUVEAU<\/em> Rub Me All Over -<\/strong> A <strong>tout neuf, <\/strong>spray corporel pour toute la famille.  Enrichi en huile de noix de coco, il aide \u00e0 apaiser la peau s\u00e8che ou les d\u00e9mangeaisons et \u00e0 soulager les coups de soleil.  Vaporiser sur la peau et les cheveux et faire p\u00e9n\u00e9trer pour un effet hydratant et rajeunissant.  Seulement 4 ingr\u00e9dients naturels et biologiques<\/li>\n<li><strong>Nettoyant antibact\u00e9rien pour les mains<\/strong> - \u00e9limine 99,9% des germes en 20 secondes - parfait pour garder les mains et les autres parties qui peuvent avoir besoin d'un nettoyage en profondeur, propres et fra\u00eeches sans dess\u00e9cher la peau.  Il suffit de le vaporiser et de le laisser s\u00e9cher \u00e0 l'air libre ou de l'essuyer.  Ne contient que 4 ingr\u00e9dients naturels et biologiques<\/li>\n<li><strong>Emmenez-moi n'importe o\u00f9<\/strong> - Un produit unique et tr\u00e8s efficace pour nettoyer la peau sur tout le corps, ou pour les moments o\u00f9 l'eau se fait rare, ou simplement comme un pschitt rafra\u00eechissant lorsqu'il fait chaud ou que votre peau est s\u00e8che.  Il suffit de vaporiser et d'essuyer - aucun rin\u00e7age n'est n\u00e9cessaire.  Contient seulement 3 ingr\u00e9dients naturels et biologiques<\/li>\n<\/ul>\n<p><strong>Home Nettoyants de surface<\/strong><\/p>\n<ul>\n<li><strong>Nettoyant pour lentilles et \u00e9crans <\/strong>- Gardez vos lunettes, vos lunettes de soleil et les \u00e9crans de vos appareils clairs comme du cristal et sans traces. Il suffit de vaporiser et d'essuyer.  Contient seulement 2 ingr\u00e9dients. Seulement 2 ingr\u00e9dients<\/li>\n<li><strong>Nettoyant polyvalent<\/strong> - un nettoyant polyvalent pour les surfaces domestiques, dot\u00e9 d'un remarquable pouvoir nettoyant et d\u00e9sinfectant.  Avec seulement 2 ingr\u00e9dients, vous ne trouverez pas sur le march\u00e9 un nettoyant pour surfaces m\u00e9nag\u00e8res plus naturel et plus efficace.  Il s'agit d'une premi\u00e8re australienne et il est utilisable sur presque toutes les surfaces, y compris la peau.  Il suffit de le vaporiser et de l'essuyer. Seulement 2 ingr\u00e9dients<\/li>\n<li><strong>Nettoyant antibact\u00e9rien<\/strong> - Un nettoyant d\u00e9sinfectant polyvalent et efficace dont il est scientifiquement prouv\u00e9 qu'il \u00e9limine 99,9% des bact\u00e9ries en 20 secondes.  Il peut \u00eatre utilis\u00e9 sur toutes les surfaces de la maison.  \u00c9limine les moisissures et les spores gr\u00e2ce \u00e0 ses propri\u00e9t\u00e9s naturelles - plus besoin de produits chimiques agressifs.  Il suffit de le vaporiser et de l'essuyer. Seulement 3 ingr\u00e9dients<\/li>\n<\/ul>\n<p>Votre kit d'\u00e9chantillonnage est accompagn\u00e9 d'un produit enti\u00e8rement naturel et parfaitement respectueux de l'environnement. <strong>pochette \u00e0 cordon de jute<\/strong>Il s'agit d'un produit qui peut \u00eatre utilis\u00e9 \u00e0 plusieurs reprises et qui, lorsqu'il est us\u00e9, est biod\u00e9gradable (100%) et peut donc \u00eatre jet\u00e9 au compost.<\/p>\n<p>Sans danger pour les fosses septiques et les eaux grises - tous les produits de nettoyage WOW sont fabriqu\u00e9s \u00e0 partir d'ingr\u00e9dients purs, naturels, biologiques et \u00e9cologiques.<\/p>\n<p><strong>Tous les produits WOW sont fi\u00e8rement fabriqu\u00e9s en Australie \u00e0 partir d'ingr\u00e9dients locaux, y compris le flacon.<\/strong><\/p>\n<p>&nbsp;<\/p>","protected":false},"excerpt":{"rendered":"<h2>ESSAYEZ-LES TOUS ET LAISSEZ-VOUS SURPRENDRE.<\/h2>\n<p>Obtenez nos 6 meilleurs produits de nettoyage de la peau et des surfaces dans un flacon plus petit, accompagn\u00e9 d'une pochette en toile de jute r\u00e9utilisable et respectueuse de l'environnement.<\/p>\n<p><strong>Inclus dans le Sampler Pack :<\/strong><\/p>\n<p>Vous trouverez 6 flacons pratiques de 100 ml contenant 3 produits de soins personnels et 3 produits de nettoyage de surface pour la maison \u00e0 essayer.<\/p>\n<p><strong>Mains et corps - flacons pulv\u00e9risateurs de 100 ml - revigoration et revitalisation instantan\u00e9es<\/strong><\/p>\n<ul>\n<li><strong><em>NOUVEAU<\/em> Frottez-moi partout <\/strong><strong>-<\/strong> Un soin hydratant et apaisant pour le corps et la peau de toute la famille.  L'huile de noix de coco apaise la peau et le cuir chevelu secs, les d\u00e9mangeaisons et les coups de soleil.<\/li>\n<li><strong>Nettoyant antibact\u00e9rien pour les mains<\/strong> - tue 99,9% des germes en 20 secondes - ne s\u00e8che pas les mains<\/li>\n<li><strong>Emmenez-moi n'importe o\u00f9<\/strong> - Un produit unique et tr\u00e8s efficace de nettoyage de la peau sans eau<\/li>\n<\/ul>\n<p><strong>Home Nettoyants de surface - flacons pulv\u00e9risateurs de 100ml - efficacit\u00e9 v\u00e9g\u00e9tale<\/strong><\/p>\n<ul>\n<li><strong>Nettoyant pour lentilles et \u00e9crans <\/strong>- Gardez vos lunettes, vos lunettes de soleil et les \u00e9crans de vos appareils clairs comme du cristal et sans traces.<\/li>\n<li><strong>Nettoyant polyvalent<\/strong> - un nettoyant m\u00e9nager polyvalent pour les surfaces, dot\u00e9 d'un remarquable pouvoir nettoyant et d\u00e9sinfectant.<\/li>\n<li><strong>Nettoyant antibact\u00e9rien<\/strong> - Un nettoyant d\u00e9sinfectant polyvalent et efficace dont il est scientifiquement prouv\u00e9 qu'il tue 99,9% des bact\u00e9ries en 20 secondes.<\/li>\n<\/ul>\n<p>Votre kit d'\u00e9chantillonnage est accompagn\u00e9 d'un produit enti\u00e8rement naturel et parfaitement respectueux de l'environnement. <strong>pochette \u00e0 cordon de jute<\/strong>Il s'agit d'un produit qui peut \u00eatre utilis\u00e9 \u00e0 plusieurs reprises et qui, une fois us\u00e9, peut \u00eatre jet\u00e9 au compost, car il est 100% biod\u00e9gradable.<\/p>\n<p>Lib\u00e9rez le pouvoir remarquable de l'hydrolat de camphre et observez la salet\u00e9 se d\u00e9tacher comme par magie de la surface sur laquelle il est vaporis\u00e9.<\/p>\n<p>Agr\u00e9able parfum de plein air.<\/p>\n<p>100% pur et naturel - nettoyants \u00e0 base de plantes, tr\u00e8s efficaces, de Wild Organic Ways.<\/p>\n<p>Plus d'informations ci-dessous<\/p>\n<p><img fetchpriority=\"high\" decoding=\"async\" class=\"aligncenter wp-image-121587 size-full\" src=\"https:\/\/shoply.com\/wp-content\/uploads\/2025\/01\/horiz-icons-white-out-of-black.webp\" alt=\"\" width=\"575\" height=\"89\" srcset=\"https:\/\/2024.shoply.com\/wp-content\/uploads\/2025\/01\/horiz-icons-white-out-of-black.webp 575w, https:\/\/2024.shoply.com\/wp-content\/uploads\/2025\/01\/horiz-icons-white-out-of-black-400x62.webp 400w, https:\/\/2024.shoply.com\/wp-content\/uploads\/2025\/01\/horiz-icons-white-out-of-black-18x3.webp 18w, https:\/\/2024.shoply.com\/wp-content\/uploads\/2025\/01\/horiz-icons-white-out-of-black-150x23.webp 150w, https:\/\/2024.shoply.com\/wp-content\/uploads\/2025\/01\/horiz-icons-white-out-of-black-220x34.webp 220w\" sizes=\"(max-width: 575px) 100vw, 575px\" \/><\/p>","protected":false},"featured_media":88037,"template":"","meta":{"footnotes":""},"product_brand":[],"product_cat":[385,407,100,470,383],"product_tag":[108,153,267,319,185,394,140,113],"class_list":{"0":"post-88102","1":"product","2":"type-product","3":"status-publish","4":"has-post-thumbnail","6":"product_cat-bath-body","7":"product_cat-gift-giving","8":"product_cat-home","9":"product_cat-household-cleaning","10":"product_cat-personal-care","11":"product_tag-bath","12":"product_tag-cleanser","13":"product_tag-gifts","14":"product_tag-home","15":"product_tag-organic","16":"product_tag-skin","17":"product_tag-skin-care","18":"product_tag-vegan","19":"product_shipping_class-shipping-class-4","20":"has-subscription-plans","22":"first","23":"instock","24":"purchasable","25":"product-type-simple"},"bundled_by":["93385","121756"],"bundle_stock_status":"instock","bundle_stock_quantity":null,"bundle_virtual":false,"bundle_layout":"","bundle_add_to_cart_form_location":"","bundle_editable_in_cart":false,"bundle_sold_individually_context":"","bundle_item_grouping":"","bundle_min_size":"","bundle_max_size":"","bundle_price":[],"bundled_items":[],"bundle_sell_ids":[],"group_of_quantity":0,"min_quantity":0,"max_quantity":"","exclude_order_quantity_value_rules":"no","exclude_category_quantity_rules":"no","combine_variations":"no","_links":{"self":[{"href":"https:\/\/2024.shoply.com\/fr\/wp-json\/wp\/v2\/product\/88102","targetHints":{"allow":["GET"]}}],"collection":[{"href":"https:\/\/2024.shoply.com\/fr\/wp-json\/wp\/v2\/product"}],"about":[{"href":"https:\/\/2024.shoply.com\/fr\/wp-json\/wp\/v2\/types\/product"}],"version-history":[{"count":3,"href":"https:\/\/2024.shoply.com\/fr\/wp-json\/wp\/v2\/product\/88102\/revisions"}],"predecessor-version":[{"id":126462,"href":"https:\/\/2024.shoply.com\/fr\/wp-json\/wp\/v2\/product\/88102\/revisions\/126462"}],"wp:featuredmedia":[{"embeddable":true,"href":"https:\/\/2024.shoply.com\/fr\/wp-json\/wp\/v2\/media\/88037"}],"wp:attachment":[{"href":"https:\/\/2024.shoply.com\/fr\/wp-json\/wp\/v2\/media?parent=88102"}],"wp:term":[{"taxonomy":"product_brand","embeddable":true,"href":"https:\/\/2024.shoply.com\/fr\/wp-json\/wp\/v2\/product_brand?post=88102"},{"taxonomy":"product_cat","embeddable":true,"href":"https:\/\/2024.shoply.com\/fr\/wp-json\/wp\/v2\/product_cat?post=88102"},{"taxonomy":"product_tag","embeddable":true,"href":"https:\/\/2024.shoply.com\/fr\/wp-json\/wp\/v2\/product_tag?post=88102"}],"curies":[{"name":"wp","href":"https:\/\/api.w.org\/{rel}","templated":true}]}}