{"id":93380,"date":"2024-11-21T04:08:05","date_gmt":"2024-11-21T09:08:05","guid":{"rendered":"https:\/\/shoply.com\/?post_type=product&#038;p=93380"},"modified":"2025-02-06T13:45:18","modified_gmt":"2025-02-06T18:45:18","slug":"multipurpose-cleaner-surface-cleaning-miracle-in-a-bottle-1-litre-refill","status":"publish","type":"product","link":"https:\/\/2024.shoply.com\/fr\/produit\/multipurpose-cleaner-surface-cleaning-miracle-in-a-bottle-1-litre-refill\/","title":{"rendered":"Multipurpose Cleaner &#8211; Surface Cleaning Miracle in a Bottle &#8211; 1 Litre Refill"},"content":{"rendered":"<p><strong>Save Money and help reduce plastic waste<\/strong><\/p>\n<p>To assist with that, we offer this 1 litre refill to encourage reuse by refilling your WOW empties.<\/p>\n<p>By refilling and reusing your empty Wild Organic Ways spray bottles, not only do you save money, you also reduce waste, therefore making a positive difference to our planet, as well as your pocket.<\/p>\n<h3>Multi Purpose Cleaner &#8211; A 100% natural and very effective general purpose spray cleaner for almost any surface that needs a clean.<\/h3>\n<p>&#8211; Naturally and remarkably lifts dirt and grime on most surfaces, often restoring the surface to its original state<\/p>\n<p>&#8211; Naturally anti-bacterial<\/p>\n<p>&#8211; Natural, Organic ingredients only, with no harsh chemicals<\/p>\n<p>&#8211; Safe and effective to use on 99% of household surfaces, including:<\/p>\n<ul>\n<li>Benchtops \u2013 Stone, Laminex, Wood, Slate, Caeserstone (Mineral &amp; Porcelain);<\/li>\n<li>Tiles \u2013 wall and floor;<\/li>\n<li>Glass \u2013 windows, splash-backs, oven doors, shower doors, mirrors, wood heater glass;<\/li>\n<li>Appliances &#8211; stainless steel and enamel;<\/li>\n<li>Bathrooms \u2013 tiles, sinks, showers, shower doors;<\/li>\n<li>Laundry \u2013 sinks, appliances, tiles;<\/li>\n<li>Ceramics;<\/li>\n<li>Barbeques;<\/li>\n<li>Wooden furniture and wooden surfaces;<\/li>\n<li>Leather \u2013 works like a restorer;<\/li>\n<li>And a multitude of other surfaces &#8211; most surfaces in fact.<\/li>\n<\/ul>\n<p>&#8211; Overspray won\u2019t hurt your surfaces or skin<\/p>\n<p>&#8211; Septic safe &#8211; only 2 natural and non-toxic ingredients<\/p>\n<p><strong>Ingr\u00e9dients :<\/strong><\/p>\n<ul>\n<li>Hydrosol de camphre<\/li>\n<li>Mineral Rich H2O sourced from the Byron Hinterland<\/li>\n<\/ul>\n<p><strong>100% Fabriqu\u00e9, d\u00e9tenu et exploit\u00e9 en Australie.<\/strong><\/p>","protected":false},"excerpt":{"rendered":"<p><strong>Refill your empty WOW bottles and save in more ways than one with Multipurpose Cleaner 1 litre refill<\/strong><\/p>\n<p>Wild Organic Ways have long advocated the refilling and reuse of our empty cleaning product spray bottles.<\/p>\n<p>It\u2019s one of the foundations of our business philosophies.<\/p>\n<p>To assist with that, we offer this 1 litre refill to encourage reuse by refilling your WOW empties.<\/p>\n<p>By refilling and reusing your empty Wild Organic Ways spray bottles, not only do you save money, you also reduce waste, therefore making a positive difference to our planet, as well as your pocket.<\/p>\n<p>And remember, all Wild Organic Ways cleaning products are 100% Natural, 100% Organic and 100% Australian made, including all the ingredients, the bottles and containers.<\/p>\n<p>Find more information below:<\/p>\n<p><img fetchpriority=\"high\" decoding=\"async\" class=\"aligncenter wp-image-121587 size-full\" src=\"https:\/\/shoply.com\/wp-content\/uploads\/2025\/01\/horiz-icons-white-out-of-black.webp\" alt=\"\" width=\"575\" height=\"89\" srcset=\"https:\/\/2024.shoply.com\/wp-content\/uploads\/2025\/01\/horiz-icons-white-out-of-black.webp 575w, https:\/\/2024.shoply.com\/wp-content\/uploads\/2025\/01\/horiz-icons-white-out-of-black-400x62.webp 400w, https:\/\/2024.shoply.com\/wp-content\/uploads\/2025\/01\/horiz-icons-white-out-of-black-18x3.webp 18w, https:\/\/2024.shoply.com\/wp-content\/uploads\/2025\/01\/horiz-icons-white-out-of-black-150x23.webp 150w, https:\/\/2024.shoply.com\/wp-content\/uploads\/2025\/01\/horiz-icons-white-out-of-black-220x34.webp 220w\" sizes=\"(max-width: 575px) 100vw, 575px\" \/><\/p>","protected":false},"featured_media":125689,"template":"","meta":{"footnotes":""},"product_brand":[],"product_cat":[204,470],"product_tag":[153,319,185,113],"class_list":{"0":"post-93380","1":"product","2":"type-product","3":"status-publish","4":"has-post-thumbnail","6":"product_cat-home-and-kitchen","7":"product_cat-household-cleaning","8":"product_tag-cleanser","9":"product_tag-home","10":"product_tag-organic","11":"product_tag-vegan","12":"has-subscription-plans","14":"first","15":"instock","16":"purchasable","17":"product-type-simple"},"bundled_by":[],"bundle_stock_status":"instock","bundle_stock_quantity":null,"bundle_virtual":false,"bundle_layout":"","bundle_add_to_cart_form_location":"","bundle_editable_in_cart":false,"bundle_sold_individually_context":"","bundle_item_grouping":"","bundle_min_size":"","bundle_max_size":"","bundle_price":[],"bundled_items":[],"bundle_sell_ids":[],"group_of_quantity":0,"min_quantity":0,"max_quantity":"","exclude_order_quantity_value_rules":"no","exclude_category_quantity_rules":"no","combine_variations":"no","_links":{"self":[{"href":"https:\/\/2024.shoply.com\/fr\/wp-json\/wp\/v2\/product\/93380","targetHints":{"allow":["GET"]}}],"collection":[{"href":"https:\/\/2024.shoply.com\/fr\/wp-json\/wp\/v2\/product"}],"about":[{"href":"https:\/\/2024.shoply.com\/fr\/wp-json\/wp\/v2\/types\/product"}],"version-history":[{"count":3,"href":"https:\/\/2024.shoply.com\/fr\/wp-json\/wp\/v2\/product\/93380\/revisions"}],"predecessor-version":[{"id":126496,"href":"https:\/\/2024.shoply.com\/fr\/wp-json\/wp\/v2\/product\/93380\/revisions\/126496"}],"wp:featuredmedia":[{"embeddable":true,"href":"https:\/\/2024.shoply.com\/fr\/wp-json\/wp\/v2\/media\/125689"}],"wp:attachment":[{"href":"https:\/\/2024.shoply.com\/fr\/wp-json\/wp\/v2\/media?parent=93380"}],"wp:term":[{"taxonomy":"product_brand","embeddable":true,"href":"https:\/\/2024.shoply.com\/fr\/wp-json\/wp\/v2\/product_brand?post=93380"},{"taxonomy":"product_cat","embeddable":true,"href":"https:\/\/2024.shoply.com\/fr\/wp-json\/wp\/v2\/product_cat?post=93380"},{"taxonomy":"product_tag","embeddable":true,"href":"https:\/\/2024.shoply.com\/fr\/wp-json\/wp\/v2\/product_tag?post=93380"}],"curies":[{"name":"wp","href":"https:\/\/api.w.org\/{rel}","templated":true}]}}