{"id":96920,"date":"2024-11-25T21:23:37","date_gmt":"2024-11-26T02:23:37","guid":{"rendered":"https:\/\/shoply.com\/?post_type=product&#038;p=96920"},"modified":"2025-03-15T22:07:53","modified_gmt":"2025-03-16T03:07:53","slug":"claudias-earrings","status":"publish","type":"product","link":"https:\/\/2024.shoply.com\/fr\/produit\/claudias-earrings\/","title":{"rendered":"Boucles d'oreilles de Claudia"},"content":{"rendered":"<p>Rehaussez votre style avec ces superbes boucles d'oreilles en argent au design torsad\u00e9 unique. Parfaites pour toutes les occasions, elles ajoutent une touche d'\u00e9l\u00e9gance \u00e0 votre tenue. L\u00e9g\u00e8res et confortables, ces boucles d'oreilles sont un accessoire indispensable pour toutes celles qui souhaitent se d\u00e9marquer.<\/p>\n<p>&nbsp;<\/p>","protected":false},"excerpt":{"rendered":"<p>Elevate your style with these stunning silver hoop earrings featuring a unique twisted design. Perfect for any occasion, they add<\/p>","protected":false},"featured_media":96944,"template":"","meta":{"footnotes":""},"product_brand":[],"product_cat":[408,407,205],"product_tag":[],"class_list":{"0":"post-96920","1":"product","2":"type-product","3":"status-publish","4":"has-post-thumbnail","6":"product_cat-birthday","7":"product_cat-gift-giving","8":"product_cat-jewelry-250-or-less","10":"first","11":"instock","12":"taxable","13":"shipping-taxable","14":"purchasable","15":"product-type-variable"},"bundled_by":[],"bundle_stock_status":"instock","bundle_stock_quantity":null,"bundle_virtual":false,"bundle_layout":"","bundle_add_to_cart_form_location":"","bundle_editable_in_cart":false,"bundle_sold_individually_context":"","bundle_item_grouping":"","bundle_min_size":"","bundle_max_size":"","bundle_price":[],"bundled_items":[],"bundle_sell_ids":[],"group_of_quantity":0,"min_quantity":0,"max_quantity":"","exclude_order_quantity_value_rules":"no","exclude_category_quantity_rules":"no","combine_variations":"no","_links":{"self":[{"href":"https:\/\/2024.shoply.com\/fr\/wp-json\/wp\/v2\/product\/96920","targetHints":{"allow":["GET"]}}],"collection":[{"href":"https:\/\/2024.shoply.com\/fr\/wp-json\/wp\/v2\/product"}],"about":[{"href":"https:\/\/2024.shoply.com\/fr\/wp-json\/wp\/v2\/types\/product"}],"version-history":[{"count":1,"href":"https:\/\/2024.shoply.com\/fr\/wp-json\/wp\/v2\/product\/96920\/revisions"}],"predecessor-version":[{"id":126392,"href":"https:\/\/2024.shoply.com\/fr\/wp-json\/wp\/v2\/product\/96920\/revisions\/126392"}],"wp:featuredmedia":[{"embeddable":true,"href":"https:\/\/2024.shoply.com\/fr\/wp-json\/wp\/v2\/media\/96944"}],"wp:attachment":[{"href":"https:\/\/2024.shoply.com\/fr\/wp-json\/wp\/v2\/media?parent=96920"}],"wp:term":[{"taxonomy":"product_brand","embeddable":true,"href":"https:\/\/2024.shoply.com\/fr\/wp-json\/wp\/v2\/product_brand?post=96920"},{"taxonomy":"product_cat","embeddable":true,"href":"https:\/\/2024.shoply.com\/fr\/wp-json\/wp\/v2\/product_cat?post=96920"},{"taxonomy":"product_tag","embeddable":true,"href":"https:\/\/2024.shoply.com\/fr\/wp-json\/wp\/v2\/product_tag?post=96920"}],"curies":[{"name":"wp","href":"https:\/\/api.w.org\/{rel}","templated":true}]}}