{"id":104191,"date":"2024-12-10T15:19:22","date_gmt":"2024-12-10T20:19:22","guid":{"rendered":"https:\/\/shoply.com\/?post_type=product&#038;p=104191"},"modified":"2025-02-03T15:48:20","modified_gmt":"2025-02-03T20:48:20","slug":"shoply-apparel-t-shirts","status":"publish","type":"product","link":"https:\/\/2024.shoply.com\/fr_ca\/produit\/shoply-apparel-t-shirts\/","title":{"rendered":"T-shirts Shoply Apparel"},"content":{"rendered":"<h3 class=\"wt-text-title-01 wt-text-truncate--multi-line wt-mb-xs-1\">T-shirts Shoply Apparel<\/h3>\n<p>Wearing Shoply apparel can be a great conversation starter that helps customers learn more about the company.\u00a0As a team, wearing a company shirt can help foster team spirit and inspire loyalty.\u00a0Get yours and help your customers associate the logo with the brand.<\/p>\n<div class=\"product__description rte quick-add-hidden\">\n<ul id=\"product-features\" class=\"product-details-features__list\">\n<li class=\"product-details-features__feature\"><span class=\"product-details-features__text\">4.2 oz., 100% airlume combed and ringspun cotton, 32 singles<\/span><\/li>\n<li class=\"product-details-features__feature\"><span class=\"product-details-features__text\">Ash is 99% airlume combed and ringspun cotton, 1% polyester<\/span><\/li>\n<li class=\"product-details-features__feature\"><span class=\"product-details-features__text\">Shoulder taping<\/span><\/li>\n<li class=\"product-details-features__feature\"><span class=\"product-details-features__text\">Side-seamed<\/span><\/li>\n<li class=\"product-details-features__feature\"><span class=\"product-details-features__text\">Unisex sizing<\/span><\/li>\n<li class=\"product-details-features__feature\"><span class=\"product-details-features__text\">Retail fit<\/span><\/li>\n<li class=\"product-details-features__feature\"><span class=\"product-details-features__text\">Pre-shrunk<\/span><\/li>\n<li class=\"product-details-features__feature\"><span class=\"product-details-features__text\">Tear away label<\/span><\/li>\n<\/ul>\n<p>Transfert par s\u00e9rigraphie<\/p>\n<p>Instructions d'entretien : Retourner le v\u00eatement, le laver en machine \u00e0 l'eau froide avec des couleurs similaires. Ne pas blanchir et s\u00e9cher \u00e0 basse temp\u00e9rature. Ne pas repasser sur le transfert.<\/p>\n<\/div>","protected":false},"excerpt":{"rendered":"<h3 class=\"wt-text-title-01 wt-text-truncate--multi-line wt-mb-xs-1\">T-shirts Shoply Apparel<\/h3>\n<p>&nbsp;<\/p>","protected":false},"featured_media":104224,"template":"","meta":{"footnotes":""},"product_brand":[],"product_cat":[255,103],"product_tag":[263,315,256,120,496,262,137,505,379,271,259,482],"class_list":{"0":"post-104191","1":"product","2":"type-product","3":"status-publish","4":"has-post-thumbnail","6":"product_cat-apparel","7":"product_cat-clothing-and-accessories","8":"product_tag-apparel","9":"product_tag-birthday","10":"product_tag-casual","11":"product_tag-clothing","12":"product_tag-comfortable","13":"product_tag-cotton","14":"product_tag-essentials","15":"product_tag-fashion","16":"product_tag-inspiration","17":"product_tag-kindness","18":"product_tag-shirts","19":"product_tag-tees","20":"has-subscription-plans","22":"first","23":"instock","24":"taxable","25":"shipping-taxable","26":"purchasable","27":"product-type-variable"},"bundled_by":[],"bundle_stock_status":"instock","bundle_stock_quantity":298,"bundle_virtual":false,"bundle_layout":"","bundle_add_to_cart_form_location":"","bundle_editable_in_cart":false,"bundle_sold_individually_context":"","bundle_item_grouping":"","bundle_min_size":"","bundle_max_size":"","bundle_price":[],"bundled_items":[],"bundle_sell_ids":[],"group_of_quantity":0,"min_quantity":0,"max_quantity":"","exclude_order_quantity_value_rules":"no","exclude_category_quantity_rules":"no","combine_variations":"no","_links":{"self":[{"href":"https:\/\/2024.shoply.com\/fr_ca\/wp-json\/wp\/v2\/product\/104191","targetHints":{"allow":["GET"]}}],"collection":[{"href":"https:\/\/2024.shoply.com\/fr_ca\/wp-json\/wp\/v2\/product"}],"about":[{"href":"https:\/\/2024.shoply.com\/fr_ca\/wp-json\/wp\/v2\/types\/product"}],"version-history":[{"count":1,"href":"https:\/\/2024.shoply.com\/fr_ca\/wp-json\/wp\/v2\/product\/104191\/revisions"}],"predecessor-version":[{"id":132054,"href":"https:\/\/2024.shoply.com\/fr_ca\/wp-json\/wp\/v2\/product\/104191\/revisions\/132054"}],"wp:featuredmedia":[{"embeddable":true,"href":"https:\/\/2024.shoply.com\/fr_ca\/wp-json\/wp\/v2\/media\/104224"}],"wp:attachment":[{"href":"https:\/\/2024.shoply.com\/fr_ca\/wp-json\/wp\/v2\/media?parent=104191"}],"wp:term":[{"taxonomy":"product_brand","embeddable":true,"href":"https:\/\/2024.shoply.com\/fr_ca\/wp-json\/wp\/v2\/product_brand?post=104191"},{"taxonomy":"product_cat","embeddable":true,"href":"https:\/\/2024.shoply.com\/fr_ca\/wp-json\/wp\/v2\/product_cat?post=104191"},{"taxonomy":"product_tag","embeddable":true,"href":"https:\/\/2024.shoply.com\/fr_ca\/wp-json\/wp\/v2\/product_tag?post=104191"}],"curies":[{"name":"wp","href":"https:\/\/api.w.org\/{rel}","templated":true}]}}