{"id":104791,"date":"2024-12-10T23:50:44","date_gmt":"2024-12-11T04:50:44","guid":{"rendered":"https:\/\/shoply.com\/product\/namaste-the-f-away-ritual-candle\/"},"modified":"2025-02-04T14:47:51","modified_gmt":"2025-02-04T19:47:51","slug":"namaste-the-f-away-ritual-candle","status":"publish","type":"product","link":"https:\/\/2024.shoply.com\/fr_ca\/produit\/namaste-the-f-away-ritual-candle\/","title":{"rendered":"Namaste The F Away Ritual Candle"},"content":{"rendered":"<h3><strong>Namaste the F Away Candle \u2013 Ritual Candle Collection<\/strong><\/h3>\n<p><strong>Fait \u00e0 la main au Canada | M\u00e8che en bois cr\u00e9pitante | Infusion de cristaux, d'herbes et d'intentions<\/strong><\/p>\n<p><strong>The Ultimate Cord-Cutting Tool<\/strong><br \/>\nSay goodbye to toxic energy and hello to freedom with the <strong>Namaste the F Away Candle<\/strong>. Designed to help you cut etheric cords, release negativity, and invite positivity, this candle includes an actual cord attached for a symbolic ritual and a mini scissor talisman for extra empowerment. Infused with <strong>Black Obsidian Blade<\/strong> et <strong>Quartz clair<\/strong> crystals, and topped with angelica herb and holographic glitter, this candle is a bold statement for reclaiming your energy.<\/p>\n<p><strong>\u2728 Caract\u00e9ristiques et avantages :<\/strong><\/p>\n<ul>\n<li><strong>Infusion de cristaux<\/strong>: Black Obsidian Blade for grounding and protection, and Clear Quartz for clarity and amplified intentions.<\/li>\n<li><strong>M\u00e9lange d'aromath\u00e9rapie<\/strong>: Orange flower for uplifting energy, frankincense and myrrh for spiritual cleansing, cognac for richness, and lime for a refreshing twist.<\/li>\n<li><strong>Conception adapt\u00e9e aux rituels<\/strong>: Features an actual cord for symbolic cutting and a mini scissor talisman to enhance your practice.<\/li>\n<li><strong>Respect de l'environnement<\/strong>: Fabriqu\u00e9 avec de la cire de soja et une m\u00e8che en bois cr\u00e9pitante pour une combustion propre et une ambiance apaisante.<\/li>\n<li><strong>Pr\u00e9sentation luxueuse<\/strong>: Vers\u00e9 dans un pot blanc de 10 oz avec un logo dor\u00e9, parfait pour une pr\u00e9sentation ou un cadeau.<\/li>\n<\/ul>\n<p><strong>? Composition du parfum :<\/strong><\/p>\n<ul>\n<li><strong>Notes de t\u00eate<\/strong>: Bright Lime, Orange Flower<\/li>\n<li><strong>Notes de c\u0153ur<\/strong>: Rich Cognac<\/li>\n<li><strong>Notes de base<\/strong>: Sacred Frankincense, Myrrh<\/li>\n<\/ul>\n<p><strong>? What it Feels Like :<\/strong><br \/>\nImagine releasing all the toxic energy weighing you down as the fresh, zesty aroma of lime and orange flower lightens your spirit. The grounding warmth of frankincense and myrrh, combined with the richness of cognac, creates a sacred space for healing and empowerment. The shimmer of holographic glitter and crackle of the wooden wick add a calming ambiance to this transformative ritual tool.<\/p>\n<p><strong>Si vous aimez...<\/strong><\/p>\n<ul>\n<li>The rich and grounding aroma of frankincense and myrrh.<\/li>\n<li>Sweet, zesty citrus blends like orange flower and lime.<\/li>\n<li>A warm and complex fragrance with a touch of sophistication.<br \/>\n...vous aimerez la <strong>Namaste the F Away Candle<\/strong>!<\/li>\n<\/ul>\n<p><strong>?\ufe0f Rituel simple :<\/strong><\/p>\n<ol>\n<li>Hold the unlit candle in your hands, focusing on your intention to release and heal.<\/li>\n<li>Take the mini scissors and cut the attached cord as a symbolic act of releasing toxic energy or connections.<\/li>\n<li>Allumez la bougie et r\u00e9p\u00e9tez cette affirmation : <em>&#8220;I release what no longer serves me and welcome light, love, and positivity.&#8221;<\/em><\/li>\n<li>Let the candle burn as you meditate, visualize your release, or journal your intentions.<\/li>\n<\/ol>\n<p><strong>\u2728 Who It's For :<\/strong><br \/>\nSi vous...<\/p>\n<ul>\n<li>Feel weighed down by toxic energy or lingering attachments.<\/li>\n<li>Want a physical and symbolic ritual for cord cutting.<\/li>\n<li>Are drawn to grounding and protective crystals like Black Obsidian.<\/li>\n<li>Need a purposeful tool for emotional healing and empowerment.<br \/>\n...le <strong>Namaste the F Away Candle<\/strong> est pour vous !<\/li>\n<\/ul>\n<p><strong>\u26a0\ufe0f Entretien et s\u00e9curit\u00e9 des bougies :<\/strong><\/p>\n<ul>\n<li>Coupez toujours la m\u00e8che \u00e0 \u00bc de pouce avant chaque combustion pour \u00e9viter une combustion irr\u00e9guli\u00e8re.<\/li>\n<li>Ensure all cord pieces and talisman are removed before lighting.<\/li>\n<li>Br\u00fbler sur une surface r\u00e9sistante \u00e0 la chaleur, loin des courants d'air, des animaux domestiques et des objets inflammables.<\/li>\n<li>Ne pas br\u00fbler pendant plus de 4 heures d'affil\u00e9e.<\/li>\n<li>Ne laissez jamais une bougie allum\u00e9e sans surveillance.<\/li>\n<\/ul>\n<p><strong>? D\u00e9tails du produit :<\/strong><\/p>\n<ul>\n<li><strong>Taille<\/strong>: 10 oz<\/li>\n<li><strong>Cire<\/strong>: Cire de soja \u00e0 combustion propre<\/li>\n<li><strong>M\u00e8che<\/strong>: M\u00e8che en bois cr\u00e9pitante<\/li>\n<\/ul>","protected":false},"excerpt":{"rendered":"<p>Cut toxic ties with <strong>Namaste the F Away<\/strong>, the ultimate cord-cutting tool featuring an actual cord, mini scissors, Black Obsidian Blade, Clear Quartz, holographic glitter, and angelica herb. With scents of orange flower, frankincense, myrrh, cognac, and lime, this 10 oz candle empowers your rituals and self-care.<\/p>","protected":false},"featured_media":105430,"template":"","meta":{"footnotes":""},"product_brand":[],"product_cat":[314,380],"product_tag":[1015],"class_list":{"0":"post-104791","1":"product","2":"type-product","3":"status-publish","4":"has-post-thumbnail","6":"product_cat-candles","7":"product_cat-home-fragrances","8":"product_tag-new","9":"has-subscription-plans","11":"first","12":"instock","13":"taxable","14":"shipping-taxable","15":"purchasable","16":"product-type-simple"},"bundled_by":[],"bundle_stock_status":"instock","bundle_stock_quantity":null,"bundle_virtual":false,"bundle_layout":"","bundle_add_to_cart_form_location":"","bundle_editable_in_cart":false,"bundle_sold_individually_context":"","bundle_item_grouping":"","bundle_min_size":"","bundle_max_size":"","bundle_price":[],"bundled_items":[],"bundle_sell_ids":[],"group_of_quantity":0,"min_quantity":0,"max_quantity":"","exclude_order_quantity_value_rules":"no","exclude_category_quantity_rules":"no","combine_variations":"no","_links":{"self":[{"href":"https:\/\/2024.shoply.com\/fr_ca\/wp-json\/wp\/v2\/product\/104791","targetHints":{"allow":["GET"]}}],"collection":[{"href":"https:\/\/2024.shoply.com\/fr_ca\/wp-json\/wp\/v2\/product"}],"about":[{"href":"https:\/\/2024.shoply.com\/fr_ca\/wp-json\/wp\/v2\/types\/product"}],"version-history":[{"count":1,"href":"https:\/\/2024.shoply.com\/fr_ca\/wp-json\/wp\/v2\/product\/104791\/revisions"}],"predecessor-version":[{"id":138259,"href":"https:\/\/2024.shoply.com\/fr_ca\/wp-json\/wp\/v2\/product\/104791\/revisions\/138259"}],"wp:featuredmedia":[{"embeddable":true,"href":"https:\/\/2024.shoply.com\/fr_ca\/wp-json\/wp\/v2\/media\/105430"}],"wp:attachment":[{"href":"https:\/\/2024.shoply.com\/fr_ca\/wp-json\/wp\/v2\/media?parent=104791"}],"wp:term":[{"taxonomy":"product_brand","embeddable":true,"href":"https:\/\/2024.shoply.com\/fr_ca\/wp-json\/wp\/v2\/product_brand?post=104791"},{"taxonomy":"product_cat","embeddable":true,"href":"https:\/\/2024.shoply.com\/fr_ca\/wp-json\/wp\/v2\/product_cat?post=104791"},{"taxonomy":"product_tag","embeddable":true,"href":"https:\/\/2024.shoply.com\/fr_ca\/wp-json\/wp\/v2\/product_tag?post=104791"}],"curies":[{"name":"wp","href":"https:\/\/api.w.org\/{rel}","templated":true}]}}