{"id":104813,"date":"2024-12-10T22:23:43","date_gmt":"2024-12-11T03:23:43","guid":{"rendered":"https:\/\/shoply.com\/product\/ambitchious\/"},"modified":"2025-01-27T18:11:20","modified_gmt":"2025-01-27T23:11:20","slug":"ambitchious","status":"publish","type":"product","link":"https:\/\/2024.shoply.com\/fr_ca\/produit\/ambitchious\/","title":{"rendered":"Ambitchious"},"content":{"rendered":"<div class=\"sqs-block horizontalrule-block sqs-block-horizontalrule\"><strong>Ambitchious Candle \u2013 Ritual Candle Collection<\/strong><\/div>\n<div class=\"sqs-block horizontalrule-block sqs-block-horizontalrule\">\n<p><strong>Fait \u00e0 la main au Canada | M\u00e8che en bois cr\u00e9pitante | Infusion de cristaux, d'herbes et d'intentions<\/strong><\/p>\n<p>Manifest your dreams and attract abundance with the <strong>Ambitchious Candle<\/strong>. Designed to encourage good fortune, luck, prosperity, and wealth, this candle combines the powerful energies of <strong>Pyrite<\/strong> et <strong>Quartz clair<\/strong> with a vibrant fragrance blend. Topped with chamomile flowers and sparkling gold glitter, it\u2019s a luxurious ritual tool to fuel your ambitions.<\/p>\n<p><strong>\u2728 Caract\u00e9ristiques et avantages :<\/strong><\/p>\n<ul>\n<li><strong>Infusion de cristaux<\/strong>: Pyrite for attracting wealth and abundance, and Clear Quartz for amplifying intention and focus.<\/li>\n<li><strong>M\u00e9lange d'aromath\u00e9rapie<\/strong>: Neroli and sweet orange for uplifting energy, lemon for clarity, lavender for balance, and patchouli for grounding prosperity.<\/li>\n<li><strong>Conception adapt\u00e9e aux rituels<\/strong>: Topped with chamomile flowers and gold glitter to amplify your intentions for abundance and success.<\/li>\n<li><strong>Respect de l'environnement<\/strong>: Fabriqu\u00e9 avec de la cire de soja et une m\u00e8che en bois cr\u00e9pitante pour une combustion propre et une ambiance apaisante.<\/li>\n<li><strong>Pr\u00e9sentation luxueuse<\/strong>: Poured into a white 10 oz jar with a gold-foiled logo, perfect for gifting or enhancing your space.<\/li>\n<\/ul>\n<p><strong>? Composition du parfum :<\/strong><\/p>\n<ul>\n<li><strong>Notes de t\u00eate<\/strong>: Bright Lemon, Sweet Orange<\/li>\n<li><strong>Notes de c\u0153ur<\/strong>: Soft Neroli, Lavender<\/li>\n<li><strong>Notes de base<\/strong>: Earthy Patchouli<\/li>\n<\/ul>\n<p><strong>? What it Feels Like :<\/strong><br \/>\nPicture a bright, golden morning where the invigorating scents of citrus awaken your senses, softened by the floral elegance of neroli and lavender. The grounding warmth of patchouli creates a foundation of stability and prosperity, while gold glitter and the crackling wick add an inspiring glow to your space.<\/p>\n<p><strong>?\ufe0f Rituel simple :<\/strong><\/p>\n<ol>\n<li>Hold the unlit candle in your hands and take three deep breaths, focusing on your intention for abundance and success.<\/li>\n<li>Visualize the golden energy of Pyrite and the amplifying power of Clear Quartz drawing good fortune and opportunities into your life.<\/li>\n<li>Allumez la bougie et r\u00e9p\u00e9tez cette affirmation : <em>&#8220;I am open to the flow of abundance and prosperity in my life.&#8221;<\/em><\/li>\n<li>Let the candle burn as you focus on your goals, visualize success, or meditate.<\/li>\n<\/ol>\n<p><strong>\u2728 Who It's For :<\/strong><br \/>\nSi vous...<\/p>\n<ul>\n<li>Are manifesting wealth, prosperity, or success.<\/li>\n<li>Love vibrant, uplifting citrus fragrances.<\/li>\n<li>Feel drawn to crystals like Pyrite for abundance and Clear Quartz for clarity.<\/li>\n<li>Need a unique, meaningful gift for someone pursuing their ambitions.<br \/>\n...le <strong>Ambitchious Candle<\/strong> est pour vous !<\/li>\n<\/ul>\n<p><strong>Si vous aimez...<\/strong><\/p>\n<ul>\n<li>Bright and invigorating citrus fragrances like lemon and sweet orange.<\/li>\n<li>Soft floral notes like neroli and lavender with earthy undertones.<\/li>\n<li>Scents that inspire motivation and optimism.<br \/>\n...vous aimerez la <strong>Ambitchious Candle<\/strong>!<\/li>\n<\/ul>\n<p><strong>\u26a0\ufe0f Entretien et s\u00e9curit\u00e9 des bougies :<\/strong><\/p>\n<ul>\n<li>Coupez toujours la m\u00e8che \u00e0 \u00bc de pouce avant chaque combustion pour \u00e9viter une combustion irr\u00e9guli\u00e8re.<\/li>\n<li>Remove herbs or loose glitter and Remove Crystals around the wick before lighting.<\/li>\n<li>Br\u00fbler sur une surface r\u00e9sistante \u00e0 la chaleur, loin des courants d'air, des animaux domestiques et des objets inflammables.<\/li>\n<li>Ne pas br\u00fbler pendant plus de 4 heures d'affil\u00e9e.<\/li>\n<li>Ne laissez jamais une bougie allum\u00e9e sans surveillance.<\/li>\n<\/ul>\n<p><strong>? D\u00e9tails du produit :<\/strong><\/p>\n<ul>\n<li><strong>Taille<\/strong>: 10 oz<\/li>\n<li><strong>Cire<\/strong>: Cire de soja \u00e0 combustion propre<\/li>\n<li><strong>M\u00e8che<\/strong>: M\u00e8che en bois cr\u00e9pitante<\/li>\n<\/ul>\n<\/div>","protected":false},"excerpt":{"rendered":"<p>Manifest abundance with <strong>Ambitchious<\/strong>, a vibrant blend of neroli, lemon, lavender, patchouli, and sweet orange. Infused with Pyrite, Clear Quartz, chamomile flowers, and gold glitter, this 10 oz candle empowers your rituals for prosperity and success.<\/p>","protected":false},"featured_media":105306,"template":"","meta":{"footnotes":""},"product_brand":[],"product_cat":[314,380],"product_tag":[],"class_list":{"0":"post-104813","1":"product","2":"type-product","3":"status-publish","4":"has-post-thumbnail","6":"product_cat-candles","7":"product_cat-home-fragrances","8":"product_shipping_class-shipping-class-1","9":"has-subscription-plans","11":"first","12":"instock","13":"taxable","14":"shipping-taxable","15":"purchasable","16":"product-type-simple"},"bundled_by":[],"bundle_stock_status":"instock","bundle_stock_quantity":null,"bundle_virtual":false,"bundle_layout":"","bundle_add_to_cart_form_location":"","bundle_editable_in_cart":false,"bundle_sold_individually_context":"","bundle_item_grouping":"","bundle_min_size":"","bundle_max_size":"","bundle_price":[],"bundled_items":[],"bundle_sell_ids":[],"group_of_quantity":0,"min_quantity":0,"max_quantity":"","exclude_order_quantity_value_rules":"no","exclude_category_quantity_rules":"no","combine_variations":"no","_links":{"self":[{"href":"https:\/\/2024.shoply.com\/fr_ca\/wp-json\/wp\/v2\/product\/104813","targetHints":{"allow":["GET"]}}],"collection":[{"href":"https:\/\/2024.shoply.com\/fr_ca\/wp-json\/wp\/v2\/product"}],"about":[{"href":"https:\/\/2024.shoply.com\/fr_ca\/wp-json\/wp\/v2\/types\/product"}],"version-history":[{"count":1,"href":"https:\/\/2024.shoply.com\/fr_ca\/wp-json\/wp\/v2\/product\/104813\/revisions"}],"predecessor-version":[{"id":125591,"href":"https:\/\/2024.shoply.com\/fr_ca\/wp-json\/wp\/v2\/product\/104813\/revisions\/125591"}],"wp:featuredmedia":[{"embeddable":true,"href":"https:\/\/2024.shoply.com\/fr_ca\/wp-json\/wp\/v2\/media\/105306"}],"wp:attachment":[{"href":"https:\/\/2024.shoply.com\/fr_ca\/wp-json\/wp\/v2\/media?parent=104813"}],"wp:term":[{"taxonomy":"product_brand","embeddable":true,"href":"https:\/\/2024.shoply.com\/fr_ca\/wp-json\/wp\/v2\/product_brand?post=104813"},{"taxonomy":"product_cat","embeddable":true,"href":"https:\/\/2024.shoply.com\/fr_ca\/wp-json\/wp\/v2\/product_cat?post=104813"},{"taxonomy":"product_tag","embeddable":true,"href":"https:\/\/2024.shoply.com\/fr_ca\/wp-json\/wp\/v2\/product_tag?post=104813"}],"curies":[{"name":"wp","href":"https:\/\/api.w.org\/{rel}","templated":true}]}}