{"id":122515,"date":"2025-01-22T21:56:04","date_gmt":"2025-01-23T02:56:04","guid":{"rendered":"https:\/\/shoply.com\/product\/flowers-in-bloom-paint-by-numbers\/"},"modified":"2025-01-27T16:53:47","modified_gmt":"2025-01-27T21:53:47","slug":"flowers-in-bloom-paint-by-numbers","status":"publish","type":"product","link":"https:\/\/2024.shoply.com\/fr_ca\/produit\/flowers-in-bloom-paint-by-numbers\/","title":{"rendered":"&#8216;Flowers in Bloom&#8217; Paint By Numbers"},"content":{"rendered":"<p>Votre dessin Paint by Numbers est livr\u00e9 d\u00e9j\u00e0 tendu sur un cadre en bois robuste, pr\u00eat \u00e0 \u00eatre peint.<\/p>\n<p>Disponible en deux tailles :<br \/>\n15,7 pouces x 19,7 pouces et 19,7 pouces x 25,6 pouces (40cm x 50cm et 50cm x 65cm)<\/p>\n<p>Votre kit comprend : des pinceaux, des peintures acryliques de qualit\u00e9, des crochets d'installation et des vis.<\/p>\n<p>Votre tableau est exp\u00e9di\u00e9 directement de notre usine \u00e0 votre adresse, sans passer par une logistique d'exp\u00e9dition co\u00fbteuse, de sorte que vous n'avez pas \u00e0 supporter de frais d'exp\u00e9dition suppl\u00e9mentaires.<br \/>\nLe d\u00e9lai de livraison est de 3 semaines.<\/p>","protected":false},"excerpt":{"rendered":"<p>Time to get creative! Recreate one of International Award-Winning Australian Artist Tracie Eaton&#8217;s original, luxurious artworks as a Paint by Numbers 36-colour paint set. Tracie gives you the template to follow to the number, or as guide for you to add your own creativity into.<\/p>\n<p>Tracie Eaton cr\u00e9e des peintures exclusives tr\u00e8s recherch\u00e9es. Et pour que vous soyez l'un des rares \u00e0 poss\u00e9der un tableau Tracie Eaton de votre choix, TOUS les tableaux Paint By Numbers sont publi\u00e9s en EDITION LIMIT\u00c9E, avec seulement 200 exemplaires disponibles dans le monde entier.<\/p>\n<p>Join Tracie, immerse yourself in the joyous, calming process of painting &amp; let your creativity shine.<\/p>","protected":false},"featured_media":122514,"template":"","meta":{"footnotes":""},"product_brand":[],"product_cat":[403,407,100,310],"product_tag":[320,267,592,319,397],"class_list":{"0":"post-122515","1":"product","2":"type-product","3":"status-publish","4":"has-post-thumbnail","6":"product_cat-arts-entertainment","7":"product_cat-gift-giving","8":"product_cat-home","9":"product_cat-home-garden","10":"product_tag-decor","11":"product_tag-gifts","12":"product_tag-high-quality","13":"product_tag-home","14":"product_tag-luxury","15":"product_shipping_class-shipping-class-1","17":"first","18":"instock","19":"taxable","20":"shipping-taxable","21":"purchasable","22":"product-type-simple"},"bundled_by":[],"bundle_stock_status":"instock","bundle_stock_quantity":null,"bundle_virtual":false,"bundle_layout":"","bundle_add_to_cart_form_location":"","bundle_editable_in_cart":false,"bundle_sold_individually_context":"","bundle_item_grouping":"","bundle_min_size":"","bundle_max_size":"","bundle_price":[],"bundled_items":[],"bundle_sell_ids":[],"group_of_quantity":0,"min_quantity":0,"max_quantity":"","exclude_order_quantity_value_rules":"no","exclude_category_quantity_rules":"no","combine_variations":"no","_links":{"self":[{"href":"https:\/\/2024.shoply.com\/fr_ca\/wp-json\/wp\/v2\/product\/122515","targetHints":{"allow":["GET"]}}],"collection":[{"href":"https:\/\/2024.shoply.com\/fr_ca\/wp-json\/wp\/v2\/product"}],"about":[{"href":"https:\/\/2024.shoply.com\/fr_ca\/wp-json\/wp\/v2\/types\/product"}],"version-history":[{"count":1,"href":"https:\/\/2024.shoply.com\/fr_ca\/wp-json\/wp\/v2\/product\/122515\/revisions"}],"predecessor-version":[{"id":125613,"href":"https:\/\/2024.shoply.com\/fr_ca\/wp-json\/wp\/v2\/product\/122515\/revisions\/125613"}],"wp:featuredmedia":[{"embeddable":true,"href":"https:\/\/2024.shoply.com\/fr_ca\/wp-json\/wp\/v2\/media\/122514"}],"wp:attachment":[{"href":"https:\/\/2024.shoply.com\/fr_ca\/wp-json\/wp\/v2\/media?parent=122515"}],"wp:term":[{"taxonomy":"product_brand","embeddable":true,"href":"https:\/\/2024.shoply.com\/fr_ca\/wp-json\/wp\/v2\/product_brand?post=122515"},{"taxonomy":"product_cat","embeddable":true,"href":"https:\/\/2024.shoply.com\/fr_ca\/wp-json\/wp\/v2\/product_cat?post=122515"},{"taxonomy":"product_tag","embeddable":true,"href":"https:\/\/2024.shoply.com\/fr_ca\/wp-json\/wp\/v2\/product_tag?post=122515"}],"curies":[{"name":"wp","href":"https:\/\/api.w.org\/{rel}","templated":true}]}}