{"id":141153,"date":"2025-03-03T16:31:19","date_gmt":"2025-03-03T21:31:19","guid":{"rendered":"https:\/\/shoply.com\/product\/sapphire-soothing-facial-oil-with-blue-tansy\/"},"modified":"2025-03-03T17:29:37","modified_gmt":"2025-03-03T22:29:37","slug":"sapphire-soothing-facial-oil-with-blue-tansy","status":"publish","type":"product","link":"https:\/\/2024.shoply.com\/fr_ca\/produit\/sapphire-soothing-facial-oil-with-blue-tansy\/","title":{"rendered":"Huile apaisante pour le visage au saphir et \u00e0 la tanaisie bleue"},"content":{"rendered":"<p><strong><em>#1 Huile faciale pour peau sensible<\/em><\/strong>. L'huile apaisante pour le visage Sapphire est notre solution miracle pour apaiser les peaux irrit\u00e9es. Appr\u00e9ci\u00e9e par nos clientes esth\u00e9ticiennes pour leurs clients pr\u00e9sentant des rougeurs, une peau ab\u00eem\u00e9e, sensible ou sujette \u00e0 l'acn\u00e9, l'huile pour le visage Sapphire est une huile luxueuse, l\u00e9g\u00e8re et tr\u00e8s apaisante pour le visage ou le corps.  Elle p\u00e9n\u00e8tre rapidement dans la peau et la laisse tr\u00e8s douce.  La peau est profond\u00e9ment hydrat\u00e9e, nourrie et prot\u00e9g\u00e9e. Format de 60 ml.<\/p>\n<p>D'une belle couleur et d'une odeur agr\u00e9able, l'huile de tanaisie bleue s'est r\u00e9v\u00e9l\u00e9e \u00eatre un antioxydant, un antibact\u00e9rien et un anti-inflammatoire, et elle nettoie les pores encombr\u00e9s.  Elle permet \u00e9galement de r\u00e9duire rapidement les rougeurs, les irritations et les inflammations. (Note : la couleur peut para\u00eetre bleue ou verte selon le lot d'huile de tanaisie bleue).<\/p>\n<p><strong>Ingr\u00e9dients de luxe :<\/strong><\/p>\n<div><strong style=\"font-size: 0.875rem\">Huile de tanaisie bleue du Maroc et huile de santal<\/strong><span style=\"font-size: 0.875rem\"> pour r\u00e9duire l'inflammation, les rougeurs et l'acn\u00e9.<\/span><\/div>\n<div><strong>Squalane v\u00e9g\u00e9talien d'olive<\/strong>: Bioidentique aux hydratants naturels de la peau. Aide \u00e0 r\u00e9parer la barri\u00e8re cutan\u00e9e et \u00e0 r\u00e9duire les irritations et les rougeurs.<br \/>\n<strong style=\"font-size: 0.875rem\">Huile de p\u00e9pins de raisin <\/strong><span style=\"font-size: 0.875rem\">est tr\u00e8s riche en antioxydants pour gu\u00e9rir et pr\u00e9venir les dommages<\/span><br \/>\n<strong style=\"font-size: 0.875rem\">Huile d'argan r\u00e9colt\u00e9e de mani\u00e8re durable<\/strong><span style=\"font-size: 0.875rem\"> \u00e9lev\u00e9 en\u00a0<\/span><span style=\"font-size: 0.875rem\">des acides gras essentiels pour reconstruire la barri\u00e8re hydrolipidique de la peau et pr\u00e9venir la perte d'eau trans\u00e9pidermique.\u00a0<\/span><br \/>\n<strong style=\"font-size: 0.875rem\">Absorption rapide<\/strong><span style=\"font-size: 0.875rem\"> et ne laisse pas la peau grasse<\/span><br \/>\n<strong style=\"font-size: 0.875rem\">Riche en huiles \u00e0 base d'acide linol\u00e9ique<\/strong><span style=\"font-size: 0.875rem\"> pour \u00e9quilibrer les peaux grasses et sujettes \u00e0 l'acn\u00e9 avec de l'huile de p\u00e9pins de raisin, de l'huile d'argan durable, de l'huile de ricin et de l'huile de graines de tournesol<\/span><br \/>\n<span style=\"font-size: 0.875rem\">Utiliser le jour ou la nuit comme huile pour le visage ou le corps.\u00a0<\/span><br \/>\n<span style=\"font-size: 0.875rem\">Parfait pour tous les types de peau, en particulier pour les peaux sujettes \u00e0 l'acn\u00e9, les peaux irrit\u00e9es, les rougeurs, les peaux matures, mixtes et grasses.<\/span><\/div>\n<div><\/div>\n<div><span style=\"font-size: 0.875rem\">Note : La couleur peut \u00eatre bleue ou verte selon la r\u00e9colte de la tanaisie bleue. Il s'agit d'une variation naturelle et normale de la couleur et non d'un probl\u00e8me de qualit\u00e9.<\/span><\/div>\n<div><span style=\"font-size: 0.875rem\">Vegan, Clean et certifi\u00e9 cruelty-free par Leaping Bunny<\/span><br \/>\n<span style=\"font-size: 0.875rem\">Enti\u00e8rement naturel, sans conservateur, sans colorant, sans parab\u00e8ne, sans parfum artificiel.<\/span><br \/>\n<span style=\"font-size: 0.875rem\">Production durable\u00a0<\/span><\/div>\n<div>*<strong>Note<\/strong>: <em>L'huile de tanaisie bleue est d\u00e9conseill\u00e9e aux personnes qui prennent certains antid\u00e9presseurs, car elle peut perturber l'efficacit\u00e9 de ces m\u00e9dicaments. Veuillez consulter votre m\u00e9decin et v\u00e9rifier si vous pouvez utiliser cette huile.\u00a0\u00a0<\/em><\/div>\n<div><\/div>\n<div>\n<p><span style=\"font-size: 0.875rem\">Fabriqu\u00e9 et emball\u00e9 aux \u00c9tats-Unis<\/span><\/p>\n<p><span style=\"font-size: 0.875rem\">dans nos bureaux au 1543 Covington Avenue, Westlake Village, CA<\/span><\/p>\n<\/div>","protected":false},"excerpt":{"rendered":"<p>#1 Facial Oil for Sensitive Skin. The Sapphire Soothing Facial Oil is our holy grail solution for soothing irritated skin.<\/p>","protected":false},"featured_media":150135,"template":"","meta":{"footnotes":""},"product_brand":[],"product_cat":[1096],"product_tag":[1127,1098,1100,1125,491,1233,149,1102,1348,1349,585,1371,1407,1231,1111,1117,617,1132,1350,1351,493,109,1129,1354,1355,1135,1136,1228,1356,1139,1142,1144,1357,1358,111,1244,1359,753,1360,1145,153,1457,1148,1415,241,417,1179,1152,1154,1362,1361,1363,1157,1440,1365,1159,1324,1161,1301,1163,1165,1312,1166,1399,1180,1372,644,1153,1177,267,1196,1387,1197,292,110,1373,319,1374,1203,1218,1221,740,1376,1099,1378,1226,1396,1230,1232,288,397,584,1398,1368,158,1379,152,1329,1126,1383,1015,1250,1381,534,431,1370,1253,602,185,1251,1330,1385,1386,626,1272,1392,1416,1332,1530,1147,1315,1245,308,1389,1390,1391,1314,1243,1366,1345,1367,1281,1178,1375,1393,1267,1394,1395,1121,1401,1269,1273,1204,1384,1264,150,1216,931,1380,394,1246,1268,1143,1240,1283,1406,1346,1397,1408,774,1353,586,595,1422,1347,1409,1410,1411,1542,1236,522,113,1119,1124,1296,1242,1413,1414,1186,157,1205,1241,1418,1419],"class_list":{"0":"post-141153","1":"product","2":"type-product","3":"status-publish","4":"has-post-thumbnail","6":"product_cat-skin-serums","7":"product_tag-acne","8":"product_tag-afterpay-2","9":"product_tag-afterpayusa","10":"product_tag-all","11":"product_tag-and","12":"product_tag-angeles","13":"product_tag-anti-aging","14":"product_tag-antiaging","15":"product_tag-argan","16":"product_tag-astringent","17":"product_tag-back","18":"product_tag-balancing","19":"product_tag-bar","20":"product_tag-barbara-2","21":"product_tag-beauty-2","22":"product_tag-bella-2","23":"product_tag-best","24":"product_tag-biodegradeable","25":"product_tag-blackhead","26":"product_tag-blackheads","27":"product_tag-blue","28":"product_tag-body","29":"product_tag-brand","30":"product_tag-breakout","31":"product_tag-breakouts","32":"product_tag-bright","33":"product_tag-brighten","34":"product_tag-bunny-2","35":"product_tag-calendula","36":"product_tag-cali-2","37":"product_tag-california-2","38":"product_tag-californialove","39":"product_tag-calm","40":"product_tag-canola","41":"product_tag-care","42":"product_tag-care-3","43":"product_tag-ceo","44":"product_tag-certified","45":"product_tag-chemo","46":"product_tag-clean","47":"product_tag-cleanser","48":"product_tag-cleansing-2","49":"product_tag-clear","50":"product_tag-clog","51":"product_tag-cosmetics","52":"product_tag-cream","53":"product_tag-crows","54":"product_tag-cruelty","55":"product_tag-cruelty-free","56":"product_tag-cure","57":"product_tag-cystic","58":"product_tag-damaged","59":"product_tag-dehydrated","60":"product_tag-divina-2","61":"product_tag-divine","62":"product_tag-dry","63":"product_tag-dry_skin","64":"product_tag-dye","65":"product_tag-e","66":"product_tag-eco-friendly","67":"product_tag-esthetician","68":"product_tag-face-2","69":"product_tag-facial","70":"product_tag-feature","71":"product_tag-feet","72":"product_tag-fight","73":"product_tag-for","74":"product_tag-free","75":"product_tag-get","76":"product_tag-gifts","77":"product_tag-gluten","78":"product_tag-grapefruit","79":"product_tag-grapeseed","80":"product_tag-green","81":"product_tag-hair","82":"product_tag-herbivore","83":"product_tag-home","84":"product_tag-hormonal","85":"product_tag-how","86":"product_tag-hydrating","87":"product_tag-hydration-2","88":"product_tag-in","89":"product_tag-irritated","90":"product_tag-it","91":"product_tag-lapis-2","92":"product_tag-leaping","93":"product_tag-life","94":"product_tag-local","95":"product_tag-los","96":"product_tag-love","97":"product_tag-luxury","98":"product_tag-made","99":"product_tag-magazine","100":"product_tag-make","101":"product_tag-mask","102":"product_tag-mini","103":"product_tag-moisturizer","104":"product_tag-more","105":"product_tag-natural","106":"product_tag-neem","107":"product_tag-new","108":"product_tag-no","109":"product_tag-nourishing","110":"product_tag-of","111":"product_tag-oil-2","112":"product_tag-oils-2","113":"product_tag-oily-2","114":"product_tag-on","115":"product_tag-organic","116":"product_tag-parabens","117":"product_tag-perfumes","118":"product_tag-pimple","119":"product_tag-pimples","120":"product_tag-pink","121":"product_tag-plastic","122":"product_tag-plastics","123":"product_tag-pores","124":"product_tag-premium","125":"product_tag-product-2","126":"product_tag-products","127":"product_tag-program","128":"product_tag-prone","129":"product_tag-pumpkin","130":"product_tag-recycled","131":"product_tag-redness","132":"product_tag-reduce","133":"product_tag-refill-2","134":"product_tag-refills","135":"product_tag-relief","136":"product_tag-remedies","137":"product_tag-removing","138":"product_tag-reviews","139":"product_tag-rid","140":"product_tag-rosacea","141":"product_tag-rosehip","142":"product_tag-sale","143":"product_tag-sample","144":"product_tag-sandalwood","145":"product_tag-santa","146":"product_tag-sapphire-2","147":"product_tag-save","148":"product_tag-sb-2","149":"product_tag-scars","150":"product_tag-seed","151":"product_tag-sensitive","152":"product_tag-serum","153":"product_tag-serums","154":"product_tag-size","155":"product_tag-sized","156":"product_tag-skin","157":"product_tag-skin-3","158":"product_tag-skinc","159":"product_tag-skincare-2","160":"product_tag-skincare-3","161":"product_tag-slugging-2","162":"product_tag-spa-2","163":"product_tag-spot","164":"product_tag-style-2","165":"product_tag-sunflower","166":"product_tag-sustainable","167":"product_tag-tansy-2","168":"product_tag-the","169":"product_tag-to","170":"product_tag-treatment-2","171":"product_tag-treatments","172":"product_tag-tret","173":"product_tag-tretinoin","174":"product_tag-tretonoin","175":"product_tag-up-2","176":"product_tag-us","177":"product_tag-usa","178":"product_tag-vegan","179":"product_tag-vida-2","180":"product_tag-vita","181":"product_tag-vitamin","182":"product_tag-waste","183":"product_tag-waterless-2","184":"product_tag-will","185":"product_tag-women","186":"product_tag-wrinkle","187":"product_tag-wrinkles-2","188":"product_tag-zero","189":"product_tag-zit-2","190":"product_tag-zits","191":"has-subscription-plans","193":"first","194":"instock","195":"taxable","196":"shipping-taxable","197":"purchasable","198":"product-type-simple"},"bundled_by":[],"bundle_stock_status":"instock","bundle_stock_quantity":40,"bundle_virtual":false,"bundle_layout":"","bundle_add_to_cart_form_location":"","bundle_editable_in_cart":false,"bundle_sold_individually_context":"","bundle_item_grouping":"","bundle_min_size":"","bundle_max_size":"","bundle_price":[],"bundled_items":[],"bundle_sell_ids":[],"group_of_quantity":0,"min_quantity":0,"max_quantity":"","exclude_order_quantity_value_rules":"no","exclude_category_quantity_rules":"no","combine_variations":"no","_links":{"self":[{"href":"https:\/\/2024.shoply.com\/fr_ca\/wp-json\/wp\/v2\/product\/141153","targetHints":{"allow":["GET"]}}],"collection":[{"href":"https:\/\/2024.shoply.com\/fr_ca\/wp-json\/wp\/v2\/product"}],"about":[{"href":"https:\/\/2024.shoply.com\/fr_ca\/wp-json\/wp\/v2\/types\/product"}],"version-history":[{"count":3,"href":"https:\/\/2024.shoply.com\/fr_ca\/wp-json\/wp\/v2\/product\/141153\/revisions"}],"predecessor-version":[{"id":150200,"href":"https:\/\/2024.shoply.com\/fr_ca\/wp-json\/wp\/v2\/product\/141153\/revisions\/150200"}],"wp:featuredmedia":[{"embeddable":true,"href":"https:\/\/2024.shoply.com\/fr_ca\/wp-json\/wp\/v2\/media\/150135"}],"wp:attachment":[{"href":"https:\/\/2024.shoply.com\/fr_ca\/wp-json\/wp\/v2\/media?parent=141153"}],"wp:term":[{"taxonomy":"product_brand","embeddable":true,"href":"https:\/\/2024.shoply.com\/fr_ca\/wp-json\/wp\/v2\/product_brand?post=141153"},{"taxonomy":"product_cat","embeddable":true,"href":"https:\/\/2024.shoply.com\/fr_ca\/wp-json\/wp\/v2\/product_cat?post=141153"},{"taxonomy":"product_tag","embeddable":true,"href":"https:\/\/2024.shoply.com\/fr_ca\/wp-json\/wp\/v2\/product_tag?post=141153"}],"curies":[{"name":"wp","href":"https:\/\/api.w.org\/{rel}","templated":true}]}}