{"id":141170,"date":"2025-02-12T20:23:41","date_gmt":"2025-02-13T01:23:41","guid":{"rendered":"https:\/\/shoply.com\/product\/sunlight-serum-with-ah-8-and-bakuchiol-aka-botox-in-a-bottle\/"},"modified":"2025-03-12T14:43:10","modified_gmt":"2025-03-12T19:43:10","slug":"sunlight-serum-with-ah-8-and-bakuchiol-aka-botox-in-a-bottle","status":"publish","type":"product","link":"https:\/\/2024.shoply.com\/fr_ca\/produit\/sunlight-serum-with-ah-8-and-bakuchiol-aka-botox-in-a-bottle\/","title":{"rendered":"S\u00e9rum solaire avec AH-8 et Bakuchiol (alias Botox en bouteille)"},"content":{"rendered":"<p>Mieux que le Botox. Le s\u00e9rum Sunlight n'est pas seulement con\u00e7u pour cibler les rides, il aide \u00e0 r\u00e9parer la peau, \u00e0 la nourrir et \u00e0 l'hydrater en m\u00eame temps pour donner un coup d'\u00e9clat \u00e0 l'ensemble de la peau ! Il est compos\u00e9 d'une combinaison douce d'AH-8, notre tr\u00e8s sp\u00e9cial Acetyl Hexapeptide-8, qui agit comme le botox (certains l'appellent \"le botox en bouteille\"). Associ\u00e9 \u00e0 des alternatives douces et s\u00fbres au r\u00e9tinol, le Bakuchiol et les microalgues Kopara de Polyn\u00e9sie fran\u00e7aise, il acc\u00e9l\u00e8re le renouvellement cellulaire et att\u00e9nue les rides et ridules.  L'acide hyaluronique ajout\u00e9 hydrate et repulpe la peau en profondeur, tandis que la niacinamide (vitamine B3) aide \u00e0 affiner les pores, \u00e0 lisser la texture de la peau et \u00e0 renforcer la barri\u00e8re cutan\u00e9e.<\/p>\n<p>Nos clients nous disent que les gens les arr\u00eatent et leur demandent : \"Qu'est-ce que vous faites de diff\u00e9rent ? Votre peau est magnifique !\"  Ils leur r\u00e9pondent que c'est gr\u00e2ce \u00e0 mon s\u00e9rum Bella Vida Sunlight Serum !<\/p>\n<ul>\n<li><strong>Winner of the 2025 and 2024 Beauty Shortlist Editor&#8217;s Choice International Award\u00a0<\/strong><\/li>\n<li><strong>Gagnant 2023 Beauty Shortlist International Mama &amp; Baby\/Eco Awards<\/strong><\/li>\n<li><strong>Gagnant du Vegan Beauty Award au Royaume-Uni<\/strong><\/li>\n<\/ul>\n<p><em>\"Le s\u00e9rum Sunlight est l'un de ces produits de beaut\u00e9 embl\u00e9matiques dont vous tomberez amoureuse d\u00e8s que vous l'aurez essay\u00e9. Les r\u00e9sultats sont instantan\u00e9s et spectaculaires, vous verrez une peau plus douce et plus \u00e9clatante apr\u00e8s une seule utilisation !\" <\/em><em>- Louise Jane, PDG des Vegan Beauty Awards<\/em><\/p>\n<p><strong>Ingr\u00e9dients luxueux, propres et anti-\u00e2ge :<\/strong><\/p>\n<p><strong>**AH-8 (Ac\u00e9tyl Hexapeptide-8)<\/strong>:<strong>\u00a0<\/strong> Notre arme secr\u00e8te contre le vieillissement ! Ce peptide agit comme des produits injectables en aidant \u00e0 d\u00e9tendre les muscles d'expression pour r\u00e9duire l'apparence des rides, des lignes et des pattes d'oie. Vous pouvez sentir une diff\u00e9rence imm\u00e9diate dans votre peau gr\u00e2ce \u00e0 ce merveilleux peptide.  En l'espace de 7 \u00e0 10 jours, vous verrez une diff\u00e9rence notable dans la r\u00e9duction des rides et des ridules.<\/p>\n<p><strong>Co\u00fbte plus de 50% MOINS cher que le Botox et les injections classiques. <\/strong>Et vous n'injectez pas dans votre corps des aiguilles douloureuses contenant des toxines de botulisme.<\/p>\n<p><strong>L'alternative au r\u00e9tinol \u00e0 base de microalgues Kopara de Polyn\u00e9sie fran\u00e7aise provient de l'\u00eele de Moorea, connue sous le nom d'\"\u00eele magique\".\u00a0<\/strong>Kopara agit comme le r\u00e9tinol<strong>\u00a0<\/strong>pour aider \u00e0 acc\u00e9l\u00e9rer le renouvellement cellulaire et la production de collag\u00e8ne tout en \u00e9tant doux, car il n'est pas sensible au r\u00e9tinol, comme c'est le cas pour certaines personnes. Des \u00e9tudes cliniques ont montr\u00e9 qu'il favorise une peau jeune et d'apparence saine et qu'il aide \u00e0 pr\u00e9venir les signes visibles du vieillissement, \u00e0 r\u00e9duire l'apparence des cicatrices, des vergetures et des taches sombres.<br \/>\n<strong>Bakuchiol\u00a0<\/strong>est un substitut du r\u00e9tinol \u00e0 base de fleurs qui aide \u00e0 augmenter le renouvellement cellulaire et la production de collag\u00e8ne pour r\u00e9duire l'apparence des rides et des ridules.<br \/>\n<strong>Niacinamide PC (Vitamine B3)\u00a0<\/strong>soutient et r\u00e9pare la barri\u00e8re cutan\u00e9e, am\u00e9liore sa r\u00e9sistance et sa texture. Il aide \u00e9galement \u00e0 \u00e9quilibrer la production de s\u00e9bum. Aide \u00e0 r\u00e9duire l'apparence des pores.<\/p>\n<p><strong>Acide hyaluronique et glyc\u00e9rine v\u00e9g\u00e9talienne<\/strong> hydrate la peau en profondeur et r\u00e9duit la perte d'eau trans\u00e9pidermique<\/p>\n<p><strong>N\u00e9roli<\/strong>\u00a0est antibact\u00e9rien, antivieillissement et a une odeur divine. Il peut \u00e9galement contribuer \u00e0 r\u00e9duire les sympt\u00f4mes de la d\u00e9pression, de l'anxi\u00e9t\u00e9 et de la m\u00e9nopause.<\/p>\n<p><em><strong>Garantie sans risque de 30 jours :<\/strong><\/em>\u00a0 Si vous n'aimez pas vos r\u00e9sultats dans les 30 jours, envoyez-nous un e-mail \u00e0 info@bellavidasb.com pour obtenir un cr\u00e9dit complet pour acheter quelque chose d'autre. Aucun risque.<\/p>\n<p>Notre flacon de 30 ml dure un mois ou plus (selon la quantit\u00e9 utilis\u00e9e).  Et vous pouvez l'utiliser matin et soir, contrairement aux produits traditionnels \u00e0 base de r\u00e9tinol qui rendent la peau sensible au soleil (et sont maintenant <em>interdit<\/em> au Royaume-Uni et dans l'UE).<\/p>\n<p>Comment l'utiliser ?<\/p>\n<p>Nettoyer le visage et l'exfolier d\u00e9licatement dans un mouvement ascendant. S\u00e9cher en tapotant. Utiliser \u00e0 la fin de la routine le soir et le matin pour celles qui n'ont pas la peau s\u00e8che. Veillez \u00e0 exfolier d\u00e9licatement la peau tous les jours pendant le nettoyage pour favoriser le renouvellement cellulaire et garder la peau douce pendant l'utilisation.  Si la peau devient s\u00e8che, utilisez-la une fois par jour, le soir, et associez-la \u00e0 une cr\u00e8me hydratante ou \u00e0 une belle huile pour le visage. \u00c9vitez tout contact avec les yeux et la bouche. Rincer \u00e0 l'eau fra\u00eeche en cas de contact avec les yeux.<\/p>\n<p><strong>*Note<\/strong>: Il est normal que la peau p\u00e8le l\u00e9g\u00e8rement lors de la premi\u00e8re utilisation, car les ingr\u00e9dients sont cens\u00e9s aider \u00e0 exfolier les peaux mortes et \u00e0 renouveler les couches de peau plus fra\u00eeche en dessous.  Veillez \u00e0 exfolier votre peau pour permettre aux s\u00e9rums de p\u00e9n\u00e9trer plus profond\u00e9ment et pour que la peau continue \u00e0 produire du collag\u00e8ne et des cellules fra\u00eeches et nouvelles afin que le s\u00e9rum agisse de mani\u00e8re optimale.<\/p>\n<p>Notre garantie : Nous offrons une garantie de 30 jours sur nos bouteilles de taille normale... faites d\u00e9filer pour voir.<\/p>\n<p>V\u00e9g\u00e9talien et certifi\u00e9 sans cruaut\u00e9 par Leaping Bunny<\/p>\n<p>Sans parab\u00e8nes, sans colorants, sans parfums artificiels<br \/>\nProduction durable<br \/>\n<span style=\"font-size: 0.875rem\">Fabriqu\u00e9 et emball\u00e9 avec amour en Californie<\/span><\/p>\n<p><span style=\"font-size: 0.875rem\">dans nos bureaux au 1543 Covington Avenue, Westlake Village, CA<\/span><\/p>","protected":false},"excerpt":{"rendered":"<p>Better than Botox. The Sunlight Serum is made to not just target wrinkles, it helps to repair skin, nourish and<\/p>","protected":false},"featured_media":154155,"template":"","meta":{"footnotes":""},"product_brand":[],"product_cat":[1096],"product_tag":[1214,1484,613,1207,1472,1215,1217,1127,1481,1475,1125,1263,1508,1488,149,1102,132,1489,1104,751,1109,1477,1231,1111,1117,617,1319,1132,1478,1234,1235,1129,1135,1136,1137,1228,1142,111,1244,753,1494,1145,1148,241,1496,417,1179,1152,1154,1480,1482,1485,1491,1492,1161,1301,1163,1114,1164,1452,1176,1310,1166,1180,644,1153,1172,1175,1177,1169,267,1195,292,1200,1474,1473,1185,1203,1493,155,1222,1486,740,1499,1226,1497,1173,1230,1274,1211,397,584,1500,1187,1238,1495,1126,1487,1479,1015,1249,1250,534,1370,185,1483,1498,1502,1251,1504,1501,1332,1530,1245,1505,1243,1506,1507,1262,1266,1281,1178,1121,1273,1204,1490,1264,150,1216,1146,1182,1113,394,1246,1268,1143,1240,1509,1408,1510,774,1320,586,595,1236,522,113,1119,1124,1296,1108,1242,1208,1105,1106,1170,1209,1186,157,1205,1212,1213,631,1241],"class_list":{"0":"post-141170","1":"product","2":"type-product","3":"status-publish","4":"has-post-thumbnail","6":"product_cat-skin-serums","7":"product_tag-50s","8":"product_tag-1484","9":"product_tag-7-layer","10":"product_tag-a","11":"product_tag-acetyl","12":"product_tag-acid-2","13":"product_tag-acids","14":"product_tag-acne","15":"product_tag-after","16":"product_tag-ah-8","17":"product_tag-all","18":"product_tag-alternative","19":"product_tag-alternatives","20":"product_tag-an","21":"product_tag-anti-aging","22":"product_tag-antiaging","23":"product_tag-antioxidants","24":"product_tag-appointment","25":"product_tag-award","26":"product_tag-b","27":"product_tag-b2","28":"product_tag-bakuchiol-2","29":"product_tag-barbara-2","30":"product_tag-beauty-2","31":"product_tag-bella-2","32":"product_tag-best","33":"product_tag-better","34":"product_tag-biodegradeable","35":"product_tag-botox-2","36":"product_tag-box","37":"product_tag-boxes","38":"product_tag-brand","39":"product_tag-bright","40":"product_tag-brighten","41":"product_tag-brightener","42":"product_tag-bunny-2","43":"product_tag-california-2","44":"product_tag-care","45":"product_tag-care-3","46":"product_tag-certified","47":"product_tag-choice-2","48":"product_tag-clean","49":"product_tag-clear","50":"product_tag-cosmetics","51":"product_tag-cost","52":"product_tag-cream","53":"product_tag-crows","54":"product_tag-cruelty","55":"product_tag-cruelty-free","56":"product_tag-dating","57":"product_tag-divorce","58":"product_tag-do","59":"product_tag-doctor","60":"product_tag-does","61":"product_tag-dye","62":"product_tag-e","63":"product_tag-eco-friendly","64":"product_tag-editors","65":"product_tag-essence","66":"product_tag-exfoliation","67":"product_tag-exfoliator","68":"product_tag-eye","69":"product_tag-facial","70":"product_tag-feet","71":"product_tag-for","72":"product_tag-free","73":"product_tag-frown","74":"product_tag-gentle","75":"product_tag-get","76":"product_tag-gift-2","77":"product_tag-gifts","78":"product_tag-glowing-2","79":"product_tag-green","80":"product_tag-hanukkah","81":"product_tag-hexapeptide-8","82":"product_tag-hexapeptide","83":"product_tag-holidays-2","84":"product_tag-how","85":"product_tag-hurt","86":"product_tag-hyaluronic","87":"product_tag-hylauronic","88":"product_tag-i","89":"product_tag-in","90":"product_tag-injections","91":"product_tag-leaping","92":"product_tag-less","93":"product_tag-lines","94":"product_tag-local","95":"product_tag-locals","96":"product_tag-look","97":"product_tag-luxury","98":"product_tag-made","99":"product_tag-matrixyl","100":"product_tag-men","101":"product_tag-moisturize","102":"product_tag-much","103":"product_tag-natural","104":"product_tag-need","105":"product_tag-needles","106":"product_tag-new","107":"product_tag-niacinamide-2","108":"product_tag-no","109":"product_tag-of","110":"product_tag-oils-2","111":"product_tag-organic","112":"product_tag-over","113":"product_tag-painful","114":"product_tag-painless","115":"product_tag-parabens","116":"product_tag-peptide-2","117":"product_tag-peptides","118":"product_tag-premium","119":"product_tag-product-2","120":"product_tag-prone","121":"product_tag-radiant","122":"product_tag-refills","123":"product_tag-retinoid","124":"product_tag-retinoids","125":"product_tag-retinol-2","126":"product_tag-retinols","127":"product_tag-reviews","128":"product_tag-rid","129":"product_tag-santa","130":"product_tag-sb-2","131":"product_tag-scars","132":"product_tag-see","133":"product_tag-sensitive","134":"product_tag-serum","135":"product_tag-serums","136":"product_tag-set","137":"product_tag-sets","138":"product_tag-shortlist-2","139":"product_tag-skin","140":"product_tag-skin-3","141":"product_tag-skinc","142":"product_tag-skincare-2","143":"product_tag-skincare-3","144":"product_tag-substitute-2","145":"product_tag-sunflower","146":"product_tag-sunlight-2","147":"product_tag-sustainable","148":"product_tag-than","149":"product_tag-the","150":"product_tag-to","151":"product_tag-us","152":"product_tag-usa","153":"product_tag-vegan","154":"product_tag-vida-2","155":"product_tag-vita","156":"product_tag-vitamin","157":"product_tag-vitamins","158":"product_tag-waste","159":"product_tag-week","160":"product_tag-winner","161":"product_tag-winning","162":"product_tag-with","163":"product_tag-without","164":"product_tag-women","165":"product_tag-wrinkle","166":"product_tag-wrinkles-2","167":"product_tag-younger","168":"product_tag-your","169":"product_tag-youth","170":"product_tag-zero","171":"has-subscription-plans","173":"first","174":"instock","175":"taxable","176":"shipping-taxable","177":"purchasable","178":"product-type-simple"},"bundled_by":[],"bundle_stock_status":"instock","bundle_stock_quantity":752,"bundle_virtual":false,"bundle_layout":"","bundle_add_to_cart_form_location":"","bundle_editable_in_cart":false,"bundle_sold_individually_context":"","bundle_item_grouping":"","bundle_min_size":"","bundle_max_size":"","bundle_price":[],"bundled_items":[],"bundle_sell_ids":[],"group_of_quantity":0,"min_quantity":0,"max_quantity":"","exclude_order_quantity_value_rules":"no","exclude_category_quantity_rules":"no","combine_variations":"no","_links":{"self":[{"href":"https:\/\/2024.shoply.com\/fr_ca\/wp-json\/wp\/v2\/product\/141170","targetHints":{"allow":["GET"]}}],"collection":[{"href":"https:\/\/2024.shoply.com\/fr_ca\/wp-json\/wp\/v2\/product"}],"about":[{"href":"https:\/\/2024.shoply.com\/fr_ca\/wp-json\/wp\/v2\/types\/product"}],"version-history":[{"count":2,"href":"https:\/\/2024.shoply.com\/fr_ca\/wp-json\/wp\/v2\/product\/141170\/revisions"}],"predecessor-version":[{"id":154159,"href":"https:\/\/2024.shoply.com\/fr_ca\/wp-json\/wp\/v2\/product\/141170\/revisions\/154159"}],"wp:featuredmedia":[{"embeddable":true,"href":"https:\/\/2024.shoply.com\/fr_ca\/wp-json\/wp\/v2\/media\/154155"}],"wp:attachment":[{"href":"https:\/\/2024.shoply.com\/fr_ca\/wp-json\/wp\/v2\/media?parent=141170"}],"wp:term":[{"taxonomy":"product_brand","embeddable":true,"href":"https:\/\/2024.shoply.com\/fr_ca\/wp-json\/wp\/v2\/product_brand?post=141170"},{"taxonomy":"product_cat","embeddable":true,"href":"https:\/\/2024.shoply.com\/fr_ca\/wp-json\/wp\/v2\/product_cat?post=141170"},{"taxonomy":"product_tag","embeddable":true,"href":"https:\/\/2024.shoply.com\/fr_ca\/wp-json\/wp\/v2\/product_tag?post=141170"}],"curies":[{"name":"wp","href":"https:\/\/api.w.org\/{rel}","templated":true}]}}