{"id":145922,"date":"2025-02-25T11:21:54","date_gmt":"2025-02-25T16:21:54","guid":{"rendered":"https:\/\/shoply.com\/?post_type=product&#038;p=145922"},"modified":"2025-03-07T11:10:53","modified_gmt":"2025-03-07T16:10:53","slug":"perfekt-make-up-in-one-minute-no-1","status":"publish","type":"product","link":"https:\/\/2024.shoply.com\/fr_ca\/produit\/perfekt-make-up-in-one-minute-no-1\/","title":{"rendered":"Maquillage parfait en une minute ! N\u00b01"},"content":{"rendered":"<p>&nbsp;<\/p>\n<p><strong>Discover Flawless Beauty in Seconds!<\/strong> The All Cover Up Foundation No.1 Porcelain by Martina Otte Cosmetics\u00ae is your secret weapon for a perfect complexion. Thanks to its light-reflecting properties and high coverage, this foundation conjures an even and velvety finish. A small dot is enough to conceal imperfections, neutralize redness, and gently smooth fine lines. Additionally, the formula offers integrated SPF50 sun protection, intensely protecting and caring for your skin. Ideal for very fair skin tones, for both face and body. Experience the feeling of luxurious care and long-lasting perfection, every day!<\/p>\n<p>Makeup and care give you a radiant and fresh complexion. Due to the waterproof consistency, the makeup is smudge-proof and lasts for 24 hours without transferring. Thanks to the hybrid makeup that combines care and foundation, you no longer need concealer and powder. High coverage and yield for an extra-class care and makeup highlight. Perfectly primed with high coverage. The breathable hybrid foundation with care gives you a youthful and fresh appearance.<\/p>\n<p><strong>Ingr\u00e9dients :<\/strong><\/p>\n<p><span style=\"font-weight: 400\"><span style=\"vertical-align: inherit\"><span style=\"vertical-align: inherit\"><span style=\"vertical-align: inherit\"><span style=\"vertical-align: inherit\"><span style=\"vertical-align: inherit\"><span style=\"vertical-align: inherit\">Wasser (Aqua), Cyclopentasiloxan, Bienenwachs (Cera Alba), Stearyl Dimethicone, Isododecan, Cetyl Ethylhexanoat, mikrokristallines Wachs (Crea Microcristal-lina), Ceryl PEG\/PPG-10\/1 Dimethicone, Glyceryl Laurate, Glimmer, Dis-teardimonium, Hectorit , Methylparaben, Ethylparaben, Butylparaben, Tocopherylacetat, Ascorbylpalmitat, Chamomilla Recutita-Extrakt, Natriumhyaluronat, Kann enthalten\/kann enthalten: Eisenoxide (CI 177491, CI 177492, CI 177499), Titandioxid (CI 177891) ohne Tierversuche<\/span><\/span><\/span><\/span><\/span><\/span><\/span><\/p>","protected":false},"excerpt":{"rendered":"<p>Hybrid Make up No.1 Porcelain est destin\u00e9 au type celtique. Si vous avez une peau tr\u00e8s claire, ce fond de teint vous convient parfaitement. Regardez les photos des mod\u00e8les que je charge avec chaque produit. Vous pouvez comparer avec votre visage !<\/p>\n<p>&nbsp;<\/p>\n<ul>\n<li><strong>D\u00e9couvrez la symbiose entre les soins et le maquillage avec Martina Otte Cosmetics\u00ae.<\/strong>Votre compagnon id\u00e9al pour toutes les occasions : Martina Otte Cosmetics\u00ae propose des fonds de teint de haute qualit\u00e9, riches en ingr\u00e9dients actifs, qui nourrissent votre peau tout en lui donnant un aspect impeccable.Gagnez du temps et de la brillance - avec notre maquillage hybride innovant, sp\u00e9cialement con\u00e7u pour la femme moderne.<strong>Maquillage hybride par Martina Otte Cosmetics\u00ae : L'alliance parfaite du soin et de la couleur<\/strong><strong>Qu'est-ce que le maquillage hybride ?<\/strong>\n<p>Imagine your skincare and makeup merging into one product. That&#8217;s exactly what hybrid makeup is. It combines the benefits of innovative skincare with the coverage properties of makeup. The result? A radiant complexion that looks cared for while covering imperfections.<\/p>\n<p><strong>Que peut faire le maquillage hybride Martina Otte Cosmetics\u00ae ?<\/strong><\/p>\n<p>Les produits hybrides Martina Otte Cosmetics\u00ae sont con\u00e7us non seulement pour donner de la couleur \u00e0 votre peau, mais aussi pour la nourrir et la prot\u00e9ger. Voici quelques avantages auxquels vous pouvez vous attendre :<\/p>\n<ul>\n<li><strong>Une couverture parfaite :<\/strong> Qu'ils soient l\u00e9g\u00e8rement teint\u00e9s ou enti\u00e8rement couvrants, nos produits hybrides s'adaptent \u00e0 vos besoins et dissimulent les imperfections, les rougeurs et les cernes.<\/li>\n<li><strong>Soins intensifs :<\/strong> Des ingr\u00e9dients de haute qualit\u00e9 tels que l'acide hyaluronique, les vitamines et les antioxydants hydratent la peau, la prot\u00e8gent des agressions ext\u00e9rieures et favorisent sa r\u00e9g\u00e9n\u00e9ration.<\/li>\n<li><strong>Naturel Finition :<\/strong> Our hybrid products leave an even, natural finish as if you weren&#8217;t wearing makeup.<\/li>\n<li><strong>Effet durable :<\/strong> Profitez d'un teint frais et \u00e9clatant tout au long de la journ\u00e9e.<\/li>\n<li><strong>Application multifonctionnelle :<\/strong> Nombre de nos produits hybrides peuvent \u00eatre utilis\u00e9s comme fond de teint, anticerne et cr\u00e8me de jour l\u00e9g\u00e8re.<\/li>\n<\/ul>\n<p><strong>Pourquoi Hybrid Makeup by Martina Otte Cosmetics\u00ae ?<\/strong><\/p>\n<ul>\n<li><strong>Solutions individuelles :<\/strong> Nous proposons une vari\u00e9t\u00e9 de produits hybrides pour chaque type de peau et chaque besoin.<\/li>\n<li><strong>Qualit\u00e9 sup\u00e9rieure :<\/strong> Nos produits sont fabriqu\u00e9s \u00e0 partir d'ingr\u00e9dients de haute qualit\u00e9, soigneusement s\u00e9lectionn\u00e9s.<\/li>\n<\/ul>\n<p>Convainquez-vous et d\u00e9finissez votre propre beaut\u00e9 avec le maquillage hybride de Martina Otte Cosmetics\u00ae.<\/li>\n<\/ul>","protected":false},"featured_media":151222,"template":"","meta":{"footnotes":""},"product_brand":[],"product_cat":[77],"product_tag":[149,174,111,241,394,140,542,926],"class_list":{"0":"post-145922","1":"product","2":"type-product","3":"status-publish","4":"has-post-thumbnail","6":"product_cat-uncategorized","7":"product_tag-anti-aging","8":"product_tag-anti-inflammatory","9":"product_tag-care","10":"product_tag-cosmetics","11":"product_tag-skin","12":"product_tag-skin-care","13":"product_tag-skin-friendly","14":"product_tag-um-alle-hauttypen-zu-pflegen","15":"product_shipping_class-shipping-class-1","16":"has-subscription-plans","18":"first","19":"instock","20":"sale","21":"taxable","22":"shipping-taxable","23":"purchasable","24":"product-type-simple"},"bundled_by":["97314","151262"],"bundle_stock_status":"instock","bundle_stock_quantity":1,"bundle_virtual":false,"bundle_layout":"","bundle_add_to_cart_form_location":"","bundle_editable_in_cart":false,"bundle_sold_individually_context":"","bundle_item_grouping":"","bundle_min_size":"","bundle_max_size":"","bundle_price":[],"bundled_items":[],"bundle_sell_ids":[],"group_of_quantity":0,"min_quantity":0,"max_quantity":"","exclude_order_quantity_value_rules":"no","exclude_category_quantity_rules":"no","combine_variations":"no","_links":{"self":[{"href":"https:\/\/2024.shoply.com\/fr_ca\/wp-json\/wp\/v2\/product\/145922","targetHints":{"allow":["GET"]}}],"collection":[{"href":"https:\/\/2024.shoply.com\/fr_ca\/wp-json\/wp\/v2\/product"}],"about":[{"href":"https:\/\/2024.shoply.com\/fr_ca\/wp-json\/wp\/v2\/types\/product"}],"version-history":[{"count":9,"href":"https:\/\/2024.shoply.com\/fr_ca\/wp-json\/wp\/v2\/product\/145922\/revisions"}],"predecessor-version":[{"id":151230,"href":"https:\/\/2024.shoply.com\/fr_ca\/wp-json\/wp\/v2\/product\/145922\/revisions\/151230"}],"wp:featuredmedia":[{"embeddable":true,"href":"https:\/\/2024.shoply.com\/fr_ca\/wp-json\/wp\/v2\/media\/151222"}],"wp:attachment":[{"href":"https:\/\/2024.shoply.com\/fr_ca\/wp-json\/wp\/v2\/media?parent=145922"}],"wp:term":[{"taxonomy":"product_brand","embeddable":true,"href":"https:\/\/2024.shoply.com\/fr_ca\/wp-json\/wp\/v2\/product_brand?post=145922"},{"taxonomy":"product_cat","embeddable":true,"href":"https:\/\/2024.shoply.com\/fr_ca\/wp-json\/wp\/v2\/product_cat?post=145922"},{"taxonomy":"product_tag","embeddable":true,"href":"https:\/\/2024.shoply.com\/fr_ca\/wp-json\/wp\/v2\/product_tag?post=145922"}],"curies":[{"name":"wp","href":"https:\/\/api.w.org\/{rel}","templated":true}]}}