{"id":147067,"date":"2025-02-26T12:22:23","date_gmt":"2025-02-26T17:22:23","guid":{"rendered":"https:\/\/shoply.com\/?post_type=product&#038;p=147067"},"modified":"2025-03-07T11:35:38","modified_gmt":"2025-03-07T16:35:38","slug":"perfekt-make-up-in-one-minute-no-6","status":"publish","type":"product","link":"https:\/\/2024.shoply.com\/fr_ca\/produit\/perfekt-make-up-in-one-minute-no-6\/","title":{"rendered":"un maquillage parfait en une minute ! N\u00b06"},"content":{"rendered":"<div class=\"product-details__product-attributes\">\n<p>&nbsp;<\/p>\n<p>&nbsp;<\/p>\n<p>&nbsp;<\/p>\n<p>&nbsp;<\/p>\n<div class=\"details-product-attribute\">\n<p><strong>Marque :<\/strong> Martina Otte Cosmetics\u00ae - La cosm\u00e9tique de Martina Otte<\/p>\n<p>Transformez votre teint en quelques secondes ! D\u00e9couvrez le fond de teint All Cover Up No. 6 Chocolate Dreams de Martina Otte Cosmetics\u00ae pour une peau parfaite. Ce fond de teint r\u00e9flecteur de lumi\u00e8re, sp\u00e9cialement con\u00e7u, offre non seulement une couverture parfaite, mais nourrit \u00e9galement votre peau gr\u00e2ce \u00e0 une texture nourrissante - le r\u00e9sultat est un fini velout\u00e9 d'apparence naturelle. R\u00e9sistant \u00e0 l'eau et tr\u00e8s pigment\u00e9, une petite quantit\u00e9 suffit pour dissimuler les imperfections de la peau, les rougeurs et les ridules. L'effet 4 en 1 combine un correcteur, un neutralisant et un camouflage en un seul produit qui est revitalisant plut\u00f4t qu'alourdissant. Avec son SPF 50, il offre \u00e9galement une protection solaire optimale. Id\u00e9al pour les peaux tr\u00e8s fonc\u00e9es et convient \u00e9galement pour une application sur le corps. Contactez-nous pour une analyse personnalis\u00e9e de la couleur ! Le maquillage et les soins vous donnent un teint \u00e9clatant et frais. Gr\u00e2ce \u00e0 sa consistance hydrofuge, le maquillage est r\u00e9sistant aux bavures et tient 24 heures sans filer. Gr\u00e2ce au maquillage hybride, qui combine soin et fond de teint, vous n'avez plus besoin de correcteur ou de poudre. Couvrance et rendement \u00e9lev\u00e9s pour un soin et un maquillage haut de gamme. Parfaitement pr\u00e9par\u00e9e gr\u00e2ce \u00e0 une couverture \u00e9lev\u00e9e. Le fond de teint hybride respirant avec soin vous donne une apparence jeune et fra\u00eeche.<\/p>\n<p><strong>Ingr\u00e9dients :<\/strong><\/p>\n<\/div>\n<\/div>\n<div>\n<p><span style=\"font-weight: 400\"><span style=\"vertical-align: inherit\"><span style=\"vertical-align: inherit\">Eau (Aqua), Cyclopentasiloxan, Bienenwachs (Cera Alba), Stearyl Dimethicone, Isododecan, Cetyl Ethylhexanoat, mikrokristallines Wachs (Crea Microcristal-lina), Ceryl PEG\/PPG-10\/1 Dimethicone, Glyceryl Laurate, Glimmer, Dis-teardimonium, Hectorit, Methylparaben, Ethylparaben, Butylparaben, Tocopherylacetat, Ascorbylpalmitat, Chamomilla Recutita-Extrakt, Natriumhyaluronat, Kann enthalten\/kann enthalten : Eisenoxide (CI 177491, CI 177492, CI 177499), Titandioxid (CI 177891) ohne Tierversuche<\/span><\/span><\/span><\/p>\n<\/div>","protected":false},"excerpt":{"rendered":"<p>Hybrid Make up No.6 Chocolate Dreams est destin\u00e9 aux peaux plus fonc\u00e9es. Ce fond de teint vous convient parfaitement. Pour les latinas \u00e0 la peau plus fonc\u00e9e, il peut \u00e9galement \u00eatre port\u00e9. Il donne un fini tr\u00e8s lumineux. Je vous invite \u00e0 regarder les photos des mod\u00e8les que j'utilise pour chaque produit. Vous pouvez comparer avec votre visage !<\/p>\n<ul>\n<li style=\"font-weight: 400\">D\u00e9couvrez la symbiose entre le soin et le maquillage avec Martina Otte Cosmetics\u00ae. Votre compagnon id\u00e9al pour toutes les occasions : R\u00e9sistant \u00e0 l'eau, durable et avec un effet anti-\u00e2ge. Martina Otte Cosmetics\u00ae propose des fonds de teint de haute qualit\u00e9, riches en ingr\u00e9dients actifs, qui prennent soin de votre peau tout en lui donnant un aspect impeccable. Gagnez du temps et de l'\u00e9clat - avec notre maquillage hybride innovant, sp\u00e9cialement con\u00e7u pour la femme moderne.Hybrid Makeup by Martina Otte Cosmetics\u00ae : Le m\u00e9lange parfait de soin et de couleur Qu'est-ce que le maquillage hybride ? Imaginez que votre soin et votre maquillage fusionnent en un seul produit. C'est exactement ce qu'est le maquillage hybride. Il combine les avantages d'un soin innovant et les propri\u00e9t\u00e9s couvrantes d'un maquillage. Le r\u00e9sultat ? Un teint \u00e9clatant qui semble nourri et qui couvre les imperfections en m\u00eame temps. Que peut faire le maquillage hybride Martina Otte Cosmetics\u00ae ? Les produits hybrides Martina Otte Cosmetics\u00ae sont con\u00e7us non seulement pour ajouter de la couleur \u00e0 votre peau, mais aussi pour la soigner et la prot\u00e9ger. Voici quelques-uns des avantages auxquels vous pouvez vous attendre : Une couverture parfaite : Qu'il s'agisse d'une teinte l\u00e9g\u00e8re ou d'une couverture compl\u00e8te, nos produits hybrides s'adaptent \u00e0 vos besoins et dissimulent les imperfections, les rougeurs et les cernes. Soins intensifs : des ingr\u00e9dients de haute qualit\u00e9 tels que l'acide hyaluronique, les vitamines et les antioxydants hydratent votre peau, la prot\u00e8gent des agressions ext\u00e9rieures et favorisent sa r\u00e9g\u00e9n\u00e9ration. Finition naturelle : Nos produits hybrides laissent un fini uniforme et naturel, comme si vous ne portiez pas de maquillage. Effet longue dur\u00e9e : Profitez d'un teint frais et \u00e9clatant tout au long de la journ\u00e9e. Application multifonctionnelle : La plupart de nos produits hybrides peuvent \u00eatre utilis\u00e9s comme fond de teint, correcteur et cr\u00e8me de jour l\u00e9g\u00e8re. Pourquoi le maquillage hybride de Martina Otte Cosmetics\u00ae ? Des solutions individuelles : Nous offrons une vari\u00e9t\u00e9 de produits hybrides pour chaque type de peau et chaque besoin. Qualit\u00e9 sup\u00e9rieure : Nos produits sont fabriqu\u00e9s \u00e0 partir d'ingr\u00e9dients de haute qualit\u00e9, soigneusement s\u00e9lectionn\u00e9s. Convainquez-vous et d\u00e9finissez votre propre beaut\u00e9 avec le maquillage hybride de Martina Otte Cosmetics\u00ae.<\/li>\n<\/ul>","protected":false},"featured_media":151248,"template":"","meta":{"footnotes":""},"product_brand":[],"product_cat":[77],"product_tag":[899,149,174,743,529,111,241,155],"class_list":{"0":"post-147067","1":"product","2":"type-product","3":"status-publish","4":"has-post-thumbnail","6":"product_cat-uncategorized","7":"product_tag-all-cover-up-foundation-no-6-chocolate-dreams-created-by-martina-otte-cosmetics","8":"product_tag-anti-aging","9":"product_tag-anti-inflammatory","10":"product_tag-beauty","11":"product_tag-breathable","12":"product_tag-care","13":"product_tag-cosmetics","14":"product_tag-hyaluronic","15":"product_shipping_class-shipping-class-2","16":"has-subscription-plans","18":"first","19":"instock","20":"sale","21":"taxable","22":"shipping-taxable","23":"purchasable","24":"product-type-simple"},"bundled_by":["97314","151262"],"bundle_stock_status":"instock","bundle_stock_quantity":null,"bundle_virtual":false,"bundle_layout":"","bundle_add_to_cart_form_location":"","bundle_editable_in_cart":false,"bundle_sold_individually_context":"","bundle_item_grouping":"","bundle_min_size":"","bundle_max_size":"","bundle_price":[],"bundled_items":[],"bundle_sell_ids":[],"group_of_quantity":0,"min_quantity":0,"max_quantity":"","exclude_order_quantity_value_rules":"no","exclude_category_quantity_rules":"no","combine_variations":"no","_links":{"self":[{"href":"https:\/\/2024.shoply.com\/fr_ca\/wp-json\/wp\/v2\/product\/147067","targetHints":{"allow":["GET"]}}],"collection":[{"href":"https:\/\/2024.shoply.com\/fr_ca\/wp-json\/wp\/v2\/product"}],"about":[{"href":"https:\/\/2024.shoply.com\/fr_ca\/wp-json\/wp\/v2\/types\/product"}],"version-history":[{"count":6,"href":"https:\/\/2024.shoply.com\/fr_ca\/wp-json\/wp\/v2\/product\/147067\/revisions"}],"predecessor-version":[{"id":151252,"href":"https:\/\/2024.shoply.com\/fr_ca\/wp-json\/wp\/v2\/product\/147067\/revisions\/151252"}],"wp:featuredmedia":[{"embeddable":true,"href":"https:\/\/2024.shoply.com\/fr_ca\/wp-json\/wp\/v2\/media\/151248"}],"wp:attachment":[{"href":"https:\/\/2024.shoply.com\/fr_ca\/wp-json\/wp\/v2\/media?parent=147067"}],"wp:term":[{"taxonomy":"product_brand","embeddable":true,"href":"https:\/\/2024.shoply.com\/fr_ca\/wp-json\/wp\/v2\/product_brand?post=147067"},{"taxonomy":"product_cat","embeddable":true,"href":"https:\/\/2024.shoply.com\/fr_ca\/wp-json\/wp\/v2\/product_cat?post=147067"},{"taxonomy":"product_tag","embeddable":true,"href":"https:\/\/2024.shoply.com\/fr_ca\/wp-json\/wp\/v2\/product_tag?post=147067"}],"curies":[{"name":"wp","href":"https:\/\/api.w.org\/{rel}","templated":true}]}}