{"id":147168,"date":"2025-02-26T14:14:22","date_gmt":"2025-02-26T19:14:22","guid":{"rendered":"https:\/\/shoply.com\/?post_type=product&#038;p=147168"},"modified":"2025-02-26T14:21:23","modified_gmt":"2025-02-26T19:21:23","slug":"durable-lipstick-with-flawless-coverage-amazing-grace","status":"publish","type":"product","link":"https:\/\/2024.shoply.com\/fr_ca\/produit\/durable-lipstick-with-flawless-coverage-amazing-grace\/","title":{"rendered":"Rouge \u00e0 l\u00e8vres durable \u00e0 la couvrance impeccable ! Une gr\u00e2ce \u00e9tonnante"},"content":{"rendered":"<div class=\"product-details__product-attributes\">\n<p>&nbsp;<\/p>\n<p>&nbsp;<\/p>\n<p>&nbsp;<\/p>\n<p>&nbsp;<\/p>\n<div class=\"details-product-attribute\">\n<p>Gewiss, hier ist die englische \u00dcbersetzung:<\/p>\n<p><strong>Marque :<\/strong> Martina Otte Cosmetics\u00ae - La cosm\u00e9tique de Martina Otte<\/p>\n<p>Discover the difference with &#8220;Amazing Grace&#8221;! This long-lasting lipstick from our Heartbeat Collection by Martina Otte Cosmetics\u00ae offers perfect coverage and a natural consistency. The specially developed five color compositions have been created to stylishly emphasize your individual personality without appearing overwhelming. &#8220;Amazing Grace&#8221; impresses with its elegant rosewood shade, which discreetly highlights your natural beauty. The nourishing formula ensures a long-lasting and comfortable wear. Ideal for every woman who values elegance and naturalness. An innovative mirror design also adds an individual touch to this lipstick. A true must-have for your style. High color pigments and coverage create beautiful, well-groomed lips. Clean Beauty on your lips with lipsticks that are vegan, paraben-free, and cruelty-free. High color intensity for hours and care that makes lip pliss\u00e9 wrinkles disappear. Visually enlarges your lips with an intense color booster. Long-lasting lipsticks that create visually larger lips. Say bye bye to your lip wrinkles with the highly pigmented and nourishing lipsticks from Martina Otte Cosmetics\u00ae.<\/p>\n<\/div>\n<\/div>\n<div>\n<p><span style=\"font-weight: 400\"><span style=\"vertical-align: inherit\"><span style=\"vertical-align: inherit\">Inhaltsstoffe: Ozokerit, Mikrokristallines Wachs, Synthetisches Candelilla, Polyethylen, Kiesels\u00e4ure, AluDiisostearyl Malat, Bis-Dimethylacrylat, Polyisobuten, Ethylhexylmethacrylat, Isononylmethacrylat, Squalan, Capryl\/Capryls\u00e4ure, Tridecylmethacrylat, CI77492, CI 15850, CI 77510, CI 15985, CI 77891, Tocopherol, Aroma,\u00a0<\/span><\/span><\/span><\/p>\n<p><span style=\"font-weight: 400\"><span style=\"vertical-align: inherit\"><span style=\"vertical-align: inherit\">tierversuchsfrei, parabenfrei, vegan<\/span><\/span><\/span><\/p>\n<\/div>","protected":false},"excerpt":{"rendered":"<h3><\/h3>\n<p>Un battement de c\u0153ur pour vos l\u00e8vres \"Heartbeat Collection - A Pulse for Your Beauty\". Chaque rouge \u00e0 l\u00e8vres raconte une histoire. Notre nouvelle collection Heartbeat de Martina Otte Cosmetics\u00ae ouvre un nouveau chapitre. Avec une tenue maximale et un soin attentif, ces rouges \u00e0 l\u00e8vres v\u00e9g\u00e9taliens, sans parab\u00e8ne et sans cruaut\u00e9 enveloppent vos l\u00e8vres, leur donnant une sensation de tendresse in\u00e9gal\u00e9e. Ils agissent comme un doux baiser contre les rides des l\u00e8vres, les laissant lisses et souples. Un battement de c\u0153ur pour vos l\u00e8vres, un sourire pour votre \u00e2me.<\/p>\n<p>L'amour d\u00e8s la premi\u00e8re application \"D\u00e9couvrez l'amour d\u00e8s la premi\u00e8re application\". Notre collection Heartbeat est plus qu'un simple rouge \u00e0 l\u00e8vres. C'est une d\u00e9claration d'amour \u00e0 vos l\u00e8vres. \u00c0 chaque application, vous sentirez le soin intense et la tenue longue dur\u00e9e. Les formules v\u00e9g\u00e9taliennes chouchoutent vos l\u00e8vres et les font briller de mille feux. Dites \"oui\" aux couleurs qui font battre votre c\u0153ur plus vite et aux soins qui rendent vos l\u00e8vres compl\u00e8tement heureuses.<\/p>\n<p>Votre c\u0153ur bat pour la couleur \"D\u00e9clarez la couleur avec la collection Heartbeat\". Laissez votre c\u0153ur battre pour la couleur et d\u00e9couvrez la palette vari\u00e9e de nos nouveaux rouges \u00e0 l\u00e8vres. Chaque teinte raconte sa propre histoire et souligne votre beaut\u00e9 individuelle. Les formules v\u00e9g\u00e9taliennes vous donnent bonne conscience et la technologie antirides innovante donne \u00e0 vos l\u00e8vres une apparence plus jeune. Osez la couleur et faites briller vos l\u00e8vres.<\/p>","protected":false},"featured_media":147163,"template":"","meta":{"footnotes":""},"product_brand":[],"product_cat":[821,80,384,386],"product_tag":[149,743,111,112,847,155,480,525],"class_list":{"0":"post-147168","1":"product","2":"type-product","3":"status-publish","4":"has-post-thumbnail","6":"product_cat-beauty","7":"product_cat-beauty-health-supplements","8":"product_cat-cosmetics","9":"product_cat-skin-care","10":"product_tag-anti-aging","11":"product_tag-beauty","12":"product_tag-care","13":"product_tag-cell-renewal","14":"product_tag-haltbarer-lippenstift-mit-perfekter-deckkraft-amazing-grace","15":"product_tag-hyaluronic","16":"product_tag-new-arrivals","17":"product_tag-womens","18":"product_shipping_class-shipping-class-2","19":"has-subscription-plans","21":"first","22":"instock","23":"sale","24":"taxable","25":"shipping-taxable","26":"purchasable","27":"product-type-simple"},"bundled_by":["97314","151262"],"bundle_stock_status":"instock","bundle_stock_quantity":null,"bundle_virtual":false,"bundle_layout":"","bundle_add_to_cart_form_location":"","bundle_editable_in_cart":false,"bundle_sold_individually_context":"","bundle_item_grouping":"","bundle_min_size":"","bundle_max_size":"","bundle_price":[],"bundled_items":[],"bundle_sell_ids":[],"group_of_quantity":0,"min_quantity":0,"max_quantity":"","exclude_order_quantity_value_rules":"no","exclude_category_quantity_rules":"no","combine_variations":"no","_links":{"self":[{"href":"https:\/\/2024.shoply.com\/fr_ca\/wp-json\/wp\/v2\/product\/147168","targetHints":{"allow":["GET"]}}],"collection":[{"href":"https:\/\/2024.shoply.com\/fr_ca\/wp-json\/wp\/v2\/product"}],"about":[{"href":"https:\/\/2024.shoply.com\/fr_ca\/wp-json\/wp\/v2\/types\/product"}],"version-history":[{"count":3,"href":"https:\/\/2024.shoply.com\/fr_ca\/wp-json\/wp\/v2\/product\/147168\/revisions"}],"predecessor-version":[{"id":147174,"href":"https:\/\/2024.shoply.com\/fr_ca\/wp-json\/wp\/v2\/product\/147168\/revisions\/147174"}],"wp:featuredmedia":[{"embeddable":true,"href":"https:\/\/2024.shoply.com\/fr_ca\/wp-json\/wp\/v2\/media\/147163"}],"wp:attachment":[{"href":"https:\/\/2024.shoply.com\/fr_ca\/wp-json\/wp\/v2\/media?parent=147168"}],"wp:term":[{"taxonomy":"product_brand","embeddable":true,"href":"https:\/\/2024.shoply.com\/fr_ca\/wp-json\/wp\/v2\/product_brand?post=147168"},{"taxonomy":"product_cat","embeddable":true,"href":"https:\/\/2024.shoply.com\/fr_ca\/wp-json\/wp\/v2\/product_cat?post=147168"},{"taxonomy":"product_tag","embeddable":true,"href":"https:\/\/2024.shoply.com\/fr_ca\/wp-json\/wp\/v2\/product_tag?post=147168"}],"curies":[{"name":"wp","href":"https:\/\/api.w.org\/{rel}","templated":true}]}}