{"id":153255,"date":"2025-03-10T16:45:44","date_gmt":"2025-03-10T21:45:44","guid":{"rendered":"https:\/\/shoply.com\/?post_type=product&#038;p=153255"},"modified":"2025-03-10T16:47:53","modified_gmt":"2025-03-10T21:47:53","slug":"calming-faith","status":"publish","type":"product","link":"https:\/\/2024.shoply.com\/fr_ca\/produit\/calming-faith\/","title":{"rendered":"Une foi apais\u00e9e"},"content":{"rendered":"<p><strong>Howlite<\/strong>\u00a0r\u00e9duit le stress et l'anxi\u00e9t\u00e9 et vous apaise tranquillement pour vous apporter douceur et patience.<\/p>\n<p>La croix est un symbole de foi et d'espoir.<\/p>\n<p>Calming Faith a \u00e9t\u00e9 cr\u00e9\u00e9 avec des perles en Howlite naturel de 8 mm, accentu\u00e9es par une croix en Howlite.<\/p>","protected":false},"excerpt":{"rendered":"<p>Calming Faith a \u00e9t\u00e9 cr\u00e9\u00e9 avec des perles de Howlite naturelles de 8 mm, accentu\u00e9es par une croix de Howlite. Le tout est attach\u00e9 \u00e0 la main sur un cordon \u00e9lastique solide, impr\u00e9gn\u00e9 d'amour et d'intention.<\/p>","protected":false},"featured_media":153275,"template":"","meta":{"footnotes":""},"product_brand":[],"product_cat":[1701],"product_tag":[1591,1592,1593],"class_list":{"0":"post-153255","1":"product","2":"type-product","3":"status-publish","4":"has-post-thumbnail","6":"product_cat-bracelets","7":"product_tag-intentionbracelets","8":"product_tag-bracelet","9":"product_tag-howlite","11":"first","12":"instock","13":"taxable","14":"shipping-taxable","15":"purchasable","16":"product-type-variable"},"bundled_by":[],"bundle_stock_status":"instock","bundle_stock_quantity":8,"bundle_virtual":false,"bundle_layout":"","bundle_add_to_cart_form_location":"","bundle_editable_in_cart":false,"bundle_sold_individually_context":"","bundle_item_grouping":"","bundle_min_size":"","bundle_max_size":"","bundle_price":[],"bundled_items":[],"bundle_sell_ids":[],"group_of_quantity":0,"min_quantity":0,"max_quantity":"","exclude_order_quantity_value_rules":"no","exclude_category_quantity_rules":"no","combine_variations":"no","_links":{"self":[{"href":"https:\/\/2024.shoply.com\/fr_ca\/wp-json\/wp\/v2\/product\/153255","targetHints":{"allow":["GET"]}}],"collection":[{"href":"https:\/\/2024.shoply.com\/fr_ca\/wp-json\/wp\/v2\/product"}],"about":[{"href":"https:\/\/2024.shoply.com\/fr_ca\/wp-json\/wp\/v2\/types\/product"}],"version-history":[{"count":1,"href":"https:\/\/2024.shoply.com\/fr_ca\/wp-json\/wp\/v2\/product\/153255\/revisions"}],"predecessor-version":[{"id":153280,"href":"https:\/\/2024.shoply.com\/fr_ca\/wp-json\/wp\/v2\/product\/153255\/revisions\/153280"}],"wp:featuredmedia":[{"embeddable":true,"href":"https:\/\/2024.shoply.com\/fr_ca\/wp-json\/wp\/v2\/media\/153275"}],"wp:attachment":[{"href":"https:\/\/2024.shoply.com\/fr_ca\/wp-json\/wp\/v2\/media?parent=153255"}],"wp:term":[{"taxonomy":"product_brand","embeddable":true,"href":"https:\/\/2024.shoply.com\/fr_ca\/wp-json\/wp\/v2\/product_brand?post=153255"},{"taxonomy":"product_cat","embeddable":true,"href":"https:\/\/2024.shoply.com\/fr_ca\/wp-json\/wp\/v2\/product_cat?post=153255"},{"taxonomy":"product_tag","embeddable":true,"href":"https:\/\/2024.shoply.com\/fr_ca\/wp-json\/wp\/v2\/product_tag?post=153255"}],"curies":[{"name":"wp","href":"https:\/\/api.w.org\/{rel}","templated":true}]}}