{"id":154347,"date":"2025-03-13T17:32:54","date_gmt":"2025-03-13T22:32:54","guid":{"rendered":"https:\/\/shoply.com\/?post_type=product&#038;p=154347"},"modified":"2025-03-13T17:38:43","modified_gmt":"2025-03-13T22:38:43","slug":"jesus-is-the-way-mens-t-shirt","status":"publish","type":"product","link":"https:\/\/2024.shoply.com\/fr_ca\/produit\/jesus-is-the-way-mens-t-shirt\/","title":{"rendered":"Jesus Is The Way Mens T Shirt"},"content":{"rendered":"<p>Jesus Is The Way Mens T Shirt<\/p>\n<ul id=\"product-features\" class=\"product-details-features__list\">\n<li class=\"product-details-features__feature\"><span class=\"product-details-features__text\">6,1 oz, 100% coton fil\u00e9 \u00e0 l'anneau<\/span><\/li>\n<li class=\"product-details-features__feature\"><span class=\"product-details-features__text\">Tissu pr\u00e9r\u00e9tr\u00e9ci, lav\u00e9 \u00e0 l'eau douce, teint dans la masse<\/span><\/li>\n<li class=\"product-details-features__feature\"><span class=\"product-details-features__text\">Col c\u00f4tel\u00e9 de 1\u2033 avec encolure surpiqu\u00e9e \u00e0 double aiguille<\/span><\/li>\n<li class=\"product-details-features__feature\"><span class=\"product-details-features__text\">Double piq\u00fbre sur les manches et l'ourlet du bas<\/span><\/li>\n<li class=\"product-details-features__feature\"><span class=\"product-details-features__text\">Serg\u00e9 tapiss\u00e9 d'une \u00e9paule \u00e0 l'autre<\/span><\/li>\n<li class=\"product-details-features__feature\"><span class=\"product-details-features__text\">Manches encastr\u00e9es<\/span><\/li>\n<\/ul>\n<p>Instructions d'entretien : Retourner le v\u00eatement, le laver en machine \u00e0 l'eau froide avec des couleurs similaires. Ne pas blanchir et s\u00e9cher \u00e0 basse temp\u00e9rature. Ne pas repasser sur le transfert.<\/p>\n<p>&nbsp;<\/p>","protected":false},"excerpt":{"rendered":"<p>&nbsp;<\/p>\n<p>&nbsp;<\/p>","protected":false},"featured_media":154355,"template":"","meta":{"footnotes":""},"product_brand":[],"product_cat":[255,103],"product_tag":[263,315,256,264,120,496,262,137,505,379,259,482],"class_list":{"0":"post-154347","1":"product","2":"type-product","3":"status-publish","4":"has-post-thumbnail","6":"product_cat-apparel","7":"product_cat-clothing-and-accessories","8":"product_tag-apparel","9":"product_tag-birthday","10":"product_tag-casual","11":"product_tag-christian","12":"product_tag-clothing","13":"product_tag-comfortable","14":"product_tag-cotton","15":"product_tag-essentials","16":"product_tag-fashion","17":"product_tag-inspiration","18":"product_tag-shirts","19":"product_tag-tees","20":"has-subscription-plans","22":"first","23":"instock","24":"taxable","25":"shipping-taxable","26":"purchasable","27":"product-type-variable"},"bundled_by":[],"bundle_stock_status":"instock","bundle_stock_quantity":298,"bundle_virtual":false,"bundle_layout":"","bundle_add_to_cart_form_location":"","bundle_editable_in_cart":false,"bundle_sold_individually_context":"","bundle_item_grouping":"","bundle_min_size":"","bundle_max_size":"","bundle_price":[],"bundled_items":[],"bundle_sell_ids":[],"group_of_quantity":0,"min_quantity":0,"max_quantity":"","exclude_order_quantity_value_rules":"no","exclude_category_quantity_rules":"no","combine_variations":"no","_links":{"self":[{"href":"https:\/\/2024.shoply.com\/fr_ca\/wp-json\/wp\/v2\/product\/154347","targetHints":{"allow":["GET"]}}],"collection":[{"href":"https:\/\/2024.shoply.com\/fr_ca\/wp-json\/wp\/v2\/product"}],"about":[{"href":"https:\/\/2024.shoply.com\/fr_ca\/wp-json\/wp\/v2\/types\/product"}],"version-history":[{"count":3,"href":"https:\/\/2024.shoply.com\/fr_ca\/wp-json\/wp\/v2\/product\/154347\/revisions"}],"predecessor-version":[{"id":154478,"href":"https:\/\/2024.shoply.com\/fr_ca\/wp-json\/wp\/v2\/product\/154347\/revisions\/154478"}],"wp:featuredmedia":[{"embeddable":true,"href":"https:\/\/2024.shoply.com\/fr_ca\/wp-json\/wp\/v2\/media\/154355"}],"wp:attachment":[{"href":"https:\/\/2024.shoply.com\/fr_ca\/wp-json\/wp\/v2\/media?parent=154347"}],"wp:term":[{"taxonomy":"product_brand","embeddable":true,"href":"https:\/\/2024.shoply.com\/fr_ca\/wp-json\/wp\/v2\/product_brand?post=154347"},{"taxonomy":"product_cat","embeddable":true,"href":"https:\/\/2024.shoply.com\/fr_ca\/wp-json\/wp\/v2\/product_cat?post=154347"},{"taxonomy":"product_tag","embeddable":true,"href":"https:\/\/2024.shoply.com\/fr_ca\/wp-json\/wp\/v2\/product_tag?post=154347"}],"curies":[{"name":"wp","href":"https:\/\/api.w.org\/{rel}","templated":true}]}}