{"id":29611,"date":"2024-08-19T21:09:59","date_gmt":"2024-08-19T21:09:59","guid":{"rendered":"https:\/\/shoply.com\/?post_type=product&#038;p=29611"},"modified":"2025-02-19T19:26:05","modified_gmt":"2025-02-20T00:26:05","slug":"raspberry-super-biotin-mix-in","status":"publish","type":"product","link":"https:\/\/2024.shoply.com\/fr_ca\/produit\/raspberry-super-biotin-mix-in\/","title":{"rendered":"Framboise Super Biotin Mix In"},"content":{"rendered":"<p>Rehaussez votre beaut\u00e9 de l'int\u00e9rieur avec le m\u00e9lange Super Biotine Framboise. Infus\u00e9 de biotine et du go\u00fbt acidul\u00e9 des framboises, c'est un moyen sans calories de favoriser la sant\u00e9 des cheveux, de la peau et des ongles. Savourez cette d\u00e9licieuse g\u00e2terie \u00e0 base de baies dans n'importe quelle boisson.<\/p>\n<p><em><strong>Ces d\u00e9clarations n'ont pas \u00e9t\u00e9 \u00e9valu\u00e9es par la Food and Drug Administration.\u00a0<\/strong><\/em><em><strong>Ce produit n'est pas destin\u00e9 \u00e0 diagnostiquer, traiter, gu\u00e9rir ou pr\u00e9venir une quelconque maladie.<\/strong><\/em><\/p>","protected":false},"excerpt":{"rendered":"<p>Enhance your beauty from within with Raspberry Super Biotin Mix-In. Infused with biotin and the tangy taste of raspberries, it&#8217;s<\/p>","protected":false},"featured_media":29612,"template":"","meta":{"footnotes":""},"product_brand":[],"product_cat":[80],"product_tag":[],"class_list":{"0":"post-29611","1":"product","2":"type-product","3":"status-publish","4":"has-post-thumbnail","6":"product_cat-beauty-health-supplements","7":"product_shipping_class-shipping-class-1","8":"has-subscription-plans","10":"first","11":"instock","12":"taxable","13":"shipping-taxable","14":"purchasable","15":"product-type-simple"},"bundled_by":["29624"],"bundle_stock_status":"instock","bundle_stock_quantity":null,"bundle_virtual":false,"bundle_layout":"","bundle_add_to_cart_form_location":"","bundle_editable_in_cart":false,"bundle_sold_individually_context":"","bundle_item_grouping":"","bundle_min_size":"","bundle_max_size":"","bundle_price":[],"bundled_items":[],"bundle_sell_ids":[],"group_of_quantity":0,"min_quantity":0,"max_quantity":"","exclude_order_quantity_value_rules":"no","exclude_category_quantity_rules":"no","combine_variations":"no","_links":{"self":[{"href":"https:\/\/2024.shoply.com\/fr_ca\/wp-json\/wp\/v2\/product\/29611","targetHints":{"allow":["GET"]}}],"collection":[{"href":"https:\/\/2024.shoply.com\/fr_ca\/wp-json\/wp\/v2\/product"}],"about":[{"href":"https:\/\/2024.shoply.com\/fr_ca\/wp-json\/wp\/v2\/types\/product"}],"version-history":[{"count":2,"href":"https:\/\/2024.shoply.com\/fr_ca\/wp-json\/wp\/v2\/product\/29611\/revisions"}],"predecessor-version":[{"id":143862,"href":"https:\/\/2024.shoply.com\/fr_ca\/wp-json\/wp\/v2\/product\/29611\/revisions\/143862"}],"wp:featuredmedia":[{"embeddable":true,"href":"https:\/\/2024.shoply.com\/fr_ca\/wp-json\/wp\/v2\/media\/29612"}],"wp:attachment":[{"href":"https:\/\/2024.shoply.com\/fr_ca\/wp-json\/wp\/v2\/media?parent=29611"}],"wp:term":[{"taxonomy":"product_brand","embeddable":true,"href":"https:\/\/2024.shoply.com\/fr_ca\/wp-json\/wp\/v2\/product_brand?post=29611"},{"taxonomy":"product_cat","embeddable":true,"href":"https:\/\/2024.shoply.com\/fr_ca\/wp-json\/wp\/v2\/product_cat?post=29611"},{"taxonomy":"product_tag","embeddable":true,"href":"https:\/\/2024.shoply.com\/fr_ca\/wp-json\/wp\/v2\/product_tag?post=29611"}],"curies":[{"name":"wp","href":"https:\/\/api.w.org\/{rel}","templated":true}]}}