{"id":29627,"date":"2024-08-19T22:36:36","date_gmt":"2024-08-19T22:36:36","guid":{"rendered":"https:\/\/shoply.com\/?post_type=product&#038;p=29627"},"modified":"2025-02-19T18:55:02","modified_gmt":"2025-02-19T23:55:02","slug":"shape-kit","status":"publish","type":"product","link":"https:\/\/2024.shoply.com\/fr_ca\/produit\/shape-kit\/","title":{"rendered":"Kit de forme"},"content":{"rendered":"<p style=\"text-align: center;\"><img fetchpriority=\"high\" decoding=\"async\" class=\"aligncenter size-medium\" src=\"https:\/\/cdn.shopify.com\/s\/files\/1\/0653\/6793\/3174\/files\/shoply-vi-1.png?v=1730910734\" width=\"1200\" height=\"95\" \/><\/p>\n<p style=\"text-align: center;\"><img decoding=\"async\" class=\"aligncenter size-medium\" src=\"https:\/\/cdn.shopify.com\/s\/files\/1\/0653\/6793\/3174\/files\/shoply-vi-2.png?v=1730910734\" width=\"1200\" height=\"1083\" \/><\/p>\n<p><img decoding=\"async\" class=\"aligncenter size-medium\" src=\"https:\/\/cdn.shopify.com\/s\/files\/1\/0653\/6793\/3174\/files\/shoply-vi-3.png?v=1730910734\" width=\"1200\" height=\"507\" \/><\/p>\n<p><img loading=\"lazy\" decoding=\"async\" class=\"aligncenter size-medium\" src=\"https:\/\/cdn.shopify.com\/s\/files\/1\/0653\/6793\/3174\/files\/shoply-vi-4.png?v=1730910734\" width=\"1200\" height=\"755\" \/><\/p>\n<p><img loading=\"lazy\" decoding=\"async\" class=\"aligncenter size-medium\" src=\"https:\/\/cdn.shopify.com\/s\/files\/1\/0653\/6793\/3174\/files\/shoply-vi-5.png?v=1730910734\" width=\"1528\" height=\"296\" \/><\/p>\n<p><img loading=\"lazy\" decoding=\"async\" class=\"aligncenter size-medium\" src=\"https:\/\/cdn.shopify.com\/s\/files\/1\/0653\/6793\/3174\/files\/shoply-vi-6.png?v=1730910734\" width=\"1200\" height=\"390\" \/><\/p>\n<p><img loading=\"lazy\" decoding=\"async\" class=\"aligncenter size-medium\" src=\"https:\/\/cdn.shopify.com\/s\/files\/1\/0653\/6793\/3174\/files\/shoply-vi-7.png?v=1730910734\" width=\"1200\" height=\"686\" \/><\/p>\n<p>Transformez votre sant\u00e9 avec le kit Shape, qui comprend deux sachets de notre m\u00e9lange Shake original Vi-Shape et des m\u00e9langes am\u00e9lior\u00e9s tels que Chocolate Cardia Care et Strawberry Antioxidant Boost. Soutenez votre syst\u00e8me immunitaire, la sant\u00e9 de votre peau et la protection de vos cellules gr\u00e2ce au m\u00e9lange savoureux \u00e0 la fraise. Tout ce dont vous avez besoin pour un programme de sant\u00e9 enrichi et savoureux !<\/p>\n<p><em><strong>Ces d\u00e9clarations n'ont pas \u00e9t\u00e9 \u00e9valu\u00e9es par la Food and Drug Administration. <\/strong><\/em><em><strong>Ce produit n'est pas destin\u00e9 \u00e0 diagnostiquer, traiter, gu\u00e9rir ou pr\u00e9venir une quelconque maladie.<\/strong><\/em><\/p>","protected":false},"excerpt":{"rendered":"<p>https:\/\/www.youtube.com\/watch?v=keQept63Cqc<\/p>\n<p>2 sachets de shake (48 portions) + 1 bo\u00eete de m\u00e9lange au chocolat + 1 bo\u00eete de m\u00e9lange \u00e0 la fraise<\/p>\n<p>&nbsp;<\/p>","protected":false},"featured_media":29628,"template":"","meta":{"footnotes":""},"product_brand":[],"product_cat":[1053,80],"product_tag":[],"class_list":{"0":"post-29627","1":"product","2":"type-product","3":"status-publish","4":"has-post-thumbnail","6":"product_cat-affiliate-bundle","7":"product_cat-beauty-health-supplements","8":"product_shipping_class-shipping-class-1","9":"has-subscription-plans","11":"first","12":"instock","13":"taxable","14":"shipping-taxable","15":"purchasable","16":"product-type-simple"},"bundled_by":[],"bundle_stock_status":"instock","bundle_stock_quantity":null,"bundle_virtual":false,"bundle_layout":"","bundle_add_to_cart_form_location":"","bundle_editable_in_cart":false,"bundle_sold_individually_context":"","bundle_item_grouping":"","bundle_min_size":"","bundle_max_size":"","bundle_price":[],"bundled_items":[],"bundle_sell_ids":[],"group_of_quantity":0,"min_quantity":0,"max_quantity":"","exclude_order_quantity_value_rules":"no","exclude_category_quantity_rules":"no","combine_variations":"no","_links":{"self":[{"href":"https:\/\/2024.shoply.com\/fr_ca\/wp-json\/wp\/v2\/product\/29627","targetHints":{"allow":["GET"]}}],"collection":[{"href":"https:\/\/2024.shoply.com\/fr_ca\/wp-json\/wp\/v2\/product"}],"about":[{"href":"https:\/\/2024.shoply.com\/fr_ca\/wp-json\/wp\/v2\/types\/product"}],"version-history":[{"count":4,"href":"https:\/\/2024.shoply.com\/fr_ca\/wp-json\/wp\/v2\/product\/29627\/revisions"}],"predecessor-version":[{"id":139442,"href":"https:\/\/2024.shoply.com\/fr_ca\/wp-json\/wp\/v2\/product\/29627\/revisions\/139442"}],"wp:featuredmedia":[{"embeddable":true,"href":"https:\/\/2024.shoply.com\/fr_ca\/wp-json\/wp\/v2\/media\/29628"}],"wp:attachment":[{"href":"https:\/\/2024.shoply.com\/fr_ca\/wp-json\/wp\/v2\/media?parent=29627"}],"wp:term":[{"taxonomy":"product_brand","embeddable":true,"href":"https:\/\/2024.shoply.com\/fr_ca\/wp-json\/wp\/v2\/product_brand?post=29627"},{"taxonomy":"product_cat","embeddable":true,"href":"https:\/\/2024.shoply.com\/fr_ca\/wp-json\/wp\/v2\/product_cat?post=29627"},{"taxonomy":"product_tag","embeddable":true,"href":"https:\/\/2024.shoply.com\/fr_ca\/wp-json\/wp\/v2\/product_tag?post=29627"}],"curies":[{"name":"wp","href":"https:\/\/api.w.org\/{rel}","templated":true}]}}