{"id":61953,"date":"2024-09-19T17:26:50","date_gmt":"2024-09-19T22:26:50","guid":{"rendered":"https:\/\/shoply.com\/?post_type=product&#038;p=61953"},"modified":"2025-02-19T21:20:39","modified_gmt":"2025-02-20T02:20:39","slug":"dry-shampoo-cell-renewal-technology","status":"publish","type":"product","link":"https:\/\/2024.shoply.com\/fr_ca\/produit\/dry-shampoo-cell-renewal-technology\/","title":{"rendered":"SHAMPOOING SEC | Technologie de renouvellement cellulaire"},"content":{"rendered":"<p class=\"\">Bo Stegall | The Collection\u00ae\ufe0f<\/p>\n<p class=\"\"><strong>Shampooing sec Cell Renewal<\/strong><\/p>\n<p class=\"\">Le premier shampooing sec au monde qui lave r\u00e9ellement vos cheveux et votre cuir chevelu \u00e0 sec. Une formule r\u00e9volutionnaire sans sulfates ni parab\u00e8nes. \u00c9quilibre le PH de votre cuir chevelu tout en r\u00e9duisant de fa\u00e7on permanente la surproduction ou la sous-production d'huiles sur le cuir chevelu. Utilisez-le pour laver vos cheveux \u00e0 sec sans avoir \u00e0 les mouiller sous la douche.<\/p>\n<p><strong>DIRECTIVES :<\/strong><\/p>\n<p class=\"\">1.\u00a0<strong>SHAKE<\/strong>\u00a0bien avant de le vaporiser sur le cuir chevelu et les cheveux pour obtenir les r\u00e9sultats escompt\u00e9s.<\/p>\n<p class=\"\">2.\u00a0<strong>SPRAY<\/strong>\u00a0au moins 6 pouces du cuir chevelu et des cheveux.<\/p>\n<p class=\"\">3.\u00a0<strong>MASSAGE<\/strong>\u00a0les produits sur le cuir chevelu apr\u00e8s avoir vaporis\u00e9 une petite gicl\u00e9e sur chaque section de cheveux.<\/p>\n<p class=\"\">4.\u00a0<strong>REFRESH<\/strong>\u00a0et nettoyez vos cheveux lorsqu'ils sont secs en peignant les pointes apr\u00e8s avoir vaporis\u00e9 sur le cuir chevelu et les m\u00e8ches. Activez les ingr\u00e9dients avec la chaleur ou l'air froid de votre s\u00e8che-cheveux.<\/p>\n<p>&nbsp;<\/p>\n<p><strong>PAR O\u00d9 COMMENCER AVEC BO STEGALL ?<\/strong><\/p>\n<p><iframe title=\"1) Avec quels produits dois-je commencer ? Je suis nouveau !\" width=\"500\" height=\"375\" src=\"https:\/\/www.youtube.com\/embed\/P4oB0ALtszw?feature=oembed\" frameborder=\"0\" allow=\"accelerometer; autoplay; clipboard-write; encrypted-media; gyroscope; picture-in-picture; web-share\" referrerpolicy=\"strict-origin-when-cross-origin\" allowfullscreen><\/iframe><\/p>\n<p>&nbsp;<\/p>\n<p><strong>MES CHEVEUX S'\u00c9CLAIRCISSENT OU TOMBENT !<\/strong><\/p>\n<p><iframe title=\"2) Mes cheveux s&#039;\u00e9claircissent ! Que dois-je faire ?\" width=\"500\" height=\"281\" src=\"https:\/\/www.youtube.com\/embed\/z3gqRLaXzhs?feature=oembed\" frameborder=\"0\" allow=\"accelerometer; autoplay; clipboard-write; encrypted-media; gyroscope; picture-in-picture; web-share\" referrerpolicy=\"strict-origin-when-cross-origin\" allowfullscreen><\/iframe><\/p>\n<p>&nbsp;<\/p>\n<p><strong>MES CHEVEUX SONT SECS ET AB\u00ceM\u00c9S !<\/strong><\/p>\n<p><iframe title=\"3) Mes cheveux sont secs et ab\u00eem\u00e9s ! Que dois-je faire ?\" width=\"500\" height=\"281\" src=\"https:\/\/www.youtube.com\/embed\/-7EXsI1sX7Q?feature=oembed\" frameborder=\"0\" allow=\"accelerometer; autoplay; clipboard-write; encrypted-media; gyroscope; picture-in-picture; web-share\" referrerpolicy=\"strict-origin-when-cross-origin\" allowfullscreen><\/iframe><\/p>\n<p>&nbsp;<\/p>\n<p><strong>MES CHEVEUX N'ONT PAS DE VOLUME !<\/strong><\/p>\n<p><iframe title=\"5) Mes cheveux n&#039;ont pas de volume ! Que dois-je faire ?\" width=\"500\" height=\"281\" src=\"https:\/\/www.youtube.com\/embed\/Iax6R0fgGIA?feature=oembed\" frameborder=\"0\" allow=\"accelerometer; autoplay; clipboard-write; encrypted-media; gyroscope; picture-in-picture; web-share\" referrerpolicy=\"strict-origin-when-cross-origin\" allowfullscreen><\/iframe><\/p>\n<p>&nbsp;<\/p>\n<p><strong>J'AI DES POINTES FOURCHUES !<\/strong><\/p>\n<p><iframe title=\"8) J&#039;ai des pointes fourchues Que dois-je faire ?\" width=\"500\" height=\"281\" src=\"https:\/\/www.youtube.com\/embed\/ZJk95Thr6p8?feature=oembed\" frameborder=\"0\" allow=\"accelerometer; autoplay; clipboard-write; encrypted-media; gyroscope; picture-in-picture; web-share\" referrerpolicy=\"strict-origin-when-cross-origin\" allowfullscreen><\/iframe><\/p>\n<p>&nbsp;<\/p>\n<p><strong>MES CHEVEUX SONT BOUCL\u00c9S OU ONDUL\u00c9S !<\/strong><\/p>\n<p><iframe title=\"4) Mes cheveux sont boucl\u00e9s Que dois-je faire ?\" width=\"500\" height=\"281\" src=\"https:\/\/www.youtube.com\/embed\/_2RLR4ekVVE?feature=oembed\" frameborder=\"0\" allow=\"accelerometer; autoplay; clipboard-write; encrypted-media; gyroscope; picture-in-picture; web-share\" referrerpolicy=\"strict-origin-when-cross-origin\" allowfullscreen><\/iframe><\/p>","protected":false},"excerpt":{"rendered":"<p class=\"\"><strong>Shampooing sec Cell Renewal par <\/strong>Bo Stegall | The Collection\u00ae\ufe0f est le premier shampooing sec de ce type \u00e0 laver \u00e0 sec vos cheveux et votre cuir chevelu.<\/p>\n<p>&nbsp;<\/p>\n<p><strong>MES CHEVEUX ET MON CUIR CHEVELU SONT GRAS !<\/strong><\/p>\n<p>https:\/\/youtu.be\/_z6gpZyDNRc?si=8kdlXQU5MLNR3ua6<\/p>","protected":false},"featured_media":61841,"template":"","meta":{"footnotes":""},"product_brand":[],"product_cat":[80],"product_tag":[149,112,141,110,185,131],"class_list":{"0":"post-61953","1":"product","2":"type-product","3":"status-publish","4":"has-post-thumbnail","6":"product_cat-beauty-health-supplements","7":"product_tag-anti-aging","8":"product_tag-cell-renewal","9":"product_tag-collagen","10":"product_tag-hair","11":"product_tag-organic","12":"product_tag-stem-cells","13":"product_shipping_class-shipping-class-1","14":"has-subscription-plans","16":"first","17":"instock","18":"taxable","19":"shipping-taxable","20":"purchasable","21":"product-type-simple"},"bundled_by":[],"bundle_stock_status":"instock","bundle_stock_quantity":null,"bundle_virtual":false,"bundle_layout":"","bundle_add_to_cart_form_location":"","bundle_editable_in_cart":false,"bundle_sold_individually_context":"","bundle_item_grouping":"","bundle_min_size":"","bundle_max_size":"","bundle_price":[],"bundled_items":[],"bundle_sell_ids":[],"group_of_quantity":0,"min_quantity":0,"max_quantity":"","exclude_order_quantity_value_rules":"no","exclude_category_quantity_rules":"no","combine_variations":"no","_links":{"self":[{"href":"https:\/\/2024.shoply.com\/fr_ca\/wp-json\/wp\/v2\/product\/61953","targetHints":{"allow":["GET"]}}],"collection":[{"href":"https:\/\/2024.shoply.com\/fr_ca\/wp-json\/wp\/v2\/product"}],"about":[{"href":"https:\/\/2024.shoply.com\/fr_ca\/wp-json\/wp\/v2\/types\/product"}],"version-history":[{"count":2,"href":"https:\/\/2024.shoply.com\/fr_ca\/wp-json\/wp\/v2\/product\/61953\/revisions"}],"predecessor-version":[{"id":139463,"href":"https:\/\/2024.shoply.com\/fr_ca\/wp-json\/wp\/v2\/product\/61953\/revisions\/139463"}],"wp:featuredmedia":[{"embeddable":true,"href":"https:\/\/2024.shoply.com\/fr_ca\/wp-json\/wp\/v2\/media\/61841"}],"wp:attachment":[{"href":"https:\/\/2024.shoply.com\/fr_ca\/wp-json\/wp\/v2\/media?parent=61953"}],"wp:term":[{"taxonomy":"product_brand","embeddable":true,"href":"https:\/\/2024.shoply.com\/fr_ca\/wp-json\/wp\/v2\/product_brand?post=61953"},{"taxonomy":"product_cat","embeddable":true,"href":"https:\/\/2024.shoply.com\/fr_ca\/wp-json\/wp\/v2\/product_cat?post=61953"},{"taxonomy":"product_tag","embeddable":true,"href":"https:\/\/2024.shoply.com\/fr_ca\/wp-json\/wp\/v2\/product_tag?post=61953"}],"curies":[{"name":"wp","href":"https:\/\/api.w.org\/{rel}","templated":true}]}}