{"id":62331,"date":"2024-09-28T19:00:57","date_gmt":"2024-09-29T00:00:57","guid":{"rendered":"https:\/\/shoply.com\/?post_type=product&#038;p=62331"},"modified":"2025-01-28T17:51:03","modified_gmt":"2025-01-28T22:51:03","slug":"exfoliating-face-body-mitt","status":"publish","type":"product","link":"https:\/\/2024.shoply.com\/fr_ca\/produit\/exfoliating-face-body-mitt\/","title":{"rendered":"Gant exfoliant pour le visage et le corps"},"content":{"rendered":"<h5>La cl\u00e9 d'une peau douce est entre vos mains gr\u00e2ce aux gants exfoliants. Comme les diamants, elles brillent sous la pression. Vous pouvez choisir d'exfolier en profondeur ou d'utiliser un toucher doux pour \u00e9liminer les cellules mortes de la t\u00eate aux pieds. Vous adorerez l'aspect et la sensation de votre peau, tandis que vous l'exfoliez pour r\u00e9v\u00e9ler votre \u00e9clat naturel.<\/h5>","protected":false},"excerpt":{"rendered":"<h3><em>EXFOLIATION DU VISAGE ET DU CORPS<\/em><\/h3>\n<h5>La cl\u00e9 d'une peau douce est entre vos mains gr\u00e2ce aux gants exfoliants. Comme les diamants, elles brillent sous la pression. Vous pouvez choisir d'exfolier en profondeur ou d'utiliser un toucher doux pour \u00e9liminer les cellules mortes de la t\u00eate aux pieds. Vous adorerez l'aspect et la sensation de votre peau, tandis que vous l'exfoliez pour r\u00e9v\u00e9ler votre \u00e9clat naturel.<\/h5>\n<h5><img fetchpriority=\"high\" decoding=\"async\" class=\"alignnone size-full wp-image-1790\" src=\"https:\/\/belleandcapri.com\/wp-content\/uploads\/2022\/10\/Features-pink-line.jpg\" alt=\"\" width=\"1600\" height=\"134\" \/>- Pr\u00e9pare la peau \u00e0 absorber les bienfaits des produits de soin de la peau<br \/>\n- \u00c9limine les cellules mortes, la salet\u00e9, le maquillage et l'autobronzant.<br \/>\n- R\u00e9v\u00e8le instantan\u00e9ment une peau plus lisse, plus lumineuse et d'apparence plus saine.<\/h5>\n<h5>MAT\u00c9RIEL CL\u00c9<br \/>\nTissu en viscose<\/h5>\n<h5><img decoding=\"async\" class=\"alignnone size-full wp-image-1791\" src=\"https:\/\/belleandcapri.com\/wp-content\/uploads\/2022\/10\/How-to-benefit-pink-line.jpg\" alt=\"\" width=\"1600\" height=\"105\" \/>Gardez une Mitaine Exfoliante dans la douche pour votre corps et une pr\u00e8s du lavabo pour votre visage. Pour de meilleurs r\u00e9sultats, utilisez-les deux fois par semaine sur le corps et le visage. Remplacez les gants exfoliants tous les mois s'ils sont utilis\u00e9s sur le visage, ou plus t\u00f4t s'ils sont utilis\u00e9s sur le corps.<\/h5>","protected":false},"featured_media":69270,"template":"","meta":{"footnotes":""},"product_brand":[],"product_cat":[21,385,821,80,382,383,386],"product_tag":[149,108,109,111,153,137,156,140],"class_list":{"0":"post-62331","1":"product","2":"type-product","3":"status-publish","4":"has-post-thumbnail","6":"product_cat-accessories","7":"product_cat-bath-body","8":"product_cat-beauty","9":"product_cat-beauty-health-supplements","10":"product_cat-health","11":"product_cat-personal-care","12":"product_cat-skin-care","13":"product_tag-anti-aging","14":"product_tag-bath","15":"product_tag-body","16":"product_tag-care","17":"product_tag-cleanser","18":"product_tag-essentials","19":"product_tag-exfoliating","20":"product_tag-skin-care","21":"product_shipping_class-shipping-class-2","22":"has-subscription-plans","24":"first","25":"instock","26":"sale","27":"taxable","28":"shipping-taxable","29":"purchasable","30":"product-type-simple"},"bundled_by":[],"bundle_stock_status":"instock","bundle_stock_quantity":null,"bundle_virtual":false,"bundle_layout":"","bundle_add_to_cart_form_location":"","bundle_editable_in_cart":false,"bundle_sold_individually_context":"","bundle_item_grouping":"","bundle_min_size":"","bundle_max_size":"","bundle_price":[],"bundled_items":[],"bundle_sell_ids":[],"group_of_quantity":0,"min_quantity":0,"max_quantity":"","exclude_order_quantity_value_rules":"no","exclude_category_quantity_rules":"no","combine_variations":"no","_links":{"self":[{"href":"https:\/\/2024.shoply.com\/fr_ca\/wp-json\/wp\/v2\/product\/62331","targetHints":{"allow":["GET"]}}],"collection":[{"href":"https:\/\/2024.shoply.com\/fr_ca\/wp-json\/wp\/v2\/product"}],"about":[{"href":"https:\/\/2024.shoply.com\/fr_ca\/wp-json\/wp\/v2\/types\/product"}],"version-history":[{"count":1,"href":"https:\/\/2024.shoply.com\/fr_ca\/wp-json\/wp\/v2\/product\/62331\/revisions"}],"predecessor-version":[{"id":126190,"href":"https:\/\/2024.shoply.com\/fr_ca\/wp-json\/wp\/v2\/product\/62331\/revisions\/126190"}],"wp:featuredmedia":[{"embeddable":true,"href":"https:\/\/2024.shoply.com\/fr_ca\/wp-json\/wp\/v2\/media\/69270"}],"wp:attachment":[{"href":"https:\/\/2024.shoply.com\/fr_ca\/wp-json\/wp\/v2\/media?parent=62331"}],"wp:term":[{"taxonomy":"product_brand","embeddable":true,"href":"https:\/\/2024.shoply.com\/fr_ca\/wp-json\/wp\/v2\/product_brand?post=62331"},{"taxonomy":"product_cat","embeddable":true,"href":"https:\/\/2024.shoply.com\/fr_ca\/wp-json\/wp\/v2\/product_cat?post=62331"},{"taxonomy":"product_tag","embeddable":true,"href":"https:\/\/2024.shoply.com\/fr_ca\/wp-json\/wp\/v2\/product_tag?post=62331"}],"curies":[{"name":"wp","href":"https:\/\/api.w.org\/{rel}","templated":true}]}}