{"id":63299,"date":"2024-09-22T13:27:17","date_gmt":"2024-09-22T18:27:17","guid":{"rendered":"https:\/\/shoply.com\/?post_type=product&#038;p=63299"},"modified":"2025-03-05T13:52:13","modified_gmt":"2025-03-05T18:52:13","slug":"hair-growth-kit","status":"publish","type":"product","link":"https:\/\/2024.shoply.com\/fr_ca\/produit\/hair-growth-kit\/","title":{"rendered":"KIT DE CROISSANCE DES CHEVEUX"},"content":{"rendered":"<h1 id=\"yui_3_17_2_1_1727029431626_516\"><strong id=\"yui_3_17_2_1_1727029431626_515\"><em id=\"yui_3_17_2_1_1727029431626_514\">LA SOLUTION COMPREND :<\/em><\/strong><\/h1>\n<h1>\u00c9TAPE 1 : TRAITEMENT DE RENOUVELLEMENT CELLULAIRE<\/h1>\n<p class=\"\">-(C'est le traitement avant shampooing)<\/p>\n<h1>\u00c9TAPE 2 : SHAMPOOING DE RENOUVELLEMENT CELLULAIRE<\/h1>\n<p class=\"\">-(Shampoing deux fois en frottant pendant 30 secondes)<\/p>\n<h1>\u00c9TAPE 3 : APR\u00c8S-SHAMPOING DE RENOUVELLEMENT CELLULAIRE<\/h1>\n<p class=\"\">(Laisser l'apr\u00e8s-shampoing sur les cheveux pendant 60 secondes)<\/p>\n<h1>\u00c9TAPE 4 : BRUME HYDROVITALE<\/h1>\n<p class=\"\">-(nutriments, vitamines et bloqueur de DHT)<\/p>\n<h1>MASQUE CAPILLAIRE DE RENOUVELLEMENT CELLULAIRE<\/h1>\n<p class=\"\">-(stimule la croissance des cheveux gr\u00e2ce \u00e0 la caf\u00e9ine et \u00e0 l'extrait de ginseng)<\/p>\n<p>&nbsp;<\/p>\n<p>&nbsp;<\/p>\n<p><strong>PAR O\u00d9 COMMENCER AVEC BO STEGALL ?<\/strong><\/p>\n<p><iframe title=\"1) Avec quels produits dois-je commencer ? Je suis nouveau !\" width=\"500\" height=\"375\" src=\"https:\/\/www.youtube.com\/embed\/P4oB0ALtszw?feature=oembed\" frameborder=\"0\" allow=\"accelerometer; autoplay; clipboard-write; encrypted-media; gyroscope; picture-in-picture; web-share\" referrerpolicy=\"strict-origin-when-cross-origin\" allowfullscreen><\/iframe><\/p>\n<p>&nbsp;<\/p>\n<p><strong>MES CHEVEUX SONT SECS ET AB\u00ceM\u00c9S !<\/strong><\/p>\n<p><iframe title=\"3) Mes cheveux sont secs et ab\u00eem\u00e9s ! Que dois-je faire ?\" width=\"500\" height=\"281\" src=\"https:\/\/www.youtube.com\/embed\/-7EXsI1sX7Q?feature=oembed\" frameborder=\"0\" allow=\"accelerometer; autoplay; clipboard-write; encrypted-media; gyroscope; picture-in-picture; web-share\" referrerpolicy=\"strict-origin-when-cross-origin\" allowfullscreen><\/iframe><\/p>\n<p>&nbsp;<\/p>\n<p><strong>MES CHEVEUX N'ONT PAS DE VOLUME !<\/strong><\/p>\n<p><iframe title=\"5) Mes cheveux n&#039;ont pas de volume ! Que dois-je faire ?\" width=\"500\" height=\"281\" src=\"https:\/\/www.youtube.com\/embed\/Iax6R0fgGIA?feature=oembed\" frameborder=\"0\" allow=\"accelerometer; autoplay; clipboard-write; encrypted-media; gyroscope; picture-in-picture; web-share\" referrerpolicy=\"strict-origin-when-cross-origin\" allowfullscreen><\/iframe><\/p>\n<p>&nbsp;<\/p>\n<p><strong>J'AI DES POINTES FOURCHUES !<\/strong><\/p>\n<p><iframe title=\"8) J&#039;ai des pointes fourchues Que dois-je faire ?\" width=\"500\" height=\"281\" src=\"https:\/\/www.youtube.com\/embed\/ZJk95Thr6p8?feature=oembed\" frameborder=\"0\" allow=\"accelerometer; autoplay; clipboard-write; encrypted-media; gyroscope; picture-in-picture; web-share\" referrerpolicy=\"strict-origin-when-cross-origin\" allowfullscreen><\/iframe><\/p>\n<p>&nbsp;<\/p>\n<p><strong>MES CHEVEUX ET MON CUIR CHEVELU SONT GRAS !<\/strong><\/p>\n<p><iframe title=\"6) J&#039;ai un cuir chevelu gras, que dois-je faire ?\" width=\"500\" height=\"281\" src=\"https:\/\/www.youtube.com\/embed\/_z6gpZyDNRc?feature=oembed\" frameborder=\"0\" allow=\"accelerometer; autoplay; clipboard-write; encrypted-media; gyroscope; picture-in-picture; web-share\" referrerpolicy=\"strict-origin-when-cross-origin\" allowfullscreen><\/iframe><\/p>\n<p>&nbsp;<\/p>\n<p><strong>MES CHEVEUX SONT BOUCL\u00c9S OU ONDUL\u00c9S !<\/strong><\/p>\n<p><iframe title=\"4) Mes cheveux sont boucl\u00e9s Que dois-je faire ?\" width=\"500\" height=\"281\" src=\"https:\/\/www.youtube.com\/embed\/_2RLR4ekVVE?feature=oembed\" frameborder=\"0\" allow=\"accelerometer; autoplay; clipboard-write; encrypted-media; gyroscope; picture-in-picture; web-share\" referrerpolicy=\"strict-origin-when-cross-origin\" allowfullscreen><\/iframe><\/p>","protected":false},"excerpt":{"rendered":"<p>L'alternative SCIENTIFIQUE s\u00fbre pour stimuler la repousse des cheveux et ralentir la chute des cheveux ! Notre ingr\u00e9dient cl\u00e9 enti\u00e8rement naturel s'est av\u00e9r\u00e9, lors d'essais men\u00e9s par des tiers, tout aussi efficace que les principaux m\u00e9dicaments pharmaceutiques contre la perte de cheveux.<\/p>\n<p>&nbsp;<\/p>\n<p>https:\/\/youtu.be\/z3gqRLaXzhs?si=0pRLCfpCpf-2RkA_<\/p>","protected":false},"featured_media":108344,"template":"","meta":{"footnotes":""},"product_brand":[],"product_cat":[1053,80,201,407,386],"product_tag":[149,112,110,155,185,131],"class_list":{"0":"post-63299","1":"product","2":"type-product","3":"status-publish","4":"has-post-thumbnail","6":"product_cat-affiliate-bundle","7":"product_cat-beauty-health-supplements","8":"product_cat-gift-cards","9":"product_cat-gift-giving","10":"product_cat-skin-care","11":"product_tag-anti-aging","12":"product_tag-cell-renewal","13":"product_tag-hair","14":"product_tag-hyaluronic","15":"product_tag-organic","16":"product_tag-stem-cells","17":"product_shipping_class-shipping-class-1","18":"has-subscription-plans","20":"first","21":"instock","22":"taxable","23":"shipping-taxable","24":"purchasable","25":"product-type-simple"},"bundled_by":[],"bundle_stock_status":"instock","bundle_stock_quantity":null,"bundle_virtual":false,"bundle_layout":"","bundle_add_to_cart_form_location":"","bundle_editable_in_cart":false,"bundle_sold_individually_context":"","bundle_item_grouping":"","bundle_min_size":"","bundle_max_size":"","bundle_price":[],"bundled_items":[],"bundle_sell_ids":[],"group_of_quantity":0,"min_quantity":0,"max_quantity":"","exclude_order_quantity_value_rules":"no","exclude_category_quantity_rules":"no","combine_variations":"no","_links":{"self":[{"href":"https:\/\/2024.shoply.com\/fr_ca\/wp-json\/wp\/v2\/product\/63299","targetHints":{"allow":["GET"]}}],"collection":[{"href":"https:\/\/2024.shoply.com\/fr_ca\/wp-json\/wp\/v2\/product"}],"about":[{"href":"https:\/\/2024.shoply.com\/fr_ca\/wp-json\/wp\/v2\/types\/product"}],"version-history":[{"count":2,"href":"https:\/\/2024.shoply.com\/fr_ca\/wp-json\/wp\/v2\/product\/63299\/revisions"}],"predecessor-version":[{"id":143888,"href":"https:\/\/2024.shoply.com\/fr_ca\/wp-json\/wp\/v2\/product\/63299\/revisions\/143888"}],"wp:featuredmedia":[{"embeddable":true,"href":"https:\/\/2024.shoply.com\/fr_ca\/wp-json\/wp\/v2\/media\/108344"}],"wp:attachment":[{"href":"https:\/\/2024.shoply.com\/fr_ca\/wp-json\/wp\/v2\/media?parent=63299"}],"wp:term":[{"taxonomy":"product_brand","embeddable":true,"href":"https:\/\/2024.shoply.com\/fr_ca\/wp-json\/wp\/v2\/product_brand?post=63299"},{"taxonomy":"product_cat","embeddable":true,"href":"https:\/\/2024.shoply.com\/fr_ca\/wp-json\/wp\/v2\/product_cat?post=63299"},{"taxonomy":"product_tag","embeddable":true,"href":"https:\/\/2024.shoply.com\/fr_ca\/wp-json\/wp\/v2\/product_tag?post=63299"}],"curies":[{"name":"wp","href":"https:\/\/api.w.org\/{rel}","templated":true}]}}