{"id":69326,"date":"2024-09-28T19:35:21","date_gmt":"2024-09-29T00:35:21","guid":{"rendered":"https:\/\/shoply.com\/?post_type=product&#038;p=69326"},"modified":"2025-03-16T16:32:25","modified_gmt":"2025-03-16T21:32:25","slug":"botanical-hydrating-face-mist","status":"publish","type":"product","link":"https:\/\/2024.shoply.com\/fr_ca\/produit\/botanical-hydrating-face-mist\/","title":{"rendered":"Brume hydratante v\u00e9g\u00e9tale pour le visage"},"content":{"rendered":"<p><img fetchpriority=\"high\" decoding=\"async\" class=\"alignnone wp-image-73813 size-full\" src=\"https:\/\/shoply.com\/wp-content\/uploads\/2024\/10\/All_LavenderIcons-Edited.jpg\" alt=\"\" width=\"1600\" height=\"201\" \/><\/p>\n<h5>Ingr\u00e9dients :<br \/>\nWater, Niacinamide (Vitamin B3), Aloe Barbadensis Leaf Juice, Passiflora Edulis\u00a0Fruit Extract, Citrus Limon (Lemon) Fruit Extract, Ananas Sativus (Pineapple)\u00a0Fruit Extract, Vitis Vinifera (Grape) Fruit Extract, Betaine, Sodium PCA, Sodium\u00a0Lactate, PCA, Serine, Alanine, Glycine, Glutamic Acid, Lysine HCI, Threonine,\u00a0Arginine, Proline, Camellia Sinensis Lea Extract, Chamomilla Recutita\u00a0(Matricaria) Flower Extract, Mandelic Acid, Phytic Acid, Decyl Glucoside, Lauryl\u00a0Glucoside, Triethyl Citrate, Lavandula Angustifolia (Lavender) Flower\/Leaf\/Stem\u00a0Extract, Citric Acid, Citrus Limon (Lemon) Peel Extract, Pyrus Malus (Apple) Fruit Extract, Rubus Idaeus (Raspberry) Fruit Extract, Salvia Officinalis (Sage)\u00a0Leaf Extract, Rosmarinus Officinalis (Rosemary) Leaf Extract, Cucumis Melo (Melon) Fruit Extract, Vaccinium Macrocarpon (Cranberry) Fruit Extract.\u00a0Phenoxyethanol, Ethylhexylglycerin, Alcohol Denat. Potassium Sorbate.<\/h5>","protected":false},"excerpt":{"rendered":"<h3><strong><i>SPRAY TONIQUE RICHE EN ANTIOXYDANTS<\/i><\/strong><\/h3>\n<h5>C'est comme des vacances pr\u00e8s d'une cascade, mais que vous pouvez prendre n'importe quand, n'importe o\u00f9. La brume hydratante botanique pour le visage est l\u00e9g\u00e8re, rafra\u00eechissante et super apaisante. Sa base de th\u00e9 vert et blanc, d'extraits de fruits et de jus de feuilles d'alo\u00e8s cr\u00e9e une oasis de nourriture pour la peau. Avec des acides amin\u00e9s, du niacinamide - une forme de vitamine B3 - et de l'acide mand\u00e9lique d\u00e9riv\u00e9 de l'amande, sa formule approuv\u00e9e pour les peaux sensibles est aussi subtile et luxueuse que la nature elle-m\u00eame.<\/h5>\n<h5><img decoding=\"async\" class=\"alignnone wp-image-1790 size-large\" src=\"https:\/\/belleandcapri.com\/wp-content\/uploads\/2022\/10\/Features-pink-line-1024x86.jpg\" alt=\"\" width=\"1024\" height=\"86\" \/><br \/>\n- Hydrate et adoucit la peau d\u00e9shydrat\u00e9e pour un teint plus lumineux.<br \/>\n- Aide \u00e0 unifier l'apparence du teint et des d\u00e9colorations de la peau<br \/>\n- Aide \u00e0 minimiser l'apparence des ridules et des rougeurs<\/h5>\n<p><img decoding=\"async\" class=\"alignnone wp-image-1792 size-large\" src=\"https:\/\/belleandcapri.com\/wp-content\/uploads\/2022\/10\/Key-Acitves-pink-line-1024x77.jpg\" alt=\"\" width=\"1024\" height=\"77\" \/><\/p>\n<p><img loading=\"lazy\" decoding=\"async\" class=\"alignnone wp-image-1788 size-large\" src=\"https:\/\/belleandcapri.com\/wp-content\/uploads\/2022\/10\/Face-mist-key-active-icons-1024x241.jpg\" alt=\"\" width=\"1024\" height=\"241\" \/><\/p>\n<h5><img loading=\"lazy\" decoding=\"async\" class=\"alignnone wp-image-1791 size-large\" src=\"https:\/\/belleandcapri.com\/wp-content\/uploads\/2022\/10\/How-to-benefit-pink-line-1024x67.jpg\" alt=\"\" width=\"1024\" height=\"67\" \/><br \/>\nVaporiser 2-3 pompes sur la peau. Tapoter ou frotter d\u00e9licatement la peau, si n\u00e9cessaire. Appliquer apr\u00e8s le nettoyage ou avant l'hydratation comme couche de fond, ou \u00e0 tout moment de la journ\u00e9e pour rafra\u00eechir la peau.<\/h5>","protected":false},"featured_media":69327,"template":"","meta":{"footnotes":""},"product_brand":[],"product_cat":[821,80,298,382,383,386],"product_tag":[149,132,111,137,187,152,140,113],"class_list":{"0":"post-69326","1":"product","2":"type-product","3":"status-publish","4":"has-post-thumbnail","6":"product_cat-beauty","7":"product_cat-beauty-health-supplements","8":"product_cat-christmas","9":"product_cat-health","10":"product_cat-personal-care","11":"product_cat-skin-care","12":"product_tag-anti-aging","13":"product_tag-antioxidants","14":"product_tag-care","15":"product_tag-essentials","16":"product_tag-gluten-free","17":"product_tag-moisturizer","18":"product_tag-skin-care","19":"product_tag-vegan","20":"product_shipping_class-shipping-class-1","21":"has-subscription-plans","23":"first","24":"instock","25":"sale","26":"taxable","27":"shipping-taxable","28":"purchasable","29":"product-type-simple"},"bundled_by":[],"bundle_stock_status":"instock","bundle_stock_quantity":null,"bundle_virtual":false,"bundle_layout":"","bundle_add_to_cart_form_location":"","bundle_editable_in_cart":false,"bundle_sold_individually_context":"","bundle_item_grouping":"","bundle_min_size":"","bundle_max_size":"","bundle_price":[],"bundled_items":[],"bundle_sell_ids":[],"group_of_quantity":0,"min_quantity":0,"max_quantity":"","exclude_order_quantity_value_rules":"no","exclude_category_quantity_rules":"no","combine_variations":"no","_links":{"self":[{"href":"https:\/\/2024.shoply.com\/fr_ca\/wp-json\/wp\/v2\/product\/69326","targetHints":{"allow":["GET"]}}],"collection":[{"href":"https:\/\/2024.shoply.com\/fr_ca\/wp-json\/wp\/v2\/product"}],"about":[{"href":"https:\/\/2024.shoply.com\/fr_ca\/wp-json\/wp\/v2\/types\/product"}],"version-history":[{"count":1,"href":"https:\/\/2024.shoply.com\/fr_ca\/wp-json\/wp\/v2\/product\/69326\/revisions"}],"predecessor-version":[{"id":126180,"href":"https:\/\/2024.shoply.com\/fr_ca\/wp-json\/wp\/v2\/product\/69326\/revisions\/126180"}],"wp:featuredmedia":[{"embeddable":true,"href":"https:\/\/2024.shoply.com\/fr_ca\/wp-json\/wp\/v2\/media\/69327"}],"wp:attachment":[{"href":"https:\/\/2024.shoply.com\/fr_ca\/wp-json\/wp\/v2\/media?parent=69326"}],"wp:term":[{"taxonomy":"product_brand","embeddable":true,"href":"https:\/\/2024.shoply.com\/fr_ca\/wp-json\/wp\/v2\/product_brand?post=69326"},{"taxonomy":"product_cat","embeddable":true,"href":"https:\/\/2024.shoply.com\/fr_ca\/wp-json\/wp\/v2\/product_cat?post=69326"},{"taxonomy":"product_tag","embeddable":true,"href":"https:\/\/2024.shoply.com\/fr_ca\/wp-json\/wp\/v2\/product_tag?post=69326"}],"curies":[{"name":"wp","href":"https:\/\/api.w.org\/{rel}","templated":true}]}}